{"id":40302,"date":"2024-04-13T09:18:48","date_gmt":"2024-04-13T07:18:48","guid":{"rendered":"https:\/\/librairie7l.com\/?post_type=product&#038;p=40302"},"modified":"2026-04-07T12:44:12","modified_gmt":"2026-04-07T10:44:12","slug":"amazing-mountain-cabins","status":"publish","type":"product","link":"https:\/\/librairie7l.com\/en\/produit\/amazing-mountain-cabins\/","title":{"rendered":"AMAZING MOUNTAIN CABINS"},"content":{"rendered":"<p>D\u00e9couvrez la beaut\u00e9 cach\u00e9e d&#8217;une trentaine de chalets de montagne et leur architecture particuli\u00e8re dans ce livre captivant. Des retraites douillettes nich\u00e9es dans les bois aux structures modernes perch\u00e9es \u00e0 flanc de falaise, explorez les conceptions uniques et innovantes qui s&#8217;int\u00e8grent parfaitement \u00e0 leur environnement accident\u00e9. Suivez les architectes de renom qui partagent leurs visions et leurs inspirations pour cr\u00e9er des cabanes de montagne qui non seulement offrent un abri, mais mettent \u00e9galement en valeur la beaut\u00e9 naturelle du paysage. De superbes photographies mettent en valeur les d\u00e9tails de chaque chalet, des mat\u00e9riaux utilis\u00e9s aux vues panoramiques qui accueillent les visiteurs. Que vous soyez un passionn\u00e9 d&#8217;architecture ou simplement \u00e0 la recherche d&#8217;inspiration pour votre prochaine retraite en montagne, ce livre est fait pour vous. La s\u00e9lection comprend des chalets situ\u00e9s en Europe et en Am\u00e9rique du Nord, ainsi que des informations d\u00e9taill\u00e9es sur les sentiers de randonn\u00e9e situ\u00e9s \u00e0 proximit\u00e9 de chaque chalet de montagne pr\u00e9sent\u00e9.<br \/>\n&#8211; Trente magnifiques chalets de montagne \u00e0 l&#8217;architecture innovante, con\u00e7us par des architectes de renom.<br \/>\n&#8211; De superbes photos mettent en valeur les d\u00e9tails de chaque chalet &#8211; tous disponibles \u00e0 la location &#8211; et des informations d\u00e9taill\u00e9es sur les sentiers de randonn\u00e9e \u00e0 proximit\u00e9 sont \u00e9galement incluses.<\/p>\n","protected":false},"excerpt":{"rendered":"<p>D\u00e9couvrez la beaut\u00e9 cach\u00e9e d&#8217;une trentaine de chalets de montagne et leur architecture particuli\u00e8re dans ce livre captivant. Des retraites douillettes nich\u00e9es dans les bois aux structures modernes perch\u00e9es \u00e0 flanc de falaise, explorez les conceptions uniques et innovantes qui s&#8217;int\u00e8grent parfaitement \u00e0 leur environnement accident\u00e9. Suivez les architectes de renom qui partagent leurs visions [&hellip;]<\/p>\n","protected":false},"featured_media":41365,"template":"","meta":[],"product_cat":[2948,2950],"product_tag":[],"acf":[],"yoast_head":"<!-- This site is optimized with the Yoast SEO plugin v20.11 - https:\/\/yoast.com\/wordpress\/plugins\/seo\/ -->\n<title>Amazing mountain cabins - Librairie 7L<\/title>\n<meta name=\"robots\" content=\"index, follow, max-snippet:-1, max-image-preview:large, max-video-preview:-1\" \/>\n<link rel=\"canonical\" href=\"https:\/\/librairie7l.com\/en\/produit\/amazing-mountain-cabins\/\" \/>\n<meta property=\"og:locale\" content=\"en_US\" \/>\n<meta property=\"og:type\" content=\"article\" \/>\n<meta property=\"og:title\" content=\"Amazing mountain cabins - Librairie 7L\" \/>\n<meta property=\"og:description\" content=\"D\u00e9couvrez la beaut\u00e9 cach\u00e9e d&#8217;une trentaine de chalets de montagne et leur architecture particuli\u00e8re dans ce livre captivant. Des retraites douillettes nich\u00e9es dans les bois aux structures modernes perch\u00e9es \u00e0 flanc de falaise, explorez les conceptions uniques et innovantes qui s&#8217;int\u00e8grent parfaitement \u00e0 leur environnement accident\u00e9. Suivez les architectes de renom qui partagent leurs visions [&hellip;]\" \/>\n<meta property=\"og:url\" content=\"https:\/\/librairie7l.com\/en\/produit\/amazing-mountain-cabins\/\" \/>\n<meta property=\"og:site_name\" content=\"Librairie 7L\" \/>\n<meta property=\"article:modified_time\" content=\"2026-04-07T10:44:12+00:00\" \/>\n<meta property=\"og:image\" content=\"https:\/\/librairie7l.com\/wp-content\/uploads\/2023\/08\/9789460583520_1_75.jpg\" \/>\n\t<meta property=\"og:image:width\" content=\"600\" \/>\n\t<meta property=\"og:image:height\" content=\"800\" \/>\n\t<meta property=\"og:image:type\" content=\"image\/jpeg\" \/>\n<meta name=\"twitter:card\" content=\"summary_large_image\" \/>\n<meta name=\"twitter:label1\" content=\"Est. reading time\" \/>\n\t<meta name=\"twitter:data1\" content=\"1 minute\" \/>\n<script type=\"application\/ld+json\" class=\"yoast-schema-graph\">{\"@context\":\"https:\/\/schema.org\",\"@graph\":[{\"@type\":\"WebPage\",\"@id\":\"https:\/\/librairie7l.com\/en\/produit\/amazing-mountain-cabins\/\",\"url\":\"https:\/\/librairie7l.com\/en\/produit\/amazing-mountain-cabins\/\",\"name\":\"Amazing mountain cabins - Librairie 7L\",\"isPartOf\":{\"@id\":\"https:\/\/librairie7l.com\/en\/#website\"},\"datePublished\":\"2024-04-13T07:18:48+00:00\",\"dateModified\":\"2026-04-07T10:44:12+00:00\",\"breadcrumb\":{\"@id\":\"https:\/\/librairie7l.com\/en\/produit\/amazing-mountain-cabins\/#breadcrumb\"},\"inLanguage\":\"en-US\",\"potentialAction\":[{\"@type\":\"ReadAction\",\"target\":[\"https:\/\/librairie7l.com\/en\/produit\/amazing-mountain-cabins\/\"]}]},{\"@type\":\"BreadcrumbList\",\"@id\":\"https:\/\/librairie7l.com\/en\/produit\/amazing-mountain-cabins\/#breadcrumb\",\"itemListElement\":[{\"@type\":\"ListItem\",\"position\":1,\"name\":\"Accueil\",\"item\":\"https:\/\/librairie7l.com\/en\/\"},{\"@type\":\"ListItem\",\"position\":2,\"name\":\"Shop\",\"item\":\"https:\/\/librairie7l.com\/en\/shop\/\"},{\"@type\":\"ListItem\",\"position\":3,\"name\":\"AMAZING MOUNTAIN CABINS\"}]},{\"@type\":\"WebSite\",\"@id\":\"https:\/\/librairie7l.com\/en\/#website\",\"url\":\"https:\/\/librairie7l.com\/en\/\",\"name\":\"Librairie 7L\",\"description\":\"Librairie fond\u00e9e en 1999 par Karl Lagerfeld \u00e0 Paris\",\"publisher\":{\"@id\":\"https:\/\/librairie7l.com\/en\/#organization\"},\"potentialAction\":[{\"@type\":\"SearchAction\",\"target\":{\"@type\":\"EntryPoint\",\"urlTemplate\":\"https:\/\/librairie7l.com\/en\/?s={search_term_string}\"},\"query-input\":\"required name=search_term_string\"}],\"inLanguage\":\"en-US\"},{\"@type\":\"Organization\",\"@id\":\"https:\/\/librairie7l.com\/en\/#organization\",\"name\":\"Librairie 7L\",\"url\":\"https:\/\/librairie7l.com\/en\/\",\"logo\":{\"@type\":\"ImageObject\",\"inLanguage\":\"en-US\",\"@id\":\"https:\/\/librairie7l.com\/en\/#\/schema\/logo\/image\/\",\"url\":\"https:\/\/librairie7l.com\/wp-content\/uploads\/2022\/08\/logo-1.png\",\"contentUrl\":\"https:\/\/librairie7l.com\/wp-content\/uploads\/2022\/08\/logo-1.png\",\"width\":227,\"height\":301,\"caption\":\"Librairie 7L\"},\"image\":{\"@id\":\"https:\/\/librairie7l.com\/en\/#\/schema\/logo\/image\/\"}}]}<\/script>\n<!-- \/ Yoast SEO plugin. -->","yoast_head_json":{"title":"Amazing mountain cabins - Librairie 7L","robots":{"index":"index","follow":"follow","max-snippet":"max-snippet:-1","max-image-preview":"max-image-preview:large","max-video-preview":"max-video-preview:-1"},"canonical":"https:\/\/librairie7l.com\/en\/produit\/amazing-mountain-cabins\/","og_locale":"en_US","og_type":"article","og_title":"Amazing mountain cabins - Librairie 7L","og_description":"D\u00e9couvrez la beaut\u00e9 cach\u00e9e d&#8217;une trentaine de chalets de montagne et leur architecture particuli\u00e8re dans ce livre captivant. Des retraites douillettes nich\u00e9es dans les bois aux structures modernes perch\u00e9es \u00e0 flanc de falaise, explorez les conceptions uniques et innovantes qui s&#8217;int\u00e8grent parfaitement \u00e0 leur environnement accident\u00e9. Suivez les architectes de renom qui partagent leurs visions [&hellip;]","og_url":"https:\/\/librairie7l.com\/en\/produit\/amazing-mountain-cabins\/","og_site_name":"Librairie 7L","article_modified_time":"2026-04-07T10:44:12+00:00","og_image":[{"width":600,"height":800,"url":"https:\/\/librairie7l.com\/wp-content\/uploads\/2023\/08\/9789460583520_1_75.jpg","type":"image\/jpeg"}],"twitter_card":"summary_large_image","twitter_misc":{"Est. reading time":"1 minute"},"schema":{"@context":"https:\/\/schema.org","@graph":[{"@type":"WebPage","@id":"https:\/\/librairie7l.com\/en\/produit\/amazing-mountain-cabins\/","url":"https:\/\/librairie7l.com\/en\/produit\/amazing-mountain-cabins\/","name":"Amazing mountain cabins - Librairie 7L","isPartOf":{"@id":"https:\/\/librairie7l.com\/en\/#website"},"datePublished":"2024-04-13T07:18:48+00:00","dateModified":"2026-04-07T10:44:12+00:00","breadcrumb":{"@id":"https:\/\/librairie7l.com\/en\/produit\/amazing-mountain-cabins\/#breadcrumb"},"inLanguage":"en-US","potentialAction":[{"@type":"ReadAction","target":["https:\/\/librairie7l.com\/en\/produit\/amazing-mountain-cabins\/"]}]},{"@type":"BreadcrumbList","@id":"https:\/\/librairie7l.com\/en\/produit\/amazing-mountain-cabins\/#breadcrumb","itemListElement":[{"@type":"ListItem","position":1,"name":"Accueil","item":"https:\/\/librairie7l.com\/en\/"},{"@type":"ListItem","position":2,"name":"Shop","item":"https:\/\/librairie7l.com\/en\/shop\/"},{"@type":"ListItem","position":3,"name":"AMAZING MOUNTAIN CABINS"}]},{"@type":"WebSite","@id":"https:\/\/librairie7l.com\/en\/#website","url":"https:\/\/librairie7l.com\/en\/","name":"Librairie 7L","description":"Librairie fond\u00e9e en 1999 par Karl Lagerfeld \u00e0 Paris","publisher":{"@id":"https:\/\/librairie7l.com\/en\/#organization"},"potentialAction":[{"@type":"SearchAction","target":{"@type":"EntryPoint","urlTemplate":"https:\/\/librairie7l.com\/en\/?s={search_term_string}"},"query-input":"required name=search_term_string"}],"inLanguage":"en-US"},{"@type":"Organization","@id":"https:\/\/librairie7l.com\/en\/#organization","name":"Librairie 7L","url":"https:\/\/librairie7l.com\/en\/","logo":{"@type":"ImageObject","inLanguage":"en-US","@id":"https:\/\/librairie7l.com\/en\/#\/schema\/logo\/image\/","url":"https:\/\/librairie7l.com\/wp-content\/uploads\/2022\/08\/logo-1.png","contentUrl":"https:\/\/librairie7l.com\/wp-content\/uploads\/2022\/08\/logo-1.png","width":227,"height":301,"caption":"Librairie 7L"},"image":{"@id":"https:\/\/librairie7l.com\/en\/#\/schema\/logo\/image\/"}}]}},"_links":{"self":[{"href":"https:\/\/librairie7l.com\/en\/wp-json\/wp\/v2\/product\/40302"}],"collection":[{"href":"https:\/\/librairie7l.com\/en\/wp-json\/wp\/v2\/product"}],"about":[{"href":"https:\/\/librairie7l.com\/en\/wp-json\/wp\/v2\/types\/product"}],"wp:featuredmedia":[{"embeddable":true,"href":"https:\/\/librairie7l.com\/en\/wp-json\/wp\/v2\/media\/41365"}],"wp:attachment":[{"href":"https:\/\/librairie7l.com\/en\/wp-json\/wp\/v2\/media?parent=40302"}],"wp:term":[{"taxonomy":"product_cat","embeddable":true,"href":"https:\/\/librairie7l.com\/en\/wp-json\/wp\/v2\/product_cat?post=40302"},{"taxonomy":"product_tag","embeddable":true,"href":"https:\/\/librairie7l.com\/en\/wp-json\/wp\/v2\/product_tag?post=40302"}],"curies":[{"name":"wp","href":"https:\/\/api.w.org\/{rel}","templated":true}]}}