{"id":40316,"date":"2024-04-13T09:19:02","date_gmt":"2024-04-13T07:19:02","guid":{"rendered":"https:\/\/librairie7l.com\/?post_type=product&#038;p=40316"},"modified":"2026-04-13T13:35:26","modified_gmt":"2026-04-13T11:35:26","slug":"after-matisse","status":"publish","type":"product","link":"https:\/\/librairie7l.com\/en\/produit\/after-matisse\/","title":{"rendered":"AFTER MATISSE"},"content":{"rendered":"<p>Avec la s\u00e9rie des \u00ab Great American Nudes \u00bb des ann\u00e9es 1960, Tom Wesselmann a transform\u00e9 l&#8217;odalisque matissienne en ic\u00f4ne pop. Par la suite, l&#8217;oeuvre de Matisse reste pour lui une r\u00e9f\u00e9rence centrale dans sa recherche d&#8217;efficacit\u00e9 visuelle et de saturation de l&#8217;image.<br \/>\n\u00c0 travers une s\u00e9lection de quarante et une oeuvres, Tom Wesselmann. After Matisse retrace cette admiration pour l&#8217;artiste qui s&#8217;exprime de multiples mani\u00e8res, de ses premiers collages en 1959, jusqu&#8217;\u00e0 ses oeuvres ultimes, avec les \u00ab Sunset Nudes \u00bb des ann\u00e9es 2000. Elles t\u00e9moignent de diff\u00e9rents modes d&#8217;appropriation de l&#8217;oeuvre de Matisse : travail d&#8217;apr\u00e8s, citation directe ou plus structurellement, conception matissienne de la couleur et de la surface.<br \/>\nCe catalogue, montrant Wesselmann \u00e0 l&#8217;atelier, permet de comprendre sa technique \u00e9labor\u00e9e du collage ou du dessin en volume qui attache toujours une grande importance \u00e0 la question de l&#8217;\u00e9chelle, des plus petits formats \u00e0 de vastes r\u00e9alisations. Quatre grands ensembles significatifs t\u00e9moignent de ce dialogue entre ce grand artiste pop am\u00e9ricain et Henri Matisse : les collages, les \u00ab Great American Nudes \u00bb, les \u00ab Steel Drawings \u00bb et les \u00ab Sunset Nudes \u00bb. L&#8217;ouvage contient des essais de Gail Stavitsky et Claudine Grammont et un entretien avec Susan Davidson.<br \/>\nPubli\u00e9 suite aux expositions \u00e9ponymes \u00e0 la galerie Almine Rech, Paris, en 2022 et au Mus\u00e9e Matisse, Nice, en 2023.<\/p>\n","protected":false},"excerpt":{"rendered":"<p>Avec la s\u00e9rie des \u00ab Great American Nudes \u00bb des ann\u00e9es 1960, Tom Wesselmann a transform\u00e9 l&#8217;odalisque matissienne en ic\u00f4ne pop. Par la suite, l&#8217;oeuvre de Matisse reste pour lui une r\u00e9f\u00e9rence centrale dans sa recherche d&#8217;efficacit\u00e9 visuelle et de saturation de l&#8217;image. \u00c0 travers une s\u00e9lection de quarante et une oeuvres, Tom Wesselmann. After [&hellip;]<\/p>\n","protected":false},"featured_media":40314,"template":"","meta":[],"product_cat":[2948,2953],"product_tag":[],"acf":[],"yoast_head":"<!-- This site is optimized with the Yoast SEO plugin v20.11 - https:\/\/yoast.com\/wordpress\/plugins\/seo\/ -->\n<title>After Matisse - Librairie 7L<\/title>\n<meta name=\"robots\" content=\"index, follow, max-snippet:-1, max-image-preview:large, max-video-preview:-1\" \/>\n<link rel=\"canonical\" href=\"https:\/\/librairie7l.com\/en\/produit\/after-matisse\/\" \/>\n<meta property=\"og:locale\" content=\"en_US\" \/>\n<meta property=\"og:type\" content=\"article\" \/>\n<meta property=\"og:title\" content=\"After Matisse - Librairie 7L\" \/>\n<meta property=\"og:description\" content=\"Avec la s\u00e9rie des \u00ab Great American Nudes \u00bb des ann\u00e9es 1960, Tom Wesselmann a transform\u00e9 l&#8217;odalisque matissienne en ic\u00f4ne pop. Par la suite, l&#8217;oeuvre de Matisse reste pour lui une r\u00e9f\u00e9rence centrale dans sa recherche d&#8217;efficacit\u00e9 visuelle et de saturation de l&#8217;image. \u00c0 travers une s\u00e9lection de quarante et une oeuvres, Tom Wesselmann. After [&hellip;]\" \/>\n<meta property=\"og:url\" content=\"https:\/\/librairie7l.com\/en\/produit\/after-matisse\/\" \/>\n<meta property=\"og:site_name\" content=\"Librairie 7L\" \/>\n<meta property=\"article:modified_time\" content=\"2026-04-13T11:35:26+00:00\" \/>\n<meta property=\"og:image\" content=\"https:\/\/librairie7l.com\/wp-content\/uploads\/2023\/12\/9782931236000_1_75.jpg\" \/>\n\t<meta property=\"og:image:width\" content=\"600\" \/>\n\t<meta property=\"og:image:height\" content=\"706\" \/>\n\t<meta property=\"og:image:type\" content=\"image\/jpeg\" \/>\n<meta name=\"twitter:card\" content=\"summary_large_image\" \/>\n<meta name=\"twitter:label1\" content=\"Est. reading time\" \/>\n\t<meta name=\"twitter:data1\" content=\"1 minute\" \/>\n<script type=\"application\/ld+json\" class=\"yoast-schema-graph\">{\"@context\":\"https:\/\/schema.org\",\"@graph\":[{\"@type\":\"WebPage\",\"@id\":\"https:\/\/librairie7l.com\/en\/produit\/after-matisse\/\",\"url\":\"https:\/\/librairie7l.com\/en\/produit\/after-matisse\/\",\"name\":\"After Matisse - Librairie 7L\",\"isPartOf\":{\"@id\":\"https:\/\/librairie7l.com\/en\/#website\"},\"datePublished\":\"2024-04-13T07:19:02+00:00\",\"dateModified\":\"2026-04-13T11:35:26+00:00\",\"breadcrumb\":{\"@id\":\"https:\/\/librairie7l.com\/en\/produit\/after-matisse\/#breadcrumb\"},\"inLanguage\":\"en-US\",\"potentialAction\":[{\"@type\":\"ReadAction\",\"target\":[\"https:\/\/librairie7l.com\/en\/produit\/after-matisse\/\"]}]},{\"@type\":\"BreadcrumbList\",\"@id\":\"https:\/\/librairie7l.com\/en\/produit\/after-matisse\/#breadcrumb\",\"itemListElement\":[{\"@type\":\"ListItem\",\"position\":1,\"name\":\"Accueil\",\"item\":\"https:\/\/librairie7l.com\/en\/\"},{\"@type\":\"ListItem\",\"position\":2,\"name\":\"Shop\",\"item\":\"https:\/\/librairie7l.com\/en\/shop\/\"},{\"@type\":\"ListItem\",\"position\":3,\"name\":\"AFTER MATISSE\"}]},{\"@type\":\"WebSite\",\"@id\":\"https:\/\/librairie7l.com\/en\/#website\",\"url\":\"https:\/\/librairie7l.com\/en\/\",\"name\":\"Librairie 7L\",\"description\":\"Librairie fond\u00e9e en 1999 par Karl Lagerfeld \u00e0 Paris\",\"publisher\":{\"@id\":\"https:\/\/librairie7l.com\/en\/#organization\"},\"potentialAction\":[{\"@type\":\"SearchAction\",\"target\":{\"@type\":\"EntryPoint\",\"urlTemplate\":\"https:\/\/librairie7l.com\/en\/?s={search_term_string}\"},\"query-input\":\"required name=search_term_string\"}],\"inLanguage\":\"en-US\"},{\"@type\":\"Organization\",\"@id\":\"https:\/\/librairie7l.com\/en\/#organization\",\"name\":\"Librairie 7L\",\"url\":\"https:\/\/librairie7l.com\/en\/\",\"logo\":{\"@type\":\"ImageObject\",\"inLanguage\":\"en-US\",\"@id\":\"https:\/\/librairie7l.com\/en\/#\/schema\/logo\/image\/\",\"url\":\"https:\/\/librairie7l.com\/wp-content\/uploads\/2022\/08\/logo-1.png\",\"contentUrl\":\"https:\/\/librairie7l.com\/wp-content\/uploads\/2022\/08\/logo-1.png\",\"width\":227,\"height\":301,\"caption\":\"Librairie 7L\"},\"image\":{\"@id\":\"https:\/\/librairie7l.com\/en\/#\/schema\/logo\/image\/\"}}]}<\/script>\n<!-- \/ Yoast SEO plugin. -->","yoast_head_json":{"title":"After Matisse - Librairie 7L","robots":{"index":"index","follow":"follow","max-snippet":"max-snippet:-1","max-image-preview":"max-image-preview:large","max-video-preview":"max-video-preview:-1"},"canonical":"https:\/\/librairie7l.com\/en\/produit\/after-matisse\/","og_locale":"en_US","og_type":"article","og_title":"After Matisse - Librairie 7L","og_description":"Avec la s\u00e9rie des \u00ab Great American Nudes \u00bb des ann\u00e9es 1960, Tom Wesselmann a transform\u00e9 l&#8217;odalisque matissienne en ic\u00f4ne pop. Par la suite, l&#8217;oeuvre de Matisse reste pour lui une r\u00e9f\u00e9rence centrale dans sa recherche d&#8217;efficacit\u00e9 visuelle et de saturation de l&#8217;image. \u00c0 travers une s\u00e9lection de quarante et une oeuvres, Tom Wesselmann. After [&hellip;]","og_url":"https:\/\/librairie7l.com\/en\/produit\/after-matisse\/","og_site_name":"Librairie 7L","article_modified_time":"2026-04-13T11:35:26+00:00","og_image":[{"width":600,"height":706,"url":"https:\/\/librairie7l.com\/wp-content\/uploads\/2023\/12\/9782931236000_1_75.jpg","type":"image\/jpeg"}],"twitter_card":"summary_large_image","twitter_misc":{"Est. reading time":"1 minute"},"schema":{"@context":"https:\/\/schema.org","@graph":[{"@type":"WebPage","@id":"https:\/\/librairie7l.com\/en\/produit\/after-matisse\/","url":"https:\/\/librairie7l.com\/en\/produit\/after-matisse\/","name":"After Matisse - Librairie 7L","isPartOf":{"@id":"https:\/\/librairie7l.com\/en\/#website"},"datePublished":"2024-04-13T07:19:02+00:00","dateModified":"2026-04-13T11:35:26+00:00","breadcrumb":{"@id":"https:\/\/librairie7l.com\/en\/produit\/after-matisse\/#breadcrumb"},"inLanguage":"en-US","potentialAction":[{"@type":"ReadAction","target":["https:\/\/librairie7l.com\/en\/produit\/after-matisse\/"]}]},{"@type":"BreadcrumbList","@id":"https:\/\/librairie7l.com\/en\/produit\/after-matisse\/#breadcrumb","itemListElement":[{"@type":"ListItem","position":1,"name":"Accueil","item":"https:\/\/librairie7l.com\/en\/"},{"@type":"ListItem","position":2,"name":"Shop","item":"https:\/\/librairie7l.com\/en\/shop\/"},{"@type":"ListItem","position":3,"name":"AFTER MATISSE"}]},{"@type":"WebSite","@id":"https:\/\/librairie7l.com\/en\/#website","url":"https:\/\/librairie7l.com\/en\/","name":"Librairie 7L","description":"Librairie fond\u00e9e en 1999 par Karl Lagerfeld \u00e0 Paris","publisher":{"@id":"https:\/\/librairie7l.com\/en\/#organization"},"potentialAction":[{"@type":"SearchAction","target":{"@type":"EntryPoint","urlTemplate":"https:\/\/librairie7l.com\/en\/?s={search_term_string}"},"query-input":"required name=search_term_string"}],"inLanguage":"en-US"},{"@type":"Organization","@id":"https:\/\/librairie7l.com\/en\/#organization","name":"Librairie 7L","url":"https:\/\/librairie7l.com\/en\/","logo":{"@type":"ImageObject","inLanguage":"en-US","@id":"https:\/\/librairie7l.com\/en\/#\/schema\/logo\/image\/","url":"https:\/\/librairie7l.com\/wp-content\/uploads\/2022\/08\/logo-1.png","contentUrl":"https:\/\/librairie7l.com\/wp-content\/uploads\/2022\/08\/logo-1.png","width":227,"height":301,"caption":"Librairie 7L"},"image":{"@id":"https:\/\/librairie7l.com\/en\/#\/schema\/logo\/image\/"}}]}},"_links":{"self":[{"href":"https:\/\/librairie7l.com\/en\/wp-json\/wp\/v2\/product\/40316"}],"collection":[{"href":"https:\/\/librairie7l.com\/en\/wp-json\/wp\/v2\/product"}],"about":[{"href":"https:\/\/librairie7l.com\/en\/wp-json\/wp\/v2\/types\/product"}],"wp:featuredmedia":[{"embeddable":true,"href":"https:\/\/librairie7l.com\/en\/wp-json\/wp\/v2\/media\/40314"}],"wp:attachment":[{"href":"https:\/\/librairie7l.com\/en\/wp-json\/wp\/v2\/media?parent=40316"}],"wp:term":[{"taxonomy":"product_cat","embeddable":true,"href":"https:\/\/librairie7l.com\/en\/wp-json\/wp\/v2\/product_cat?post=40316"},{"taxonomy":"product_tag","embeddable":true,"href":"https:\/\/librairie7l.com\/en\/wp-json\/wp\/v2\/product_tag?post=40316"}],"curies":[{"name":"wp","href":"https:\/\/api.w.org\/{rel}","templated":true}]}}