{"id":40320,"date":"2024-04-13T09:19:05","date_gmt":"2024-04-13T07:19:05","guid":{"rendered":"https:\/\/librairie7l.com\/?post_type=product&#038;p=40320"},"modified":"2026-05-09T05:30:45","modified_gmt":"2026-05-09T03:30:45","slug":"messico-1935-1956","status":"publish","type":"product","link":"https:\/\/librairie7l.com\/en\/produit\/messico-1935-1956\/","title":{"rendered":"MESSICO 1935\/1956"},"content":{"rendered":"<p>Josef et Anni Albers ont effectu\u00e9 leur premier voyage au Mexique en 1935, attir\u00e9s par un pays tr\u00e8s diff\u00e9rent des \u00c9tats-Unis, int\u00e9ress\u00e9s par les traces des anciennes civilisations pr\u00e9colombiennes, mayas et les azt\u00e8ques, autant que par les t\u00e9moignages de la vie quotidienne d&#8217;une population tr\u00e8s pauvre mais pleine de vitalit\u00e9. V\u00eatu de couleurs sombres et coiff\u00e9 d&#8217;un grand chapeau noir, Josef Albers \u00e9tait un photographe non professionnel au regard d&#8217;architecte, comme en t\u00e9moignent son grand sens de la composition et une recherche g\u00e9om\u00e9trique appliqu\u00e9e jusqu&#8217;aux d\u00e9couvertes arch\u00e9ologiques mill\u00e9naires.<br \/>\nCe corpus de photographies, qui n&#8217;avait jamais fait l&#8217;objet d&#8217;une publication d\u00e9di\u00e9e, jette une lumi\u00e8re nouvelle sur l&#8217;un des plus grands innovateurs de l&#8217;art et de la culture du XXe si\u00e8cle. L&#8217;ouvrage comprend \u00e9galement une introduction de Brenda Danilowitz, conservatrice et directrice de la Fondation Josef et Anni Albers, ainsi qu&#8217;un essai de Luca Galofaro, architecte et commissaire d&#8217;exposition (CAMPO, Rome).<\/p>\n","protected":false},"excerpt":{"rendered":"<p>Josef et Anni Albers ont effectu\u00e9 leur premier voyage au Mexique en 1935, attir\u00e9s par un pays tr\u00e8s diff\u00e9rent des \u00c9tats-Unis, int\u00e9ress\u00e9s par les traces des anciennes civilisations pr\u00e9colombiennes, mayas et les azt\u00e8ques, autant que par les t\u00e9moignages de la vie quotidienne d&#8217;une population tr\u00e8s pauvre mais pleine de vitalit\u00e9. V\u00eatu de couleurs sombres et [&hellip;]<\/p>\n","protected":false},"featured_media":40318,"template":"","meta":[],"product_cat":[2948,2958],"product_tag":[],"acf":[],"yoast_head":"<!-- This site is optimized with the Yoast SEO plugin v20.11 - https:\/\/yoast.com\/wordpress\/plugins\/seo\/ -->\n<title>Messico 1935\/1956 - Librairie 7L<\/title>\n<meta name=\"robots\" content=\"index, follow, max-snippet:-1, max-image-preview:large, max-video-preview:-1\" \/>\n<link rel=\"canonical\" href=\"https:\/\/librairie7l.com\/en\/produit\/messico-1935-1956\/\" \/>\n<meta property=\"og:locale\" content=\"en_US\" \/>\n<meta property=\"og:type\" content=\"article\" \/>\n<meta property=\"og:title\" content=\"Messico 1935\/1956 - Librairie 7L\" \/>\n<meta property=\"og:description\" content=\"Josef et Anni Albers ont effectu\u00e9 leur premier voyage au Mexique en 1935, attir\u00e9s par un pays tr\u00e8s diff\u00e9rent des \u00c9tats-Unis, int\u00e9ress\u00e9s par les traces des anciennes civilisations pr\u00e9colombiennes, mayas et les azt\u00e8ques, autant que par les t\u00e9moignages de la vie quotidienne d&#8217;une population tr\u00e8s pauvre mais pleine de vitalit\u00e9. V\u00eatu de couleurs sombres et [&hellip;]\" \/>\n<meta property=\"og:url\" content=\"https:\/\/librairie7l.com\/en\/produit\/messico-1935-1956\/\" \/>\n<meta property=\"og:site_name\" content=\"Librairie 7L\" \/>\n<meta property=\"article:modified_time\" content=\"2026-05-09T03:30:45+00:00\" \/>\n<meta property=\"og:image\" content=\"https:\/\/librairie7l.com\/wp-content\/uploads\/2021\/03\/9788899385811_1_75.jpg\" \/>\n\t<meta property=\"og:image:width\" content=\"600\" \/>\n\t<meta property=\"og:image:height\" content=\"732\" \/>\n\t<meta property=\"og:image:type\" content=\"image\/jpeg\" \/>\n<meta name=\"twitter:card\" content=\"summary_large_image\" \/>\n<meta name=\"twitter:label1\" content=\"Est. reading time\" \/>\n\t<meta name=\"twitter:data1\" content=\"1 minute\" \/>\n<script type=\"application\/ld+json\" class=\"yoast-schema-graph\">{\"@context\":\"https:\/\/schema.org\",\"@graph\":[{\"@type\":\"WebPage\",\"@id\":\"https:\/\/librairie7l.com\/en\/produit\/messico-1935-1956\/\",\"url\":\"https:\/\/librairie7l.com\/en\/produit\/messico-1935-1956\/\",\"name\":\"Messico 1935\/1956 - Librairie 7L\",\"isPartOf\":{\"@id\":\"https:\/\/librairie7l.com\/en\/#website\"},\"datePublished\":\"2024-04-13T07:19:05+00:00\",\"dateModified\":\"2026-05-09T03:30:45+00:00\",\"breadcrumb\":{\"@id\":\"https:\/\/librairie7l.com\/en\/produit\/messico-1935-1956\/#breadcrumb\"},\"inLanguage\":\"en-US\",\"potentialAction\":[{\"@type\":\"ReadAction\",\"target\":[\"https:\/\/librairie7l.com\/en\/produit\/messico-1935-1956\/\"]}]},{\"@type\":\"BreadcrumbList\",\"@id\":\"https:\/\/librairie7l.com\/en\/produit\/messico-1935-1956\/#breadcrumb\",\"itemListElement\":[{\"@type\":\"ListItem\",\"position\":1,\"name\":\"Accueil\",\"item\":\"https:\/\/librairie7l.com\/en\/\"},{\"@type\":\"ListItem\",\"position\":2,\"name\":\"Shop\",\"item\":\"https:\/\/librairie7l.com\/en\/shop\/\"},{\"@type\":\"ListItem\",\"position\":3,\"name\":\"MESSICO 1935\/1956\"}]},{\"@type\":\"WebSite\",\"@id\":\"https:\/\/librairie7l.com\/en\/#website\",\"url\":\"https:\/\/librairie7l.com\/en\/\",\"name\":\"Librairie 7L\",\"description\":\"Librairie fond\u00e9e en 1999 par Karl Lagerfeld \u00e0 Paris\",\"publisher\":{\"@id\":\"https:\/\/librairie7l.com\/en\/#organization\"},\"potentialAction\":[{\"@type\":\"SearchAction\",\"target\":{\"@type\":\"EntryPoint\",\"urlTemplate\":\"https:\/\/librairie7l.com\/en\/?s={search_term_string}\"},\"query-input\":\"required name=search_term_string\"}],\"inLanguage\":\"en-US\"},{\"@type\":\"Organization\",\"@id\":\"https:\/\/librairie7l.com\/en\/#organization\",\"name\":\"Librairie 7L\",\"url\":\"https:\/\/librairie7l.com\/en\/\",\"logo\":{\"@type\":\"ImageObject\",\"inLanguage\":\"en-US\",\"@id\":\"https:\/\/librairie7l.com\/en\/#\/schema\/logo\/image\/\",\"url\":\"https:\/\/librairie7l.com\/wp-content\/uploads\/2022\/08\/logo-1.png\",\"contentUrl\":\"https:\/\/librairie7l.com\/wp-content\/uploads\/2022\/08\/logo-1.png\",\"width\":227,\"height\":301,\"caption\":\"Librairie 7L\"},\"image\":{\"@id\":\"https:\/\/librairie7l.com\/en\/#\/schema\/logo\/image\/\"}}]}<\/script>\n<!-- \/ Yoast SEO plugin. -->","yoast_head_json":{"title":"Messico 1935\/1956 - Librairie 7L","robots":{"index":"index","follow":"follow","max-snippet":"max-snippet:-1","max-image-preview":"max-image-preview:large","max-video-preview":"max-video-preview:-1"},"canonical":"https:\/\/librairie7l.com\/en\/produit\/messico-1935-1956\/","og_locale":"en_US","og_type":"article","og_title":"Messico 1935\/1956 - Librairie 7L","og_description":"Josef et Anni Albers ont effectu\u00e9 leur premier voyage au Mexique en 1935, attir\u00e9s par un pays tr\u00e8s diff\u00e9rent des \u00c9tats-Unis, int\u00e9ress\u00e9s par les traces des anciennes civilisations pr\u00e9colombiennes, mayas et les azt\u00e8ques, autant que par les t\u00e9moignages de la vie quotidienne d&#8217;une population tr\u00e8s pauvre mais pleine de vitalit\u00e9. V\u00eatu de couleurs sombres et [&hellip;]","og_url":"https:\/\/librairie7l.com\/en\/produit\/messico-1935-1956\/","og_site_name":"Librairie 7L","article_modified_time":"2026-05-09T03:30:45+00:00","og_image":[{"width":600,"height":732,"url":"https:\/\/librairie7l.com\/wp-content\/uploads\/2021\/03\/9788899385811_1_75.jpg","type":"image\/jpeg"}],"twitter_card":"summary_large_image","twitter_misc":{"Est. reading time":"1 minute"},"schema":{"@context":"https:\/\/schema.org","@graph":[{"@type":"WebPage","@id":"https:\/\/librairie7l.com\/en\/produit\/messico-1935-1956\/","url":"https:\/\/librairie7l.com\/en\/produit\/messico-1935-1956\/","name":"Messico 1935\/1956 - Librairie 7L","isPartOf":{"@id":"https:\/\/librairie7l.com\/en\/#website"},"datePublished":"2024-04-13T07:19:05+00:00","dateModified":"2026-05-09T03:30:45+00:00","breadcrumb":{"@id":"https:\/\/librairie7l.com\/en\/produit\/messico-1935-1956\/#breadcrumb"},"inLanguage":"en-US","potentialAction":[{"@type":"ReadAction","target":["https:\/\/librairie7l.com\/en\/produit\/messico-1935-1956\/"]}]},{"@type":"BreadcrumbList","@id":"https:\/\/librairie7l.com\/en\/produit\/messico-1935-1956\/#breadcrumb","itemListElement":[{"@type":"ListItem","position":1,"name":"Accueil","item":"https:\/\/librairie7l.com\/en\/"},{"@type":"ListItem","position":2,"name":"Shop","item":"https:\/\/librairie7l.com\/en\/shop\/"},{"@type":"ListItem","position":3,"name":"MESSICO 1935\/1956"}]},{"@type":"WebSite","@id":"https:\/\/librairie7l.com\/en\/#website","url":"https:\/\/librairie7l.com\/en\/","name":"Librairie 7L","description":"Librairie fond\u00e9e en 1999 par Karl Lagerfeld \u00e0 Paris","publisher":{"@id":"https:\/\/librairie7l.com\/en\/#organization"},"potentialAction":[{"@type":"SearchAction","target":{"@type":"EntryPoint","urlTemplate":"https:\/\/librairie7l.com\/en\/?s={search_term_string}"},"query-input":"required name=search_term_string"}],"inLanguage":"en-US"},{"@type":"Organization","@id":"https:\/\/librairie7l.com\/en\/#organization","name":"Librairie 7L","url":"https:\/\/librairie7l.com\/en\/","logo":{"@type":"ImageObject","inLanguage":"en-US","@id":"https:\/\/librairie7l.com\/en\/#\/schema\/logo\/image\/","url":"https:\/\/librairie7l.com\/wp-content\/uploads\/2022\/08\/logo-1.png","contentUrl":"https:\/\/librairie7l.com\/wp-content\/uploads\/2022\/08\/logo-1.png","width":227,"height":301,"caption":"Librairie 7L"},"image":{"@id":"https:\/\/librairie7l.com\/en\/#\/schema\/logo\/image\/"}}]}},"_links":{"self":[{"href":"https:\/\/librairie7l.com\/en\/wp-json\/wp\/v2\/product\/40320"}],"collection":[{"href":"https:\/\/librairie7l.com\/en\/wp-json\/wp\/v2\/product"}],"about":[{"href":"https:\/\/librairie7l.com\/en\/wp-json\/wp\/v2\/types\/product"}],"wp:featuredmedia":[{"embeddable":true,"href":"https:\/\/librairie7l.com\/en\/wp-json\/wp\/v2\/media\/40318"}],"wp:attachment":[{"href":"https:\/\/librairie7l.com\/en\/wp-json\/wp\/v2\/media?parent=40320"}],"wp:term":[{"taxonomy":"product_cat","embeddable":true,"href":"https:\/\/librairie7l.com\/en\/wp-json\/wp\/v2\/product_cat?post=40320"},{"taxonomy":"product_tag","embeddable":true,"href":"https:\/\/librairie7l.com\/en\/wp-json\/wp\/v2\/product_tag?post=40320"}],"curies":[{"name":"wp","href":"https:\/\/api.w.org\/{rel}","templated":true}]}}