{"id":40324,"date":"2024-06-25T14:06:17","date_gmt":"2024-06-25T12:06:17","guid":{"rendered":"https:\/\/librairie7l.com\/?post_type=product&#038;p=40324"},"modified":"2026-04-16T13:34:44","modified_gmt":"2026-04-16T11:34:44","slug":"danses-tracees","status":"publish","type":"product","link":"https:\/\/librairie7l.com\/en\/produit\/danses-tracees\/","title":{"rendered":"DANSES TRAC\u00c9ES"},"content":{"rendered":"<p>Les dessins, les notations des chor\u00e9graphes sont peu connus. Ces syst\u00e8mes d&#8217;\u00e9criture du mouvement mis en place dans la culture europ\u00e9enne depuis les ma\u00eetres \u00e0 danser \u00e0 l&#8217;\u00e9poque de Louis XIV, puis au XXeme si\u00e8cle jusqu&#8217;aux travaux des chor\u00e9graphes contem porains, ont dot\u00e9 la danse d&#8217;une symbolique sp\u00e9cifique.<br \/>\nLe livre Danses Trac\u00e9es r\u00e9unit des partitions, des dessins, croquis, notes, graphiques, tableaux, d\u00e9gageant entre \u00e9criture et image, une textualit\u00e9 inconnue dont le mouvement semble moins le but final qu&#8217;un relai cognitif.<br \/>\nPour conduire le regard et la pens\u00e9e du lecteur \u00e0 travers cet imaginaire insoup\u00e7onn\u00e9, plusieurs points de vue et types d&#8217;\u00e9critures ont \u00e9t\u00e9 convoqu\u00e9s.<br \/>\nDu syst\u00e8me \u00e0 l&#8217;oeuvre d&#8217;art, de la conceptualisation du mouvement \u00e0 son pur reflet \u00e9motif retenu dans le graphisme, font l&#8217;objet d&#8217;approches tour \u00e0 tour historiques, artistiques, scientifiques, reli\u00e9es ou non \u00e0 la pratique sp\u00e9cifique de la danse.<\/p>\n<p>&#8220;On peut retrouver dans la symbolique et l&#8217;organisation gestuelle des principes d&#8217;organisation analogues \u00e0 ceux qu&#8217;on conna\u00eet dans un langage ordinaire, dans le langage articulatoire, des principes taxinomiques comme on en trouve en biologie.&#8221; ( Ren\u00e9 Thom) &#8220;La danse ne produit pas de figures arr\u00eat\u00e9es. Elle suscite des actes. L&#8217;analyse et la transmission de l&#8217;acte, on le sait, ne passe pas par le signe, mais par la contamination entre les &#8220;\u00e9tats&#8221; dont le mouvement d\u00e9veloppe les degr\u00e9s et les qualit\u00e9s d&#8217; \u00e9nergie, les tonalit\u00e9s&#8221; (Laurence Louppe)<\/p>\n","protected":false},"excerpt":{"rendered":"<p>Les dessins, les notations des chor\u00e9graphes sont peu connus. Ces syst\u00e8mes d&#8217;\u00e9criture du mouvement mis en place dans la culture europ\u00e9enne depuis les ma\u00eetres \u00e0 danser \u00e0 l&#8217;\u00e9poque de Louis XIV, puis au XXeme si\u00e8cle jusqu&#8217;aux travaux des chor\u00e9graphes contem porains, ont dot\u00e9 la danse d&#8217;une symbolique sp\u00e9cifique. Le livre Danses Trac\u00e9es r\u00e9unit des partitions, [&hellip;]<\/p>\n","protected":false},"featured_media":40322,"template":"","meta":[],"product_cat":[2948,2953],"product_tag":[],"acf":[],"yoast_head":"<!-- This site is optimized with the Yoast SEO plugin v20.11 - https:\/\/yoast.com\/wordpress\/plugins\/seo\/ -->\n<title>Danses trac\u00e9es - Librairie 7L<\/title>\n<meta name=\"robots\" content=\"index, follow, max-snippet:-1, max-image-preview:large, max-video-preview:-1\" \/>\n<link rel=\"canonical\" href=\"https:\/\/librairie7l.com\/en\/produit\/danses-tracees\/\" \/>\n<meta property=\"og:locale\" content=\"en_US\" \/>\n<meta property=\"og:type\" content=\"article\" \/>\n<meta property=\"og:title\" content=\"Danses trac\u00e9es - Librairie 7L\" \/>\n<meta property=\"og:description\" content=\"Les dessins, les notations des chor\u00e9graphes sont peu connus. Ces syst\u00e8mes d&#8217;\u00e9criture du mouvement mis en place dans la culture europ\u00e9enne depuis les ma\u00eetres \u00e0 danser \u00e0 l&#8217;\u00e9poque de Louis XIV, puis au XXeme si\u00e8cle jusqu&#8217;aux travaux des chor\u00e9graphes contem porains, ont dot\u00e9 la danse d&#8217;une symbolique sp\u00e9cifique. Le livre Danses Trac\u00e9es r\u00e9unit des partitions, [&hellip;]\" \/>\n<meta property=\"og:url\" content=\"https:\/\/librairie7l.com\/en\/produit\/danses-tracees\/\" \/>\n<meta property=\"og:site_name\" content=\"Librairie 7L\" \/>\n<meta property=\"article:modified_time\" content=\"2026-04-16T11:34:44+00:00\" \/>\n<meta property=\"og:image\" content=\"https:\/\/librairie7l.com\/wp-content\/uploads\/1998\/02\/9782906571211_1_75.jpg\" \/>\n\t<meta property=\"og:image:width\" content=\"578\" \/>\n\t<meta property=\"og:image:height\" content=\"767\" \/>\n\t<meta property=\"og:image:type\" content=\"image\/jpeg\" \/>\n<meta name=\"twitter:card\" content=\"summary_large_image\" \/>\n<meta name=\"twitter:label1\" content=\"Est. reading time\" \/>\n\t<meta name=\"twitter:data1\" content=\"1 minute\" \/>\n<script type=\"application\/ld+json\" class=\"yoast-schema-graph\">{\"@context\":\"https:\/\/schema.org\",\"@graph\":[{\"@type\":\"WebPage\",\"@id\":\"https:\/\/librairie7l.com\/en\/produit\/danses-tracees\/\",\"url\":\"https:\/\/librairie7l.com\/en\/produit\/danses-tracees\/\",\"name\":\"Danses trac\u00e9es - Librairie 7L\",\"isPartOf\":{\"@id\":\"https:\/\/librairie7l.com\/en\/#website\"},\"datePublished\":\"2024-06-25T12:06:17+00:00\",\"dateModified\":\"2026-04-16T11:34:44+00:00\",\"breadcrumb\":{\"@id\":\"https:\/\/librairie7l.com\/en\/produit\/danses-tracees\/#breadcrumb\"},\"inLanguage\":\"en-US\",\"potentialAction\":[{\"@type\":\"ReadAction\",\"target\":[\"https:\/\/librairie7l.com\/en\/produit\/danses-tracees\/\"]}]},{\"@type\":\"BreadcrumbList\",\"@id\":\"https:\/\/librairie7l.com\/en\/produit\/danses-tracees\/#breadcrumb\",\"itemListElement\":[{\"@type\":\"ListItem\",\"position\":1,\"name\":\"Accueil\",\"item\":\"https:\/\/librairie7l.com\/en\/\"},{\"@type\":\"ListItem\",\"position\":2,\"name\":\"Shop\",\"item\":\"https:\/\/librairie7l.com\/en\/shop\/\"},{\"@type\":\"ListItem\",\"position\":3,\"name\":\"DANSES TRAC\u00c9ES\"}]},{\"@type\":\"WebSite\",\"@id\":\"https:\/\/librairie7l.com\/en\/#website\",\"url\":\"https:\/\/librairie7l.com\/en\/\",\"name\":\"Librairie 7L\",\"description\":\"Librairie fond\u00e9e en 1999 par Karl Lagerfeld \u00e0 Paris\",\"publisher\":{\"@id\":\"https:\/\/librairie7l.com\/en\/#organization\"},\"potentialAction\":[{\"@type\":\"SearchAction\",\"target\":{\"@type\":\"EntryPoint\",\"urlTemplate\":\"https:\/\/librairie7l.com\/en\/?s={search_term_string}\"},\"query-input\":\"required name=search_term_string\"}],\"inLanguage\":\"en-US\"},{\"@type\":\"Organization\",\"@id\":\"https:\/\/librairie7l.com\/en\/#organization\",\"name\":\"Librairie 7L\",\"url\":\"https:\/\/librairie7l.com\/en\/\",\"logo\":{\"@type\":\"ImageObject\",\"inLanguage\":\"en-US\",\"@id\":\"https:\/\/librairie7l.com\/en\/#\/schema\/logo\/image\/\",\"url\":\"https:\/\/librairie7l.com\/wp-content\/uploads\/2022\/08\/logo-1.png\",\"contentUrl\":\"https:\/\/librairie7l.com\/wp-content\/uploads\/2022\/08\/logo-1.png\",\"width\":227,\"height\":301,\"caption\":\"Librairie 7L\"},\"image\":{\"@id\":\"https:\/\/librairie7l.com\/en\/#\/schema\/logo\/image\/\"}}]}<\/script>\n<!-- \/ Yoast SEO plugin. -->","yoast_head_json":{"title":"Danses trac\u00e9es - Librairie 7L","robots":{"index":"index","follow":"follow","max-snippet":"max-snippet:-1","max-image-preview":"max-image-preview:large","max-video-preview":"max-video-preview:-1"},"canonical":"https:\/\/librairie7l.com\/en\/produit\/danses-tracees\/","og_locale":"en_US","og_type":"article","og_title":"Danses trac\u00e9es - Librairie 7L","og_description":"Les dessins, les notations des chor\u00e9graphes sont peu connus. Ces syst\u00e8mes d&#8217;\u00e9criture du mouvement mis en place dans la culture europ\u00e9enne depuis les ma\u00eetres \u00e0 danser \u00e0 l&#8217;\u00e9poque de Louis XIV, puis au XXeme si\u00e8cle jusqu&#8217;aux travaux des chor\u00e9graphes contem porains, ont dot\u00e9 la danse d&#8217;une symbolique sp\u00e9cifique. Le livre Danses Trac\u00e9es r\u00e9unit des partitions, [&hellip;]","og_url":"https:\/\/librairie7l.com\/en\/produit\/danses-tracees\/","og_site_name":"Librairie 7L","article_modified_time":"2026-04-16T11:34:44+00:00","og_image":[{"width":578,"height":767,"url":"https:\/\/librairie7l.com\/wp-content\/uploads\/1998\/02\/9782906571211_1_75.jpg","type":"image\/jpeg"}],"twitter_card":"summary_large_image","twitter_misc":{"Est. reading time":"1 minute"},"schema":{"@context":"https:\/\/schema.org","@graph":[{"@type":"WebPage","@id":"https:\/\/librairie7l.com\/en\/produit\/danses-tracees\/","url":"https:\/\/librairie7l.com\/en\/produit\/danses-tracees\/","name":"Danses trac\u00e9es - Librairie 7L","isPartOf":{"@id":"https:\/\/librairie7l.com\/en\/#website"},"datePublished":"2024-06-25T12:06:17+00:00","dateModified":"2026-04-16T11:34:44+00:00","breadcrumb":{"@id":"https:\/\/librairie7l.com\/en\/produit\/danses-tracees\/#breadcrumb"},"inLanguage":"en-US","potentialAction":[{"@type":"ReadAction","target":["https:\/\/librairie7l.com\/en\/produit\/danses-tracees\/"]}]},{"@type":"BreadcrumbList","@id":"https:\/\/librairie7l.com\/en\/produit\/danses-tracees\/#breadcrumb","itemListElement":[{"@type":"ListItem","position":1,"name":"Accueil","item":"https:\/\/librairie7l.com\/en\/"},{"@type":"ListItem","position":2,"name":"Shop","item":"https:\/\/librairie7l.com\/en\/shop\/"},{"@type":"ListItem","position":3,"name":"DANSES TRAC\u00c9ES"}]},{"@type":"WebSite","@id":"https:\/\/librairie7l.com\/en\/#website","url":"https:\/\/librairie7l.com\/en\/","name":"Librairie 7L","description":"Librairie fond\u00e9e en 1999 par Karl Lagerfeld \u00e0 Paris","publisher":{"@id":"https:\/\/librairie7l.com\/en\/#organization"},"potentialAction":[{"@type":"SearchAction","target":{"@type":"EntryPoint","urlTemplate":"https:\/\/librairie7l.com\/en\/?s={search_term_string}"},"query-input":"required name=search_term_string"}],"inLanguage":"en-US"},{"@type":"Organization","@id":"https:\/\/librairie7l.com\/en\/#organization","name":"Librairie 7L","url":"https:\/\/librairie7l.com\/en\/","logo":{"@type":"ImageObject","inLanguage":"en-US","@id":"https:\/\/librairie7l.com\/en\/#\/schema\/logo\/image\/","url":"https:\/\/librairie7l.com\/wp-content\/uploads\/2022\/08\/logo-1.png","contentUrl":"https:\/\/librairie7l.com\/wp-content\/uploads\/2022\/08\/logo-1.png","width":227,"height":301,"caption":"Librairie 7L"},"image":{"@id":"https:\/\/librairie7l.com\/en\/#\/schema\/logo\/image\/"}}]}},"_links":{"self":[{"href":"https:\/\/librairie7l.com\/en\/wp-json\/wp\/v2\/product\/40324"}],"collection":[{"href":"https:\/\/librairie7l.com\/en\/wp-json\/wp\/v2\/product"}],"about":[{"href":"https:\/\/librairie7l.com\/en\/wp-json\/wp\/v2\/types\/product"}],"wp:featuredmedia":[{"embeddable":true,"href":"https:\/\/librairie7l.com\/en\/wp-json\/wp\/v2\/media\/40322"}],"wp:attachment":[{"href":"https:\/\/librairie7l.com\/en\/wp-json\/wp\/v2\/media?parent=40324"}],"wp:term":[{"taxonomy":"product_cat","embeddable":true,"href":"https:\/\/librairie7l.com\/en\/wp-json\/wp\/v2\/product_cat?post=40324"},{"taxonomy":"product_tag","embeddable":true,"href":"https:\/\/librairie7l.com\/en\/wp-json\/wp\/v2\/product_tag?post=40324"}],"curies":[{"name":"wp","href":"https:\/\/api.w.org\/{rel}","templated":true}]}}