{"id":40332,"date":"2024-04-13T09:19:14","date_gmt":"2024-04-13T07:19:14","guid":{"rendered":"https:\/\/librairie7l.com\/?post_type=product&#038;p=40332"},"modified":"2026-04-13T13:36:28","modified_gmt":"2026-04-13T11:36:28","slug":"mirage","status":"publish","type":"product","link":"https:\/\/librairie7l.com\/en\/produit\/mirage\/","title":{"rendered":"MIRAGE"},"content":{"rendered":"<p>Cette luxueuse publication en leporello offre une exp\u00e9rience immersive, documentant et mat\u00e9rialisant l&#8217;exploration par Aitken des surfaces r\u00e9fl\u00e9chissantes dans l&#8217;architecture.<br \/>\nD\u00e9di\u00e9e aux trois it\u00e9rations de l&#8217;installation Mirage \u00e0 Palm Springs, D\u00e9troit et Gstaad (2017-2021), cette publication propose au lecteur un livre exp\u00e9rientiel qui partage certaines des caract\u00e9ristiques de l&#8217;installation : l&#8217;\u00e9motion immersive, la perception alt\u00e9r\u00e9e, la fusion entre le spectateur et le paysage. Cette publication singuli\u00e8re ne porte donc pas seulement sur Mirage ; elle est con\u00e7ue comme une immersion dans l&#8217;atmosph\u00e8re de l&#8217;oeuvre.<br \/>\nInstallation in situ expos\u00e9e successivement dans le d\u00e9sert californien de Palm Springs, dans une banque d\u00e9saffect\u00e9e de D\u00e9troit et dans le paysage alpin de Gstaad, Mirage s&#8217;inspire de la maison de banlieue am\u00e9ricaine de style ranch &#8211; elle-m\u00eame inspir\u00e9e des id\u00e9es de l&#8217;architecte Frank Lloyd Wright &#8211; et est enti\u00e8rement compos\u00e9e de surfaces r\u00e9fl\u00e9chissantes en miroir. V\u00e9ritable chambre d&#8217;\u00e9cho visuelle, ses surfaces r\u00e9fl\u00e9chissantes forment un kal\u00e9idoscope grandeur nature qui absorbe et refl\u00e8te le paysage. Sujet et objet, int\u00e9rieur et ext\u00e9rieur, tangible et \u00e9ph\u00e9m\u00e8re, psychologique et physique, architecture construite et paysage : chacune de ces forces oppos\u00e9es est maintenue dans une tension constante, tout en \u00e9tant autoris\u00e9e \u00e0 se d\u00e9placer et \u00e0 se transformer au fil du temps et des saisons. Telle une lentille \u00e0 taille humaine, Mirage encadre et d\u00e9forme le monde ext\u00e9rieur en constante \u00e9volution. Il n&#8217;y a pas de moment unique pour regarder cette oeuvre, car chaque instant produit une nouvelle variation : la nuit, les lumi\u00e8res lointaines se r\u00e9fractent pour cr\u00e9er un univers d&#8217;\u00e9toiles ; par un apr\u00e8s-midi tranquille, le ciel se transforme en bancs de bleu fragment\u00e9s par des tranches de nuages. Il n&#8217;y a pas de perspective fixe ou d&#8217;interpr\u00e9tation juste. Chaque exp\u00e9rience de cette oeuvre d&#8217;art vivante est unique. \u00ab Ce qui m&#8217;int\u00e9resse, c&#8217;est que le spectateur se reconnaisse dans l&#8217;oeuvre \u00bb, explique Doug Aitken \u00e0 propos de son installation, qui dialogue \u00e9galement avec l&#8217;histoire du Land art.<br \/>\nCon\u00e7u par Arno Baudin (Zolo Press), ce livre rassemble une documentation photographique in\u00e9dite sur les trois installations de Mirage, des dessins et d&#8217;autres documents li\u00e9s au projet, un texte complet de Neville Wakefield, ainsi qu&#8217;un entretien avec l&#8217;artiste sur l&#8217;histoire et l&#8217;\u00e9volution de l&#8217;oeuvre au fil des ans et dans ses diff\u00e9rents lieux d&#8217;installation. Avec des feuilles froides, des encres sp\u00e9ciales, une impression argentique et une reliure en leporello pour refl\u00e9ter la qualit\u00e9 de miroir de Mirage, cette publication est une \u00e9dition limit\u00e9e qui deviendra un ouvrage de collection pour les amateurs d&#8217;art et les amoureux des livres.<\/p>\n","protected":false},"excerpt":{"rendered":"<p>Cette luxueuse publication en leporello offre une exp\u00e9rience immersive, documentant et mat\u00e9rialisant l&#8217;exploration par Aitken des surfaces r\u00e9fl\u00e9chissantes dans l&#8217;architecture. D\u00e9di\u00e9e aux trois it\u00e9rations de l&#8217;installation Mirage \u00e0 Palm Springs, D\u00e9troit et Gstaad (2017-2021), cette publication propose au lecteur un livre exp\u00e9rientiel qui partage certaines des caract\u00e9ristiques de l&#8217;installation : l&#8217;\u00e9motion immersive, la perception alt\u00e9r\u00e9e, [&hellip;]<\/p>\n","protected":false},"featured_media":40330,"template":"","meta":[],"product_cat":[2948,2958],"product_tag":[],"acf":[],"yoast_head":"<!-- This site is optimized with the Yoast SEO plugin v20.11 - https:\/\/yoast.com\/wordpress\/plugins\/seo\/ -->\n<title>Mirage - Librairie 7L<\/title>\n<meta name=\"robots\" content=\"index, follow, max-snippet:-1, max-image-preview:large, max-video-preview:-1\" \/>\n<link rel=\"canonical\" href=\"https:\/\/librairie7l.com\/en\/produit\/mirage\/\" \/>\n<meta property=\"og:locale\" content=\"en_US\" \/>\n<meta property=\"og:type\" content=\"article\" \/>\n<meta property=\"og:title\" content=\"Mirage - Librairie 7L\" \/>\n<meta property=\"og:description\" content=\"Cette luxueuse publication en leporello offre une exp\u00e9rience immersive, documentant et mat\u00e9rialisant l&#8217;exploration par Aitken des surfaces r\u00e9fl\u00e9chissantes dans l&#8217;architecture. D\u00e9di\u00e9e aux trois it\u00e9rations de l&#8217;installation Mirage \u00e0 Palm Springs, D\u00e9troit et Gstaad (2017-2021), cette publication propose au lecteur un livre exp\u00e9rientiel qui partage certaines des caract\u00e9ristiques de l&#8217;installation : l&#8217;\u00e9motion immersive, la perception alt\u00e9r\u00e9e, [&hellip;]\" \/>\n<meta property=\"og:url\" content=\"https:\/\/librairie7l.com\/en\/produit\/mirage\/\" \/>\n<meta property=\"og:site_name\" content=\"Librairie 7L\" \/>\n<meta property=\"article:modified_time\" content=\"2026-04-13T11:36:28+00:00\" \/>\n<meta property=\"og:image\" content=\"https:\/\/librairie7l.com\/wp-content\/uploads\/2024\/03\/9783037645642_1_75.jpg\" \/>\n\t<meta property=\"og:image:width\" content=\"600\" \/>\n\t<meta property=\"og:image:height\" content=\"803\" \/>\n\t<meta property=\"og:image:type\" content=\"image\/jpeg\" \/>\n<meta name=\"twitter:card\" content=\"summary_large_image\" \/>\n<meta name=\"twitter:label1\" content=\"Est. reading time\" \/>\n\t<meta name=\"twitter:data1\" content=\"2 minutes\" \/>\n<script type=\"application\/ld+json\" class=\"yoast-schema-graph\">{\"@context\":\"https:\/\/schema.org\",\"@graph\":[{\"@type\":\"WebPage\",\"@id\":\"https:\/\/librairie7l.com\/en\/produit\/mirage\/\",\"url\":\"https:\/\/librairie7l.com\/en\/produit\/mirage\/\",\"name\":\"Mirage - Librairie 7L\",\"isPartOf\":{\"@id\":\"https:\/\/librairie7l.com\/en\/#website\"},\"datePublished\":\"2024-04-13T07:19:14+00:00\",\"dateModified\":\"2026-04-13T11:36:28+00:00\",\"breadcrumb\":{\"@id\":\"https:\/\/librairie7l.com\/en\/produit\/mirage\/#breadcrumb\"},\"inLanguage\":\"en-US\",\"potentialAction\":[{\"@type\":\"ReadAction\",\"target\":[\"https:\/\/librairie7l.com\/en\/produit\/mirage\/\"]}]},{\"@type\":\"BreadcrumbList\",\"@id\":\"https:\/\/librairie7l.com\/en\/produit\/mirage\/#breadcrumb\",\"itemListElement\":[{\"@type\":\"ListItem\",\"position\":1,\"name\":\"Accueil\",\"item\":\"https:\/\/librairie7l.com\/en\/\"},{\"@type\":\"ListItem\",\"position\":2,\"name\":\"Shop\",\"item\":\"https:\/\/librairie7l.com\/en\/shop\/\"},{\"@type\":\"ListItem\",\"position\":3,\"name\":\"MIRAGE\"}]},{\"@type\":\"WebSite\",\"@id\":\"https:\/\/librairie7l.com\/en\/#website\",\"url\":\"https:\/\/librairie7l.com\/en\/\",\"name\":\"Librairie 7L\",\"description\":\"Librairie fond\u00e9e en 1999 par Karl Lagerfeld \u00e0 Paris\",\"publisher\":{\"@id\":\"https:\/\/librairie7l.com\/en\/#organization\"},\"potentialAction\":[{\"@type\":\"SearchAction\",\"target\":{\"@type\":\"EntryPoint\",\"urlTemplate\":\"https:\/\/librairie7l.com\/en\/?s={search_term_string}\"},\"query-input\":\"required name=search_term_string\"}],\"inLanguage\":\"en-US\"},{\"@type\":\"Organization\",\"@id\":\"https:\/\/librairie7l.com\/en\/#organization\",\"name\":\"Librairie 7L\",\"url\":\"https:\/\/librairie7l.com\/en\/\",\"logo\":{\"@type\":\"ImageObject\",\"inLanguage\":\"en-US\",\"@id\":\"https:\/\/librairie7l.com\/en\/#\/schema\/logo\/image\/\",\"url\":\"https:\/\/librairie7l.com\/wp-content\/uploads\/2022\/08\/logo-1.png\",\"contentUrl\":\"https:\/\/librairie7l.com\/wp-content\/uploads\/2022\/08\/logo-1.png\",\"width\":227,\"height\":301,\"caption\":\"Librairie 7L\"},\"image\":{\"@id\":\"https:\/\/librairie7l.com\/en\/#\/schema\/logo\/image\/\"}}]}<\/script>\n<!-- \/ Yoast SEO plugin. -->","yoast_head_json":{"title":"Mirage - Librairie 7L","robots":{"index":"index","follow":"follow","max-snippet":"max-snippet:-1","max-image-preview":"max-image-preview:large","max-video-preview":"max-video-preview:-1"},"canonical":"https:\/\/librairie7l.com\/en\/produit\/mirage\/","og_locale":"en_US","og_type":"article","og_title":"Mirage - Librairie 7L","og_description":"Cette luxueuse publication en leporello offre une exp\u00e9rience immersive, documentant et mat\u00e9rialisant l&#8217;exploration par Aitken des surfaces r\u00e9fl\u00e9chissantes dans l&#8217;architecture. D\u00e9di\u00e9e aux trois it\u00e9rations de l&#8217;installation Mirage \u00e0 Palm Springs, D\u00e9troit et Gstaad (2017-2021), cette publication propose au lecteur un livre exp\u00e9rientiel qui partage certaines des caract\u00e9ristiques de l&#8217;installation : l&#8217;\u00e9motion immersive, la perception alt\u00e9r\u00e9e, [&hellip;]","og_url":"https:\/\/librairie7l.com\/en\/produit\/mirage\/","og_site_name":"Librairie 7L","article_modified_time":"2026-04-13T11:36:28+00:00","og_image":[{"width":600,"height":803,"url":"https:\/\/librairie7l.com\/wp-content\/uploads\/2024\/03\/9783037645642_1_75.jpg","type":"image\/jpeg"}],"twitter_card":"summary_large_image","twitter_misc":{"Est. reading time":"2 minutes"},"schema":{"@context":"https:\/\/schema.org","@graph":[{"@type":"WebPage","@id":"https:\/\/librairie7l.com\/en\/produit\/mirage\/","url":"https:\/\/librairie7l.com\/en\/produit\/mirage\/","name":"Mirage - Librairie 7L","isPartOf":{"@id":"https:\/\/librairie7l.com\/en\/#website"},"datePublished":"2024-04-13T07:19:14+00:00","dateModified":"2026-04-13T11:36:28+00:00","breadcrumb":{"@id":"https:\/\/librairie7l.com\/en\/produit\/mirage\/#breadcrumb"},"inLanguage":"en-US","potentialAction":[{"@type":"ReadAction","target":["https:\/\/librairie7l.com\/en\/produit\/mirage\/"]}]},{"@type":"BreadcrumbList","@id":"https:\/\/librairie7l.com\/en\/produit\/mirage\/#breadcrumb","itemListElement":[{"@type":"ListItem","position":1,"name":"Accueil","item":"https:\/\/librairie7l.com\/en\/"},{"@type":"ListItem","position":2,"name":"Shop","item":"https:\/\/librairie7l.com\/en\/shop\/"},{"@type":"ListItem","position":3,"name":"MIRAGE"}]},{"@type":"WebSite","@id":"https:\/\/librairie7l.com\/en\/#website","url":"https:\/\/librairie7l.com\/en\/","name":"Librairie 7L","description":"Librairie fond\u00e9e en 1999 par Karl Lagerfeld \u00e0 Paris","publisher":{"@id":"https:\/\/librairie7l.com\/en\/#organization"},"potentialAction":[{"@type":"SearchAction","target":{"@type":"EntryPoint","urlTemplate":"https:\/\/librairie7l.com\/en\/?s={search_term_string}"},"query-input":"required name=search_term_string"}],"inLanguage":"en-US"},{"@type":"Organization","@id":"https:\/\/librairie7l.com\/en\/#organization","name":"Librairie 7L","url":"https:\/\/librairie7l.com\/en\/","logo":{"@type":"ImageObject","inLanguage":"en-US","@id":"https:\/\/librairie7l.com\/en\/#\/schema\/logo\/image\/","url":"https:\/\/librairie7l.com\/wp-content\/uploads\/2022\/08\/logo-1.png","contentUrl":"https:\/\/librairie7l.com\/wp-content\/uploads\/2022\/08\/logo-1.png","width":227,"height":301,"caption":"Librairie 7L"},"image":{"@id":"https:\/\/librairie7l.com\/en\/#\/schema\/logo\/image\/"}}]}},"_links":{"self":[{"href":"https:\/\/librairie7l.com\/en\/wp-json\/wp\/v2\/product\/40332"}],"collection":[{"href":"https:\/\/librairie7l.com\/en\/wp-json\/wp\/v2\/product"}],"about":[{"href":"https:\/\/librairie7l.com\/en\/wp-json\/wp\/v2\/types\/product"}],"wp:featuredmedia":[{"embeddable":true,"href":"https:\/\/librairie7l.com\/en\/wp-json\/wp\/v2\/media\/40330"}],"wp:attachment":[{"href":"https:\/\/librairie7l.com\/en\/wp-json\/wp\/v2\/media?parent=40332"}],"wp:term":[{"taxonomy":"product_cat","embeddable":true,"href":"https:\/\/librairie7l.com\/en\/wp-json\/wp\/v2\/product_cat?post=40332"},{"taxonomy":"product_tag","embeddable":true,"href":"https:\/\/librairie7l.com\/en\/wp-json\/wp\/v2\/product_tag?post=40332"}],"curies":[{"name":"wp","href":"https:\/\/api.w.org\/{rel}","templated":true}]}}