{"id":40336,"date":"2024-06-25T14:06:21","date_gmt":"2024-06-25T12:06:21","guid":{"rendered":"https:\/\/librairie7l.com\/?post_type=product&#038;p=40336"},"modified":"2026-04-23T11:43:21","modified_gmt":"2026-04-23T09:43:21","slug":"galerie-yves-gastou","status":"publish","type":"product","link":"https:\/\/librairie7l.com\/en\/produit\/galerie-yves-gastou\/","title":{"rendered":"GALERIE YVES GASTOU"},"content":{"rendered":"<p>Cet ouvrage retrace l&#8217;itin\u00e9raire d&#8217;un marchand et collectionneur, jalonn\u00e9 de d\u00e9couvertes et de red\u00e9couvertes qui le conduisent \u00e0 explorer les courants marquants des arts d\u00e9coratifs du XXe si\u00e8cle. La carri\u00e8re d&#8217;Yves Gastou d\u00e9bute en province o\u00f9 il remet \u00e0 l&#8217;honneur l&#8217;Art nouveau et l&#8217;Art d\u00e9co, puis d\u00e9couvre en 1972, \u00e0 Toulouse, Andr\u00e9 Arbus. Ce grand \u00e9b\u00e9niste des ann\u00e9es 40 demeure en quelque sorte la charni\u00e8re qui d\u00e9place son go\u00fbt vers la seconde moiti\u00e9 du XXe si\u00e8cle.<br \/>\nD\u00e8s son installation \u00e0 Paris, il se tourne vers les ann\u00e9es 40, 50 puis 70, sans oublier le design des ann\u00e9es 80, dont il demeure le promoteur contemporain.<br \/>\nEn d\u00e9cembre 1985, Yves Gastou ouvre sa galerie parisienne, rue Bonaparte, accol\u00e9e \u00e0 l&#8217;\u00c9cole des Beaux-Arts, en plein coeur de Saint-Germain-des-Pr\u00e9s avec une fa\u00e7ade r\u00e9alis\u00e9e en terrazzo noire et blanche par Ettore Sottsass.<br \/>\nUne exposition du cr\u00e9ateur de Memphis inaugure le nouvel espace, dont la vocation se tourne ab initio vers la pr\u00e9sentation de designers contemporains, ces \u00ab antiquit\u00e9s du futur \u00bb qui se confrontent \u00e0 toute la palette de la cr\u00e9ation historique de 1935 \u00e0 1960. Il sera en effet le premier marchand \u00e0 Paris \u00e0 oser le m\u00e9lange entre les arts d\u00e9coratifs et le design contemporain, \u00e0 l&#8217;aube des ann\u00e9es 80. Sa galerie pionni\u00e8re, visionnaire, sert ainsi d&#8217;\u00e9crin \u00e0 l&#8217;univers sombre, m\u00e9tallique, industriel, du jeune Ron Arad, \u00e0 la philosophie progressiste d&#8217;Alchymia et de Memphis dont les envol\u00e9es bariol\u00e9es aspirent \u00e0 changer le monde, \u00e0 la modernit\u00e9 baroque et pr\u00e9cieuse d&#8217;Andr\u00e9 Dubreuil, ou encore \u00e0 la po\u00e9sie a\u00e9rienne de Shiro Kuramata. Ainsi d&#8217;Ettore Sottsass \u00e0 Alessandro Mendini, en passant par Andrea Branzi, Tom Dixon, Gaetano Pesce, ou les intr\u00e9pides collectifs de designers Solid et Bolidistes, et plus r\u00e9cemment Zaha Hadid qu&#8217;il pr\u00e9sente pour la premi\u00e8re fois en France, tous trouvent en cette galerie singuli\u00e8re, une tribune pour d\u00e9fendre une nouvelle conception de l&#8217;habitat, un design utopiste appuy\u00e9 par la pens\u00e9e.<\/p>\n","protected":false},"excerpt":{"rendered":"<p>Cet ouvrage retrace l&#8217;itin\u00e9raire d&#8217;un marchand et collectionneur, jalonn\u00e9 de d\u00e9couvertes et de red\u00e9couvertes qui le conduisent \u00e0 explorer les courants marquants des arts d\u00e9coratifs du XXe si\u00e8cle. La carri\u00e8re d&#8217;Yves Gastou d\u00e9bute en province o\u00f9 il remet \u00e0 l&#8217;honneur l&#8217;Art nouveau et l&#8217;Art d\u00e9co, puis d\u00e9couvre en 1972, \u00e0 Toulouse, Andr\u00e9 Arbus. Ce grand [&hellip;]<\/p>\n","protected":false},"featured_media":40334,"template":"","meta":[],"product_cat":[2948,2952],"product_tag":[],"acf":[],"yoast_head":"<!-- This site is optimized with the Yoast SEO plugin v20.11 - https:\/\/yoast.com\/wordpress\/plugins\/seo\/ -->\n<title>Galerie Yves Gastou - Librairie 7L<\/title>\n<meta name=\"robots\" content=\"index, follow, max-snippet:-1, max-image-preview:large, max-video-preview:-1\" \/>\n<link rel=\"canonical\" href=\"https:\/\/librairie7l.com\/en\/produit\/galerie-yves-gastou\/\" \/>\n<meta property=\"og:locale\" content=\"en_US\" \/>\n<meta property=\"og:type\" content=\"article\" \/>\n<meta property=\"og:title\" content=\"Galerie Yves Gastou - Librairie 7L\" \/>\n<meta property=\"og:description\" content=\"Cet ouvrage retrace l&#8217;itin\u00e9raire d&#8217;un marchand et collectionneur, jalonn\u00e9 de d\u00e9couvertes et de red\u00e9couvertes qui le conduisent \u00e0 explorer les courants marquants des arts d\u00e9coratifs du XXe si\u00e8cle. La carri\u00e8re d&#8217;Yves Gastou d\u00e9bute en province o\u00f9 il remet \u00e0 l&#8217;honneur l&#8217;Art nouveau et l&#8217;Art d\u00e9co, puis d\u00e9couvre en 1972, \u00e0 Toulouse, Andr\u00e9 Arbus. Ce grand [&hellip;]\" \/>\n<meta property=\"og:url\" content=\"https:\/\/librairie7l.com\/en\/produit\/galerie-yves-gastou\/\" \/>\n<meta property=\"og:site_name\" content=\"Librairie 7L\" \/>\n<meta property=\"article:modified_time\" content=\"2026-04-23T09:43:21+00:00\" \/>\n<meta property=\"og:image\" content=\"https:\/\/librairie7l.com\/wp-content\/uploads\/2010\/07\/9782915542356_1_75.jpg\" \/>\n\t<meta property=\"og:image:width\" content=\"500\" \/>\n\t<meta property=\"og:image:height\" content=\"642\" \/>\n\t<meta property=\"og:image:type\" content=\"image\/jpeg\" \/>\n<meta name=\"twitter:card\" content=\"summary_large_image\" \/>\n<meta name=\"twitter:label1\" content=\"Est. reading time\" \/>\n\t<meta name=\"twitter:data1\" content=\"2 minutes\" \/>\n<script type=\"application\/ld+json\" class=\"yoast-schema-graph\">{\"@context\":\"https:\/\/schema.org\",\"@graph\":[{\"@type\":\"WebPage\",\"@id\":\"https:\/\/librairie7l.com\/en\/produit\/galerie-yves-gastou\/\",\"url\":\"https:\/\/librairie7l.com\/en\/produit\/galerie-yves-gastou\/\",\"name\":\"Galerie Yves Gastou - Librairie 7L\",\"isPartOf\":{\"@id\":\"https:\/\/librairie7l.com\/en\/#website\"},\"datePublished\":\"2024-06-25T12:06:21+00:00\",\"dateModified\":\"2026-04-23T09:43:21+00:00\",\"breadcrumb\":{\"@id\":\"https:\/\/librairie7l.com\/en\/produit\/galerie-yves-gastou\/#breadcrumb\"},\"inLanguage\":\"en-US\",\"potentialAction\":[{\"@type\":\"ReadAction\",\"target\":[\"https:\/\/librairie7l.com\/en\/produit\/galerie-yves-gastou\/\"]}]},{\"@type\":\"BreadcrumbList\",\"@id\":\"https:\/\/librairie7l.com\/en\/produit\/galerie-yves-gastou\/#breadcrumb\",\"itemListElement\":[{\"@type\":\"ListItem\",\"position\":1,\"name\":\"Accueil\",\"item\":\"https:\/\/librairie7l.com\/en\/\"},{\"@type\":\"ListItem\",\"position\":2,\"name\":\"Shop\",\"item\":\"https:\/\/librairie7l.com\/en\/shop\/\"},{\"@type\":\"ListItem\",\"position\":3,\"name\":\"GALERIE YVES GASTOU\"}]},{\"@type\":\"WebSite\",\"@id\":\"https:\/\/librairie7l.com\/en\/#website\",\"url\":\"https:\/\/librairie7l.com\/en\/\",\"name\":\"Librairie 7L\",\"description\":\"Librairie fond\u00e9e en 1999 par Karl Lagerfeld \u00e0 Paris\",\"publisher\":{\"@id\":\"https:\/\/librairie7l.com\/en\/#organization\"},\"potentialAction\":[{\"@type\":\"SearchAction\",\"target\":{\"@type\":\"EntryPoint\",\"urlTemplate\":\"https:\/\/librairie7l.com\/en\/?s={search_term_string}\"},\"query-input\":\"required name=search_term_string\"}],\"inLanguage\":\"en-US\"},{\"@type\":\"Organization\",\"@id\":\"https:\/\/librairie7l.com\/en\/#organization\",\"name\":\"Librairie 7L\",\"url\":\"https:\/\/librairie7l.com\/en\/\",\"logo\":{\"@type\":\"ImageObject\",\"inLanguage\":\"en-US\",\"@id\":\"https:\/\/librairie7l.com\/en\/#\/schema\/logo\/image\/\",\"url\":\"https:\/\/librairie7l.com\/wp-content\/uploads\/2022\/08\/logo-1.png\",\"contentUrl\":\"https:\/\/librairie7l.com\/wp-content\/uploads\/2022\/08\/logo-1.png\",\"width\":227,\"height\":301,\"caption\":\"Librairie 7L\"},\"image\":{\"@id\":\"https:\/\/librairie7l.com\/en\/#\/schema\/logo\/image\/\"}}]}<\/script>\n<!-- \/ Yoast SEO plugin. -->","yoast_head_json":{"title":"Galerie Yves Gastou - Librairie 7L","robots":{"index":"index","follow":"follow","max-snippet":"max-snippet:-1","max-image-preview":"max-image-preview:large","max-video-preview":"max-video-preview:-1"},"canonical":"https:\/\/librairie7l.com\/en\/produit\/galerie-yves-gastou\/","og_locale":"en_US","og_type":"article","og_title":"Galerie Yves Gastou - Librairie 7L","og_description":"Cet ouvrage retrace l&#8217;itin\u00e9raire d&#8217;un marchand et collectionneur, jalonn\u00e9 de d\u00e9couvertes et de red\u00e9couvertes qui le conduisent \u00e0 explorer les courants marquants des arts d\u00e9coratifs du XXe si\u00e8cle. La carri\u00e8re d&#8217;Yves Gastou d\u00e9bute en province o\u00f9 il remet \u00e0 l&#8217;honneur l&#8217;Art nouveau et l&#8217;Art d\u00e9co, puis d\u00e9couvre en 1972, \u00e0 Toulouse, Andr\u00e9 Arbus. Ce grand [&hellip;]","og_url":"https:\/\/librairie7l.com\/en\/produit\/galerie-yves-gastou\/","og_site_name":"Librairie 7L","article_modified_time":"2026-04-23T09:43:21+00:00","og_image":[{"width":500,"height":642,"url":"https:\/\/librairie7l.com\/wp-content\/uploads\/2010\/07\/9782915542356_1_75.jpg","type":"image\/jpeg"}],"twitter_card":"summary_large_image","twitter_misc":{"Est. reading time":"2 minutes"},"schema":{"@context":"https:\/\/schema.org","@graph":[{"@type":"WebPage","@id":"https:\/\/librairie7l.com\/en\/produit\/galerie-yves-gastou\/","url":"https:\/\/librairie7l.com\/en\/produit\/galerie-yves-gastou\/","name":"Galerie Yves Gastou - Librairie 7L","isPartOf":{"@id":"https:\/\/librairie7l.com\/en\/#website"},"datePublished":"2024-06-25T12:06:21+00:00","dateModified":"2026-04-23T09:43:21+00:00","breadcrumb":{"@id":"https:\/\/librairie7l.com\/en\/produit\/galerie-yves-gastou\/#breadcrumb"},"inLanguage":"en-US","potentialAction":[{"@type":"ReadAction","target":["https:\/\/librairie7l.com\/en\/produit\/galerie-yves-gastou\/"]}]},{"@type":"BreadcrumbList","@id":"https:\/\/librairie7l.com\/en\/produit\/galerie-yves-gastou\/#breadcrumb","itemListElement":[{"@type":"ListItem","position":1,"name":"Accueil","item":"https:\/\/librairie7l.com\/en\/"},{"@type":"ListItem","position":2,"name":"Shop","item":"https:\/\/librairie7l.com\/en\/shop\/"},{"@type":"ListItem","position":3,"name":"GALERIE YVES GASTOU"}]},{"@type":"WebSite","@id":"https:\/\/librairie7l.com\/en\/#website","url":"https:\/\/librairie7l.com\/en\/","name":"Librairie 7L","description":"Librairie fond\u00e9e en 1999 par Karl Lagerfeld \u00e0 Paris","publisher":{"@id":"https:\/\/librairie7l.com\/en\/#organization"},"potentialAction":[{"@type":"SearchAction","target":{"@type":"EntryPoint","urlTemplate":"https:\/\/librairie7l.com\/en\/?s={search_term_string}"},"query-input":"required name=search_term_string"}],"inLanguage":"en-US"},{"@type":"Organization","@id":"https:\/\/librairie7l.com\/en\/#organization","name":"Librairie 7L","url":"https:\/\/librairie7l.com\/en\/","logo":{"@type":"ImageObject","inLanguage":"en-US","@id":"https:\/\/librairie7l.com\/en\/#\/schema\/logo\/image\/","url":"https:\/\/librairie7l.com\/wp-content\/uploads\/2022\/08\/logo-1.png","contentUrl":"https:\/\/librairie7l.com\/wp-content\/uploads\/2022\/08\/logo-1.png","width":227,"height":301,"caption":"Librairie 7L"},"image":{"@id":"https:\/\/librairie7l.com\/en\/#\/schema\/logo\/image\/"}}]}},"_links":{"self":[{"href":"https:\/\/librairie7l.com\/en\/wp-json\/wp\/v2\/product\/40336"}],"collection":[{"href":"https:\/\/librairie7l.com\/en\/wp-json\/wp\/v2\/product"}],"about":[{"href":"https:\/\/librairie7l.com\/en\/wp-json\/wp\/v2\/types\/product"}],"wp:featuredmedia":[{"embeddable":true,"href":"https:\/\/librairie7l.com\/en\/wp-json\/wp\/v2\/media\/40334"}],"wp:attachment":[{"href":"https:\/\/librairie7l.com\/en\/wp-json\/wp\/v2\/media?parent=40336"}],"wp:term":[{"taxonomy":"product_cat","embeddable":true,"href":"https:\/\/librairie7l.com\/en\/wp-json\/wp\/v2\/product_cat?post=40336"},{"taxonomy":"product_tag","embeddable":true,"href":"https:\/\/librairie7l.com\/en\/wp-json\/wp\/v2\/product_tag?post=40336"}],"curies":[{"name":"wp","href":"https:\/\/api.w.org\/{rel}","templated":true}]}}