{"id":40340,"date":"2024-04-13T09:19:20","date_gmt":"2024-04-13T07:19:20","guid":{"rendered":"https:\/\/librairie7l.com\/?post_type=product&#038;p=40340"},"modified":"2026-05-01T22:21:42","modified_gmt":"2026-05-01T20:21:42","slug":"le-parc-de-groussay-aquarelles-dalexandre-serebriakoff","status":"publish","type":"product","link":"https:\/\/librairie7l.com\/en\/produit\/le-parc-de-groussay-aquarelles-dalexandre-serebriakoff\/","title":{"rendered":"LE PARC DE GROUSSAY : AQUARELLES D&#8217;ALEXANDRE SEREBRIAKOFF"},"content":{"rendered":"<p>Charles de Beistegui a r\u00e9v\u00e9l\u00e9 Alexandre Serebriakoff comme un<br \/>\npeintre d&#8217;int\u00e9rieur exceptionnel en lui commandant des vues de<br \/>\nGroussay qui t\u00e9moignent aujourd&#8217;hui de l&#8217;\u00e9l\u00e9gance et du raffinement<br \/>\nde sa maison. On ignore parfois que sa passion de b\u00e2tir ne s&#8217;exerce pas<br \/>\nuniquement sur le ch\u00e2teau qu&#8217;il transforme et fait embellir, modifiant<br \/>\nsa fa\u00e7ade et lui adjoignant deux ailes. Parall\u00e8lement \u00e0 ces travaux<br \/>\nd&#8217;embellissement, il en entreprend d&#8217;autres dans le parc o\u00f9 il fait \u00e9lever<br \/>\ndes fabriques dans le plus pur go\u00fbt en vogue au xviiie<br \/>\n si\u00e8cle. Ainsi,<br \/>\nentre 1950 et 1969, le jardin se trouve-t-il peupl\u00e9 d&#8217;une douzaine de<br \/>\nb\u00e2timents : tente tartare, voli\u00e8re, pont palladien, colonne, temple de<br \/>\nl&#8217;Amour, pagode chinoise&#8230;<br \/>\nComme il le fait pour les int\u00e9rieurs du ch\u00e2teau, Charles de Beistegui<br \/>\ndemande \u00e0 Alexandre Serebriakoff de r\u00e9aliser des vues \u00e0 l&#8217;aquarelle<br \/>\nde ces folies, pr\u00e9sent\u00e9es dans cet ouvrage.<br \/>\nPierre-Arizzoli-Cl\u00e9mentel \u00e9tudie ici l&#8217;histoire des fabriques du parc de<br \/>\nGroussay. Ses recherches sur leurs origines, les sources d&#8217;inspiration<br \/>\nde Charles de Beistegui et les \u00e9volutions des diff\u00e9rents projets sont<br \/>\nillustr\u00e9s des aquarelles d&#8217;Alexandre Serebriakoff et de nombreux<br \/>\ndocuments d&#8217;archives. Il \u00e9tudie \u00e9galement les projets non r\u00e9alis\u00e9s ou<br \/>\nabandonn\u00e9s dont nombre sont jusqu&#8217;\u00e0 aujourd&#8217;hui ignor\u00e9s du public.<br \/>\nAvec cet ouvrage, Pierre-Arizzoli-Cl\u00e9mentel ach\u00e8ve son cycle d&#8217;\u00e9tude,<br \/>\npoursuit des grands d\u00e9corateurs entam\u00e9 avec \u00c9milio Terry en 2013,<br \/>\nGeroges Geffroy en 2016 et \u00ab Groussay\u00bb en 2019.<\/p>\n","protected":false},"excerpt":{"rendered":"<p>Charles de Beistegui a r\u00e9v\u00e9l\u00e9 Alexandre Serebriakoff comme un peintre d&#8217;int\u00e9rieur exceptionnel en lui commandant des vues de Groussay qui t\u00e9moignent aujourd&#8217;hui de l&#8217;\u00e9l\u00e9gance et du raffinement de sa maison. On ignore parfois que sa passion de b\u00e2tir ne s&#8217;exerce pas uniquement sur le ch\u00e2teau qu&#8217;il transforme et fait embellir, modifiant sa fa\u00e7ade et lui [&hellip;]<\/p>\n","protected":false},"featured_media":40338,"template":"","meta":[],"product_cat":[2948,2951],"product_tag":[],"acf":[],"yoast_head":"<!-- This site is optimized with the Yoast SEO plugin v20.11 - https:\/\/yoast.com\/wordpress\/plugins\/seo\/ -->\n<title>Le parc de Groussay : Aquarelles d&#039;Alexandre Serebriakoff - Librairie 7L<\/title>\n<meta name=\"robots\" content=\"index, follow, max-snippet:-1, max-image-preview:large, max-video-preview:-1\" \/>\n<link rel=\"canonical\" href=\"https:\/\/librairie7l.com\/en\/produit\/le-parc-de-groussay-aquarelles-dalexandre-serebriakoff\/\" \/>\n<meta property=\"og:locale\" content=\"en_US\" \/>\n<meta property=\"og:type\" content=\"article\" \/>\n<meta property=\"og:title\" content=\"Le parc de Groussay : Aquarelles d&#039;Alexandre Serebriakoff - Librairie 7L\" \/>\n<meta property=\"og:description\" content=\"Charles de Beistegui a r\u00e9v\u00e9l\u00e9 Alexandre Serebriakoff comme un peintre d&#8217;int\u00e9rieur exceptionnel en lui commandant des vues de Groussay qui t\u00e9moignent aujourd&#8217;hui de l&#8217;\u00e9l\u00e9gance et du raffinement de sa maison. On ignore parfois que sa passion de b\u00e2tir ne s&#8217;exerce pas uniquement sur le ch\u00e2teau qu&#8217;il transforme et fait embellir, modifiant sa fa\u00e7ade et lui [&hellip;]\" \/>\n<meta property=\"og:url\" content=\"https:\/\/librairie7l.com\/en\/produit\/le-parc-de-groussay-aquarelles-dalexandre-serebriakoff\/\" \/>\n<meta property=\"og:site_name\" content=\"Librairie 7L\" \/>\n<meta property=\"article:modified_time\" content=\"2026-05-01T20:21:42+00:00\" \/>\n<meta property=\"og:image\" content=\"https:\/\/librairie7l.com\/wp-content\/uploads\/2024\/01\/9782353404025_1_75.jpg\" \/>\n\t<meta property=\"og:image:width\" content=\"704\" \/>\n\t<meta property=\"og:image:height\" content=\"498\" \/>\n\t<meta property=\"og:image:type\" content=\"image\/jpeg\" \/>\n<meta name=\"twitter:card\" content=\"summary_large_image\" \/>\n<meta name=\"twitter:label1\" content=\"Est. reading time\" \/>\n\t<meta name=\"twitter:data1\" content=\"1 minute\" \/>\n<script type=\"application\/ld+json\" class=\"yoast-schema-graph\">{\"@context\":\"https:\/\/schema.org\",\"@graph\":[{\"@type\":\"WebPage\",\"@id\":\"https:\/\/librairie7l.com\/en\/produit\/le-parc-de-groussay-aquarelles-dalexandre-serebriakoff\/\",\"url\":\"https:\/\/librairie7l.com\/en\/produit\/le-parc-de-groussay-aquarelles-dalexandre-serebriakoff\/\",\"name\":\"Le parc de Groussay : Aquarelles d'Alexandre Serebriakoff - Librairie 7L\",\"isPartOf\":{\"@id\":\"https:\/\/librairie7l.com\/en\/#website\"},\"datePublished\":\"2024-04-13T07:19:20+00:00\",\"dateModified\":\"2026-05-01T20:21:42+00:00\",\"breadcrumb\":{\"@id\":\"https:\/\/librairie7l.com\/en\/produit\/le-parc-de-groussay-aquarelles-dalexandre-serebriakoff\/#breadcrumb\"},\"inLanguage\":\"en-US\",\"potentialAction\":[{\"@type\":\"ReadAction\",\"target\":[\"https:\/\/librairie7l.com\/en\/produit\/le-parc-de-groussay-aquarelles-dalexandre-serebriakoff\/\"]}]},{\"@type\":\"BreadcrumbList\",\"@id\":\"https:\/\/librairie7l.com\/en\/produit\/le-parc-de-groussay-aquarelles-dalexandre-serebriakoff\/#breadcrumb\",\"itemListElement\":[{\"@type\":\"ListItem\",\"position\":1,\"name\":\"Accueil\",\"item\":\"https:\/\/librairie7l.com\/en\/\"},{\"@type\":\"ListItem\",\"position\":2,\"name\":\"Shop\",\"item\":\"https:\/\/librairie7l.com\/en\/shop\/\"},{\"@type\":\"ListItem\",\"position\":3,\"name\":\"LE PARC DE GROUSSAY : AQUARELLES D&#8217;ALEXANDRE SEREBRIAKOFF\"}]},{\"@type\":\"WebSite\",\"@id\":\"https:\/\/librairie7l.com\/en\/#website\",\"url\":\"https:\/\/librairie7l.com\/en\/\",\"name\":\"Librairie 7L\",\"description\":\"Librairie fond\u00e9e en 1999 par Karl Lagerfeld \u00e0 Paris\",\"publisher\":{\"@id\":\"https:\/\/librairie7l.com\/en\/#organization\"},\"potentialAction\":[{\"@type\":\"SearchAction\",\"target\":{\"@type\":\"EntryPoint\",\"urlTemplate\":\"https:\/\/librairie7l.com\/en\/?s={search_term_string}\"},\"query-input\":\"required name=search_term_string\"}],\"inLanguage\":\"en-US\"},{\"@type\":\"Organization\",\"@id\":\"https:\/\/librairie7l.com\/en\/#organization\",\"name\":\"Librairie 7L\",\"url\":\"https:\/\/librairie7l.com\/en\/\",\"logo\":{\"@type\":\"ImageObject\",\"inLanguage\":\"en-US\",\"@id\":\"https:\/\/librairie7l.com\/en\/#\/schema\/logo\/image\/\",\"url\":\"https:\/\/librairie7l.com\/wp-content\/uploads\/2022\/08\/logo-1.png\",\"contentUrl\":\"https:\/\/librairie7l.com\/wp-content\/uploads\/2022\/08\/logo-1.png\",\"width\":227,\"height\":301,\"caption\":\"Librairie 7L\"},\"image\":{\"@id\":\"https:\/\/librairie7l.com\/en\/#\/schema\/logo\/image\/\"}}]}<\/script>\n<!-- \/ Yoast SEO plugin. -->","yoast_head_json":{"title":"Le parc de Groussay : Aquarelles d'Alexandre Serebriakoff - Librairie 7L","robots":{"index":"index","follow":"follow","max-snippet":"max-snippet:-1","max-image-preview":"max-image-preview:large","max-video-preview":"max-video-preview:-1"},"canonical":"https:\/\/librairie7l.com\/en\/produit\/le-parc-de-groussay-aquarelles-dalexandre-serebriakoff\/","og_locale":"en_US","og_type":"article","og_title":"Le parc de Groussay : Aquarelles d'Alexandre Serebriakoff - Librairie 7L","og_description":"Charles de Beistegui a r\u00e9v\u00e9l\u00e9 Alexandre Serebriakoff comme un peintre d&#8217;int\u00e9rieur exceptionnel en lui commandant des vues de Groussay qui t\u00e9moignent aujourd&#8217;hui de l&#8217;\u00e9l\u00e9gance et du raffinement de sa maison. On ignore parfois que sa passion de b\u00e2tir ne s&#8217;exerce pas uniquement sur le ch\u00e2teau qu&#8217;il transforme et fait embellir, modifiant sa fa\u00e7ade et lui [&hellip;]","og_url":"https:\/\/librairie7l.com\/en\/produit\/le-parc-de-groussay-aquarelles-dalexandre-serebriakoff\/","og_site_name":"Librairie 7L","article_modified_time":"2026-05-01T20:21:42+00:00","og_image":[{"width":704,"height":498,"url":"https:\/\/librairie7l.com\/wp-content\/uploads\/2024\/01\/9782353404025_1_75.jpg","type":"image\/jpeg"}],"twitter_card":"summary_large_image","twitter_misc":{"Est. reading time":"1 minute"},"schema":{"@context":"https:\/\/schema.org","@graph":[{"@type":"WebPage","@id":"https:\/\/librairie7l.com\/en\/produit\/le-parc-de-groussay-aquarelles-dalexandre-serebriakoff\/","url":"https:\/\/librairie7l.com\/en\/produit\/le-parc-de-groussay-aquarelles-dalexandre-serebriakoff\/","name":"Le parc de Groussay : Aquarelles d'Alexandre Serebriakoff - Librairie 7L","isPartOf":{"@id":"https:\/\/librairie7l.com\/en\/#website"},"datePublished":"2024-04-13T07:19:20+00:00","dateModified":"2026-05-01T20:21:42+00:00","breadcrumb":{"@id":"https:\/\/librairie7l.com\/en\/produit\/le-parc-de-groussay-aquarelles-dalexandre-serebriakoff\/#breadcrumb"},"inLanguage":"en-US","potentialAction":[{"@type":"ReadAction","target":["https:\/\/librairie7l.com\/en\/produit\/le-parc-de-groussay-aquarelles-dalexandre-serebriakoff\/"]}]},{"@type":"BreadcrumbList","@id":"https:\/\/librairie7l.com\/en\/produit\/le-parc-de-groussay-aquarelles-dalexandre-serebriakoff\/#breadcrumb","itemListElement":[{"@type":"ListItem","position":1,"name":"Accueil","item":"https:\/\/librairie7l.com\/en\/"},{"@type":"ListItem","position":2,"name":"Shop","item":"https:\/\/librairie7l.com\/en\/shop\/"},{"@type":"ListItem","position":3,"name":"LE PARC DE GROUSSAY : AQUARELLES D&#8217;ALEXANDRE SEREBRIAKOFF"}]},{"@type":"WebSite","@id":"https:\/\/librairie7l.com\/en\/#website","url":"https:\/\/librairie7l.com\/en\/","name":"Librairie 7L","description":"Librairie fond\u00e9e en 1999 par Karl Lagerfeld \u00e0 Paris","publisher":{"@id":"https:\/\/librairie7l.com\/en\/#organization"},"potentialAction":[{"@type":"SearchAction","target":{"@type":"EntryPoint","urlTemplate":"https:\/\/librairie7l.com\/en\/?s={search_term_string}"},"query-input":"required name=search_term_string"}],"inLanguage":"en-US"},{"@type":"Organization","@id":"https:\/\/librairie7l.com\/en\/#organization","name":"Librairie 7L","url":"https:\/\/librairie7l.com\/en\/","logo":{"@type":"ImageObject","inLanguage":"en-US","@id":"https:\/\/librairie7l.com\/en\/#\/schema\/logo\/image\/","url":"https:\/\/librairie7l.com\/wp-content\/uploads\/2022\/08\/logo-1.png","contentUrl":"https:\/\/librairie7l.com\/wp-content\/uploads\/2022\/08\/logo-1.png","width":227,"height":301,"caption":"Librairie 7L"},"image":{"@id":"https:\/\/librairie7l.com\/en\/#\/schema\/logo\/image\/"}}]}},"_links":{"self":[{"href":"https:\/\/librairie7l.com\/en\/wp-json\/wp\/v2\/product\/40340"}],"collection":[{"href":"https:\/\/librairie7l.com\/en\/wp-json\/wp\/v2\/product"}],"about":[{"href":"https:\/\/librairie7l.com\/en\/wp-json\/wp\/v2\/types\/product"}],"wp:featuredmedia":[{"embeddable":true,"href":"https:\/\/librairie7l.com\/en\/wp-json\/wp\/v2\/media\/40338"}],"wp:attachment":[{"href":"https:\/\/librairie7l.com\/en\/wp-json\/wp\/v2\/media?parent=40340"}],"wp:term":[{"taxonomy":"product_cat","embeddable":true,"href":"https:\/\/librairie7l.com\/en\/wp-json\/wp\/v2\/product_cat?post=40340"},{"taxonomy":"product_tag","embeddable":true,"href":"https:\/\/librairie7l.com\/en\/wp-json\/wp\/v2\/product_tag?post=40340"}],"curies":[{"name":"wp","href":"https:\/\/api.w.org\/{rel}","templated":true}]}}