{"id":40370,"date":"2024-04-17T09:18:12","date_gmt":"2024-04-17T07:18:12","guid":{"rendered":"https:\/\/librairie7l.com\/?post_type=product&#038;p=40370"},"modified":"2026-04-12T08:42:00","modified_gmt":"2026-04-12T06:42:00","slug":"luxe-de-poche-petits-objets-precieux-au-siecle-des-lumieres","status":"publish","type":"product","link":"https:\/\/librairie7l.com\/en\/produit\/luxe-de-poche-petits-objets-precieux-au-siecle-des-lumieres\/","title":{"rendered":"LUXE DE POCHE : PETITS OBJETS PR\u00c9CIEUX AU SI\u00c8CLE DES LUMI\u00c8RES"},"content":{"rendered":"<p>Appel\u00e9s \u00ab bo\u00eetes \u00bb ou \u00ab bijoux \u00bb, les petits objets de luxe suscitent<br \/>\nun v\u00e9ritable engouement au si\u00e8cle des Lumi\u00e8res. En or, enrichis de<br \/>\npierres dures ou pr\u00e9cieuses, couverts de nacre, de porcelaine ou<br \/>\nd&#8217;\u00e9maux translucides, ces objets de luxe par excellence cristallisent<br \/>\nla virtuosit\u00e9 des meilleurs orf\u00e8vres.<br \/>\nIls sont \u00e0 l&#8217;origine d&#8217;inventions fabuleuses ou surprenantes : un<br \/>\npistolet miniature sert de vaporisateur \u00e0 parfum, un \u00e9tui \u00e0 cire<br \/>\nprend la forme d&#8217;une asperge en porcelaine, un drageoir devient un<br \/>\ndromadaire en agate sculpt\u00e9e&#8230;<br \/>\n\u00ab Luxe de poche \u00bb pr\u00e9sente une s\u00e9lection de la collection du mus\u00e9e<br \/>\nCognacq-Jay qui comporte des pi\u00e8ces des plus grands noms de<br \/>\nl&#8217;orf\u00e8vrerie de luxe du XVIIIe si\u00e8cle, avec, en regard, des oeuvres<br \/>\nprestigieuses en provenance du Victoria and Albert Museum, du<br \/>\nLouvre et du mus\u00e9e des Arts D\u00e9coratifs.<br \/>\nRichement illustr\u00e9, cet album comporte de courts essais des<br \/>\nsp\u00e9cialistes reconnus de ce sujet<\/p>\n","protected":false},"excerpt":{"rendered":"<p>Appel\u00e9s \u00ab bo\u00eetes \u00bb ou \u00ab bijoux \u00bb, les petits objets de luxe suscitent un v\u00e9ritable engouement au si\u00e8cle des Lumi\u00e8res. En or, enrichis de pierres dures ou pr\u00e9cieuses, couverts de nacre, de porcelaine ou d&#8217;\u00e9maux translucides, ces objets de luxe par excellence cristallisent la virtuosit\u00e9 des meilleurs orf\u00e8vres. Ils sont \u00e0 l&#8217;origine d&#8217;inventions fabuleuses [&hellip;]<\/p>\n","protected":false},"featured_media":40368,"template":"","meta":[],"product_cat":[2948,2952],"product_tag":[],"acf":[],"yoast_head":"<!-- This site is optimized with the Yoast SEO plugin v20.11 - https:\/\/yoast.com\/wordpress\/plugins\/seo\/ -->\n<title>Luxe de poche : Petits objets pr\u00e9cieux au si\u00e8cle des Lumi\u00e8res - Librairie 7L<\/title>\n<meta name=\"robots\" content=\"index, follow, max-snippet:-1, max-image-preview:large, max-video-preview:-1\" \/>\n<link rel=\"canonical\" href=\"https:\/\/librairie7l.com\/en\/produit\/luxe-de-poche-petits-objets-precieux-au-siecle-des-lumieres\/\" \/>\n<meta property=\"og:locale\" content=\"en_US\" \/>\n<meta property=\"og:type\" content=\"article\" \/>\n<meta property=\"og:title\" content=\"Luxe de poche : Petits objets pr\u00e9cieux au si\u00e8cle des Lumi\u00e8res - Librairie 7L\" \/>\n<meta property=\"og:description\" content=\"Appel\u00e9s \u00ab bo\u00eetes \u00bb ou \u00ab bijoux \u00bb, les petits objets de luxe suscitent un v\u00e9ritable engouement au si\u00e8cle des Lumi\u00e8res. En or, enrichis de pierres dures ou pr\u00e9cieuses, couverts de nacre, de porcelaine ou d&#8217;\u00e9maux translucides, ces objets de luxe par excellence cristallisent la virtuosit\u00e9 des meilleurs orf\u00e8vres. Ils sont \u00e0 l&#8217;origine d&#8217;inventions fabuleuses [&hellip;]\" \/>\n<meta property=\"og:url\" content=\"https:\/\/librairie7l.com\/en\/produit\/luxe-de-poche-petits-objets-precieux-au-siecle-des-lumieres\/\" \/>\n<meta property=\"og:site_name\" content=\"Librairie 7L\" \/>\n<meta property=\"article:modified_time\" content=\"2026-04-12T06:42:00+00:00\" \/>\n<meta property=\"og:image\" content=\"https:\/\/librairie7l.com\/wp-content\/uploads\/2023\/10\/9782759605798_1_75.jpg\" \/>\n\t<meta property=\"og:image:width\" content=\"600\" \/>\n\t<meta property=\"og:image:height\" content=\"751\" \/>\n\t<meta property=\"og:image:type\" content=\"image\/jpeg\" \/>\n<meta name=\"twitter:card\" content=\"summary_large_image\" \/>\n<meta name=\"twitter:label1\" content=\"Est. reading time\" \/>\n\t<meta name=\"twitter:data1\" content=\"1 minute\" \/>\n<script type=\"application\/ld+json\" class=\"yoast-schema-graph\">{\"@context\":\"https:\/\/schema.org\",\"@graph\":[{\"@type\":\"WebPage\",\"@id\":\"https:\/\/librairie7l.com\/en\/produit\/luxe-de-poche-petits-objets-precieux-au-siecle-des-lumieres\/\",\"url\":\"https:\/\/librairie7l.com\/en\/produit\/luxe-de-poche-petits-objets-precieux-au-siecle-des-lumieres\/\",\"name\":\"Luxe de poche : Petits objets pr\u00e9cieux au si\u00e8cle des Lumi\u00e8res - Librairie 7L\",\"isPartOf\":{\"@id\":\"https:\/\/librairie7l.com\/en\/#website\"},\"datePublished\":\"2024-04-17T07:18:12+00:00\",\"dateModified\":\"2026-04-12T06:42:00+00:00\",\"breadcrumb\":{\"@id\":\"https:\/\/librairie7l.com\/en\/produit\/luxe-de-poche-petits-objets-precieux-au-siecle-des-lumieres\/#breadcrumb\"},\"inLanguage\":\"en-US\",\"potentialAction\":[{\"@type\":\"ReadAction\",\"target\":[\"https:\/\/librairie7l.com\/en\/produit\/luxe-de-poche-petits-objets-precieux-au-siecle-des-lumieres\/\"]}]},{\"@type\":\"BreadcrumbList\",\"@id\":\"https:\/\/librairie7l.com\/en\/produit\/luxe-de-poche-petits-objets-precieux-au-siecle-des-lumieres\/#breadcrumb\",\"itemListElement\":[{\"@type\":\"ListItem\",\"position\":1,\"name\":\"Accueil\",\"item\":\"https:\/\/librairie7l.com\/en\/\"},{\"@type\":\"ListItem\",\"position\":2,\"name\":\"Shop\",\"item\":\"https:\/\/librairie7l.com\/en\/shop\/\"},{\"@type\":\"ListItem\",\"position\":3,\"name\":\"LUXE DE POCHE : PETITS OBJETS PR\u00c9CIEUX AU SI\u00c8CLE DES LUMI\u00c8RES\"}]},{\"@type\":\"WebSite\",\"@id\":\"https:\/\/librairie7l.com\/en\/#website\",\"url\":\"https:\/\/librairie7l.com\/en\/\",\"name\":\"Librairie 7L\",\"description\":\"Librairie fond\u00e9e en 1999 par Karl Lagerfeld \u00e0 Paris\",\"publisher\":{\"@id\":\"https:\/\/librairie7l.com\/en\/#organization\"},\"potentialAction\":[{\"@type\":\"SearchAction\",\"target\":{\"@type\":\"EntryPoint\",\"urlTemplate\":\"https:\/\/librairie7l.com\/en\/?s={search_term_string}\"},\"query-input\":\"required name=search_term_string\"}],\"inLanguage\":\"en-US\"},{\"@type\":\"Organization\",\"@id\":\"https:\/\/librairie7l.com\/en\/#organization\",\"name\":\"Librairie 7L\",\"url\":\"https:\/\/librairie7l.com\/en\/\",\"logo\":{\"@type\":\"ImageObject\",\"inLanguage\":\"en-US\",\"@id\":\"https:\/\/librairie7l.com\/en\/#\/schema\/logo\/image\/\",\"url\":\"https:\/\/librairie7l.com\/wp-content\/uploads\/2022\/08\/logo-1.png\",\"contentUrl\":\"https:\/\/librairie7l.com\/wp-content\/uploads\/2022\/08\/logo-1.png\",\"width\":227,\"height\":301,\"caption\":\"Librairie 7L\"},\"image\":{\"@id\":\"https:\/\/librairie7l.com\/en\/#\/schema\/logo\/image\/\"}}]}<\/script>\n<!-- \/ Yoast SEO plugin. -->","yoast_head_json":{"title":"Luxe de poche : Petits objets pr\u00e9cieux au si\u00e8cle des Lumi\u00e8res - Librairie 7L","robots":{"index":"index","follow":"follow","max-snippet":"max-snippet:-1","max-image-preview":"max-image-preview:large","max-video-preview":"max-video-preview:-1"},"canonical":"https:\/\/librairie7l.com\/en\/produit\/luxe-de-poche-petits-objets-precieux-au-siecle-des-lumieres\/","og_locale":"en_US","og_type":"article","og_title":"Luxe de poche : Petits objets pr\u00e9cieux au si\u00e8cle des Lumi\u00e8res - Librairie 7L","og_description":"Appel\u00e9s \u00ab bo\u00eetes \u00bb ou \u00ab bijoux \u00bb, les petits objets de luxe suscitent un v\u00e9ritable engouement au si\u00e8cle des Lumi\u00e8res. En or, enrichis de pierres dures ou pr\u00e9cieuses, couverts de nacre, de porcelaine ou d&#8217;\u00e9maux translucides, ces objets de luxe par excellence cristallisent la virtuosit\u00e9 des meilleurs orf\u00e8vres. Ils sont \u00e0 l&#8217;origine d&#8217;inventions fabuleuses [&hellip;]","og_url":"https:\/\/librairie7l.com\/en\/produit\/luxe-de-poche-petits-objets-precieux-au-siecle-des-lumieres\/","og_site_name":"Librairie 7L","article_modified_time":"2026-04-12T06:42:00+00:00","og_image":[{"width":600,"height":751,"url":"https:\/\/librairie7l.com\/wp-content\/uploads\/2023\/10\/9782759605798_1_75.jpg","type":"image\/jpeg"}],"twitter_card":"summary_large_image","twitter_misc":{"Est. reading time":"1 minute"},"schema":{"@context":"https:\/\/schema.org","@graph":[{"@type":"WebPage","@id":"https:\/\/librairie7l.com\/en\/produit\/luxe-de-poche-petits-objets-precieux-au-siecle-des-lumieres\/","url":"https:\/\/librairie7l.com\/en\/produit\/luxe-de-poche-petits-objets-precieux-au-siecle-des-lumieres\/","name":"Luxe de poche : Petits objets pr\u00e9cieux au si\u00e8cle des Lumi\u00e8res - Librairie 7L","isPartOf":{"@id":"https:\/\/librairie7l.com\/en\/#website"},"datePublished":"2024-04-17T07:18:12+00:00","dateModified":"2026-04-12T06:42:00+00:00","breadcrumb":{"@id":"https:\/\/librairie7l.com\/en\/produit\/luxe-de-poche-petits-objets-precieux-au-siecle-des-lumieres\/#breadcrumb"},"inLanguage":"en-US","potentialAction":[{"@type":"ReadAction","target":["https:\/\/librairie7l.com\/en\/produit\/luxe-de-poche-petits-objets-precieux-au-siecle-des-lumieres\/"]}]},{"@type":"BreadcrumbList","@id":"https:\/\/librairie7l.com\/en\/produit\/luxe-de-poche-petits-objets-precieux-au-siecle-des-lumieres\/#breadcrumb","itemListElement":[{"@type":"ListItem","position":1,"name":"Accueil","item":"https:\/\/librairie7l.com\/en\/"},{"@type":"ListItem","position":2,"name":"Shop","item":"https:\/\/librairie7l.com\/en\/shop\/"},{"@type":"ListItem","position":3,"name":"LUXE DE POCHE : PETITS OBJETS PR\u00c9CIEUX AU SI\u00c8CLE DES LUMI\u00c8RES"}]},{"@type":"WebSite","@id":"https:\/\/librairie7l.com\/en\/#website","url":"https:\/\/librairie7l.com\/en\/","name":"Librairie 7L","description":"Librairie fond\u00e9e en 1999 par Karl Lagerfeld \u00e0 Paris","publisher":{"@id":"https:\/\/librairie7l.com\/en\/#organization"},"potentialAction":[{"@type":"SearchAction","target":{"@type":"EntryPoint","urlTemplate":"https:\/\/librairie7l.com\/en\/?s={search_term_string}"},"query-input":"required name=search_term_string"}],"inLanguage":"en-US"},{"@type":"Organization","@id":"https:\/\/librairie7l.com\/en\/#organization","name":"Librairie 7L","url":"https:\/\/librairie7l.com\/en\/","logo":{"@type":"ImageObject","inLanguage":"en-US","@id":"https:\/\/librairie7l.com\/en\/#\/schema\/logo\/image\/","url":"https:\/\/librairie7l.com\/wp-content\/uploads\/2022\/08\/logo-1.png","contentUrl":"https:\/\/librairie7l.com\/wp-content\/uploads\/2022\/08\/logo-1.png","width":227,"height":301,"caption":"Librairie 7L"},"image":{"@id":"https:\/\/librairie7l.com\/en\/#\/schema\/logo\/image\/"}}]}},"_links":{"self":[{"href":"https:\/\/librairie7l.com\/en\/wp-json\/wp\/v2\/product\/40370"}],"collection":[{"href":"https:\/\/librairie7l.com\/en\/wp-json\/wp\/v2\/product"}],"about":[{"href":"https:\/\/librairie7l.com\/en\/wp-json\/wp\/v2\/types\/product"}],"wp:featuredmedia":[{"embeddable":true,"href":"https:\/\/librairie7l.com\/en\/wp-json\/wp\/v2\/media\/40368"}],"wp:attachment":[{"href":"https:\/\/librairie7l.com\/en\/wp-json\/wp\/v2\/media?parent=40370"}],"wp:term":[{"taxonomy":"product_cat","embeddable":true,"href":"https:\/\/librairie7l.com\/en\/wp-json\/wp\/v2\/product_cat?post=40370"},{"taxonomy":"product_tag","embeddable":true,"href":"https:\/\/librairie7l.com\/en\/wp-json\/wp\/v2\/product_tag?post=40370"}],"curies":[{"name":"wp","href":"https:\/\/api.w.org\/{rel}","templated":true}]}}