{"id":40374,"date":"2024-04-17T09:18:15","date_gmt":"2024-04-17T07:18:15","guid":{"rendered":"https:\/\/librairie7l.com\/?post_type=product&#038;p=40374"},"modified":"2026-04-10T08:06:10","modified_gmt":"2026-04-10T06:06:10","slug":"fashion-faux-parr","status":"publish","type":"product","link":"https:\/\/librairie7l.com\/en\/produit\/fashion-faux-parr\/","title":{"rendered":"FASHION FAUX PARR"},"content":{"rendered":"<p>Le premier ouvrage consacr\u00e9 aux images de mode du photographe britannique Martin Parr.<\/p>\n<p>Fashion Faux Parr  pr\u00e9sente trois d\u00e9cennies de photographies de mode par Martin Parr pour la premi\u00e8re fois dans un seul volume. Plus de 250 images couleur, la plupart in\u00e9dites, d\u00e9voilent ses collaborations avec de grands magazines de mode et de prestigieuses maisons de couture comme Vogue et Jacquemus, ainsi que des photos prises sur le vif dans les coulisses de grands d\u00e9fil\u00e9s et des portraits d&#8217;ic\u00f4nes de la mode. Deux textes r\u00e9dig\u00e9s par des personnalit\u00e9s influentes de l&#8217;industrie de la mode d\u00e9cryptent le regard unique de Martin Parr sur le monde de la mode et le replacent dans un contexte plus large.<\/p>\n","protected":false},"excerpt":{"rendered":"<p>Le premier ouvrage consacr\u00e9 aux images de mode du photographe britannique Martin Parr. Fashion Faux Parr pr\u00e9sente trois d\u00e9cennies de photographies de mode par Martin Parr pour la premi\u00e8re fois dans un seul volume. Plus de 250 images couleur, la plupart in\u00e9dites, d\u00e9voilent ses collaborations avec de grands magazines de mode et de prestigieuses maisons [&hellip;]<\/p>\n","protected":false},"featured_media":40372,"template":"","meta":[],"product_cat":[2948,2958],"product_tag":[],"acf":[],"yoast_head":"<!-- This site is optimized with the Yoast SEO plugin v20.11 - https:\/\/yoast.com\/wordpress\/plugins\/seo\/ -->\n<title>Fashion Faux Parr - Librairie 7L<\/title>\n<meta name=\"robots\" content=\"index, follow, max-snippet:-1, max-image-preview:large, max-video-preview:-1\" \/>\n<link rel=\"canonical\" href=\"https:\/\/librairie7l.com\/en\/produit\/fashion-faux-parr\/\" \/>\n<meta property=\"og:locale\" content=\"en_US\" \/>\n<meta property=\"og:type\" content=\"article\" \/>\n<meta property=\"og:title\" content=\"Fashion Faux Parr - Librairie 7L\" \/>\n<meta property=\"og:description\" content=\"Le premier ouvrage consacr\u00e9 aux images de mode du photographe britannique Martin Parr. Fashion Faux Parr pr\u00e9sente trois d\u00e9cennies de photographies de mode par Martin Parr pour la premi\u00e8re fois dans un seul volume. Plus de 250 images couleur, la plupart in\u00e9dites, d\u00e9voilent ses collaborations avec de grands magazines de mode et de prestigieuses maisons [&hellip;]\" \/>\n<meta property=\"og:url\" content=\"https:\/\/librairie7l.com\/en\/produit\/fashion-faux-parr\/\" \/>\n<meta property=\"og:site_name\" content=\"Librairie 7L\" \/>\n<meta property=\"article:modified_time\" content=\"2026-04-10T06:06:10+00:00\" \/>\n<meta property=\"og:image\" content=\"https:\/\/librairie7l.com\/wp-content\/uploads\/2023\/11\/9781838667993_1_75.jpg\" \/>\n\t<meta property=\"og:image:width\" content=\"571\" \/>\n\t<meta property=\"og:image:height\" content=\"800\" \/>\n\t<meta property=\"og:image:type\" content=\"image\/jpeg\" \/>\n<meta name=\"twitter:card\" content=\"summary_large_image\" \/>\n<meta name=\"twitter:label1\" content=\"Est. reading time\" \/>\n\t<meta name=\"twitter:data1\" content=\"1 minute\" \/>\n<script type=\"application\/ld+json\" class=\"yoast-schema-graph\">{\"@context\":\"https:\/\/schema.org\",\"@graph\":[{\"@type\":\"WebPage\",\"@id\":\"https:\/\/librairie7l.com\/en\/produit\/fashion-faux-parr\/\",\"url\":\"https:\/\/librairie7l.com\/en\/produit\/fashion-faux-parr\/\",\"name\":\"Fashion Faux Parr - Librairie 7L\",\"isPartOf\":{\"@id\":\"https:\/\/librairie7l.com\/en\/#website\"},\"datePublished\":\"2024-04-17T07:18:15+00:00\",\"dateModified\":\"2026-04-10T06:06:10+00:00\",\"breadcrumb\":{\"@id\":\"https:\/\/librairie7l.com\/en\/produit\/fashion-faux-parr\/#breadcrumb\"},\"inLanguage\":\"en-US\",\"potentialAction\":[{\"@type\":\"ReadAction\",\"target\":[\"https:\/\/librairie7l.com\/en\/produit\/fashion-faux-parr\/\"]}]},{\"@type\":\"BreadcrumbList\",\"@id\":\"https:\/\/librairie7l.com\/en\/produit\/fashion-faux-parr\/#breadcrumb\",\"itemListElement\":[{\"@type\":\"ListItem\",\"position\":1,\"name\":\"Accueil\",\"item\":\"https:\/\/librairie7l.com\/en\/\"},{\"@type\":\"ListItem\",\"position\":2,\"name\":\"Shop\",\"item\":\"https:\/\/librairie7l.com\/en\/shop\/\"},{\"@type\":\"ListItem\",\"position\":3,\"name\":\"FASHION FAUX PARR\"}]},{\"@type\":\"WebSite\",\"@id\":\"https:\/\/librairie7l.com\/en\/#website\",\"url\":\"https:\/\/librairie7l.com\/en\/\",\"name\":\"Librairie 7L\",\"description\":\"Librairie fond\u00e9e en 1999 par Karl Lagerfeld \u00e0 Paris\",\"publisher\":{\"@id\":\"https:\/\/librairie7l.com\/en\/#organization\"},\"potentialAction\":[{\"@type\":\"SearchAction\",\"target\":{\"@type\":\"EntryPoint\",\"urlTemplate\":\"https:\/\/librairie7l.com\/en\/?s={search_term_string}\"},\"query-input\":\"required name=search_term_string\"}],\"inLanguage\":\"en-US\"},{\"@type\":\"Organization\",\"@id\":\"https:\/\/librairie7l.com\/en\/#organization\",\"name\":\"Librairie 7L\",\"url\":\"https:\/\/librairie7l.com\/en\/\",\"logo\":{\"@type\":\"ImageObject\",\"inLanguage\":\"en-US\",\"@id\":\"https:\/\/librairie7l.com\/en\/#\/schema\/logo\/image\/\",\"url\":\"https:\/\/librairie7l.com\/wp-content\/uploads\/2022\/08\/logo-1.png\",\"contentUrl\":\"https:\/\/librairie7l.com\/wp-content\/uploads\/2022\/08\/logo-1.png\",\"width\":227,\"height\":301,\"caption\":\"Librairie 7L\"},\"image\":{\"@id\":\"https:\/\/librairie7l.com\/en\/#\/schema\/logo\/image\/\"}}]}<\/script>\n<!-- \/ Yoast SEO plugin. -->","yoast_head_json":{"title":"Fashion Faux Parr - Librairie 7L","robots":{"index":"index","follow":"follow","max-snippet":"max-snippet:-1","max-image-preview":"max-image-preview:large","max-video-preview":"max-video-preview:-1"},"canonical":"https:\/\/librairie7l.com\/en\/produit\/fashion-faux-parr\/","og_locale":"en_US","og_type":"article","og_title":"Fashion Faux Parr - Librairie 7L","og_description":"Le premier ouvrage consacr\u00e9 aux images de mode du photographe britannique Martin Parr. Fashion Faux Parr pr\u00e9sente trois d\u00e9cennies de photographies de mode par Martin Parr pour la premi\u00e8re fois dans un seul volume. Plus de 250 images couleur, la plupart in\u00e9dites, d\u00e9voilent ses collaborations avec de grands magazines de mode et de prestigieuses maisons [&hellip;]","og_url":"https:\/\/librairie7l.com\/en\/produit\/fashion-faux-parr\/","og_site_name":"Librairie 7L","article_modified_time":"2026-04-10T06:06:10+00:00","og_image":[{"width":571,"height":800,"url":"https:\/\/librairie7l.com\/wp-content\/uploads\/2023\/11\/9781838667993_1_75.jpg","type":"image\/jpeg"}],"twitter_card":"summary_large_image","twitter_misc":{"Est. reading time":"1 minute"},"schema":{"@context":"https:\/\/schema.org","@graph":[{"@type":"WebPage","@id":"https:\/\/librairie7l.com\/en\/produit\/fashion-faux-parr\/","url":"https:\/\/librairie7l.com\/en\/produit\/fashion-faux-parr\/","name":"Fashion Faux Parr - Librairie 7L","isPartOf":{"@id":"https:\/\/librairie7l.com\/en\/#website"},"datePublished":"2024-04-17T07:18:15+00:00","dateModified":"2026-04-10T06:06:10+00:00","breadcrumb":{"@id":"https:\/\/librairie7l.com\/en\/produit\/fashion-faux-parr\/#breadcrumb"},"inLanguage":"en-US","potentialAction":[{"@type":"ReadAction","target":["https:\/\/librairie7l.com\/en\/produit\/fashion-faux-parr\/"]}]},{"@type":"BreadcrumbList","@id":"https:\/\/librairie7l.com\/en\/produit\/fashion-faux-parr\/#breadcrumb","itemListElement":[{"@type":"ListItem","position":1,"name":"Accueil","item":"https:\/\/librairie7l.com\/en\/"},{"@type":"ListItem","position":2,"name":"Shop","item":"https:\/\/librairie7l.com\/en\/shop\/"},{"@type":"ListItem","position":3,"name":"FASHION FAUX PARR"}]},{"@type":"WebSite","@id":"https:\/\/librairie7l.com\/en\/#website","url":"https:\/\/librairie7l.com\/en\/","name":"Librairie 7L","description":"Librairie fond\u00e9e en 1999 par Karl Lagerfeld \u00e0 Paris","publisher":{"@id":"https:\/\/librairie7l.com\/en\/#organization"},"potentialAction":[{"@type":"SearchAction","target":{"@type":"EntryPoint","urlTemplate":"https:\/\/librairie7l.com\/en\/?s={search_term_string}"},"query-input":"required name=search_term_string"}],"inLanguage":"en-US"},{"@type":"Organization","@id":"https:\/\/librairie7l.com\/en\/#organization","name":"Librairie 7L","url":"https:\/\/librairie7l.com\/en\/","logo":{"@type":"ImageObject","inLanguage":"en-US","@id":"https:\/\/librairie7l.com\/en\/#\/schema\/logo\/image\/","url":"https:\/\/librairie7l.com\/wp-content\/uploads\/2022\/08\/logo-1.png","contentUrl":"https:\/\/librairie7l.com\/wp-content\/uploads\/2022\/08\/logo-1.png","width":227,"height":301,"caption":"Librairie 7L"},"image":{"@id":"https:\/\/librairie7l.com\/en\/#\/schema\/logo\/image\/"}}]}},"_links":{"self":[{"href":"https:\/\/librairie7l.com\/en\/wp-json\/wp\/v2\/product\/40374"}],"collection":[{"href":"https:\/\/librairie7l.com\/en\/wp-json\/wp\/v2\/product"}],"about":[{"href":"https:\/\/librairie7l.com\/en\/wp-json\/wp\/v2\/types\/product"}],"wp:featuredmedia":[{"embeddable":true,"href":"https:\/\/librairie7l.com\/en\/wp-json\/wp\/v2\/media\/40372"}],"wp:attachment":[{"href":"https:\/\/librairie7l.com\/en\/wp-json\/wp\/v2\/media?parent=40374"}],"wp:term":[{"taxonomy":"product_cat","embeddable":true,"href":"https:\/\/librairie7l.com\/en\/wp-json\/wp\/v2\/product_cat?post=40374"},{"taxonomy":"product_tag","embeddable":true,"href":"https:\/\/librairie7l.com\/en\/wp-json\/wp\/v2\/product_tag?post=40374"}],"curies":[{"name":"wp","href":"https:\/\/api.w.org\/{rel}","templated":true}]}}