{"id":40382,"date":"2024-05-24T02:06:28","date_gmt":"2024-05-24T00:06:28","guid":{"rendered":"https:\/\/librairie7l.com\/?post_type=product&#038;p=40382"},"modified":"2026-04-11T15:35:14","modified_gmt":"2026-04-11T13:35:14","slug":"le-petit-theatre-de-vincent-darre","status":"publish","type":"product","link":"https:\/\/librairie7l.com\/en\/produit\/le-petit-theatre-de-vincent-darre\/","title":{"rendered":"LE PETIT TH\u00c9\u00c2TRE DE VINCENT DARRE"},"content":{"rendered":"<p>\u00c9labor\u00e9 durant une ann\u00e9e, Le Petit th\u00e9\u00e2tre de Vincent Darr\u00e9 reprend, dans un scrapbook foisonnant de cr\u00e9ativit\u00e9, une vingtaine de projets passionnants, de rencontres stimulantes et de d\u00e9cors \u00e9ph\u00e9m\u00e8res cr\u00e9\u00e9s ces derni\u00e8res ann\u00e9es. Excentrique et richement illustr\u00e9e de dessins originaux et de photographies personnelles, chaque page de cet album luxueux et joyeux est une exploration po\u00e9tique, un voyage au coeur de la fantaisie. De d\u00e9cors r\u00e9alis\u00e9s pour l&#8217;h\u00f4tel Ritz, aux shootings haute couture pour Vogue, en passant par les costumes de th\u00e9\u00e2tre imagin\u00e9s pour Arielle Dombasle, tous sont des exercices de style in\u00e9dits et extravagants. Dot\u00e9 d&#8217;une grande culture visuelle et d&#8217;un dandysme \u00e9rudit, Vincent Darr\u00e9 nous fait d\u00e9couvrir son univers singulier au travers duquel il a r\u00e9ussi \u00e0 imposer son style inimitable dans le monde de la d\u00e9coration. Avec subtilit\u00e9, il parvient \u00e0 faire de la frivolit\u00e9 un art \u00e0 part enti\u00e8re. Cr\u00e9ateur de mode aux c\u00f4t\u00e9s de Karl Lagerfeld chez Fendi, puis designer de d\u00e9cors d&#8217;int\u00e9rieur, inspir\u00e9 par un surr\u00e9alisme baroque et m\u00fb par une \u00e9nergie d\u00e9bordante, Vincent Darr\u00e9 casse tous les codes de la d\u00e9coration et de la cr\u00e9ation de mobilier.<\/p>\n","protected":false},"excerpt":{"rendered":"<p>\u00c9labor\u00e9 durant une ann\u00e9e, Le Petit th\u00e9\u00e2tre de Vincent Darr\u00e9 reprend, dans un scrapbook foisonnant de cr\u00e9ativit\u00e9, une vingtaine de projets passionnants, de rencontres stimulantes et de d\u00e9cors \u00e9ph\u00e9m\u00e8res cr\u00e9\u00e9s ces derni\u00e8res ann\u00e9es. Excentrique et richement illustr\u00e9e de dessins originaux et de photographies personnelles, chaque page de cet album luxueux et joyeux est une exploration [&hellip;]<\/p>\n","protected":false},"featured_media":40380,"template":"","meta":[],"product_cat":[2948,2951],"product_tag":[],"acf":[],"yoast_head":"<!-- This site is optimized with the Yoast SEO plugin v20.11 - https:\/\/yoast.com\/wordpress\/plugins\/seo\/ -->\n<title>Le petit th\u00e9\u00e2tre de Vincent Darre - Librairie 7L<\/title>\n<meta name=\"robots\" content=\"index, follow, max-snippet:-1, max-image-preview:large, max-video-preview:-1\" \/>\n<link rel=\"canonical\" href=\"https:\/\/librairie7l.com\/en\/produit\/le-petit-theatre-de-vincent-darre\/\" \/>\n<meta property=\"og:locale\" content=\"en_US\" \/>\n<meta property=\"og:type\" content=\"article\" \/>\n<meta property=\"og:title\" content=\"Le petit th\u00e9\u00e2tre de Vincent Darre - Librairie 7L\" \/>\n<meta property=\"og:description\" content=\"\u00c9labor\u00e9 durant une ann\u00e9e, Le Petit th\u00e9\u00e2tre de Vincent Darr\u00e9 reprend, dans un scrapbook foisonnant de cr\u00e9ativit\u00e9, une vingtaine de projets passionnants, de rencontres stimulantes et de d\u00e9cors \u00e9ph\u00e9m\u00e8res cr\u00e9\u00e9s ces derni\u00e8res ann\u00e9es. Excentrique et richement illustr\u00e9e de dessins originaux et de photographies personnelles, chaque page de cet album luxueux et joyeux est une exploration [&hellip;]\" \/>\n<meta property=\"og:url\" content=\"https:\/\/librairie7l.com\/en\/produit\/le-petit-theatre-de-vincent-darre\/\" \/>\n<meta property=\"og:site_name\" content=\"Librairie 7L\" \/>\n<meta property=\"article:modified_time\" content=\"2026-04-11T13:35:14+00:00\" \/>\n<meta property=\"og:image\" content=\"https:\/\/librairie7l.com\/wp-content\/uploads\/2021\/07\/9782080262103_1_75.jpg\" \/>\n\t<meta property=\"og:image:width\" content=\"600\" \/>\n\t<meta property=\"og:image:height\" content=\"680\" \/>\n\t<meta property=\"og:image:type\" content=\"image\/jpeg\" \/>\n<meta name=\"twitter:card\" content=\"summary_large_image\" \/>\n<meta name=\"twitter:label1\" content=\"Est. reading time\" \/>\n\t<meta name=\"twitter:data1\" content=\"1 minute\" \/>\n<script type=\"application\/ld+json\" class=\"yoast-schema-graph\">{\"@context\":\"https:\/\/schema.org\",\"@graph\":[{\"@type\":\"WebPage\",\"@id\":\"https:\/\/librairie7l.com\/en\/produit\/le-petit-theatre-de-vincent-darre\/\",\"url\":\"https:\/\/librairie7l.com\/en\/produit\/le-petit-theatre-de-vincent-darre\/\",\"name\":\"Le petit th\u00e9\u00e2tre de Vincent Darre - Librairie 7L\",\"isPartOf\":{\"@id\":\"https:\/\/librairie7l.com\/en\/#website\"},\"datePublished\":\"2024-05-24T00:06:28+00:00\",\"dateModified\":\"2026-04-11T13:35:14+00:00\",\"breadcrumb\":{\"@id\":\"https:\/\/librairie7l.com\/en\/produit\/le-petit-theatre-de-vincent-darre\/#breadcrumb\"},\"inLanguage\":\"en-US\",\"potentialAction\":[{\"@type\":\"ReadAction\",\"target\":[\"https:\/\/librairie7l.com\/en\/produit\/le-petit-theatre-de-vincent-darre\/\"]}]},{\"@type\":\"BreadcrumbList\",\"@id\":\"https:\/\/librairie7l.com\/en\/produit\/le-petit-theatre-de-vincent-darre\/#breadcrumb\",\"itemListElement\":[{\"@type\":\"ListItem\",\"position\":1,\"name\":\"Accueil\",\"item\":\"https:\/\/librairie7l.com\/en\/\"},{\"@type\":\"ListItem\",\"position\":2,\"name\":\"Shop\",\"item\":\"https:\/\/librairie7l.com\/en\/shop\/\"},{\"@type\":\"ListItem\",\"position\":3,\"name\":\"LE PETIT TH\u00c9\u00c2TRE DE VINCENT DARRE\"}]},{\"@type\":\"WebSite\",\"@id\":\"https:\/\/librairie7l.com\/en\/#website\",\"url\":\"https:\/\/librairie7l.com\/en\/\",\"name\":\"Librairie 7L\",\"description\":\"Librairie fond\u00e9e en 1999 par Karl Lagerfeld \u00e0 Paris\",\"publisher\":{\"@id\":\"https:\/\/librairie7l.com\/en\/#organization\"},\"potentialAction\":[{\"@type\":\"SearchAction\",\"target\":{\"@type\":\"EntryPoint\",\"urlTemplate\":\"https:\/\/librairie7l.com\/en\/?s={search_term_string}\"},\"query-input\":\"required name=search_term_string\"}],\"inLanguage\":\"en-US\"},{\"@type\":\"Organization\",\"@id\":\"https:\/\/librairie7l.com\/en\/#organization\",\"name\":\"Librairie 7L\",\"url\":\"https:\/\/librairie7l.com\/en\/\",\"logo\":{\"@type\":\"ImageObject\",\"inLanguage\":\"en-US\",\"@id\":\"https:\/\/librairie7l.com\/en\/#\/schema\/logo\/image\/\",\"url\":\"https:\/\/librairie7l.com\/wp-content\/uploads\/2022\/08\/logo-1.png\",\"contentUrl\":\"https:\/\/librairie7l.com\/wp-content\/uploads\/2022\/08\/logo-1.png\",\"width\":227,\"height\":301,\"caption\":\"Librairie 7L\"},\"image\":{\"@id\":\"https:\/\/librairie7l.com\/en\/#\/schema\/logo\/image\/\"}}]}<\/script>\n<!-- \/ Yoast SEO plugin. -->","yoast_head_json":{"title":"Le petit th\u00e9\u00e2tre de Vincent Darre - Librairie 7L","robots":{"index":"index","follow":"follow","max-snippet":"max-snippet:-1","max-image-preview":"max-image-preview:large","max-video-preview":"max-video-preview:-1"},"canonical":"https:\/\/librairie7l.com\/en\/produit\/le-petit-theatre-de-vincent-darre\/","og_locale":"en_US","og_type":"article","og_title":"Le petit th\u00e9\u00e2tre de Vincent Darre - Librairie 7L","og_description":"\u00c9labor\u00e9 durant une ann\u00e9e, Le Petit th\u00e9\u00e2tre de Vincent Darr\u00e9 reprend, dans un scrapbook foisonnant de cr\u00e9ativit\u00e9, une vingtaine de projets passionnants, de rencontres stimulantes et de d\u00e9cors \u00e9ph\u00e9m\u00e8res cr\u00e9\u00e9s ces derni\u00e8res ann\u00e9es. Excentrique et richement illustr\u00e9e de dessins originaux et de photographies personnelles, chaque page de cet album luxueux et joyeux est une exploration [&hellip;]","og_url":"https:\/\/librairie7l.com\/en\/produit\/le-petit-theatre-de-vincent-darre\/","og_site_name":"Librairie 7L","article_modified_time":"2026-04-11T13:35:14+00:00","og_image":[{"width":600,"height":680,"url":"https:\/\/librairie7l.com\/wp-content\/uploads\/2021\/07\/9782080262103_1_75.jpg","type":"image\/jpeg"}],"twitter_card":"summary_large_image","twitter_misc":{"Est. reading time":"1 minute"},"schema":{"@context":"https:\/\/schema.org","@graph":[{"@type":"WebPage","@id":"https:\/\/librairie7l.com\/en\/produit\/le-petit-theatre-de-vincent-darre\/","url":"https:\/\/librairie7l.com\/en\/produit\/le-petit-theatre-de-vincent-darre\/","name":"Le petit th\u00e9\u00e2tre de Vincent Darre - Librairie 7L","isPartOf":{"@id":"https:\/\/librairie7l.com\/en\/#website"},"datePublished":"2024-05-24T00:06:28+00:00","dateModified":"2026-04-11T13:35:14+00:00","breadcrumb":{"@id":"https:\/\/librairie7l.com\/en\/produit\/le-petit-theatre-de-vincent-darre\/#breadcrumb"},"inLanguage":"en-US","potentialAction":[{"@type":"ReadAction","target":["https:\/\/librairie7l.com\/en\/produit\/le-petit-theatre-de-vincent-darre\/"]}]},{"@type":"BreadcrumbList","@id":"https:\/\/librairie7l.com\/en\/produit\/le-petit-theatre-de-vincent-darre\/#breadcrumb","itemListElement":[{"@type":"ListItem","position":1,"name":"Accueil","item":"https:\/\/librairie7l.com\/en\/"},{"@type":"ListItem","position":2,"name":"Shop","item":"https:\/\/librairie7l.com\/en\/shop\/"},{"@type":"ListItem","position":3,"name":"LE PETIT TH\u00c9\u00c2TRE DE VINCENT DARRE"}]},{"@type":"WebSite","@id":"https:\/\/librairie7l.com\/en\/#website","url":"https:\/\/librairie7l.com\/en\/","name":"Librairie 7L","description":"Librairie fond\u00e9e en 1999 par Karl Lagerfeld \u00e0 Paris","publisher":{"@id":"https:\/\/librairie7l.com\/en\/#organization"},"potentialAction":[{"@type":"SearchAction","target":{"@type":"EntryPoint","urlTemplate":"https:\/\/librairie7l.com\/en\/?s={search_term_string}"},"query-input":"required name=search_term_string"}],"inLanguage":"en-US"},{"@type":"Organization","@id":"https:\/\/librairie7l.com\/en\/#organization","name":"Librairie 7L","url":"https:\/\/librairie7l.com\/en\/","logo":{"@type":"ImageObject","inLanguage":"en-US","@id":"https:\/\/librairie7l.com\/en\/#\/schema\/logo\/image\/","url":"https:\/\/librairie7l.com\/wp-content\/uploads\/2022\/08\/logo-1.png","contentUrl":"https:\/\/librairie7l.com\/wp-content\/uploads\/2022\/08\/logo-1.png","width":227,"height":301,"caption":"Librairie 7L"},"image":{"@id":"https:\/\/librairie7l.com\/en\/#\/schema\/logo\/image\/"}}]}},"_links":{"self":[{"href":"https:\/\/librairie7l.com\/en\/wp-json\/wp\/v2\/product\/40382"}],"collection":[{"href":"https:\/\/librairie7l.com\/en\/wp-json\/wp\/v2\/product"}],"about":[{"href":"https:\/\/librairie7l.com\/en\/wp-json\/wp\/v2\/types\/product"}],"wp:featuredmedia":[{"embeddable":true,"href":"https:\/\/librairie7l.com\/en\/wp-json\/wp\/v2\/media\/40380"}],"wp:attachment":[{"href":"https:\/\/librairie7l.com\/en\/wp-json\/wp\/v2\/media?parent=40382"}],"wp:term":[{"taxonomy":"product_cat","embeddable":true,"href":"https:\/\/librairie7l.com\/en\/wp-json\/wp\/v2\/product_cat?post=40382"},{"taxonomy":"product_tag","embeddable":true,"href":"https:\/\/librairie7l.com\/en\/wp-json\/wp\/v2\/product_tag?post=40382"}],"curies":[{"name":"wp","href":"https:\/\/api.w.org\/{rel}","templated":true}]}}