{"id":40386,"date":"2024-04-17T09:18:24","date_gmt":"2024-04-17T07:18:24","guid":{"rendered":"https:\/\/librairie7l.com\/?post_type=product&#038;p=40386"},"modified":"2026-04-30T14:01:57","modified_gmt":"2026-04-30T12:01:57","slug":"le-monde-comme-il-va","status":"publish","type":"product","link":"https:\/\/librairie7l.com\/en\/produit\/le-monde-comme-il-va\/","title":{"rendered":"LE MONDE COMME IL VA"},"content":{"rendered":"<p>Une pr\u00e9sentation d&#8217;oeuvres embl\u00e9matiques de la collection Pinault, initiant un dialogue entre artistes confirm\u00e9s et \u00e9mergents, entre pratiques artistiques, diss\u00e9min\u00e9es dans les divers espaces de la Bourse de commerce qui sont jalonn\u00e9s de grandes installations. Les oeuvres ont pour point commun de d\u00e9placer et d\u00e9r\u00e9gler les rep\u00e8res et mesures habituels. Avec : Maurizio Cattelan, Damien Hirst, Jeff Koons, Cindy Sherman, Sturtevant, Rosemarie Trockel, Anne Imhof, Mohammed Sami, Pol Taburet, Salman Toor&#8230;<\/p>\n","protected":false},"excerpt":{"rendered":"<p>Une pr\u00e9sentation d&#8217;oeuvres embl\u00e9matiques de la collection Pinault, initiant un dialogue entre artistes confirm\u00e9s et \u00e9mergents, entre pratiques artistiques, diss\u00e9min\u00e9es dans les divers espaces de la Bourse de commerce qui sont jalonn\u00e9s de grandes installations. Les oeuvres ont pour point commun de d\u00e9placer et d\u00e9r\u00e9gler les rep\u00e8res et mesures habituels. Avec : Maurizio Cattelan, Damien [&hellip;]<\/p>\n","protected":false},"featured_media":40384,"template":"","meta":[],"product_cat":[2948,2953],"product_tag":[],"acf":[],"yoast_head":"<!-- This site is optimized with the Yoast SEO plugin v20.11 - https:\/\/yoast.com\/wordpress\/plugins\/seo\/ -->\n<title>Le monde comme il va - Librairie 7L<\/title>\n<meta name=\"robots\" content=\"index, follow, max-snippet:-1, max-image-preview:large, max-video-preview:-1\" \/>\n<link rel=\"canonical\" href=\"https:\/\/librairie7l.com\/en\/produit\/le-monde-comme-il-va\/\" \/>\n<meta property=\"og:locale\" content=\"en_US\" \/>\n<meta property=\"og:type\" content=\"article\" \/>\n<meta property=\"og:title\" content=\"Le monde comme il va - Librairie 7L\" \/>\n<meta property=\"og:description\" content=\"Une pr\u00e9sentation d&#8217;oeuvres embl\u00e9matiques de la collection Pinault, initiant un dialogue entre artistes confirm\u00e9s et \u00e9mergents, entre pratiques artistiques, diss\u00e9min\u00e9es dans les divers espaces de la Bourse de commerce qui sont jalonn\u00e9s de grandes installations. Les oeuvres ont pour point commun de d\u00e9placer et d\u00e9r\u00e9gler les rep\u00e8res et mesures habituels. Avec : Maurizio Cattelan, Damien [&hellip;]\" \/>\n<meta property=\"og:url\" content=\"https:\/\/librairie7l.com\/en\/produit\/le-monde-comme-il-va\/\" \/>\n<meta property=\"og:site_name\" content=\"Librairie 7L\" \/>\n<meta property=\"article:modified_time\" content=\"2026-04-30T12:01:57+00:00\" \/>\n<meta property=\"og:image\" content=\"https:\/\/librairie7l.com\/wp-content\/uploads\/2023\/10\/9782373721928_1_75.jpg\" \/>\n\t<meta property=\"og:image:width\" content=\"565\" \/>\n\t<meta property=\"og:image:height\" content=\"758\" \/>\n\t<meta property=\"og:image:type\" content=\"image\/jpeg\" \/>\n<meta name=\"twitter:card\" content=\"summary_large_image\" \/>\n<script type=\"application\/ld+json\" class=\"yoast-schema-graph\">{\"@context\":\"https:\/\/schema.org\",\"@graph\":[{\"@type\":\"WebPage\",\"@id\":\"https:\/\/librairie7l.com\/en\/produit\/le-monde-comme-il-va\/\",\"url\":\"https:\/\/librairie7l.com\/en\/produit\/le-monde-comme-il-va\/\",\"name\":\"Le monde comme il va - Librairie 7L\",\"isPartOf\":{\"@id\":\"https:\/\/librairie7l.com\/en\/#website\"},\"datePublished\":\"2024-04-17T07:18:24+00:00\",\"dateModified\":\"2026-04-30T12:01:57+00:00\",\"breadcrumb\":{\"@id\":\"https:\/\/librairie7l.com\/en\/produit\/le-monde-comme-il-va\/#breadcrumb\"},\"inLanguage\":\"en-US\",\"potentialAction\":[{\"@type\":\"ReadAction\",\"target\":[\"https:\/\/librairie7l.com\/en\/produit\/le-monde-comme-il-va\/\"]}]},{\"@type\":\"BreadcrumbList\",\"@id\":\"https:\/\/librairie7l.com\/en\/produit\/le-monde-comme-il-va\/#breadcrumb\",\"itemListElement\":[{\"@type\":\"ListItem\",\"position\":1,\"name\":\"Accueil\",\"item\":\"https:\/\/librairie7l.com\/en\/\"},{\"@type\":\"ListItem\",\"position\":2,\"name\":\"Shop\",\"item\":\"https:\/\/librairie7l.com\/en\/shop\/\"},{\"@type\":\"ListItem\",\"position\":3,\"name\":\"LE MONDE COMME IL VA\"}]},{\"@type\":\"WebSite\",\"@id\":\"https:\/\/librairie7l.com\/en\/#website\",\"url\":\"https:\/\/librairie7l.com\/en\/\",\"name\":\"Librairie 7L\",\"description\":\"Librairie fond\u00e9e en 1999 par Karl Lagerfeld \u00e0 Paris\",\"publisher\":{\"@id\":\"https:\/\/librairie7l.com\/en\/#organization\"},\"potentialAction\":[{\"@type\":\"SearchAction\",\"target\":{\"@type\":\"EntryPoint\",\"urlTemplate\":\"https:\/\/librairie7l.com\/en\/?s={search_term_string}\"},\"query-input\":\"required name=search_term_string\"}],\"inLanguage\":\"en-US\"},{\"@type\":\"Organization\",\"@id\":\"https:\/\/librairie7l.com\/en\/#organization\",\"name\":\"Librairie 7L\",\"url\":\"https:\/\/librairie7l.com\/en\/\",\"logo\":{\"@type\":\"ImageObject\",\"inLanguage\":\"en-US\",\"@id\":\"https:\/\/librairie7l.com\/en\/#\/schema\/logo\/image\/\",\"url\":\"https:\/\/librairie7l.com\/wp-content\/uploads\/2022\/08\/logo-1.png\",\"contentUrl\":\"https:\/\/librairie7l.com\/wp-content\/uploads\/2022\/08\/logo-1.png\",\"width\":227,\"height\":301,\"caption\":\"Librairie 7L\"},\"image\":{\"@id\":\"https:\/\/librairie7l.com\/en\/#\/schema\/logo\/image\/\"}}]}<\/script>\n<!-- \/ Yoast SEO plugin. -->","yoast_head_json":{"title":"Le monde comme il va - Librairie 7L","robots":{"index":"index","follow":"follow","max-snippet":"max-snippet:-1","max-image-preview":"max-image-preview:large","max-video-preview":"max-video-preview:-1"},"canonical":"https:\/\/librairie7l.com\/en\/produit\/le-monde-comme-il-va\/","og_locale":"en_US","og_type":"article","og_title":"Le monde comme il va - Librairie 7L","og_description":"Une pr\u00e9sentation d&#8217;oeuvres embl\u00e9matiques de la collection Pinault, initiant un dialogue entre artistes confirm\u00e9s et \u00e9mergents, entre pratiques artistiques, diss\u00e9min\u00e9es dans les divers espaces de la Bourse de commerce qui sont jalonn\u00e9s de grandes installations. Les oeuvres ont pour point commun de d\u00e9placer et d\u00e9r\u00e9gler les rep\u00e8res et mesures habituels. Avec : Maurizio Cattelan, Damien [&hellip;]","og_url":"https:\/\/librairie7l.com\/en\/produit\/le-monde-comme-il-va\/","og_site_name":"Librairie 7L","article_modified_time":"2026-04-30T12:01:57+00:00","og_image":[{"width":565,"height":758,"url":"https:\/\/librairie7l.com\/wp-content\/uploads\/2023\/10\/9782373721928_1_75.jpg","type":"image\/jpeg"}],"twitter_card":"summary_large_image","schema":{"@context":"https:\/\/schema.org","@graph":[{"@type":"WebPage","@id":"https:\/\/librairie7l.com\/en\/produit\/le-monde-comme-il-va\/","url":"https:\/\/librairie7l.com\/en\/produit\/le-monde-comme-il-va\/","name":"Le monde comme il va - Librairie 7L","isPartOf":{"@id":"https:\/\/librairie7l.com\/en\/#website"},"datePublished":"2024-04-17T07:18:24+00:00","dateModified":"2026-04-30T12:01:57+00:00","breadcrumb":{"@id":"https:\/\/librairie7l.com\/en\/produit\/le-monde-comme-il-va\/#breadcrumb"},"inLanguage":"en-US","potentialAction":[{"@type":"ReadAction","target":["https:\/\/librairie7l.com\/en\/produit\/le-monde-comme-il-va\/"]}]},{"@type":"BreadcrumbList","@id":"https:\/\/librairie7l.com\/en\/produit\/le-monde-comme-il-va\/#breadcrumb","itemListElement":[{"@type":"ListItem","position":1,"name":"Accueil","item":"https:\/\/librairie7l.com\/en\/"},{"@type":"ListItem","position":2,"name":"Shop","item":"https:\/\/librairie7l.com\/en\/shop\/"},{"@type":"ListItem","position":3,"name":"LE MONDE COMME IL VA"}]},{"@type":"WebSite","@id":"https:\/\/librairie7l.com\/en\/#website","url":"https:\/\/librairie7l.com\/en\/","name":"Librairie 7L","description":"Librairie fond\u00e9e en 1999 par Karl Lagerfeld \u00e0 Paris","publisher":{"@id":"https:\/\/librairie7l.com\/en\/#organization"},"potentialAction":[{"@type":"SearchAction","target":{"@type":"EntryPoint","urlTemplate":"https:\/\/librairie7l.com\/en\/?s={search_term_string}"},"query-input":"required name=search_term_string"}],"inLanguage":"en-US"},{"@type":"Organization","@id":"https:\/\/librairie7l.com\/en\/#organization","name":"Librairie 7L","url":"https:\/\/librairie7l.com\/en\/","logo":{"@type":"ImageObject","inLanguage":"en-US","@id":"https:\/\/librairie7l.com\/en\/#\/schema\/logo\/image\/","url":"https:\/\/librairie7l.com\/wp-content\/uploads\/2022\/08\/logo-1.png","contentUrl":"https:\/\/librairie7l.com\/wp-content\/uploads\/2022\/08\/logo-1.png","width":227,"height":301,"caption":"Librairie 7L"},"image":{"@id":"https:\/\/librairie7l.com\/en\/#\/schema\/logo\/image\/"}}]}},"_links":{"self":[{"href":"https:\/\/librairie7l.com\/en\/wp-json\/wp\/v2\/product\/40386"}],"collection":[{"href":"https:\/\/librairie7l.com\/en\/wp-json\/wp\/v2\/product"}],"about":[{"href":"https:\/\/librairie7l.com\/en\/wp-json\/wp\/v2\/types\/product"}],"wp:featuredmedia":[{"embeddable":true,"href":"https:\/\/librairie7l.com\/en\/wp-json\/wp\/v2\/media\/40384"}],"wp:attachment":[{"href":"https:\/\/librairie7l.com\/en\/wp-json\/wp\/v2\/media?parent=40386"}],"wp:term":[{"taxonomy":"product_cat","embeddable":true,"href":"https:\/\/librairie7l.com\/en\/wp-json\/wp\/v2\/product_cat?post=40386"},{"taxonomy":"product_tag","embeddable":true,"href":"https:\/\/librairie7l.com\/en\/wp-json\/wp\/v2\/product_tag?post=40386"}],"curies":[{"name":"wp","href":"https:\/\/api.w.org\/{rel}","templated":true}]}}