{"id":40404,"date":"2024-04-19T09:18:16","date_gmt":"2024-04-19T07:18:16","guid":{"rendered":"https:\/\/librairie7l.com\/?post_type=product&#038;p=40404"},"modified":"2026-04-09T15:27:37","modified_gmt":"2026-04-09T13:27:37","slug":"some-of-us-artistes-contemporain-es-une-anthologie","status":"publish","type":"product","link":"https:\/\/librairie7l.com\/en\/produit\/some-of-us-artistes-contemporain-es-une-anthologie\/","title":{"rendered":"SOME OF US : ARTISTES CONTEMPORAIN.ES, UNE ANTHOLOGIE"},"content":{"rendered":"<p>Some of Us est une anthologie des artistes contemporain.es r\u00e9unissant plus de 1000 images (visuels d&#8217;oeuvres, vues d&#8217;expositions) depuis le d\u00e9but des ann\u00e9es 2000 jusqu&#8217;\u00e0 nos jours en France. Dressant un panorama, \u00e0 la fois r\u00e9trospectif et prospectif, de la diversit\u00e9 des sc\u00e8nes fran\u00e7aises, cette anthologie participe \u00e0 la visibilit\u00e9 de plus de 400 artistes \u00e0 travers une s\u00e9lection de leurs oeuvres et expositions.<\/p>\n<p>Cr\u00e9\u00e9e en 2019, la plateforme curatoriale et \u00e9ditoriale Some of Us pose la question de la sous-repr\u00e9sentation des artistes femmes dans les arts visuels. Si la place des femmes dans l&#8217;art est aujourd&#8217;hui reconsid\u00e9r\u00e9e, la situation est loin d&#8217;\u00eatre \u00e9quitable : leur visibilit\u00e9 continue d&#8217;\u00eatre minoritaire. Aussi avons nous engag\u00e9 une collaboration \u00e9troite avec des artistes, commissaires d&#8217;expositions, critiques d&#8217;art, institutions, galeristes, collectionneur.se.s afin de faire \u00e9merger un premier r\u00e9cit d\u00e9di\u00e9 aux artistes contemporaines &#8211; les femmes, les artistes de couleur, les non-am\u00e9ricaines et\/ou les artistes queer, trans et non binaires &#8211; en France depuis ces 20 derni\u00e8res ann\u00e9es.<\/p>\n<p>Pour parfaire cette recherche en histoire de l&#8217;art contemporain, un comit\u00e9 \u00e9ditorial s&#8217;est constitu\u00e9 aux c\u00f4t\u00e9s de la direction artistique et scientifique de l&#8217;anthologie : deux artistes Katia Kameli et Claude Closky, Marie Ch\u00eanel&amp; Matylda Taszycka &#8211; pour l&#8217;association AWARE, Guillaume Mansart &#8211; Directeur du r\u00e9seau Documents d&#8217;artistes PACA, Julie Crenn &#8211; Critique d&#8217;art &amp; commissaire ind\u00e9pendante, C\u00e9dric Fauq &#8211; Commissaire en chef \/ Capc Bordeaux et Sarah Ihler-Meyer &#8211; Critique d&#8217;art &amp; commissaire ind\u00e9pendante.<\/p>\n<p>Ces archives visuelles sont pr\u00e9c\u00e9d\u00e9es d&#8217;un texte document\u00e9 qui retrace une multiplicit\u00e9 d&#8217;histoires, celles des sc\u00e8nes artistiques et curatoriales en France ainsi que de nombreux enjeux artistiques, th\u00e9oriques, esth\u00e9tiques et philosophiques qui s&#8217;y rattachent. Ce texte met en perspective plusieurs ouvrages, recherches et expositions marquantes de ces vingt derni\u00e8res ann\u00e9es.<\/p>\n<p>Compl\u00e9t\u00e9e de plusieurs index, cette anthologie est con\u00e7ue comme un ouvrage de r\u00e9f\u00e9rence et un outil de travail pour les artistes, les historien.nes d&#8217;art, les chercheur.es, les amateur.ices, ainsi que pour tous.tes celles et ceux qui s&#8217;int\u00e9ressent \u00e0 l&#8217;histoire de l&#8217;art contemporain et \u00e0 la visibilit\u00e9 de ces artistes contemporain.es.<\/p>\n","protected":false},"excerpt":{"rendered":"<p>Some of Us est une anthologie des artistes contemporain.es r\u00e9unissant plus de 1000 images (visuels d&#8217;oeuvres, vues d&#8217;expositions) depuis le d\u00e9but des ann\u00e9es 2000 jusqu&#8217;\u00e0 nos jours en France. Dressant un panorama, \u00e0 la fois r\u00e9trospectif et prospectif, de la diversit\u00e9 des sc\u00e8nes fran\u00e7aises, cette anthologie participe \u00e0 la visibilit\u00e9 de plus de 400 artistes [&hellip;]<\/p>\n","protected":false},"featured_media":40402,"template":"","meta":[],"product_cat":[2948,2953],"product_tag":[],"acf":[],"yoast_head":"<!-- This site is optimized with the Yoast SEO plugin v20.11 - https:\/\/yoast.com\/wordpress\/plugins\/seo\/ -->\n<title>Some of us : Artistes contemporain.es, une anthologie - Librairie 7L<\/title>\n<meta name=\"robots\" content=\"index, follow, max-snippet:-1, max-image-preview:large, max-video-preview:-1\" \/>\n<link rel=\"canonical\" href=\"https:\/\/librairie7l.com\/en\/produit\/some-of-us-artistes-contemporain-es-une-anthologie\/\" \/>\n<meta property=\"og:locale\" content=\"en_US\" \/>\n<meta property=\"og:type\" content=\"article\" \/>\n<meta property=\"og:title\" content=\"Some of us : Artistes contemporain.es, une anthologie - Librairie 7L\" \/>\n<meta property=\"og:description\" content=\"Some of Us est une anthologie des artistes contemporain.es r\u00e9unissant plus de 1000 images (visuels d&#8217;oeuvres, vues d&#8217;expositions) depuis le d\u00e9but des ann\u00e9es 2000 jusqu&#8217;\u00e0 nos jours en France. Dressant un panorama, \u00e0 la fois r\u00e9trospectif et prospectif, de la diversit\u00e9 des sc\u00e8nes fran\u00e7aises, cette anthologie participe \u00e0 la visibilit\u00e9 de plus de 400 artistes [&hellip;]\" \/>\n<meta property=\"og:url\" content=\"https:\/\/librairie7l.com\/en\/produit\/some-of-us-artistes-contemporain-es-une-anthologie\/\" \/>\n<meta property=\"og:site_name\" content=\"Librairie 7L\" \/>\n<meta property=\"article:modified_time\" content=\"2026-04-09T13:27:37+00:00\" \/>\n<meta property=\"og:image\" content=\"https:\/\/librairie7l.com\/wp-content\/uploads\/2024\/01\/9782490505654_1_75.jpg\" \/>\n\t<meta property=\"og:image:width\" content=\"400\" \/>\n\t<meta property=\"og:image:height\" content=\"568\" \/>\n\t<meta property=\"og:image:type\" content=\"image\/jpeg\" \/>\n<meta name=\"twitter:card\" content=\"summary_large_image\" \/>\n<meta name=\"twitter:label1\" content=\"Est. reading time\" \/>\n\t<meta name=\"twitter:data1\" content=\"2 minutes\" \/>\n<script type=\"application\/ld+json\" class=\"yoast-schema-graph\">{\"@context\":\"https:\/\/schema.org\",\"@graph\":[{\"@type\":\"WebPage\",\"@id\":\"https:\/\/librairie7l.com\/en\/produit\/some-of-us-artistes-contemporain-es-une-anthologie\/\",\"url\":\"https:\/\/librairie7l.com\/en\/produit\/some-of-us-artistes-contemporain-es-une-anthologie\/\",\"name\":\"Some of us : Artistes contemporain.es, une anthologie - Librairie 7L\",\"isPartOf\":{\"@id\":\"https:\/\/librairie7l.com\/en\/#website\"},\"datePublished\":\"2024-04-19T07:18:16+00:00\",\"dateModified\":\"2026-04-09T13:27:37+00:00\",\"breadcrumb\":{\"@id\":\"https:\/\/librairie7l.com\/en\/produit\/some-of-us-artistes-contemporain-es-une-anthologie\/#breadcrumb\"},\"inLanguage\":\"en-US\",\"potentialAction\":[{\"@type\":\"ReadAction\",\"target\":[\"https:\/\/librairie7l.com\/en\/produit\/some-of-us-artistes-contemporain-es-une-anthologie\/\"]}]},{\"@type\":\"BreadcrumbList\",\"@id\":\"https:\/\/librairie7l.com\/en\/produit\/some-of-us-artistes-contemporain-es-une-anthologie\/#breadcrumb\",\"itemListElement\":[{\"@type\":\"ListItem\",\"position\":1,\"name\":\"Accueil\",\"item\":\"https:\/\/librairie7l.com\/en\/\"},{\"@type\":\"ListItem\",\"position\":2,\"name\":\"Shop\",\"item\":\"https:\/\/librairie7l.com\/en\/shop\/\"},{\"@type\":\"ListItem\",\"position\":3,\"name\":\"SOME OF US : ARTISTES CONTEMPORAIN.ES, UNE ANTHOLOGIE\"}]},{\"@type\":\"WebSite\",\"@id\":\"https:\/\/librairie7l.com\/en\/#website\",\"url\":\"https:\/\/librairie7l.com\/en\/\",\"name\":\"Librairie 7L\",\"description\":\"Librairie fond\u00e9e en 1999 par Karl Lagerfeld \u00e0 Paris\",\"publisher\":{\"@id\":\"https:\/\/librairie7l.com\/en\/#organization\"},\"potentialAction\":[{\"@type\":\"SearchAction\",\"target\":{\"@type\":\"EntryPoint\",\"urlTemplate\":\"https:\/\/librairie7l.com\/en\/?s={search_term_string}\"},\"query-input\":\"required name=search_term_string\"}],\"inLanguage\":\"en-US\"},{\"@type\":\"Organization\",\"@id\":\"https:\/\/librairie7l.com\/en\/#organization\",\"name\":\"Librairie 7L\",\"url\":\"https:\/\/librairie7l.com\/en\/\",\"logo\":{\"@type\":\"ImageObject\",\"inLanguage\":\"en-US\",\"@id\":\"https:\/\/librairie7l.com\/en\/#\/schema\/logo\/image\/\",\"url\":\"https:\/\/librairie7l.com\/wp-content\/uploads\/2022\/08\/logo-1.png\",\"contentUrl\":\"https:\/\/librairie7l.com\/wp-content\/uploads\/2022\/08\/logo-1.png\",\"width\":227,\"height\":301,\"caption\":\"Librairie 7L\"},\"image\":{\"@id\":\"https:\/\/librairie7l.com\/en\/#\/schema\/logo\/image\/\"}}]}<\/script>\n<!-- \/ Yoast SEO plugin. -->","yoast_head_json":{"title":"Some of us : Artistes contemporain.es, une anthologie - Librairie 7L","robots":{"index":"index","follow":"follow","max-snippet":"max-snippet:-1","max-image-preview":"max-image-preview:large","max-video-preview":"max-video-preview:-1"},"canonical":"https:\/\/librairie7l.com\/en\/produit\/some-of-us-artistes-contemporain-es-une-anthologie\/","og_locale":"en_US","og_type":"article","og_title":"Some of us : Artistes contemporain.es, une anthologie - Librairie 7L","og_description":"Some of Us est une anthologie des artistes contemporain.es r\u00e9unissant plus de 1000 images (visuels d&#8217;oeuvres, vues d&#8217;expositions) depuis le d\u00e9but des ann\u00e9es 2000 jusqu&#8217;\u00e0 nos jours en France. Dressant un panorama, \u00e0 la fois r\u00e9trospectif et prospectif, de la diversit\u00e9 des sc\u00e8nes fran\u00e7aises, cette anthologie participe \u00e0 la visibilit\u00e9 de plus de 400 artistes [&hellip;]","og_url":"https:\/\/librairie7l.com\/en\/produit\/some-of-us-artistes-contemporain-es-une-anthologie\/","og_site_name":"Librairie 7L","article_modified_time":"2026-04-09T13:27:37+00:00","og_image":[{"width":400,"height":568,"url":"https:\/\/librairie7l.com\/wp-content\/uploads\/2024\/01\/9782490505654_1_75.jpg","type":"image\/jpeg"}],"twitter_card":"summary_large_image","twitter_misc":{"Est. reading time":"2 minutes"},"schema":{"@context":"https:\/\/schema.org","@graph":[{"@type":"WebPage","@id":"https:\/\/librairie7l.com\/en\/produit\/some-of-us-artistes-contemporain-es-une-anthologie\/","url":"https:\/\/librairie7l.com\/en\/produit\/some-of-us-artistes-contemporain-es-une-anthologie\/","name":"Some of us : Artistes contemporain.es, une anthologie - Librairie 7L","isPartOf":{"@id":"https:\/\/librairie7l.com\/en\/#website"},"datePublished":"2024-04-19T07:18:16+00:00","dateModified":"2026-04-09T13:27:37+00:00","breadcrumb":{"@id":"https:\/\/librairie7l.com\/en\/produit\/some-of-us-artistes-contemporain-es-une-anthologie\/#breadcrumb"},"inLanguage":"en-US","potentialAction":[{"@type":"ReadAction","target":["https:\/\/librairie7l.com\/en\/produit\/some-of-us-artistes-contemporain-es-une-anthologie\/"]}]},{"@type":"BreadcrumbList","@id":"https:\/\/librairie7l.com\/en\/produit\/some-of-us-artistes-contemporain-es-une-anthologie\/#breadcrumb","itemListElement":[{"@type":"ListItem","position":1,"name":"Accueil","item":"https:\/\/librairie7l.com\/en\/"},{"@type":"ListItem","position":2,"name":"Shop","item":"https:\/\/librairie7l.com\/en\/shop\/"},{"@type":"ListItem","position":3,"name":"SOME OF US : ARTISTES CONTEMPORAIN.ES, UNE ANTHOLOGIE"}]},{"@type":"WebSite","@id":"https:\/\/librairie7l.com\/en\/#website","url":"https:\/\/librairie7l.com\/en\/","name":"Librairie 7L","description":"Librairie fond\u00e9e en 1999 par Karl Lagerfeld \u00e0 Paris","publisher":{"@id":"https:\/\/librairie7l.com\/en\/#organization"},"potentialAction":[{"@type":"SearchAction","target":{"@type":"EntryPoint","urlTemplate":"https:\/\/librairie7l.com\/en\/?s={search_term_string}"},"query-input":"required name=search_term_string"}],"inLanguage":"en-US"},{"@type":"Organization","@id":"https:\/\/librairie7l.com\/en\/#organization","name":"Librairie 7L","url":"https:\/\/librairie7l.com\/en\/","logo":{"@type":"ImageObject","inLanguage":"en-US","@id":"https:\/\/librairie7l.com\/en\/#\/schema\/logo\/image\/","url":"https:\/\/librairie7l.com\/wp-content\/uploads\/2022\/08\/logo-1.png","contentUrl":"https:\/\/librairie7l.com\/wp-content\/uploads\/2022\/08\/logo-1.png","width":227,"height":301,"caption":"Librairie 7L"},"image":{"@id":"https:\/\/librairie7l.com\/en\/#\/schema\/logo\/image\/"}}]}},"_links":{"self":[{"href":"https:\/\/librairie7l.com\/en\/wp-json\/wp\/v2\/product\/40404"}],"collection":[{"href":"https:\/\/librairie7l.com\/en\/wp-json\/wp\/v2\/product"}],"about":[{"href":"https:\/\/librairie7l.com\/en\/wp-json\/wp\/v2\/types\/product"}],"wp:featuredmedia":[{"embeddable":true,"href":"https:\/\/librairie7l.com\/en\/wp-json\/wp\/v2\/media\/40402"}],"wp:attachment":[{"href":"https:\/\/librairie7l.com\/en\/wp-json\/wp\/v2\/media?parent=40404"}],"wp:term":[{"taxonomy":"product_cat","embeddable":true,"href":"https:\/\/librairie7l.com\/en\/wp-json\/wp\/v2\/product_cat?post=40404"},{"taxonomy":"product_tag","embeddable":true,"href":"https:\/\/librairie7l.com\/en\/wp-json\/wp\/v2\/product_tag?post=40404"}],"curies":[{"name":"wp","href":"https:\/\/api.w.org\/{rel}","templated":true}]}}