{"id":40412,"date":"2024-04-19T09:18:23","date_gmt":"2024-04-19T07:18:23","guid":{"rendered":"https:\/\/librairie7l.com\/?post_type=product&#038;p=40412"},"modified":"2026-05-03T14:20:35","modified_gmt":"2026-05-03T12:20:35","slug":"presque-pas-deau-au-jardin-techniques-et-plantes-dromadaires-pour-plus-de-sobriete","status":"publish","type":"product","link":"https:\/\/librairie7l.com\/en\/produit\/presque-pas-deau-au-jardin-techniques-et-plantes-dromadaires-pour-plus-de-sobriete\/","title":{"rendered":"PRESQUE PAS D&#8217;EAU AU JARDIN : TECHNIQUES ET PLANTES DROMADAIRES POUR PLUS DE SOBRI\u00c9T\u00c9"},"content":{"rendered":"<p>Entre canicules, s\u00e9cheresses \u00e0 r\u00e9p\u00e9tition et restrictions d&#8217;eau, il semble d\u00e9sormais plus que capital d&#8217;\u00e9conomiser l&#8217;eau au jardin&#8230;<\/p>\n<p>Jean-Yves Meignen conna\u00eet bien cette probl\u00e9matique dans son jardin du Sud-Est de la France et partage dans cet ouvrage les solutions qui s&#8217;offrent \u00e0 nous : pailler g\u00e9n\u00e9reusement les massifs, am\u00e9liorer la r\u00e9tention en eau du sol, ombrer au maximum les espaces, privil\u00e9gier des plantes sobres en eau ou encore concevoir un jardin sec m\u00e9diterran\u00e9en alliant esth\u00e9tisme et r\u00e9silience. Il s&#8217;agit \u00e9galement de r\u00e9cup\u00e9rer l&#8217;eau de pluie et de mieux arroser en utilisant un goutte-\u00e0-goutte ou encore des oyas.<\/p>\n<p>Prenons soin de cet or bleu !<\/p>\n","protected":false},"excerpt":{"rendered":"<p>Entre canicules, s\u00e9cheresses \u00e0 r\u00e9p\u00e9tition et restrictions d&#8217;eau, il semble d\u00e9sormais plus que capital d&#8217;\u00e9conomiser l&#8217;eau au jardin&#8230; Jean-Yves Meignen conna\u00eet bien cette probl\u00e9matique dans son jardin du Sud-Est de la France et partage dans cet ouvrage les solutions qui s&#8217;offrent \u00e0 nous : pailler g\u00e9n\u00e9reusement les massifs, am\u00e9liorer la r\u00e9tention en eau du sol, [&hellip;]<\/p>\n","protected":false},"featured_media":40410,"template":"","meta":[],"product_cat":[2948,2956],"product_tag":[],"acf":[],"yoast_head":"<!-- This site is optimized with the Yoast SEO plugin v20.11 - https:\/\/yoast.com\/wordpress\/plugins\/seo\/ -->\n<title>Presque pas d&#039;eau au jardin : techniques et plantes dromadaires pour plus de sobri\u00e9t\u00e9 - Librairie 7L<\/title>\n<meta name=\"robots\" content=\"index, follow, max-snippet:-1, max-image-preview:large, max-video-preview:-1\" \/>\n<link rel=\"canonical\" href=\"https:\/\/librairie7l.com\/en\/produit\/presque-pas-deau-au-jardin-techniques-et-plantes-dromadaires-pour-plus-de-sobriete\/\" \/>\n<meta property=\"og:locale\" content=\"en_US\" \/>\n<meta property=\"og:type\" content=\"article\" \/>\n<meta property=\"og:title\" content=\"Presque pas d&#039;eau au jardin : techniques et plantes dromadaires pour plus de sobri\u00e9t\u00e9 - Librairie 7L\" \/>\n<meta property=\"og:description\" content=\"Entre canicules, s\u00e9cheresses \u00e0 r\u00e9p\u00e9tition et restrictions d&#8217;eau, il semble d\u00e9sormais plus que capital d&#8217;\u00e9conomiser l&#8217;eau au jardin&#8230; Jean-Yves Meignen conna\u00eet bien cette probl\u00e9matique dans son jardin du Sud-Est de la France et partage dans cet ouvrage les solutions qui s&#8217;offrent \u00e0 nous : pailler g\u00e9n\u00e9reusement les massifs, am\u00e9liorer la r\u00e9tention en eau du sol, [&hellip;]\" \/>\n<meta property=\"og:url\" content=\"https:\/\/librairie7l.com\/en\/produit\/presque-pas-deau-au-jardin-techniques-et-plantes-dromadaires-pour-plus-de-sobriete\/\" \/>\n<meta property=\"og:site_name\" content=\"Librairie 7L\" \/>\n<meta property=\"article:modified_time\" content=\"2026-05-03T12:20:35+00:00\" \/>\n<meta property=\"og:image\" content=\"https:\/\/librairie7l.com\/wp-content\/uploads\/2023\/12\/9782815321976_1_75.jpg\" \/>\n\t<meta property=\"og:image:width\" content=\"400\" \/>\n\t<meta property=\"og:image:height\" content=\"449\" \/>\n\t<meta property=\"og:image:type\" content=\"image\/jpeg\" \/>\n<meta name=\"twitter:card\" content=\"summary_large_image\" \/>\n<meta name=\"twitter:label1\" content=\"Est. reading time\" \/>\n\t<meta name=\"twitter:data1\" content=\"1 minute\" \/>\n<script type=\"application\/ld+json\" class=\"yoast-schema-graph\">{\"@context\":\"https:\/\/schema.org\",\"@graph\":[{\"@type\":\"WebPage\",\"@id\":\"https:\/\/librairie7l.com\/en\/produit\/presque-pas-deau-au-jardin-techniques-et-plantes-dromadaires-pour-plus-de-sobriete\/\",\"url\":\"https:\/\/librairie7l.com\/en\/produit\/presque-pas-deau-au-jardin-techniques-et-plantes-dromadaires-pour-plus-de-sobriete\/\",\"name\":\"Presque pas d'eau au jardin : techniques et plantes dromadaires pour plus de sobri\u00e9t\u00e9 - Librairie 7L\",\"isPartOf\":{\"@id\":\"https:\/\/librairie7l.com\/en\/#website\"},\"datePublished\":\"2024-04-19T07:18:23+00:00\",\"dateModified\":\"2026-05-03T12:20:35+00:00\",\"breadcrumb\":{\"@id\":\"https:\/\/librairie7l.com\/en\/produit\/presque-pas-deau-au-jardin-techniques-et-plantes-dromadaires-pour-plus-de-sobriete\/#breadcrumb\"},\"inLanguage\":\"en-US\",\"potentialAction\":[{\"@type\":\"ReadAction\",\"target\":[\"https:\/\/librairie7l.com\/en\/produit\/presque-pas-deau-au-jardin-techniques-et-plantes-dromadaires-pour-plus-de-sobriete\/\"]}]},{\"@type\":\"BreadcrumbList\",\"@id\":\"https:\/\/librairie7l.com\/en\/produit\/presque-pas-deau-au-jardin-techniques-et-plantes-dromadaires-pour-plus-de-sobriete\/#breadcrumb\",\"itemListElement\":[{\"@type\":\"ListItem\",\"position\":1,\"name\":\"Accueil\",\"item\":\"https:\/\/librairie7l.com\/en\/\"},{\"@type\":\"ListItem\",\"position\":2,\"name\":\"Shop\",\"item\":\"https:\/\/librairie7l.com\/en\/shop\/\"},{\"@type\":\"ListItem\",\"position\":3,\"name\":\"PRESQUE PAS D&#8217;EAU AU JARDIN : TECHNIQUES ET PLANTES DROMADAIRES POUR PLUS DE SOBRI\u00c9T\u00c9\"}]},{\"@type\":\"WebSite\",\"@id\":\"https:\/\/librairie7l.com\/en\/#website\",\"url\":\"https:\/\/librairie7l.com\/en\/\",\"name\":\"Librairie 7L\",\"description\":\"Librairie fond\u00e9e en 1999 par Karl Lagerfeld \u00e0 Paris\",\"publisher\":{\"@id\":\"https:\/\/librairie7l.com\/en\/#organization\"},\"potentialAction\":[{\"@type\":\"SearchAction\",\"target\":{\"@type\":\"EntryPoint\",\"urlTemplate\":\"https:\/\/librairie7l.com\/en\/?s={search_term_string}\"},\"query-input\":\"required name=search_term_string\"}],\"inLanguage\":\"en-US\"},{\"@type\":\"Organization\",\"@id\":\"https:\/\/librairie7l.com\/en\/#organization\",\"name\":\"Librairie 7L\",\"url\":\"https:\/\/librairie7l.com\/en\/\",\"logo\":{\"@type\":\"ImageObject\",\"inLanguage\":\"en-US\",\"@id\":\"https:\/\/librairie7l.com\/en\/#\/schema\/logo\/image\/\",\"url\":\"https:\/\/librairie7l.com\/wp-content\/uploads\/2022\/08\/logo-1.png\",\"contentUrl\":\"https:\/\/librairie7l.com\/wp-content\/uploads\/2022\/08\/logo-1.png\",\"width\":227,\"height\":301,\"caption\":\"Librairie 7L\"},\"image\":{\"@id\":\"https:\/\/librairie7l.com\/en\/#\/schema\/logo\/image\/\"}}]}<\/script>\n<!-- \/ Yoast SEO plugin. -->","yoast_head_json":{"title":"Presque pas d'eau au jardin : techniques et plantes dromadaires pour plus de sobri\u00e9t\u00e9 - Librairie 7L","robots":{"index":"index","follow":"follow","max-snippet":"max-snippet:-1","max-image-preview":"max-image-preview:large","max-video-preview":"max-video-preview:-1"},"canonical":"https:\/\/librairie7l.com\/en\/produit\/presque-pas-deau-au-jardin-techniques-et-plantes-dromadaires-pour-plus-de-sobriete\/","og_locale":"en_US","og_type":"article","og_title":"Presque pas d'eau au jardin : techniques et plantes dromadaires pour plus de sobri\u00e9t\u00e9 - Librairie 7L","og_description":"Entre canicules, s\u00e9cheresses \u00e0 r\u00e9p\u00e9tition et restrictions d&#8217;eau, il semble d\u00e9sormais plus que capital d&#8217;\u00e9conomiser l&#8217;eau au jardin&#8230; Jean-Yves Meignen conna\u00eet bien cette probl\u00e9matique dans son jardin du Sud-Est de la France et partage dans cet ouvrage les solutions qui s&#8217;offrent \u00e0 nous : pailler g\u00e9n\u00e9reusement les massifs, am\u00e9liorer la r\u00e9tention en eau du sol, [&hellip;]","og_url":"https:\/\/librairie7l.com\/en\/produit\/presque-pas-deau-au-jardin-techniques-et-plantes-dromadaires-pour-plus-de-sobriete\/","og_site_name":"Librairie 7L","article_modified_time":"2026-05-03T12:20:35+00:00","og_image":[{"width":400,"height":449,"url":"https:\/\/librairie7l.com\/wp-content\/uploads\/2023\/12\/9782815321976_1_75.jpg","type":"image\/jpeg"}],"twitter_card":"summary_large_image","twitter_misc":{"Est. reading time":"1 minute"},"schema":{"@context":"https:\/\/schema.org","@graph":[{"@type":"WebPage","@id":"https:\/\/librairie7l.com\/en\/produit\/presque-pas-deau-au-jardin-techniques-et-plantes-dromadaires-pour-plus-de-sobriete\/","url":"https:\/\/librairie7l.com\/en\/produit\/presque-pas-deau-au-jardin-techniques-et-plantes-dromadaires-pour-plus-de-sobriete\/","name":"Presque pas d'eau au jardin : techniques et plantes dromadaires pour plus de sobri\u00e9t\u00e9 - Librairie 7L","isPartOf":{"@id":"https:\/\/librairie7l.com\/en\/#website"},"datePublished":"2024-04-19T07:18:23+00:00","dateModified":"2026-05-03T12:20:35+00:00","breadcrumb":{"@id":"https:\/\/librairie7l.com\/en\/produit\/presque-pas-deau-au-jardin-techniques-et-plantes-dromadaires-pour-plus-de-sobriete\/#breadcrumb"},"inLanguage":"en-US","potentialAction":[{"@type":"ReadAction","target":["https:\/\/librairie7l.com\/en\/produit\/presque-pas-deau-au-jardin-techniques-et-plantes-dromadaires-pour-plus-de-sobriete\/"]}]},{"@type":"BreadcrumbList","@id":"https:\/\/librairie7l.com\/en\/produit\/presque-pas-deau-au-jardin-techniques-et-plantes-dromadaires-pour-plus-de-sobriete\/#breadcrumb","itemListElement":[{"@type":"ListItem","position":1,"name":"Accueil","item":"https:\/\/librairie7l.com\/en\/"},{"@type":"ListItem","position":2,"name":"Shop","item":"https:\/\/librairie7l.com\/en\/shop\/"},{"@type":"ListItem","position":3,"name":"PRESQUE PAS D&#8217;EAU AU JARDIN : TECHNIQUES ET PLANTES DROMADAIRES POUR PLUS DE SOBRI\u00c9T\u00c9"}]},{"@type":"WebSite","@id":"https:\/\/librairie7l.com\/en\/#website","url":"https:\/\/librairie7l.com\/en\/","name":"Librairie 7L","description":"Librairie fond\u00e9e en 1999 par Karl Lagerfeld \u00e0 Paris","publisher":{"@id":"https:\/\/librairie7l.com\/en\/#organization"},"potentialAction":[{"@type":"SearchAction","target":{"@type":"EntryPoint","urlTemplate":"https:\/\/librairie7l.com\/en\/?s={search_term_string}"},"query-input":"required name=search_term_string"}],"inLanguage":"en-US"},{"@type":"Organization","@id":"https:\/\/librairie7l.com\/en\/#organization","name":"Librairie 7L","url":"https:\/\/librairie7l.com\/en\/","logo":{"@type":"ImageObject","inLanguage":"en-US","@id":"https:\/\/librairie7l.com\/en\/#\/schema\/logo\/image\/","url":"https:\/\/librairie7l.com\/wp-content\/uploads\/2022\/08\/logo-1.png","contentUrl":"https:\/\/librairie7l.com\/wp-content\/uploads\/2022\/08\/logo-1.png","width":227,"height":301,"caption":"Librairie 7L"},"image":{"@id":"https:\/\/librairie7l.com\/en\/#\/schema\/logo\/image\/"}}]}},"_links":{"self":[{"href":"https:\/\/librairie7l.com\/en\/wp-json\/wp\/v2\/product\/40412"}],"collection":[{"href":"https:\/\/librairie7l.com\/en\/wp-json\/wp\/v2\/product"}],"about":[{"href":"https:\/\/librairie7l.com\/en\/wp-json\/wp\/v2\/types\/product"}],"wp:featuredmedia":[{"embeddable":true,"href":"https:\/\/librairie7l.com\/en\/wp-json\/wp\/v2\/media\/40410"}],"wp:attachment":[{"href":"https:\/\/librairie7l.com\/en\/wp-json\/wp\/v2\/media?parent=40412"}],"wp:term":[{"taxonomy":"product_cat","embeddable":true,"href":"https:\/\/librairie7l.com\/en\/wp-json\/wp\/v2\/product_cat?post=40412"},{"taxonomy":"product_tag","embeddable":true,"href":"https:\/\/librairie7l.com\/en\/wp-json\/wp\/v2\/product_tag?post=40412"}],"curies":[{"name":"wp","href":"https:\/\/api.w.org\/{rel}","templated":true}]}}