{"id":40416,"date":"2024-05-24T02:06:43","date_gmt":"2024-05-24T00:06:43","guid":{"rendered":"https:\/\/librairie7l.com\/?post_type=product&#038;p=40416"},"modified":"2026-04-30T18:02:13","modified_gmt":"2026-04-30T16:02:13","slug":"bobby-fischer-ascension-et-chute-dun-genie-des-echecs","status":"publish","type":"product","link":"https:\/\/librairie7l.com\/en\/produit\/bobby-fischer-ascension-et-chute-dun-genie-des-echecs\/","title":{"rendered":"BOBBY FISCHER : ASCENSION ET CHUTE D&#8217;UN G\u00c9NIE DES \u00c9CHECS"},"content":{"rendered":"<p>Alors que Le Jeu de la dame a battu des  records d&#8217;audience sur Netflix, voici la  biographie d&#8217;une des stars les plus troubles  des \u00e9checs.<br \/>\nBobby Fischer est sans conteste un g\u00e9nie  des \u00e9checs. \u00c0 14 ans, il devient le plus jeune  champion d&#8217;\u00e9checs am\u00e9ricain de tous les  temps. \u00c0 15 ans, il est sacr\u00e9 plus jeune Grand  Ma\u00eetre du jeu.<br \/>\nEn 1972, en pleine guerre froide, il dispute  contre le Sovi\u00e9tique Boris Spassky ce que  certains appellent la partie du si\u00e8cle. \u00c0 peine  \u00e2g\u00e9 de 29 ans, Bobby Fischer met \u00e0 mal la  supr\u00e9matie russe sur les \u00e9checs \u00e0  l&#8217;issue d&#8217;un combat rocambolesque.<br \/>\nAlors qu&#8217;il est assis sur le toit du monde, il  choisit, au lendemain de sa victoire contre  Spassky, de mettre un terme \u00e0 sa carri\u00e8re.<br \/>\nSon existence devient alors erratique :<br \/>\nVivant comme un quasi-fugitif.<\/p>\n","protected":false},"excerpt":{"rendered":"<p>Alors que Le Jeu de la dame a battu des records d&#8217;audience sur Netflix, voici la biographie d&#8217;une des stars les plus troubles des \u00e9checs. Bobby Fischer est sans conteste un g\u00e9nie des \u00e9checs. \u00c0 14 ans, il devient le plus jeune champion d&#8217;\u00e9checs am\u00e9ricain de tous les temps. \u00c0 15 ans, il est sacr\u00e9 [&hellip;]<\/p>\n","protected":false},"featured_media":40414,"template":"","meta":[],"product_cat":[2948,2953],"product_tag":[],"acf":[],"yoast_head":"<!-- This site is optimized with the Yoast SEO plugin v20.11 - https:\/\/yoast.com\/wordpress\/plugins\/seo\/ -->\n<title>Bobby Fischer : ascension et chute d&#039;un g\u00e9nie des \u00e9checs - Librairie 7L<\/title>\n<meta name=\"robots\" content=\"index, follow, max-snippet:-1, max-image-preview:large, max-video-preview:-1\" \/>\n<link rel=\"canonical\" href=\"https:\/\/librairie7l.com\/en\/produit\/bobby-fischer-ascension-et-chute-dun-genie-des-echecs\/\" \/>\n<meta property=\"og:locale\" content=\"en_US\" \/>\n<meta property=\"og:type\" content=\"article\" \/>\n<meta property=\"og:title\" content=\"Bobby Fischer : ascension et chute d&#039;un g\u00e9nie des \u00e9checs - Librairie 7L\" \/>\n<meta property=\"og:description\" content=\"Alors que Le Jeu de la dame a battu des records d&#8217;audience sur Netflix, voici la biographie d&#8217;une des stars les plus troubles des \u00e9checs. Bobby Fischer est sans conteste un g\u00e9nie des \u00e9checs. \u00c0 14 ans, il devient le plus jeune champion d&#8217;\u00e9checs am\u00e9ricain de tous les temps. \u00c0 15 ans, il est sacr\u00e9 [&hellip;]\" \/>\n<meta property=\"og:url\" content=\"https:\/\/librairie7l.com\/en\/produit\/bobby-fischer-ascension-et-chute-dun-genie-des-echecs\/\" \/>\n<meta property=\"og:site_name\" content=\"Librairie 7L\" \/>\n<meta property=\"article:modified_time\" content=\"2026-04-30T16:02:13+00:00\" \/>\n<meta property=\"og:image\" content=\"https:\/\/librairie7l.com\/wp-content\/uploads\/2021\/04\/9791037504647_1_75.jpg\" \/>\n\t<meta property=\"og:image:width\" content=\"400\" \/>\n\t<meta property=\"og:image:height\" content=\"571\" \/>\n\t<meta property=\"og:image:type\" content=\"image\/jpeg\" \/>\n<meta name=\"twitter:card\" content=\"summary_large_image\" \/>\n<meta name=\"twitter:label1\" content=\"Est. reading time\" \/>\n\t<meta name=\"twitter:data1\" content=\"1 minute\" \/>\n<script type=\"application\/ld+json\" class=\"yoast-schema-graph\">{\"@context\":\"https:\/\/schema.org\",\"@graph\":[{\"@type\":\"WebPage\",\"@id\":\"https:\/\/librairie7l.com\/en\/produit\/bobby-fischer-ascension-et-chute-dun-genie-des-echecs\/\",\"url\":\"https:\/\/librairie7l.com\/en\/produit\/bobby-fischer-ascension-et-chute-dun-genie-des-echecs\/\",\"name\":\"Bobby Fischer : ascension et chute d'un g\u00e9nie des \u00e9checs - Librairie 7L\",\"isPartOf\":{\"@id\":\"https:\/\/librairie7l.com\/en\/#website\"},\"datePublished\":\"2024-05-24T00:06:43+00:00\",\"dateModified\":\"2026-04-30T16:02:13+00:00\",\"breadcrumb\":{\"@id\":\"https:\/\/librairie7l.com\/en\/produit\/bobby-fischer-ascension-et-chute-dun-genie-des-echecs\/#breadcrumb\"},\"inLanguage\":\"en-US\",\"potentialAction\":[{\"@type\":\"ReadAction\",\"target\":[\"https:\/\/librairie7l.com\/en\/produit\/bobby-fischer-ascension-et-chute-dun-genie-des-echecs\/\"]}]},{\"@type\":\"BreadcrumbList\",\"@id\":\"https:\/\/librairie7l.com\/en\/produit\/bobby-fischer-ascension-et-chute-dun-genie-des-echecs\/#breadcrumb\",\"itemListElement\":[{\"@type\":\"ListItem\",\"position\":1,\"name\":\"Accueil\",\"item\":\"https:\/\/librairie7l.com\/en\/\"},{\"@type\":\"ListItem\",\"position\":2,\"name\":\"Shop\",\"item\":\"https:\/\/librairie7l.com\/en\/shop\/\"},{\"@type\":\"ListItem\",\"position\":3,\"name\":\"BOBBY FISCHER : ASCENSION ET CHUTE D&#8217;UN G\u00c9NIE DES \u00c9CHECS\"}]},{\"@type\":\"WebSite\",\"@id\":\"https:\/\/librairie7l.com\/en\/#website\",\"url\":\"https:\/\/librairie7l.com\/en\/\",\"name\":\"Librairie 7L\",\"description\":\"Librairie fond\u00e9e en 1999 par Karl Lagerfeld \u00e0 Paris\",\"publisher\":{\"@id\":\"https:\/\/librairie7l.com\/en\/#organization\"},\"potentialAction\":[{\"@type\":\"SearchAction\",\"target\":{\"@type\":\"EntryPoint\",\"urlTemplate\":\"https:\/\/librairie7l.com\/en\/?s={search_term_string}\"},\"query-input\":\"required name=search_term_string\"}],\"inLanguage\":\"en-US\"},{\"@type\":\"Organization\",\"@id\":\"https:\/\/librairie7l.com\/en\/#organization\",\"name\":\"Librairie 7L\",\"url\":\"https:\/\/librairie7l.com\/en\/\",\"logo\":{\"@type\":\"ImageObject\",\"inLanguage\":\"en-US\",\"@id\":\"https:\/\/librairie7l.com\/en\/#\/schema\/logo\/image\/\",\"url\":\"https:\/\/librairie7l.com\/wp-content\/uploads\/2022\/08\/logo-1.png\",\"contentUrl\":\"https:\/\/librairie7l.com\/wp-content\/uploads\/2022\/08\/logo-1.png\",\"width\":227,\"height\":301,\"caption\":\"Librairie 7L\"},\"image\":{\"@id\":\"https:\/\/librairie7l.com\/en\/#\/schema\/logo\/image\/\"}}]}<\/script>\n<!-- \/ Yoast SEO plugin. -->","yoast_head_json":{"title":"Bobby Fischer : ascension et chute d'un g\u00e9nie des \u00e9checs - Librairie 7L","robots":{"index":"index","follow":"follow","max-snippet":"max-snippet:-1","max-image-preview":"max-image-preview:large","max-video-preview":"max-video-preview:-1"},"canonical":"https:\/\/librairie7l.com\/en\/produit\/bobby-fischer-ascension-et-chute-dun-genie-des-echecs\/","og_locale":"en_US","og_type":"article","og_title":"Bobby Fischer : ascension et chute d'un g\u00e9nie des \u00e9checs - Librairie 7L","og_description":"Alors que Le Jeu de la dame a battu des records d&#8217;audience sur Netflix, voici la biographie d&#8217;une des stars les plus troubles des \u00e9checs. Bobby Fischer est sans conteste un g\u00e9nie des \u00e9checs. \u00c0 14 ans, il devient le plus jeune champion d&#8217;\u00e9checs am\u00e9ricain de tous les temps. \u00c0 15 ans, il est sacr\u00e9 [&hellip;]","og_url":"https:\/\/librairie7l.com\/en\/produit\/bobby-fischer-ascension-et-chute-dun-genie-des-echecs\/","og_site_name":"Librairie 7L","article_modified_time":"2026-04-30T16:02:13+00:00","og_image":[{"width":400,"height":571,"url":"https:\/\/librairie7l.com\/wp-content\/uploads\/2021\/04\/9791037504647_1_75.jpg","type":"image\/jpeg"}],"twitter_card":"summary_large_image","twitter_misc":{"Est. reading time":"1 minute"},"schema":{"@context":"https:\/\/schema.org","@graph":[{"@type":"WebPage","@id":"https:\/\/librairie7l.com\/en\/produit\/bobby-fischer-ascension-et-chute-dun-genie-des-echecs\/","url":"https:\/\/librairie7l.com\/en\/produit\/bobby-fischer-ascension-et-chute-dun-genie-des-echecs\/","name":"Bobby Fischer : ascension et chute d'un g\u00e9nie des \u00e9checs - Librairie 7L","isPartOf":{"@id":"https:\/\/librairie7l.com\/en\/#website"},"datePublished":"2024-05-24T00:06:43+00:00","dateModified":"2026-04-30T16:02:13+00:00","breadcrumb":{"@id":"https:\/\/librairie7l.com\/en\/produit\/bobby-fischer-ascension-et-chute-dun-genie-des-echecs\/#breadcrumb"},"inLanguage":"en-US","potentialAction":[{"@type":"ReadAction","target":["https:\/\/librairie7l.com\/en\/produit\/bobby-fischer-ascension-et-chute-dun-genie-des-echecs\/"]}]},{"@type":"BreadcrumbList","@id":"https:\/\/librairie7l.com\/en\/produit\/bobby-fischer-ascension-et-chute-dun-genie-des-echecs\/#breadcrumb","itemListElement":[{"@type":"ListItem","position":1,"name":"Accueil","item":"https:\/\/librairie7l.com\/en\/"},{"@type":"ListItem","position":2,"name":"Shop","item":"https:\/\/librairie7l.com\/en\/shop\/"},{"@type":"ListItem","position":3,"name":"BOBBY FISCHER : ASCENSION ET CHUTE D&#8217;UN G\u00c9NIE DES \u00c9CHECS"}]},{"@type":"WebSite","@id":"https:\/\/librairie7l.com\/en\/#website","url":"https:\/\/librairie7l.com\/en\/","name":"Librairie 7L","description":"Librairie fond\u00e9e en 1999 par Karl Lagerfeld \u00e0 Paris","publisher":{"@id":"https:\/\/librairie7l.com\/en\/#organization"},"potentialAction":[{"@type":"SearchAction","target":{"@type":"EntryPoint","urlTemplate":"https:\/\/librairie7l.com\/en\/?s={search_term_string}"},"query-input":"required name=search_term_string"}],"inLanguage":"en-US"},{"@type":"Organization","@id":"https:\/\/librairie7l.com\/en\/#organization","name":"Librairie 7L","url":"https:\/\/librairie7l.com\/en\/","logo":{"@type":"ImageObject","inLanguage":"en-US","@id":"https:\/\/librairie7l.com\/en\/#\/schema\/logo\/image\/","url":"https:\/\/librairie7l.com\/wp-content\/uploads\/2022\/08\/logo-1.png","contentUrl":"https:\/\/librairie7l.com\/wp-content\/uploads\/2022\/08\/logo-1.png","width":227,"height":301,"caption":"Librairie 7L"},"image":{"@id":"https:\/\/librairie7l.com\/en\/#\/schema\/logo\/image\/"}}]}},"_links":{"self":[{"href":"https:\/\/librairie7l.com\/en\/wp-json\/wp\/v2\/product\/40416"}],"collection":[{"href":"https:\/\/librairie7l.com\/en\/wp-json\/wp\/v2\/product"}],"about":[{"href":"https:\/\/librairie7l.com\/en\/wp-json\/wp\/v2\/types\/product"}],"wp:featuredmedia":[{"embeddable":true,"href":"https:\/\/librairie7l.com\/en\/wp-json\/wp\/v2\/media\/40414"}],"wp:attachment":[{"href":"https:\/\/librairie7l.com\/en\/wp-json\/wp\/v2\/media?parent=40416"}],"wp:term":[{"taxonomy":"product_cat","embeddable":true,"href":"https:\/\/librairie7l.com\/en\/wp-json\/wp\/v2\/product_cat?post=40416"},{"taxonomy":"product_tag","embeddable":true,"href":"https:\/\/librairie7l.com\/en\/wp-json\/wp\/v2\/product_tag?post=40416"}],"curies":[{"name":"wp","href":"https:\/\/api.w.org\/{rel}","templated":true}]}}