{"id":40424,"date":"2024-05-24T02:06:44","date_gmt":"2024-05-24T00:06:44","guid":{"rendered":"https:\/\/librairie7l.com\/?post_type=product&#038;p=40424"},"modified":"2026-04-16T00:11:01","modified_gmt":"2026-04-15T22:11:01","slug":"anselm-kiefer-a-la-tourette","status":"publish","type":"product","link":"https:\/\/librairie7l.com\/en\/produit\/anselm-kiefer-a-la-tourette\/","title":{"rendered":"ANSELM KIEFER \u00c0 LA TOURETTE"},"content":{"rendered":"<p>Tr\u00e8s impressionn\u00e9 par l&#8217;architecture de Le Corbusier, Anselm Kiefer a demeur\u00e9 trois semaines au couvent de la Tourette en 1966 et a ainsi partag\u00e9 la vie des fr\u00e8res. Il dira qu&#8217;il a per\u00e7u en ce lieu la \u00ab spiritualit\u00e9 du b\u00e9ton \u00bb &#8211; mat\u00e9riau dont on sait l&#8217;importance qu&#8217;il aura apr\u00e8s dans son oeuvre.<br \/>\nDepuis, Anselm Kiefer a trac\u00e9 dans l&#8217;art contemporain une voie originale et puissante. Ses expositions \u00e0  travers le monde dans les plus grandes institutions culturelles font de lui une figure majeure de la sc\u00e8ne artistique contemporaine : Grand Palais (Monumenta 2007), Centre Pompidou et Biblioth\u00e8que Nationale en 2016, mus\u00e9e Rodin en 2017.<br \/>\nL&#8217;initiative a \u00e9t\u00e9 prise d&#8217;inviter Anselm Kiefer \u00e0 revenir 52 ans apr\u00e8s \u00e0 La Tourette. Pour l&#8217;artiste ce retour  est comme un rendez-vous avec un lieu de spiritualit\u00e9 qui fut d\u00e9terminant pour lui. Pour l&#8217;exposition, s&#8217;est  dessin\u00e9 un choix d&#8217;oeuvres d&#8217;une grande diversit\u00e9 : sculptures monumentales, vitrines, peintures, livres&#8230;<br \/>\nLe livre pr\u00e9sentera \u00e9galement un portfolio de photographies personnelles et in\u00e9dites d&#8217;Anselm Kiefer  prises \u00e0 La Tourette, livrant son regard sur l&#8217;architecture de Le Corbusier .<br \/>\nUn texte \u00e9crit par Anselm Kiefer en 1966, \u00e0 la suite de son passage \u00e0 la Tourette, sera publi\u00e9 pour la premi\u00e8re fois, livrant un ensemble de r\u00e9flexions personnelles de l&#8217;artiste sur l&#8217;architecture, Le Corbusier, et  sur son s\u00e9jour au Couvent de La Tourette.<\/p>\n","protected":false},"excerpt":{"rendered":"<p>Tr\u00e8s impressionn\u00e9 par l&#8217;architecture de Le Corbusier, Anselm Kiefer a demeur\u00e9 trois semaines au couvent de la Tourette en 1966 et a ainsi partag\u00e9 la vie des fr\u00e8res. Il dira qu&#8217;il a per\u00e7u en ce lieu la \u00ab spiritualit\u00e9 du b\u00e9ton \u00bb &#8211; mat\u00e9riau dont on sait l&#8217;importance qu&#8217;il aura apr\u00e8s dans son oeuvre. Depuis, [&hellip;]<\/p>\n","protected":false},"featured_media":40422,"template":"","meta":[],"product_cat":[2948,2953],"product_tag":[],"acf":[],"yoast_head":"<!-- This site is optimized with the Yoast SEO plugin v20.11 - https:\/\/yoast.com\/wordpress\/plugins\/seo\/ -->\n<title>Anselm Kiefer \u00e0 La Tourette - Librairie 7L<\/title>\n<meta name=\"robots\" content=\"index, follow, max-snippet:-1, max-image-preview:large, max-video-preview:-1\" \/>\n<link rel=\"canonical\" href=\"https:\/\/librairie7l.com\/en\/produit\/anselm-kiefer-a-la-tourette\/\" \/>\n<meta property=\"og:locale\" content=\"en_US\" \/>\n<meta property=\"og:type\" content=\"article\" \/>\n<meta property=\"og:title\" content=\"Anselm Kiefer \u00e0 La Tourette - Librairie 7L\" \/>\n<meta property=\"og:description\" content=\"Tr\u00e8s impressionn\u00e9 par l&#8217;architecture de Le Corbusier, Anselm Kiefer a demeur\u00e9 trois semaines au couvent de la Tourette en 1966 et a ainsi partag\u00e9 la vie des fr\u00e8res. Il dira qu&#8217;il a per\u00e7u en ce lieu la \u00ab spiritualit\u00e9 du b\u00e9ton \u00bb &#8211; mat\u00e9riau dont on sait l&#8217;importance qu&#8217;il aura apr\u00e8s dans son oeuvre. Depuis, [&hellip;]\" \/>\n<meta property=\"og:url\" content=\"https:\/\/librairie7l.com\/en\/produit\/anselm-kiefer-a-la-tourette\/\" \/>\n<meta property=\"og:site_name\" content=\"Librairie 7L\" \/>\n<meta property=\"article:modified_time\" content=\"2026-04-15T22:11:01+00:00\" \/>\n<meta property=\"og:image\" content=\"https:\/\/librairie7l.com\/wp-content\/uploads\/2019\/03\/9782363062680_1_75.jpg\" \/>\n\t<meta property=\"og:image:width\" content=\"600\" \/>\n\t<meta property=\"og:image:height\" content=\"782\" \/>\n\t<meta property=\"og:image:type\" content=\"image\/jpeg\" \/>\n<meta name=\"twitter:card\" content=\"summary_large_image\" \/>\n<meta name=\"twitter:label1\" content=\"Est. reading time\" \/>\n\t<meta name=\"twitter:data1\" content=\"1 minute\" \/>\n<script type=\"application\/ld+json\" class=\"yoast-schema-graph\">{\"@context\":\"https:\/\/schema.org\",\"@graph\":[{\"@type\":\"WebPage\",\"@id\":\"https:\/\/librairie7l.com\/en\/produit\/anselm-kiefer-a-la-tourette\/\",\"url\":\"https:\/\/librairie7l.com\/en\/produit\/anselm-kiefer-a-la-tourette\/\",\"name\":\"Anselm Kiefer \u00e0 La Tourette - Librairie 7L\",\"isPartOf\":{\"@id\":\"https:\/\/librairie7l.com\/en\/#website\"},\"datePublished\":\"2024-05-24T00:06:44+00:00\",\"dateModified\":\"2026-04-15T22:11:01+00:00\",\"breadcrumb\":{\"@id\":\"https:\/\/librairie7l.com\/en\/produit\/anselm-kiefer-a-la-tourette\/#breadcrumb\"},\"inLanguage\":\"en-US\",\"potentialAction\":[{\"@type\":\"ReadAction\",\"target\":[\"https:\/\/librairie7l.com\/en\/produit\/anselm-kiefer-a-la-tourette\/\"]}]},{\"@type\":\"BreadcrumbList\",\"@id\":\"https:\/\/librairie7l.com\/en\/produit\/anselm-kiefer-a-la-tourette\/#breadcrumb\",\"itemListElement\":[{\"@type\":\"ListItem\",\"position\":1,\"name\":\"Accueil\",\"item\":\"https:\/\/librairie7l.com\/en\/\"},{\"@type\":\"ListItem\",\"position\":2,\"name\":\"Shop\",\"item\":\"https:\/\/librairie7l.com\/en\/shop\/\"},{\"@type\":\"ListItem\",\"position\":3,\"name\":\"ANSELM KIEFER \u00c0 LA TOURETTE\"}]},{\"@type\":\"WebSite\",\"@id\":\"https:\/\/librairie7l.com\/en\/#website\",\"url\":\"https:\/\/librairie7l.com\/en\/\",\"name\":\"Librairie 7L\",\"description\":\"Librairie fond\u00e9e en 1999 par Karl Lagerfeld \u00e0 Paris\",\"publisher\":{\"@id\":\"https:\/\/librairie7l.com\/en\/#organization\"},\"potentialAction\":[{\"@type\":\"SearchAction\",\"target\":{\"@type\":\"EntryPoint\",\"urlTemplate\":\"https:\/\/librairie7l.com\/en\/?s={search_term_string}\"},\"query-input\":\"required name=search_term_string\"}],\"inLanguage\":\"en-US\"},{\"@type\":\"Organization\",\"@id\":\"https:\/\/librairie7l.com\/en\/#organization\",\"name\":\"Librairie 7L\",\"url\":\"https:\/\/librairie7l.com\/en\/\",\"logo\":{\"@type\":\"ImageObject\",\"inLanguage\":\"en-US\",\"@id\":\"https:\/\/librairie7l.com\/en\/#\/schema\/logo\/image\/\",\"url\":\"https:\/\/librairie7l.com\/wp-content\/uploads\/2022\/08\/logo-1.png\",\"contentUrl\":\"https:\/\/librairie7l.com\/wp-content\/uploads\/2022\/08\/logo-1.png\",\"width\":227,\"height\":301,\"caption\":\"Librairie 7L\"},\"image\":{\"@id\":\"https:\/\/librairie7l.com\/en\/#\/schema\/logo\/image\/\"}}]}<\/script>\n<!-- \/ Yoast SEO plugin. -->","yoast_head_json":{"title":"Anselm Kiefer \u00e0 La Tourette - Librairie 7L","robots":{"index":"index","follow":"follow","max-snippet":"max-snippet:-1","max-image-preview":"max-image-preview:large","max-video-preview":"max-video-preview:-1"},"canonical":"https:\/\/librairie7l.com\/en\/produit\/anselm-kiefer-a-la-tourette\/","og_locale":"en_US","og_type":"article","og_title":"Anselm Kiefer \u00e0 La Tourette - Librairie 7L","og_description":"Tr\u00e8s impressionn\u00e9 par l&#8217;architecture de Le Corbusier, Anselm Kiefer a demeur\u00e9 trois semaines au couvent de la Tourette en 1966 et a ainsi partag\u00e9 la vie des fr\u00e8res. Il dira qu&#8217;il a per\u00e7u en ce lieu la \u00ab spiritualit\u00e9 du b\u00e9ton \u00bb &#8211; mat\u00e9riau dont on sait l&#8217;importance qu&#8217;il aura apr\u00e8s dans son oeuvre. Depuis, [&hellip;]","og_url":"https:\/\/librairie7l.com\/en\/produit\/anselm-kiefer-a-la-tourette\/","og_site_name":"Librairie 7L","article_modified_time":"2026-04-15T22:11:01+00:00","og_image":[{"width":600,"height":782,"url":"https:\/\/librairie7l.com\/wp-content\/uploads\/2019\/03\/9782363062680_1_75.jpg","type":"image\/jpeg"}],"twitter_card":"summary_large_image","twitter_misc":{"Est. reading time":"1 minute"},"schema":{"@context":"https:\/\/schema.org","@graph":[{"@type":"WebPage","@id":"https:\/\/librairie7l.com\/en\/produit\/anselm-kiefer-a-la-tourette\/","url":"https:\/\/librairie7l.com\/en\/produit\/anselm-kiefer-a-la-tourette\/","name":"Anselm Kiefer \u00e0 La Tourette - Librairie 7L","isPartOf":{"@id":"https:\/\/librairie7l.com\/en\/#website"},"datePublished":"2024-05-24T00:06:44+00:00","dateModified":"2026-04-15T22:11:01+00:00","breadcrumb":{"@id":"https:\/\/librairie7l.com\/en\/produit\/anselm-kiefer-a-la-tourette\/#breadcrumb"},"inLanguage":"en-US","potentialAction":[{"@type":"ReadAction","target":["https:\/\/librairie7l.com\/en\/produit\/anselm-kiefer-a-la-tourette\/"]}]},{"@type":"BreadcrumbList","@id":"https:\/\/librairie7l.com\/en\/produit\/anselm-kiefer-a-la-tourette\/#breadcrumb","itemListElement":[{"@type":"ListItem","position":1,"name":"Accueil","item":"https:\/\/librairie7l.com\/en\/"},{"@type":"ListItem","position":2,"name":"Shop","item":"https:\/\/librairie7l.com\/en\/shop\/"},{"@type":"ListItem","position":3,"name":"ANSELM KIEFER \u00c0 LA TOURETTE"}]},{"@type":"WebSite","@id":"https:\/\/librairie7l.com\/en\/#website","url":"https:\/\/librairie7l.com\/en\/","name":"Librairie 7L","description":"Librairie fond\u00e9e en 1999 par Karl Lagerfeld \u00e0 Paris","publisher":{"@id":"https:\/\/librairie7l.com\/en\/#organization"},"potentialAction":[{"@type":"SearchAction","target":{"@type":"EntryPoint","urlTemplate":"https:\/\/librairie7l.com\/en\/?s={search_term_string}"},"query-input":"required name=search_term_string"}],"inLanguage":"en-US"},{"@type":"Organization","@id":"https:\/\/librairie7l.com\/en\/#organization","name":"Librairie 7L","url":"https:\/\/librairie7l.com\/en\/","logo":{"@type":"ImageObject","inLanguage":"en-US","@id":"https:\/\/librairie7l.com\/en\/#\/schema\/logo\/image\/","url":"https:\/\/librairie7l.com\/wp-content\/uploads\/2022\/08\/logo-1.png","contentUrl":"https:\/\/librairie7l.com\/wp-content\/uploads\/2022\/08\/logo-1.png","width":227,"height":301,"caption":"Librairie 7L"},"image":{"@id":"https:\/\/librairie7l.com\/en\/#\/schema\/logo\/image\/"}}]}},"_links":{"self":[{"href":"https:\/\/librairie7l.com\/en\/wp-json\/wp\/v2\/product\/40424"}],"collection":[{"href":"https:\/\/librairie7l.com\/en\/wp-json\/wp\/v2\/product"}],"about":[{"href":"https:\/\/librairie7l.com\/en\/wp-json\/wp\/v2\/types\/product"}],"wp:featuredmedia":[{"embeddable":true,"href":"https:\/\/librairie7l.com\/en\/wp-json\/wp\/v2\/media\/40422"}],"wp:attachment":[{"href":"https:\/\/librairie7l.com\/en\/wp-json\/wp\/v2\/media?parent=40424"}],"wp:term":[{"taxonomy":"product_cat","embeddable":true,"href":"https:\/\/librairie7l.com\/en\/wp-json\/wp\/v2\/product_cat?post=40424"},{"taxonomy":"product_tag","embeddable":true,"href":"https:\/\/librairie7l.com\/en\/wp-json\/wp\/v2\/product_tag?post=40424"}],"curies":[{"name":"wp","href":"https:\/\/api.w.org\/{rel}","templated":true}]}}