{"id":40440,"date":"2024-04-19T09:18:49","date_gmt":"2024-04-19T07:18:49","guid":{"rendered":"https:\/\/librairie7l.com\/?post_type=product&#038;p=40440"},"modified":"2026-05-02T08:20:44","modified_gmt":"2026-05-02T06:20:44","slug":"mingei-art-without-heroes","status":"publish","type":"product","link":"https:\/\/librairie7l.com\/en\/produit\/mingei-art-without-heroes\/","title":{"rendered":"MINGEI &#8211; ART WITHOUT HEROES"},"content":{"rendered":"<p>Une r\u00e9flexion sur l&#8217;\u00e9volution du mouvement japonais Mingei (art populaire) dans le contexte des pr\u00e9occupations actuelles. N\u00e9 au Japon dans les ann\u00e9es 1920, le mouvement Mingei repose sur le principe que la beaut\u00e9 est inh\u00e9rente aux objets quotidiens fabriqu\u00e9s \u00e0 la main par des artisans anonymes. Dirig\u00e9 par le philosophe Yanagi Soetsu et les potiers Hamada Shoji et Bernard Leach, le mouvement cherchait \u00e0 \u00e9lever le statut de l&#8217;artisanat populaire dans une soci\u00e9t\u00e9 qui se modernisait rapidement. Pourtant, au cours des cent derni\u00e8res ann\u00e9es, le &#8220;Mingei&#8221; a acquis de nouvelles significations. Cette publication richement illustr\u00e9e est la premi\u00e8re \u00e0 les examiner sous diff\u00e9rents angles. Avec neuf essais r\u00e9dig\u00e9s par une \u00e9quipe internationale d&#8217;experts et une s\u00e9rie de profils de fabricants japonais contemporains, cet ouvrage de grande envergure couvre un large \u00e9ventail d&#8217;objets, de la c\u00e9ramique au mobilier, en passant par le kimono et la kokeshi. Les auteurs japonais, cor\u00e9ens et occidentaux ne se contentent pas d&#8217;explorer les racines historiques du mouvement, ils jettent \u00e9galement un nouvel \u00e9clairage sur la mani\u00e8re dont ses principes s&#8217;appliquent aux pr\u00e9occupations personnelles, sociales et environnementales d&#8217;aujourd&#8217;hui.<\/p>\n","protected":false},"excerpt":{"rendered":"<p>Une r\u00e9flexion sur l&#8217;\u00e9volution du mouvement japonais Mingei (art populaire) dans le contexte des pr\u00e9occupations actuelles. N\u00e9 au Japon dans les ann\u00e9es 1920, le mouvement Mingei repose sur le principe que la beaut\u00e9 est inh\u00e9rente aux objets quotidiens fabriqu\u00e9s \u00e0 la main par des artisans anonymes. Dirig\u00e9 par le philosophe Yanagi Soetsu et les potiers [&hellip;]<\/p>\n","protected":false},"featured_media":41513,"template":"","meta":[],"product_cat":[2948,2952],"product_tag":[],"acf":[],"yoast_head":"<!-- This site is optimized with the Yoast SEO plugin v20.11 - https:\/\/yoast.com\/wordpress\/plugins\/seo\/ -->\n<title>Mingei - art without heroes - Librairie 7L<\/title>\n<meta name=\"robots\" content=\"index, follow, max-snippet:-1, max-image-preview:large, max-video-preview:-1\" \/>\n<link rel=\"canonical\" href=\"https:\/\/librairie7l.com\/en\/produit\/mingei-art-without-heroes\/\" \/>\n<meta property=\"og:locale\" content=\"en_US\" \/>\n<meta property=\"og:type\" content=\"article\" \/>\n<meta property=\"og:title\" content=\"Mingei - art without heroes - Librairie 7L\" \/>\n<meta property=\"og:description\" content=\"Une r\u00e9flexion sur l&#8217;\u00e9volution du mouvement japonais Mingei (art populaire) dans le contexte des pr\u00e9occupations actuelles. N\u00e9 au Japon dans les ann\u00e9es 1920, le mouvement Mingei repose sur le principe que la beaut\u00e9 est inh\u00e9rente aux objets quotidiens fabriqu\u00e9s \u00e0 la main par des artisans anonymes. Dirig\u00e9 par le philosophe Yanagi Soetsu et les potiers [&hellip;]\" \/>\n<meta property=\"og:url\" content=\"https:\/\/librairie7l.com\/en\/produit\/mingei-art-without-heroes\/\" \/>\n<meta property=\"og:site_name\" content=\"Librairie 7L\" \/>\n<meta property=\"article:modified_time\" content=\"2026-05-02T06:20:44+00:00\" \/>\n<meta property=\"og:image\" content=\"https:\/\/librairie7l.com\/wp-content\/uploads\/2024\/02\/9780300274288_1_75.jpg\" \/>\n\t<meta property=\"og:image:width\" content=\"400\" \/>\n\t<meta property=\"og:image:height\" content=\"495\" \/>\n\t<meta property=\"og:image:type\" content=\"image\/jpeg\" \/>\n<meta name=\"twitter:card\" content=\"summary_large_image\" \/>\n<meta name=\"twitter:label1\" content=\"Est. reading time\" \/>\n\t<meta name=\"twitter:data1\" content=\"1 minute\" \/>\n<script type=\"application\/ld+json\" class=\"yoast-schema-graph\">{\"@context\":\"https:\/\/schema.org\",\"@graph\":[{\"@type\":\"WebPage\",\"@id\":\"https:\/\/librairie7l.com\/en\/produit\/mingei-art-without-heroes\/\",\"url\":\"https:\/\/librairie7l.com\/en\/produit\/mingei-art-without-heroes\/\",\"name\":\"Mingei - art without heroes - Librairie 7L\",\"isPartOf\":{\"@id\":\"https:\/\/librairie7l.com\/en\/#website\"},\"datePublished\":\"2024-04-19T07:18:49+00:00\",\"dateModified\":\"2026-05-02T06:20:44+00:00\",\"breadcrumb\":{\"@id\":\"https:\/\/librairie7l.com\/en\/produit\/mingei-art-without-heroes\/#breadcrumb\"},\"inLanguage\":\"en-US\",\"potentialAction\":[{\"@type\":\"ReadAction\",\"target\":[\"https:\/\/librairie7l.com\/en\/produit\/mingei-art-without-heroes\/\"]}]},{\"@type\":\"BreadcrumbList\",\"@id\":\"https:\/\/librairie7l.com\/en\/produit\/mingei-art-without-heroes\/#breadcrumb\",\"itemListElement\":[{\"@type\":\"ListItem\",\"position\":1,\"name\":\"Accueil\",\"item\":\"https:\/\/librairie7l.com\/en\/\"},{\"@type\":\"ListItem\",\"position\":2,\"name\":\"Shop\",\"item\":\"https:\/\/librairie7l.com\/en\/shop\/\"},{\"@type\":\"ListItem\",\"position\":3,\"name\":\"MINGEI &#8211; ART WITHOUT HEROES\"}]},{\"@type\":\"WebSite\",\"@id\":\"https:\/\/librairie7l.com\/en\/#website\",\"url\":\"https:\/\/librairie7l.com\/en\/\",\"name\":\"Librairie 7L\",\"description\":\"Librairie fond\u00e9e en 1999 par Karl Lagerfeld \u00e0 Paris\",\"publisher\":{\"@id\":\"https:\/\/librairie7l.com\/en\/#organization\"},\"potentialAction\":[{\"@type\":\"SearchAction\",\"target\":{\"@type\":\"EntryPoint\",\"urlTemplate\":\"https:\/\/librairie7l.com\/en\/?s={search_term_string}\"},\"query-input\":\"required name=search_term_string\"}],\"inLanguage\":\"en-US\"},{\"@type\":\"Organization\",\"@id\":\"https:\/\/librairie7l.com\/en\/#organization\",\"name\":\"Librairie 7L\",\"url\":\"https:\/\/librairie7l.com\/en\/\",\"logo\":{\"@type\":\"ImageObject\",\"inLanguage\":\"en-US\",\"@id\":\"https:\/\/librairie7l.com\/en\/#\/schema\/logo\/image\/\",\"url\":\"https:\/\/librairie7l.com\/wp-content\/uploads\/2022\/08\/logo-1.png\",\"contentUrl\":\"https:\/\/librairie7l.com\/wp-content\/uploads\/2022\/08\/logo-1.png\",\"width\":227,\"height\":301,\"caption\":\"Librairie 7L\"},\"image\":{\"@id\":\"https:\/\/librairie7l.com\/en\/#\/schema\/logo\/image\/\"}}]}<\/script>\n<!-- \/ Yoast SEO plugin. -->","yoast_head_json":{"title":"Mingei - art without heroes - Librairie 7L","robots":{"index":"index","follow":"follow","max-snippet":"max-snippet:-1","max-image-preview":"max-image-preview:large","max-video-preview":"max-video-preview:-1"},"canonical":"https:\/\/librairie7l.com\/en\/produit\/mingei-art-without-heroes\/","og_locale":"en_US","og_type":"article","og_title":"Mingei - art without heroes - Librairie 7L","og_description":"Une r\u00e9flexion sur l&#8217;\u00e9volution du mouvement japonais Mingei (art populaire) dans le contexte des pr\u00e9occupations actuelles. N\u00e9 au Japon dans les ann\u00e9es 1920, le mouvement Mingei repose sur le principe que la beaut\u00e9 est inh\u00e9rente aux objets quotidiens fabriqu\u00e9s \u00e0 la main par des artisans anonymes. Dirig\u00e9 par le philosophe Yanagi Soetsu et les potiers [&hellip;]","og_url":"https:\/\/librairie7l.com\/en\/produit\/mingei-art-without-heroes\/","og_site_name":"Librairie 7L","article_modified_time":"2026-05-02T06:20:44+00:00","og_image":[{"width":400,"height":495,"url":"https:\/\/librairie7l.com\/wp-content\/uploads\/2024\/02\/9780300274288_1_75.jpg","type":"image\/jpeg"}],"twitter_card":"summary_large_image","twitter_misc":{"Est. reading time":"1 minute"},"schema":{"@context":"https:\/\/schema.org","@graph":[{"@type":"WebPage","@id":"https:\/\/librairie7l.com\/en\/produit\/mingei-art-without-heroes\/","url":"https:\/\/librairie7l.com\/en\/produit\/mingei-art-without-heroes\/","name":"Mingei - art without heroes - Librairie 7L","isPartOf":{"@id":"https:\/\/librairie7l.com\/en\/#website"},"datePublished":"2024-04-19T07:18:49+00:00","dateModified":"2026-05-02T06:20:44+00:00","breadcrumb":{"@id":"https:\/\/librairie7l.com\/en\/produit\/mingei-art-without-heroes\/#breadcrumb"},"inLanguage":"en-US","potentialAction":[{"@type":"ReadAction","target":["https:\/\/librairie7l.com\/en\/produit\/mingei-art-without-heroes\/"]}]},{"@type":"BreadcrumbList","@id":"https:\/\/librairie7l.com\/en\/produit\/mingei-art-without-heroes\/#breadcrumb","itemListElement":[{"@type":"ListItem","position":1,"name":"Accueil","item":"https:\/\/librairie7l.com\/en\/"},{"@type":"ListItem","position":2,"name":"Shop","item":"https:\/\/librairie7l.com\/en\/shop\/"},{"@type":"ListItem","position":3,"name":"MINGEI &#8211; ART WITHOUT HEROES"}]},{"@type":"WebSite","@id":"https:\/\/librairie7l.com\/en\/#website","url":"https:\/\/librairie7l.com\/en\/","name":"Librairie 7L","description":"Librairie fond\u00e9e en 1999 par Karl Lagerfeld \u00e0 Paris","publisher":{"@id":"https:\/\/librairie7l.com\/en\/#organization"},"potentialAction":[{"@type":"SearchAction","target":{"@type":"EntryPoint","urlTemplate":"https:\/\/librairie7l.com\/en\/?s={search_term_string}"},"query-input":"required name=search_term_string"}],"inLanguage":"en-US"},{"@type":"Organization","@id":"https:\/\/librairie7l.com\/en\/#organization","name":"Librairie 7L","url":"https:\/\/librairie7l.com\/en\/","logo":{"@type":"ImageObject","inLanguage":"en-US","@id":"https:\/\/librairie7l.com\/en\/#\/schema\/logo\/image\/","url":"https:\/\/librairie7l.com\/wp-content\/uploads\/2022\/08\/logo-1.png","contentUrl":"https:\/\/librairie7l.com\/wp-content\/uploads\/2022\/08\/logo-1.png","width":227,"height":301,"caption":"Librairie 7L"},"image":{"@id":"https:\/\/librairie7l.com\/en\/#\/schema\/logo\/image\/"}}]}},"_links":{"self":[{"href":"https:\/\/librairie7l.com\/en\/wp-json\/wp\/v2\/product\/40440"}],"collection":[{"href":"https:\/\/librairie7l.com\/en\/wp-json\/wp\/v2\/product"}],"about":[{"href":"https:\/\/librairie7l.com\/en\/wp-json\/wp\/v2\/types\/product"}],"wp:featuredmedia":[{"embeddable":true,"href":"https:\/\/librairie7l.com\/en\/wp-json\/wp\/v2\/media\/41513"}],"wp:attachment":[{"href":"https:\/\/librairie7l.com\/en\/wp-json\/wp\/v2\/media?parent=40440"}],"wp:term":[{"taxonomy":"product_cat","embeddable":true,"href":"https:\/\/librairie7l.com\/en\/wp-json\/wp\/v2\/product_cat?post=40440"},{"taxonomy":"product_tag","embeddable":true,"href":"https:\/\/librairie7l.com\/en\/wp-json\/wp\/v2\/product_tag?post=40440"}],"curies":[{"name":"wp","href":"https:\/\/api.w.org\/{rel}","templated":true}]}}