{"id":40495,"date":"2024-04-24T09:17:51","date_gmt":"2024-04-24T07:17:51","guid":{"rendered":"https:\/\/librairie7l.com\/?post_type=product&#038;p=40495"},"modified":"2026-04-09T15:28:11","modified_gmt":"2026-04-09T13:28:11","slug":"pierre-sabatier","status":"publish","type":"product","link":"https:\/\/librairie7l.com\/en\/produit\/pierre-sabatier\/","title":{"rendered":"PIERRE SABATIER"},"content":{"rendered":"<p>Une monographie compl\u00e8te enrichie d&#8217;un catalogue de l&#8217;oeuvre de l&#8217;artiste Pierre Sabatier. Pierre Sabatier, un sculpteur hors normes Artiste en marge de tout circuit commercial et peu connu du grand public, Pierre Sabatier \u00e0 consacr\u00e9 sa vie \u00e0 l&#8217;\u00e9dification d&#8217;une oeuvre monumentale qui s&#8217;inscrit dans les grands courants artistiques des 3O glorieuses. Adh\u00e9rent au mouvement \u00ab Le mur Vivant \u00bb qui milite pour l&#8217;int\u00e9gration de l&#8217;art dans l&#8217;architecture, il s&#8217;impose comme l&#8217;un des protagonistes majeurs de ce courant. Une oeuvre titanesque Il r\u00e9alise d&#8217;abord des c\u00e9ramiques et des mosa\u00efques avant de s&#8217;orienter vers le m\u00e9tal qui restera son mat\u00e9riau de pr\u00e9dilection. D\u00e8s les ann\u00e9es 70, il collabore avec les architectes importants de l&#8217;\u00e9poque pour r\u00e9aliser des d\u00e9cors gigantesques destin\u00e9s \u00e0 des lieux publics ou les si\u00e8ges de grandes entreprises comme Axa ou BNP. La fa\u00e7ade de l&#8217;immeuble Rochas, rue Fran\u00e7ois 1er \u00e0 Paris est une de ses oeuvres les plus embl\u00e9matiques. Cet ouvrage privil\u00e9gie l&#8217;impact visuel et donne \u00e0 voir la dimension monumentale de l&#8217;oeuvre de pierre Sabatier. Il ouvre avec un portfolio de photos sign\u00e9es Fran\u00e7ois Halard pr\u00e9sentant l&#8217;atelier de l&#8217;artiste et son univers intime. Les textes sont sign\u00e9s de Fr\u00e9d\u00e9ric Migayrou, critique d&#8217;art et d&#8217;architecture, conservateur de mus\u00e9e (notamment au centre Pompidou), Anne Bony, historienne de l&#8217;art, sp\u00e9cialiste du design et des arts d\u00e9coratifs ayant publi\u00e9 de nombreux livres sur ces sujets et Axelle Corty, journaliste, sp\u00e9cialiste de l&#8217;art moderne et contemporain. Ce livre s&#8217;adresse \u00e0 un public d&#8217;amateurs et de curieux mais aussi de professionnels du march\u00e9 de l&#8217;art auxquels il manque les outils pour mieux appr\u00e9hender cette oeuvre prot\u00e9iforme. Cette \u00e9dition est compl\u00e9t\u00e9e par une version anglaise des textes pr\u00e9sent\u00e9s.<\/p>\n","protected":false},"excerpt":{"rendered":"<p>Une monographie compl\u00e8te enrichie d&#8217;un catalogue de l&#8217;oeuvre de l&#8217;artiste Pierre Sabatier. Pierre Sabatier, un sculpteur hors normes Artiste en marge de tout circuit commercial et peu connu du grand public, Pierre Sabatier \u00e0 consacr\u00e9 sa vie \u00e0 l&#8217;\u00e9dification d&#8217;une oeuvre monumentale qui s&#8217;inscrit dans les grands courants artistiques des 3O glorieuses. Adh\u00e9rent au mouvement [&hellip;]<\/p>\n","protected":false},"featured_media":40493,"template":"","meta":[],"product_cat":[2948,2953],"product_tag":[],"acf":[],"yoast_head":"<!-- This site is optimized with the Yoast SEO plugin v20.11 - https:\/\/yoast.com\/wordpress\/plugins\/seo\/ -->\n<title>Pierre Sabatier - Librairie 7L<\/title>\n<meta name=\"robots\" content=\"index, follow, max-snippet:-1, max-image-preview:large, max-video-preview:-1\" \/>\n<link rel=\"canonical\" href=\"https:\/\/librairie7l.com\/en\/produit\/pierre-sabatier\/\" \/>\n<meta property=\"og:locale\" content=\"en_US\" \/>\n<meta property=\"og:type\" content=\"article\" \/>\n<meta property=\"og:title\" content=\"Pierre Sabatier - Librairie 7L\" \/>\n<meta property=\"og:description\" content=\"Une monographie compl\u00e8te enrichie d&#8217;un catalogue de l&#8217;oeuvre de l&#8217;artiste Pierre Sabatier. Pierre Sabatier, un sculpteur hors normes Artiste en marge de tout circuit commercial et peu connu du grand public, Pierre Sabatier \u00e0 consacr\u00e9 sa vie \u00e0 l&#8217;\u00e9dification d&#8217;une oeuvre monumentale qui s&#8217;inscrit dans les grands courants artistiques des 3O glorieuses. Adh\u00e9rent au mouvement [&hellip;]\" \/>\n<meta property=\"og:url\" content=\"https:\/\/librairie7l.com\/en\/produit\/pierre-sabatier\/\" \/>\n<meta property=\"og:site_name\" content=\"Librairie 7L\" \/>\n<meta property=\"article:modified_time\" content=\"2026-04-09T13:28:11+00:00\" \/>\n<meta property=\"og:image\" content=\"https:\/\/librairie7l.com\/wp-content\/uploads\/2023\/11\/9791037511805_1_75.jpg\" \/>\n\t<meta property=\"og:image:width\" content=\"600\" \/>\n\t<meta property=\"og:image:height\" content=\"662\" \/>\n\t<meta property=\"og:image:type\" content=\"image\/jpeg\" \/>\n<meta name=\"twitter:card\" content=\"summary_large_image\" \/>\n<meta name=\"twitter:label1\" content=\"Est. reading time\" \/>\n\t<meta name=\"twitter:data1\" content=\"2 minutes\" \/>\n<script type=\"application\/ld+json\" class=\"yoast-schema-graph\">{\"@context\":\"https:\/\/schema.org\",\"@graph\":[{\"@type\":\"WebPage\",\"@id\":\"https:\/\/librairie7l.com\/en\/produit\/pierre-sabatier\/\",\"url\":\"https:\/\/librairie7l.com\/en\/produit\/pierre-sabatier\/\",\"name\":\"Pierre Sabatier - Librairie 7L\",\"isPartOf\":{\"@id\":\"https:\/\/librairie7l.com\/en\/#website\"},\"datePublished\":\"2024-04-24T07:17:51+00:00\",\"dateModified\":\"2026-04-09T13:28:11+00:00\",\"breadcrumb\":{\"@id\":\"https:\/\/librairie7l.com\/en\/produit\/pierre-sabatier\/#breadcrumb\"},\"inLanguage\":\"en-US\",\"potentialAction\":[{\"@type\":\"ReadAction\",\"target\":[\"https:\/\/librairie7l.com\/en\/produit\/pierre-sabatier\/\"]}]},{\"@type\":\"BreadcrumbList\",\"@id\":\"https:\/\/librairie7l.com\/en\/produit\/pierre-sabatier\/#breadcrumb\",\"itemListElement\":[{\"@type\":\"ListItem\",\"position\":1,\"name\":\"Accueil\",\"item\":\"https:\/\/librairie7l.com\/en\/\"},{\"@type\":\"ListItem\",\"position\":2,\"name\":\"Shop\",\"item\":\"https:\/\/librairie7l.com\/en\/shop\/\"},{\"@type\":\"ListItem\",\"position\":3,\"name\":\"PIERRE SABATIER\"}]},{\"@type\":\"WebSite\",\"@id\":\"https:\/\/librairie7l.com\/en\/#website\",\"url\":\"https:\/\/librairie7l.com\/en\/\",\"name\":\"Librairie 7L\",\"description\":\"Librairie fond\u00e9e en 1999 par Karl Lagerfeld \u00e0 Paris\",\"publisher\":{\"@id\":\"https:\/\/librairie7l.com\/en\/#organization\"},\"potentialAction\":[{\"@type\":\"SearchAction\",\"target\":{\"@type\":\"EntryPoint\",\"urlTemplate\":\"https:\/\/librairie7l.com\/en\/?s={search_term_string}\"},\"query-input\":\"required name=search_term_string\"}],\"inLanguage\":\"en-US\"},{\"@type\":\"Organization\",\"@id\":\"https:\/\/librairie7l.com\/en\/#organization\",\"name\":\"Librairie 7L\",\"url\":\"https:\/\/librairie7l.com\/en\/\",\"logo\":{\"@type\":\"ImageObject\",\"inLanguage\":\"en-US\",\"@id\":\"https:\/\/librairie7l.com\/en\/#\/schema\/logo\/image\/\",\"url\":\"https:\/\/librairie7l.com\/wp-content\/uploads\/2022\/08\/logo-1.png\",\"contentUrl\":\"https:\/\/librairie7l.com\/wp-content\/uploads\/2022\/08\/logo-1.png\",\"width\":227,\"height\":301,\"caption\":\"Librairie 7L\"},\"image\":{\"@id\":\"https:\/\/librairie7l.com\/en\/#\/schema\/logo\/image\/\"}}]}<\/script>\n<!-- \/ Yoast SEO plugin. -->","yoast_head_json":{"title":"Pierre Sabatier - Librairie 7L","robots":{"index":"index","follow":"follow","max-snippet":"max-snippet:-1","max-image-preview":"max-image-preview:large","max-video-preview":"max-video-preview:-1"},"canonical":"https:\/\/librairie7l.com\/en\/produit\/pierre-sabatier\/","og_locale":"en_US","og_type":"article","og_title":"Pierre Sabatier - Librairie 7L","og_description":"Une monographie compl\u00e8te enrichie d&#8217;un catalogue de l&#8217;oeuvre de l&#8217;artiste Pierre Sabatier. Pierre Sabatier, un sculpteur hors normes Artiste en marge de tout circuit commercial et peu connu du grand public, Pierre Sabatier \u00e0 consacr\u00e9 sa vie \u00e0 l&#8217;\u00e9dification d&#8217;une oeuvre monumentale qui s&#8217;inscrit dans les grands courants artistiques des 3O glorieuses. Adh\u00e9rent au mouvement [&hellip;]","og_url":"https:\/\/librairie7l.com\/en\/produit\/pierre-sabatier\/","og_site_name":"Librairie 7L","article_modified_time":"2026-04-09T13:28:11+00:00","og_image":[{"width":600,"height":662,"url":"https:\/\/librairie7l.com\/wp-content\/uploads\/2023\/11\/9791037511805_1_75.jpg","type":"image\/jpeg"}],"twitter_card":"summary_large_image","twitter_misc":{"Est. reading time":"2 minutes"},"schema":{"@context":"https:\/\/schema.org","@graph":[{"@type":"WebPage","@id":"https:\/\/librairie7l.com\/en\/produit\/pierre-sabatier\/","url":"https:\/\/librairie7l.com\/en\/produit\/pierre-sabatier\/","name":"Pierre Sabatier - Librairie 7L","isPartOf":{"@id":"https:\/\/librairie7l.com\/en\/#website"},"datePublished":"2024-04-24T07:17:51+00:00","dateModified":"2026-04-09T13:28:11+00:00","breadcrumb":{"@id":"https:\/\/librairie7l.com\/en\/produit\/pierre-sabatier\/#breadcrumb"},"inLanguage":"en-US","potentialAction":[{"@type":"ReadAction","target":["https:\/\/librairie7l.com\/en\/produit\/pierre-sabatier\/"]}]},{"@type":"BreadcrumbList","@id":"https:\/\/librairie7l.com\/en\/produit\/pierre-sabatier\/#breadcrumb","itemListElement":[{"@type":"ListItem","position":1,"name":"Accueil","item":"https:\/\/librairie7l.com\/en\/"},{"@type":"ListItem","position":2,"name":"Shop","item":"https:\/\/librairie7l.com\/en\/shop\/"},{"@type":"ListItem","position":3,"name":"PIERRE SABATIER"}]},{"@type":"WebSite","@id":"https:\/\/librairie7l.com\/en\/#website","url":"https:\/\/librairie7l.com\/en\/","name":"Librairie 7L","description":"Librairie fond\u00e9e en 1999 par Karl Lagerfeld \u00e0 Paris","publisher":{"@id":"https:\/\/librairie7l.com\/en\/#organization"},"potentialAction":[{"@type":"SearchAction","target":{"@type":"EntryPoint","urlTemplate":"https:\/\/librairie7l.com\/en\/?s={search_term_string}"},"query-input":"required name=search_term_string"}],"inLanguage":"en-US"},{"@type":"Organization","@id":"https:\/\/librairie7l.com\/en\/#organization","name":"Librairie 7L","url":"https:\/\/librairie7l.com\/en\/","logo":{"@type":"ImageObject","inLanguage":"en-US","@id":"https:\/\/librairie7l.com\/en\/#\/schema\/logo\/image\/","url":"https:\/\/librairie7l.com\/wp-content\/uploads\/2022\/08\/logo-1.png","contentUrl":"https:\/\/librairie7l.com\/wp-content\/uploads\/2022\/08\/logo-1.png","width":227,"height":301,"caption":"Librairie 7L"},"image":{"@id":"https:\/\/librairie7l.com\/en\/#\/schema\/logo\/image\/"}}]}},"_links":{"self":[{"href":"https:\/\/librairie7l.com\/en\/wp-json\/wp\/v2\/product\/40495"}],"collection":[{"href":"https:\/\/librairie7l.com\/en\/wp-json\/wp\/v2\/product"}],"about":[{"href":"https:\/\/librairie7l.com\/en\/wp-json\/wp\/v2\/types\/product"}],"wp:featuredmedia":[{"embeddable":true,"href":"https:\/\/librairie7l.com\/en\/wp-json\/wp\/v2\/media\/40493"}],"wp:attachment":[{"href":"https:\/\/librairie7l.com\/en\/wp-json\/wp\/v2\/media?parent=40495"}],"wp:term":[{"taxonomy":"product_cat","embeddable":true,"href":"https:\/\/librairie7l.com\/en\/wp-json\/wp\/v2\/product_cat?post=40495"},{"taxonomy":"product_tag","embeddable":true,"href":"https:\/\/librairie7l.com\/en\/wp-json\/wp\/v2\/product_tag?post=40495"}],"curies":[{"name":"wp","href":"https:\/\/api.w.org\/{rel}","templated":true}]}}