{"id":40507,"date":"2024-06-25T15:05:38","date_gmt":"2024-06-25T13:05:38","guid":{"rendered":"https:\/\/librairie7l.com\/?post_type=product&#038;p=40507"},"modified":"2026-04-07T10:56:49","modified_gmt":"2026-04-07T08:56:49","slug":"abc-manuel-de-pratiques-vertueuses-pour-penser-et-construire-les-ecoles-du-futur","status":"publish","type":"product","link":"https:\/\/librairie7l.com\/en\/produit\/abc-manuel-de-pratiques-vertueuses-pour-penser-et-construire-les-ecoles-du-futur\/","title":{"rendered":"ABC MANUEL DE PRATIQUES VERTUEUSES POUR PENSER ET CONSTRUIRE LES \u00c9COLES DU FUTUR"},"content":{"rendered":"<p>The French edition of an unconventional guide for revolutionary school design by Paris-based Ga\u00ebtan Le Penhuel Architectes &amp; Associ\u00e9s.<\/p>\n<p>Paris-based Ga\u00ebtan Le Penhuel Architectes &amp; Associ\u00e9s have made their name in the field with revolutionary designs of school buildings for nearly 30 years. Based on this wealth of experience, Ga\u00ebtan Le Penhuel presents ABC: Schools of the Future. Best Design Practices, a compact and charming guide to developing school buildings for the future that meet the needs of students.<\/p>\n<p>Each chapter focuses on one key part of these structures, such as the classroom, the schoolyard, the hallway, the auditorium, and more. In conversation with architectural publicist Alice Dubet, Le Penhuel outlines pathways to better school architecture and points out obstacles to overcome and mistakes to avoid. Quentin Vijoux&#8217;s illustrations provide easy visual access to the concepts of Ga\u00ebtan Le Penhuel Architectes &amp; Associ\u00e9s&#8211;not only for architects and teachers but also for students and their parents.<\/p>\n","protected":false},"excerpt":{"rendered":"<p>The French edition of an unconventional guide for revolutionary school design by Paris-based Ga\u00ebtan Le Penhuel Architectes &amp; Associ\u00e9s. Paris-based Ga\u00ebtan Le Penhuel Architectes &amp; Associ\u00e9s have made their name in the field with revolutionary designs of school buildings for nearly 30 years. Based on this wealth of experience, Ga\u00ebtan Le Penhuel presents ABC: Schools [&hellip;]<\/p>\n","protected":false},"featured_media":40505,"template":"","meta":[],"product_cat":[2948,2950],"product_tag":[],"acf":[],"yoast_head":"<!-- This site is optimized with the Yoast SEO plugin v20.11 - https:\/\/yoast.com\/wordpress\/plugins\/seo\/ -->\n<title>ABC manuel de pratiques vertueuses pour penser et construire les \u00e9coles du futur - Librairie 7L<\/title>\n<meta name=\"robots\" content=\"index, follow, max-snippet:-1, max-image-preview:large, max-video-preview:-1\" \/>\n<link rel=\"canonical\" href=\"https:\/\/librairie7l.com\/en\/produit\/abc-manuel-de-pratiques-vertueuses-pour-penser-et-construire-les-ecoles-du-futur\/\" \/>\n<meta property=\"og:locale\" content=\"en_US\" \/>\n<meta property=\"og:type\" content=\"article\" \/>\n<meta property=\"og:title\" content=\"ABC manuel de pratiques vertueuses pour penser et construire les \u00e9coles du futur - Librairie 7L\" \/>\n<meta property=\"og:description\" content=\"The French edition of an unconventional guide for revolutionary school design by Paris-based Ga\u00ebtan Le Penhuel Architectes &amp; Associ\u00e9s. Paris-based Ga\u00ebtan Le Penhuel Architectes &amp; Associ\u00e9s have made their name in the field with revolutionary designs of school buildings for nearly 30 years. Based on this wealth of experience, Ga\u00ebtan Le Penhuel presents ABC: Schools [&hellip;]\" \/>\n<meta property=\"og:url\" content=\"https:\/\/librairie7l.com\/en\/produit\/abc-manuel-de-pratiques-vertueuses-pour-penser-et-construire-les-ecoles-du-futur\/\" \/>\n<meta property=\"og:site_name\" content=\"Librairie 7L\" \/>\n<meta property=\"article:modified_time\" content=\"2026-04-07T08:56:49+00:00\" \/>\n<meta property=\"og:image\" content=\"https:\/\/librairie7l.com\/wp-content\/uploads\/2023\/06\/9783038603481_1_75.jpg\" \/>\n\t<meta property=\"og:image:width\" content=\"341\" \/>\n\t<meta property=\"og:image:height\" content=\"500\" \/>\n\t<meta property=\"og:image:type\" content=\"image\/jpeg\" \/>\n<meta name=\"twitter:card\" content=\"summary_large_image\" \/>\n<meta name=\"twitter:label1\" content=\"Est. reading time\" \/>\n\t<meta name=\"twitter:data1\" content=\"1 minute\" \/>\n<script type=\"application\/ld+json\" class=\"yoast-schema-graph\">{\"@context\":\"https:\/\/schema.org\",\"@graph\":[{\"@type\":\"WebPage\",\"@id\":\"https:\/\/librairie7l.com\/en\/produit\/abc-manuel-de-pratiques-vertueuses-pour-penser-et-construire-les-ecoles-du-futur\/\",\"url\":\"https:\/\/librairie7l.com\/en\/produit\/abc-manuel-de-pratiques-vertueuses-pour-penser-et-construire-les-ecoles-du-futur\/\",\"name\":\"ABC manuel de pratiques vertueuses pour penser et construire les \u00e9coles du futur - Librairie 7L\",\"isPartOf\":{\"@id\":\"https:\/\/librairie7l.com\/en\/#website\"},\"datePublished\":\"2024-06-25T13:05:38+00:00\",\"dateModified\":\"2026-04-07T08:56:49+00:00\",\"breadcrumb\":{\"@id\":\"https:\/\/librairie7l.com\/en\/produit\/abc-manuel-de-pratiques-vertueuses-pour-penser-et-construire-les-ecoles-du-futur\/#breadcrumb\"},\"inLanguage\":\"en-US\",\"potentialAction\":[{\"@type\":\"ReadAction\",\"target\":[\"https:\/\/librairie7l.com\/en\/produit\/abc-manuel-de-pratiques-vertueuses-pour-penser-et-construire-les-ecoles-du-futur\/\"]}]},{\"@type\":\"BreadcrumbList\",\"@id\":\"https:\/\/librairie7l.com\/en\/produit\/abc-manuel-de-pratiques-vertueuses-pour-penser-et-construire-les-ecoles-du-futur\/#breadcrumb\",\"itemListElement\":[{\"@type\":\"ListItem\",\"position\":1,\"name\":\"Accueil\",\"item\":\"https:\/\/librairie7l.com\/en\/\"},{\"@type\":\"ListItem\",\"position\":2,\"name\":\"Shop\",\"item\":\"https:\/\/librairie7l.com\/en\/shop\/\"},{\"@type\":\"ListItem\",\"position\":3,\"name\":\"ABC MANUEL DE PRATIQUES VERTUEUSES POUR PENSER ET CONSTRUIRE LES \u00c9COLES DU FUTUR\"}]},{\"@type\":\"WebSite\",\"@id\":\"https:\/\/librairie7l.com\/en\/#website\",\"url\":\"https:\/\/librairie7l.com\/en\/\",\"name\":\"Librairie 7L\",\"description\":\"Librairie fond\u00e9e en 1999 par Karl Lagerfeld \u00e0 Paris\",\"publisher\":{\"@id\":\"https:\/\/librairie7l.com\/en\/#organization\"},\"potentialAction\":[{\"@type\":\"SearchAction\",\"target\":{\"@type\":\"EntryPoint\",\"urlTemplate\":\"https:\/\/librairie7l.com\/en\/?s={search_term_string}\"},\"query-input\":\"required name=search_term_string\"}],\"inLanguage\":\"en-US\"},{\"@type\":\"Organization\",\"@id\":\"https:\/\/librairie7l.com\/en\/#organization\",\"name\":\"Librairie 7L\",\"url\":\"https:\/\/librairie7l.com\/en\/\",\"logo\":{\"@type\":\"ImageObject\",\"inLanguage\":\"en-US\",\"@id\":\"https:\/\/librairie7l.com\/en\/#\/schema\/logo\/image\/\",\"url\":\"https:\/\/librairie7l.com\/wp-content\/uploads\/2022\/08\/logo-1.png\",\"contentUrl\":\"https:\/\/librairie7l.com\/wp-content\/uploads\/2022\/08\/logo-1.png\",\"width\":227,\"height\":301,\"caption\":\"Librairie 7L\"},\"image\":{\"@id\":\"https:\/\/librairie7l.com\/en\/#\/schema\/logo\/image\/\"}}]}<\/script>\n<!-- \/ Yoast SEO plugin. -->","yoast_head_json":{"title":"ABC manuel de pratiques vertueuses pour penser et construire les \u00e9coles du futur - Librairie 7L","robots":{"index":"index","follow":"follow","max-snippet":"max-snippet:-1","max-image-preview":"max-image-preview:large","max-video-preview":"max-video-preview:-1"},"canonical":"https:\/\/librairie7l.com\/en\/produit\/abc-manuel-de-pratiques-vertueuses-pour-penser-et-construire-les-ecoles-du-futur\/","og_locale":"en_US","og_type":"article","og_title":"ABC manuel de pratiques vertueuses pour penser et construire les \u00e9coles du futur - Librairie 7L","og_description":"The French edition of an unconventional guide for revolutionary school design by Paris-based Ga\u00ebtan Le Penhuel Architectes &amp; Associ\u00e9s. Paris-based Ga\u00ebtan Le Penhuel Architectes &amp; Associ\u00e9s have made their name in the field with revolutionary designs of school buildings for nearly 30 years. Based on this wealth of experience, Ga\u00ebtan Le Penhuel presents ABC: Schools [&hellip;]","og_url":"https:\/\/librairie7l.com\/en\/produit\/abc-manuel-de-pratiques-vertueuses-pour-penser-et-construire-les-ecoles-du-futur\/","og_site_name":"Librairie 7L","article_modified_time":"2026-04-07T08:56:49+00:00","og_image":[{"width":341,"height":500,"url":"https:\/\/librairie7l.com\/wp-content\/uploads\/2023\/06\/9783038603481_1_75.jpg","type":"image\/jpeg"}],"twitter_card":"summary_large_image","twitter_misc":{"Est. reading time":"1 minute"},"schema":{"@context":"https:\/\/schema.org","@graph":[{"@type":"WebPage","@id":"https:\/\/librairie7l.com\/en\/produit\/abc-manuel-de-pratiques-vertueuses-pour-penser-et-construire-les-ecoles-du-futur\/","url":"https:\/\/librairie7l.com\/en\/produit\/abc-manuel-de-pratiques-vertueuses-pour-penser-et-construire-les-ecoles-du-futur\/","name":"ABC manuel de pratiques vertueuses pour penser et construire les \u00e9coles du futur - Librairie 7L","isPartOf":{"@id":"https:\/\/librairie7l.com\/en\/#website"},"datePublished":"2024-06-25T13:05:38+00:00","dateModified":"2026-04-07T08:56:49+00:00","breadcrumb":{"@id":"https:\/\/librairie7l.com\/en\/produit\/abc-manuel-de-pratiques-vertueuses-pour-penser-et-construire-les-ecoles-du-futur\/#breadcrumb"},"inLanguage":"en-US","potentialAction":[{"@type":"ReadAction","target":["https:\/\/librairie7l.com\/en\/produit\/abc-manuel-de-pratiques-vertueuses-pour-penser-et-construire-les-ecoles-du-futur\/"]}]},{"@type":"BreadcrumbList","@id":"https:\/\/librairie7l.com\/en\/produit\/abc-manuel-de-pratiques-vertueuses-pour-penser-et-construire-les-ecoles-du-futur\/#breadcrumb","itemListElement":[{"@type":"ListItem","position":1,"name":"Accueil","item":"https:\/\/librairie7l.com\/en\/"},{"@type":"ListItem","position":2,"name":"Shop","item":"https:\/\/librairie7l.com\/en\/shop\/"},{"@type":"ListItem","position":3,"name":"ABC MANUEL DE PRATIQUES VERTUEUSES POUR PENSER ET CONSTRUIRE LES \u00c9COLES DU FUTUR"}]},{"@type":"WebSite","@id":"https:\/\/librairie7l.com\/en\/#website","url":"https:\/\/librairie7l.com\/en\/","name":"Librairie 7L","description":"Librairie fond\u00e9e en 1999 par Karl Lagerfeld \u00e0 Paris","publisher":{"@id":"https:\/\/librairie7l.com\/en\/#organization"},"potentialAction":[{"@type":"SearchAction","target":{"@type":"EntryPoint","urlTemplate":"https:\/\/librairie7l.com\/en\/?s={search_term_string}"},"query-input":"required name=search_term_string"}],"inLanguage":"en-US"},{"@type":"Organization","@id":"https:\/\/librairie7l.com\/en\/#organization","name":"Librairie 7L","url":"https:\/\/librairie7l.com\/en\/","logo":{"@type":"ImageObject","inLanguage":"en-US","@id":"https:\/\/librairie7l.com\/en\/#\/schema\/logo\/image\/","url":"https:\/\/librairie7l.com\/wp-content\/uploads\/2022\/08\/logo-1.png","contentUrl":"https:\/\/librairie7l.com\/wp-content\/uploads\/2022\/08\/logo-1.png","width":227,"height":301,"caption":"Librairie 7L"},"image":{"@id":"https:\/\/librairie7l.com\/en\/#\/schema\/logo\/image\/"}}]}},"_links":{"self":[{"href":"https:\/\/librairie7l.com\/en\/wp-json\/wp\/v2\/product\/40507"}],"collection":[{"href":"https:\/\/librairie7l.com\/en\/wp-json\/wp\/v2\/product"}],"about":[{"href":"https:\/\/librairie7l.com\/en\/wp-json\/wp\/v2\/types\/product"}],"wp:featuredmedia":[{"embeddable":true,"href":"https:\/\/librairie7l.com\/en\/wp-json\/wp\/v2\/media\/40505"}],"wp:attachment":[{"href":"https:\/\/librairie7l.com\/en\/wp-json\/wp\/v2\/media?parent=40507"}],"wp:term":[{"taxonomy":"product_cat","embeddable":true,"href":"https:\/\/librairie7l.com\/en\/wp-json\/wp\/v2\/product_cat?post=40507"},{"taxonomy":"product_tag","embeddable":true,"href":"https:\/\/librairie7l.com\/en\/wp-json\/wp\/v2\/product_tag?post=40507"}],"curies":[{"name":"wp","href":"https:\/\/api.w.org\/{rel}","templated":true}]}}