{"id":40511,"date":"2024-06-25T15:05:39","date_gmt":"2024-06-25T13:05:39","guid":{"rendered":"https:\/\/librairie7l.com\/?post_type=product&#038;p=40511"},"modified":"2026-05-09T11:50:02","modified_gmt":"2026-05-09T09:50:02","slug":"travel-book-route-66","status":"publish","type":"product","link":"https:\/\/librairie7l.com\/en\/produit\/travel-book-route-66\/","title":{"rendered":"TRAVEL BOOK ROUTE 66"},"content":{"rendered":"<p>Nul autre que Thomas Ott ne pouvait s&#8217;\u00e9lancer avec autant de ferveur sur la l\u00e9gendaire route 66. De Chicago \u00e0 Santa Monica d\u00e9filent pendant trois semaines pr\u00e8s de 2 500 kilom\u00e8tres. \u00ab La route 66 est celle d&#8217;un monde oubli\u00e9. Plus personne ne l&#8217;emprunte.<br \/>\n[&#8230;] Ce sont des villes fant\u00f4mes, fig\u00e9es dans le pass\u00e9. Je raconte cette Am\u00e9rique perdue le long de la route. \u00bb \u00c0 mesure que l&#8217;horizon s&#8217;\u00e9tire, le voyageur s&#8217;enivre du mouvement, de l&#8217;espace et de la libert\u00e9. \u00c0 partir des photographies qu&#8217;il s\u00e9lectionne, Thomas Ott r\u00e9alise des calques, donne la r\u00e9plique sur la carte, puis creuse le carton noir pour faire appara\u00eetre les blancs. Chaque dessin est une fondri\u00e8re m\u00e9taphysique qui questionne le sens de la Route. L&#8217;issue du p\u00e9riple ne saurait \u00eatre un happy end, mais plus certainement un dead end.<\/p>\n","protected":false},"excerpt":{"rendered":"<p>Nul autre que Thomas Ott ne pouvait s&#8217;\u00e9lancer avec autant de ferveur sur la l\u00e9gendaire route 66. De Chicago \u00e0 Santa Monica d\u00e9filent pendant trois semaines pr\u00e8s de 2 500 kilom\u00e8tres. \u00ab La route 66 est celle d&#8217;un monde oubli\u00e9. Plus personne ne l&#8217;emprunte. [&#8230;] Ce sont des villes fant\u00f4mes, fig\u00e9es dans le pass\u00e9. Je [&hellip;]<\/p>\n","protected":false},"featured_media":40509,"template":"","meta":[],"product_cat":[2948,2958],"product_tag":[],"acf":[],"yoast_head":"<!-- This site is optimized with the Yoast SEO plugin v20.11 - https:\/\/yoast.com\/wordpress\/plugins\/seo\/ -->\n<title>Travel book Route 66 - Librairie 7L<\/title>\n<meta name=\"robots\" content=\"index, follow, max-snippet:-1, max-image-preview:large, max-video-preview:-1\" \/>\n<link rel=\"canonical\" href=\"https:\/\/librairie7l.com\/en\/produit\/travel-book-route-66\/\" \/>\n<meta property=\"og:locale\" content=\"en_US\" \/>\n<meta property=\"og:type\" content=\"article\" \/>\n<meta property=\"og:title\" content=\"Travel book Route 66 - Librairie 7L\" \/>\n<meta property=\"og:description\" content=\"Nul autre que Thomas Ott ne pouvait s&#8217;\u00e9lancer avec autant de ferveur sur la l\u00e9gendaire route 66. De Chicago \u00e0 Santa Monica d\u00e9filent pendant trois semaines pr\u00e8s de 2 500 kilom\u00e8tres. \u00ab La route 66 est celle d&#8217;un monde oubli\u00e9. Plus personne ne l&#8217;emprunte. [&#8230;] Ce sont des villes fant\u00f4mes, fig\u00e9es dans le pass\u00e9. Je [&hellip;]\" \/>\n<meta property=\"og:url\" content=\"https:\/\/librairie7l.com\/en\/produit\/travel-book-route-66\/\" \/>\n<meta property=\"og:site_name\" content=\"Librairie 7L\" \/>\n<meta property=\"article:modified_time\" content=\"2026-05-09T09:50:02+00:00\" \/>\n<meta property=\"og:image\" content=\"https:\/\/librairie7l.com\/wp-content\/uploads\/2018\/01\/9782369831402_1_75.jpg\" \/>\n\t<meta property=\"og:image:width\" content=\"869\" \/>\n\t<meta property=\"og:image:height\" content=\"600\" \/>\n\t<meta property=\"og:image:type\" content=\"image\/jpeg\" \/>\n<meta name=\"twitter:card\" content=\"summary_large_image\" \/>\n<meta name=\"twitter:label1\" content=\"Est. reading time\" \/>\n\t<meta name=\"twitter:data1\" content=\"1 minute\" \/>\n<script type=\"application\/ld+json\" class=\"yoast-schema-graph\">{\"@context\":\"https:\/\/schema.org\",\"@graph\":[{\"@type\":\"WebPage\",\"@id\":\"https:\/\/librairie7l.com\/en\/produit\/travel-book-route-66\/\",\"url\":\"https:\/\/librairie7l.com\/en\/produit\/travel-book-route-66\/\",\"name\":\"Travel book Route 66 - Librairie 7L\",\"isPartOf\":{\"@id\":\"https:\/\/librairie7l.com\/en\/#website\"},\"datePublished\":\"2024-06-25T13:05:39+00:00\",\"dateModified\":\"2026-05-09T09:50:02+00:00\",\"breadcrumb\":{\"@id\":\"https:\/\/librairie7l.com\/en\/produit\/travel-book-route-66\/#breadcrumb\"},\"inLanguage\":\"en-US\",\"potentialAction\":[{\"@type\":\"ReadAction\",\"target\":[\"https:\/\/librairie7l.com\/en\/produit\/travel-book-route-66\/\"]}]},{\"@type\":\"BreadcrumbList\",\"@id\":\"https:\/\/librairie7l.com\/en\/produit\/travel-book-route-66\/#breadcrumb\",\"itemListElement\":[{\"@type\":\"ListItem\",\"position\":1,\"name\":\"Accueil\",\"item\":\"https:\/\/librairie7l.com\/en\/\"},{\"@type\":\"ListItem\",\"position\":2,\"name\":\"Shop\",\"item\":\"https:\/\/librairie7l.com\/en\/shop\/\"},{\"@type\":\"ListItem\",\"position\":3,\"name\":\"TRAVEL BOOK ROUTE 66\"}]},{\"@type\":\"WebSite\",\"@id\":\"https:\/\/librairie7l.com\/en\/#website\",\"url\":\"https:\/\/librairie7l.com\/en\/\",\"name\":\"Librairie 7L\",\"description\":\"Librairie fond\u00e9e en 1999 par Karl Lagerfeld \u00e0 Paris\",\"publisher\":{\"@id\":\"https:\/\/librairie7l.com\/en\/#organization\"},\"potentialAction\":[{\"@type\":\"SearchAction\",\"target\":{\"@type\":\"EntryPoint\",\"urlTemplate\":\"https:\/\/librairie7l.com\/en\/?s={search_term_string}\"},\"query-input\":\"required name=search_term_string\"}],\"inLanguage\":\"en-US\"},{\"@type\":\"Organization\",\"@id\":\"https:\/\/librairie7l.com\/en\/#organization\",\"name\":\"Librairie 7L\",\"url\":\"https:\/\/librairie7l.com\/en\/\",\"logo\":{\"@type\":\"ImageObject\",\"inLanguage\":\"en-US\",\"@id\":\"https:\/\/librairie7l.com\/en\/#\/schema\/logo\/image\/\",\"url\":\"https:\/\/librairie7l.com\/wp-content\/uploads\/2022\/08\/logo-1.png\",\"contentUrl\":\"https:\/\/librairie7l.com\/wp-content\/uploads\/2022\/08\/logo-1.png\",\"width\":227,\"height\":301,\"caption\":\"Librairie 7L\"},\"image\":{\"@id\":\"https:\/\/librairie7l.com\/en\/#\/schema\/logo\/image\/\"}}]}<\/script>\n<!-- \/ Yoast SEO plugin. -->","yoast_head_json":{"title":"Travel book Route 66 - Librairie 7L","robots":{"index":"index","follow":"follow","max-snippet":"max-snippet:-1","max-image-preview":"max-image-preview:large","max-video-preview":"max-video-preview:-1"},"canonical":"https:\/\/librairie7l.com\/en\/produit\/travel-book-route-66\/","og_locale":"en_US","og_type":"article","og_title":"Travel book Route 66 - Librairie 7L","og_description":"Nul autre que Thomas Ott ne pouvait s&#8217;\u00e9lancer avec autant de ferveur sur la l\u00e9gendaire route 66. De Chicago \u00e0 Santa Monica d\u00e9filent pendant trois semaines pr\u00e8s de 2 500 kilom\u00e8tres. \u00ab La route 66 est celle d&#8217;un monde oubli\u00e9. Plus personne ne l&#8217;emprunte. [&#8230;] Ce sont des villes fant\u00f4mes, fig\u00e9es dans le pass\u00e9. Je [&hellip;]","og_url":"https:\/\/librairie7l.com\/en\/produit\/travel-book-route-66\/","og_site_name":"Librairie 7L","article_modified_time":"2026-05-09T09:50:02+00:00","og_image":[{"width":869,"height":600,"url":"https:\/\/librairie7l.com\/wp-content\/uploads\/2018\/01\/9782369831402_1_75.jpg","type":"image\/jpeg"}],"twitter_card":"summary_large_image","twitter_misc":{"Est. reading time":"1 minute"},"schema":{"@context":"https:\/\/schema.org","@graph":[{"@type":"WebPage","@id":"https:\/\/librairie7l.com\/en\/produit\/travel-book-route-66\/","url":"https:\/\/librairie7l.com\/en\/produit\/travel-book-route-66\/","name":"Travel book Route 66 - Librairie 7L","isPartOf":{"@id":"https:\/\/librairie7l.com\/en\/#website"},"datePublished":"2024-06-25T13:05:39+00:00","dateModified":"2026-05-09T09:50:02+00:00","breadcrumb":{"@id":"https:\/\/librairie7l.com\/en\/produit\/travel-book-route-66\/#breadcrumb"},"inLanguage":"en-US","potentialAction":[{"@type":"ReadAction","target":["https:\/\/librairie7l.com\/en\/produit\/travel-book-route-66\/"]}]},{"@type":"BreadcrumbList","@id":"https:\/\/librairie7l.com\/en\/produit\/travel-book-route-66\/#breadcrumb","itemListElement":[{"@type":"ListItem","position":1,"name":"Accueil","item":"https:\/\/librairie7l.com\/en\/"},{"@type":"ListItem","position":2,"name":"Shop","item":"https:\/\/librairie7l.com\/en\/shop\/"},{"@type":"ListItem","position":3,"name":"TRAVEL BOOK ROUTE 66"}]},{"@type":"WebSite","@id":"https:\/\/librairie7l.com\/en\/#website","url":"https:\/\/librairie7l.com\/en\/","name":"Librairie 7L","description":"Librairie fond\u00e9e en 1999 par Karl Lagerfeld \u00e0 Paris","publisher":{"@id":"https:\/\/librairie7l.com\/en\/#organization"},"potentialAction":[{"@type":"SearchAction","target":{"@type":"EntryPoint","urlTemplate":"https:\/\/librairie7l.com\/en\/?s={search_term_string}"},"query-input":"required name=search_term_string"}],"inLanguage":"en-US"},{"@type":"Organization","@id":"https:\/\/librairie7l.com\/en\/#organization","name":"Librairie 7L","url":"https:\/\/librairie7l.com\/en\/","logo":{"@type":"ImageObject","inLanguage":"en-US","@id":"https:\/\/librairie7l.com\/en\/#\/schema\/logo\/image\/","url":"https:\/\/librairie7l.com\/wp-content\/uploads\/2022\/08\/logo-1.png","contentUrl":"https:\/\/librairie7l.com\/wp-content\/uploads\/2022\/08\/logo-1.png","width":227,"height":301,"caption":"Librairie 7L"},"image":{"@id":"https:\/\/librairie7l.com\/en\/#\/schema\/logo\/image\/"}}]}},"_links":{"self":[{"href":"https:\/\/librairie7l.com\/en\/wp-json\/wp\/v2\/product\/40511"}],"collection":[{"href":"https:\/\/librairie7l.com\/en\/wp-json\/wp\/v2\/product"}],"about":[{"href":"https:\/\/librairie7l.com\/en\/wp-json\/wp\/v2\/types\/product"}],"wp:featuredmedia":[{"embeddable":true,"href":"https:\/\/librairie7l.com\/en\/wp-json\/wp\/v2\/media\/40509"}],"wp:attachment":[{"href":"https:\/\/librairie7l.com\/en\/wp-json\/wp\/v2\/media?parent=40511"}],"wp:term":[{"taxonomy":"product_cat","embeddable":true,"href":"https:\/\/librairie7l.com\/en\/wp-json\/wp\/v2\/product_cat?post=40511"},{"taxonomy":"product_tag","embeddable":true,"href":"https:\/\/librairie7l.com\/en\/wp-json\/wp\/v2\/product_tag?post=40511"}],"curies":[{"name":"wp","href":"https:\/\/api.w.org\/{rel}","templated":true}]}}