{"id":40515,"date":"2024-06-25T15:05:40","date_gmt":"2024-06-25T13:05:40","guid":{"rendered":"https:\/\/librairie7l.com\/?post_type=product&#038;p=40515"},"modified":"2026-04-07T09:21:54","modified_gmt":"2026-04-07T07:21:54","slug":"sols-urbains-environnement-et-sante-repenser-les-usages","status":"publish","type":"product","link":"https:\/\/librairie7l.com\/en\/produit\/sols-urbains-environnement-et-sante-repenser-les-usages\/","title":{"rendered":"SOLS URBAINS, ENVIRONNEMENT ET SANT\u00c9 : REPENSER LES USAGES"},"content":{"rendered":"<p>Certaines orientations politiques et techniques proposent de r\u00e9investir les friches, de d\u00e9velopper des jardins collectifs urbains, des cours oasis ou encore une \u00e9conomie circulaire des d\u00e9chets. La qualit\u00e9 des sols n&#8217;en reste pas moins souvent m\u00e9connue en milieu urbain. La pollution des sols en ville se trouve alors au croisement des pr\u00e9occupations de sant\u00e9 globale, de protection de l&#8217;environnement et d&#8217;utilisation durable des espaces.<br \/>\nLa longue histoire de ces sols soul\u00e8ve la question des h\u00e9ritages d&#8217;usages pass\u00e9s ou actuels potentiellement polluants. D\u00e8s lors, comment g\u00e9rer ces pollutions pour r\u00e9duire leurs impacts sur les territoires concern\u00e9s et la sant\u00e9 des habitants ? La gestion des sols influe aussi sur la qualit\u00e9 de l&#8217;air, de l&#8217;eau et sur la biodiversit\u00e9.<br \/>\nGr\u00e2ce \u00e0 une approche pluridisciplinaire, cet ouvrage apporte des \u00e9l\u00e9ments de r\u00e9ponse aux d\u00e9fi s soci\u00e9taux et sanitaires pour une ville plus durable. Des pistes prometteuses sont propos\u00e9es pour mieux prendre en compte les sols urbains dans le concept de sant\u00e9 globale, \u00e0 l&#8217;interface de la sant\u00e9 des humains, des animaux et de leur environnement, aux \u00e9chelles locales, nationale et europ\u00e9enne.<br \/>\nCet ouvrage s&#8217;adresse aux gestionnaires, urbanistes, architectes ou collectivit\u00e9s, chercheurs en sciences biotechniques et en sciences sociales, ainsi qu&#8217;aux usagers de ces environnements urbains.<\/p>\n","protected":false},"excerpt":{"rendered":"<p>Certaines orientations politiques et techniques proposent de r\u00e9investir les friches, de d\u00e9velopper des jardins collectifs urbains, des cours oasis ou encore une \u00e9conomie circulaire des d\u00e9chets. La qualit\u00e9 des sols n&#8217;en reste pas moins souvent m\u00e9connue en milieu urbain. La pollution des sols en ville se trouve alors au croisement des pr\u00e9occupations de sant\u00e9 globale, [&hellip;]<\/p>\n","protected":false},"featured_media":40513,"template":"","meta":[],"product_cat":[2948,2950],"product_tag":[],"acf":[],"yoast_head":"<!-- This site is optimized with the Yoast SEO plugin v20.11 - https:\/\/yoast.com\/wordpress\/plugins\/seo\/ -->\n<title>Sols urbains, environnement et sant\u00e9 : Repenser les usages - Librairie 7L<\/title>\n<meta name=\"robots\" content=\"index, follow, max-snippet:-1, max-image-preview:large, max-video-preview:-1\" \/>\n<link rel=\"canonical\" href=\"https:\/\/librairie7l.com\/en\/produit\/sols-urbains-environnement-et-sante-repenser-les-usages\/\" \/>\n<meta property=\"og:locale\" content=\"en_US\" \/>\n<meta property=\"og:type\" content=\"article\" \/>\n<meta property=\"og:title\" content=\"Sols urbains, environnement et sant\u00e9 : Repenser les usages - Librairie 7L\" \/>\n<meta property=\"og:description\" content=\"Certaines orientations politiques et techniques proposent de r\u00e9investir les friches, de d\u00e9velopper des jardins collectifs urbains, des cours oasis ou encore une \u00e9conomie circulaire des d\u00e9chets. La qualit\u00e9 des sols n&#8217;en reste pas moins souvent m\u00e9connue en milieu urbain. La pollution des sols en ville se trouve alors au croisement des pr\u00e9occupations de sant\u00e9 globale, [&hellip;]\" \/>\n<meta property=\"og:url\" content=\"https:\/\/librairie7l.com\/en\/produit\/sols-urbains-environnement-et-sante-repenser-les-usages\/\" \/>\n<meta property=\"og:site_name\" content=\"Librairie 7L\" \/>\n<meta property=\"article:modified_time\" content=\"2026-04-07T07:21:54+00:00\" \/>\n<meta property=\"og:image\" content=\"https:\/\/librairie7l.com\/wp-content\/uploads\/2023\/09\/9782759236848_1_75.jpg\" \/>\n\t<meta property=\"og:image:width\" content=\"600\" \/>\n\t<meta property=\"og:image:height\" content=\"857\" \/>\n\t<meta property=\"og:image:type\" content=\"image\/jpeg\" \/>\n<meta name=\"twitter:card\" content=\"summary_large_image\" \/>\n<meta name=\"twitter:label1\" content=\"Est. reading time\" \/>\n\t<meta name=\"twitter:data1\" content=\"1 minute\" \/>\n<script type=\"application\/ld+json\" class=\"yoast-schema-graph\">{\"@context\":\"https:\/\/schema.org\",\"@graph\":[{\"@type\":\"WebPage\",\"@id\":\"https:\/\/librairie7l.com\/en\/produit\/sols-urbains-environnement-et-sante-repenser-les-usages\/\",\"url\":\"https:\/\/librairie7l.com\/en\/produit\/sols-urbains-environnement-et-sante-repenser-les-usages\/\",\"name\":\"Sols urbains, environnement et sant\u00e9 : Repenser les usages - Librairie 7L\",\"isPartOf\":{\"@id\":\"https:\/\/librairie7l.com\/en\/#website\"},\"datePublished\":\"2024-06-25T13:05:40+00:00\",\"dateModified\":\"2026-04-07T07:21:54+00:00\",\"breadcrumb\":{\"@id\":\"https:\/\/librairie7l.com\/en\/produit\/sols-urbains-environnement-et-sante-repenser-les-usages\/#breadcrumb\"},\"inLanguage\":\"en-US\",\"potentialAction\":[{\"@type\":\"ReadAction\",\"target\":[\"https:\/\/librairie7l.com\/en\/produit\/sols-urbains-environnement-et-sante-repenser-les-usages\/\"]}]},{\"@type\":\"BreadcrumbList\",\"@id\":\"https:\/\/librairie7l.com\/en\/produit\/sols-urbains-environnement-et-sante-repenser-les-usages\/#breadcrumb\",\"itemListElement\":[{\"@type\":\"ListItem\",\"position\":1,\"name\":\"Accueil\",\"item\":\"https:\/\/librairie7l.com\/en\/\"},{\"@type\":\"ListItem\",\"position\":2,\"name\":\"Shop\",\"item\":\"https:\/\/librairie7l.com\/en\/shop\/\"},{\"@type\":\"ListItem\",\"position\":3,\"name\":\"SOLS URBAINS, ENVIRONNEMENT ET SANT\u00c9 : REPENSER LES USAGES\"}]},{\"@type\":\"WebSite\",\"@id\":\"https:\/\/librairie7l.com\/en\/#website\",\"url\":\"https:\/\/librairie7l.com\/en\/\",\"name\":\"Librairie 7L\",\"description\":\"Librairie fond\u00e9e en 1999 par Karl Lagerfeld \u00e0 Paris\",\"publisher\":{\"@id\":\"https:\/\/librairie7l.com\/en\/#organization\"},\"potentialAction\":[{\"@type\":\"SearchAction\",\"target\":{\"@type\":\"EntryPoint\",\"urlTemplate\":\"https:\/\/librairie7l.com\/en\/?s={search_term_string}\"},\"query-input\":\"required name=search_term_string\"}],\"inLanguage\":\"en-US\"},{\"@type\":\"Organization\",\"@id\":\"https:\/\/librairie7l.com\/en\/#organization\",\"name\":\"Librairie 7L\",\"url\":\"https:\/\/librairie7l.com\/en\/\",\"logo\":{\"@type\":\"ImageObject\",\"inLanguage\":\"en-US\",\"@id\":\"https:\/\/librairie7l.com\/en\/#\/schema\/logo\/image\/\",\"url\":\"https:\/\/librairie7l.com\/wp-content\/uploads\/2022\/08\/logo-1.png\",\"contentUrl\":\"https:\/\/librairie7l.com\/wp-content\/uploads\/2022\/08\/logo-1.png\",\"width\":227,\"height\":301,\"caption\":\"Librairie 7L\"},\"image\":{\"@id\":\"https:\/\/librairie7l.com\/en\/#\/schema\/logo\/image\/\"}}]}<\/script>\n<!-- \/ Yoast SEO plugin. -->","yoast_head_json":{"title":"Sols urbains, environnement et sant\u00e9 : Repenser les usages - Librairie 7L","robots":{"index":"index","follow":"follow","max-snippet":"max-snippet:-1","max-image-preview":"max-image-preview:large","max-video-preview":"max-video-preview:-1"},"canonical":"https:\/\/librairie7l.com\/en\/produit\/sols-urbains-environnement-et-sante-repenser-les-usages\/","og_locale":"en_US","og_type":"article","og_title":"Sols urbains, environnement et sant\u00e9 : Repenser les usages - Librairie 7L","og_description":"Certaines orientations politiques et techniques proposent de r\u00e9investir les friches, de d\u00e9velopper des jardins collectifs urbains, des cours oasis ou encore une \u00e9conomie circulaire des d\u00e9chets. La qualit\u00e9 des sols n&#8217;en reste pas moins souvent m\u00e9connue en milieu urbain. La pollution des sols en ville se trouve alors au croisement des pr\u00e9occupations de sant\u00e9 globale, [&hellip;]","og_url":"https:\/\/librairie7l.com\/en\/produit\/sols-urbains-environnement-et-sante-repenser-les-usages\/","og_site_name":"Librairie 7L","article_modified_time":"2026-04-07T07:21:54+00:00","og_image":[{"width":600,"height":857,"url":"https:\/\/librairie7l.com\/wp-content\/uploads\/2023\/09\/9782759236848_1_75.jpg","type":"image\/jpeg"}],"twitter_card":"summary_large_image","twitter_misc":{"Est. reading time":"1 minute"},"schema":{"@context":"https:\/\/schema.org","@graph":[{"@type":"WebPage","@id":"https:\/\/librairie7l.com\/en\/produit\/sols-urbains-environnement-et-sante-repenser-les-usages\/","url":"https:\/\/librairie7l.com\/en\/produit\/sols-urbains-environnement-et-sante-repenser-les-usages\/","name":"Sols urbains, environnement et sant\u00e9 : Repenser les usages - Librairie 7L","isPartOf":{"@id":"https:\/\/librairie7l.com\/en\/#website"},"datePublished":"2024-06-25T13:05:40+00:00","dateModified":"2026-04-07T07:21:54+00:00","breadcrumb":{"@id":"https:\/\/librairie7l.com\/en\/produit\/sols-urbains-environnement-et-sante-repenser-les-usages\/#breadcrumb"},"inLanguage":"en-US","potentialAction":[{"@type":"ReadAction","target":["https:\/\/librairie7l.com\/en\/produit\/sols-urbains-environnement-et-sante-repenser-les-usages\/"]}]},{"@type":"BreadcrumbList","@id":"https:\/\/librairie7l.com\/en\/produit\/sols-urbains-environnement-et-sante-repenser-les-usages\/#breadcrumb","itemListElement":[{"@type":"ListItem","position":1,"name":"Accueil","item":"https:\/\/librairie7l.com\/en\/"},{"@type":"ListItem","position":2,"name":"Shop","item":"https:\/\/librairie7l.com\/en\/shop\/"},{"@type":"ListItem","position":3,"name":"SOLS URBAINS, ENVIRONNEMENT ET SANT\u00c9 : REPENSER LES USAGES"}]},{"@type":"WebSite","@id":"https:\/\/librairie7l.com\/en\/#website","url":"https:\/\/librairie7l.com\/en\/","name":"Librairie 7L","description":"Librairie fond\u00e9e en 1999 par Karl Lagerfeld \u00e0 Paris","publisher":{"@id":"https:\/\/librairie7l.com\/en\/#organization"},"potentialAction":[{"@type":"SearchAction","target":{"@type":"EntryPoint","urlTemplate":"https:\/\/librairie7l.com\/en\/?s={search_term_string}"},"query-input":"required name=search_term_string"}],"inLanguage":"en-US"},{"@type":"Organization","@id":"https:\/\/librairie7l.com\/en\/#organization","name":"Librairie 7L","url":"https:\/\/librairie7l.com\/en\/","logo":{"@type":"ImageObject","inLanguage":"en-US","@id":"https:\/\/librairie7l.com\/en\/#\/schema\/logo\/image\/","url":"https:\/\/librairie7l.com\/wp-content\/uploads\/2022\/08\/logo-1.png","contentUrl":"https:\/\/librairie7l.com\/wp-content\/uploads\/2022\/08\/logo-1.png","width":227,"height":301,"caption":"Librairie 7L"},"image":{"@id":"https:\/\/librairie7l.com\/en\/#\/schema\/logo\/image\/"}}]}},"_links":{"self":[{"href":"https:\/\/librairie7l.com\/en\/wp-json\/wp\/v2\/product\/40515"}],"collection":[{"href":"https:\/\/librairie7l.com\/en\/wp-json\/wp\/v2\/product"}],"about":[{"href":"https:\/\/librairie7l.com\/en\/wp-json\/wp\/v2\/types\/product"}],"wp:featuredmedia":[{"embeddable":true,"href":"https:\/\/librairie7l.com\/en\/wp-json\/wp\/v2\/media\/40513"}],"wp:attachment":[{"href":"https:\/\/librairie7l.com\/en\/wp-json\/wp\/v2\/media?parent=40515"}],"wp:term":[{"taxonomy":"product_cat","embeddable":true,"href":"https:\/\/librairie7l.com\/en\/wp-json\/wp\/v2\/product_cat?post=40515"},{"taxonomy":"product_tag","embeddable":true,"href":"https:\/\/librairie7l.com\/en\/wp-json\/wp\/v2\/product_tag?post=40515"}],"curies":[{"name":"wp","href":"https:\/\/api.w.org\/{rel}","templated":true}]}}