{"id":40527,"date":"2024-06-25T15:05:56","date_gmt":"2024-06-25T13:05:56","guid":{"rendered":"https:\/\/librairie7l.com\/?post_type=product&#038;p=40527"},"modified":"2026-04-06T00:06:24","modified_gmt":"2026-04-05T22:06:24","slug":"pratiquer-lexposition-une-ecologie","status":"publish","type":"product","link":"https:\/\/librairie7l.com\/en\/produit\/pratiquer-lexposition-une-ecologie\/","title":{"rendered":"PRATIQUER L&#8217;EXPOSITION : UNE \u00c9COLOGIE"},"content":{"rendered":"<p>L&#8217;exposition temporaire, fer de lance des lieux d&#8217;art au XXIe si\u00e8cle, se voit servir les transformations d&#8217;un monde sans socle. \u00c0 l&#8217;heure d&#8217;une mont\u00e9e des expositions immersives et lieux instagrammables, comment peut-elle \u00eatre pens\u00e9e comme un bien commun agissant ? \u00catre par son usage, son agentivit\u00e9, vecteur de valeurs par lesquelles repenser le monde ? Pourquoi \u00ab faire \u00bb exposition aujourd&#8217;hui ? Quels nouveaux mod\u00e8les soustractifs peut-elle proposer ?<br \/>\nPrenant appui sur une s\u00e9lection de r\u00e9alisations construites sur l&#8217;exp\u00e9rience plus que l&#8217;objet, sur la p\u00e9dagogie plus que de l&#8217;expotainement, cet essai envisage l&#8217;exposition comme lieu d&#8217;encouragement, appareil d&#8217;une n\u00e9cessaire soutenabilit\u00e9 sociale.<\/p>\n","protected":false},"excerpt":{"rendered":"<p>L&#8217;exposition temporaire, fer de lance des lieux d&#8217;art au XXIe si\u00e8cle, se voit servir les transformations d&#8217;un monde sans socle. \u00c0 l&#8217;heure d&#8217;une mont\u00e9e des expositions immersives et lieux instagrammables, comment peut-elle \u00eatre pens\u00e9e comme un bien commun agissant ? \u00catre par son usage, son agentivit\u00e9, vecteur de valeurs par lesquelles repenser le monde ? [&hellip;]<\/p>\n","protected":false},"featured_media":40525,"template":"","meta":[],"product_cat":[2948,2950],"product_tag":[],"acf":[],"yoast_head":"<!-- This site is optimized with the Yoast SEO plugin v20.11 - https:\/\/yoast.com\/wordpress\/plugins\/seo\/ -->\n<title>Pratiquer l&#039;exposition : Une \u00e9cologie - Librairie 7L<\/title>\n<meta name=\"robots\" content=\"index, follow, max-snippet:-1, max-image-preview:large, max-video-preview:-1\" \/>\n<link rel=\"canonical\" href=\"https:\/\/librairie7l.com\/en\/produit\/pratiquer-lexposition-une-ecologie\/\" \/>\n<meta property=\"og:locale\" content=\"en_US\" \/>\n<meta property=\"og:type\" content=\"article\" \/>\n<meta property=\"og:title\" content=\"Pratiquer l&#039;exposition : Une \u00e9cologie - Librairie 7L\" \/>\n<meta property=\"og:description\" content=\"L&#8217;exposition temporaire, fer de lance des lieux d&#8217;art au XXIe si\u00e8cle, se voit servir les transformations d&#8217;un monde sans socle. \u00c0 l&#8217;heure d&#8217;une mont\u00e9e des expositions immersives et lieux instagrammables, comment peut-elle \u00eatre pens\u00e9e comme un bien commun agissant ? \u00catre par son usage, son agentivit\u00e9, vecteur de valeurs par lesquelles repenser le monde ? [&hellip;]\" \/>\n<meta property=\"og:url\" content=\"https:\/\/librairie7l.com\/en\/produit\/pratiquer-lexposition-une-ecologie\/\" \/>\n<meta property=\"og:site_name\" content=\"Librairie 7L\" \/>\n<meta property=\"article:modified_time\" content=\"2026-04-05T22:06:24+00:00\" \/>\n<meta property=\"og:image\" content=\"https:\/\/librairie7l.com\/wp-content\/uploads\/2024\/02\/9791090951334_1_75.jpg\" \/>\n\t<meta property=\"og:image:width\" content=\"600\" \/>\n\t<meta property=\"og:image:height\" content=\"896\" \/>\n\t<meta property=\"og:image:type\" content=\"image\/jpeg\" \/>\n<meta name=\"twitter:card\" content=\"summary_large_image\" \/>\n<meta name=\"twitter:label1\" content=\"Est. reading time\" \/>\n\t<meta name=\"twitter:data1\" content=\"1 minute\" \/>\n<script type=\"application\/ld+json\" class=\"yoast-schema-graph\">{\"@context\":\"https:\/\/schema.org\",\"@graph\":[{\"@type\":\"WebPage\",\"@id\":\"https:\/\/librairie7l.com\/en\/produit\/pratiquer-lexposition-une-ecologie\/\",\"url\":\"https:\/\/librairie7l.com\/en\/produit\/pratiquer-lexposition-une-ecologie\/\",\"name\":\"Pratiquer l'exposition : Une \u00e9cologie - Librairie 7L\",\"isPartOf\":{\"@id\":\"https:\/\/librairie7l.com\/en\/#website\"},\"datePublished\":\"2024-06-25T13:05:56+00:00\",\"dateModified\":\"2026-04-05T22:06:24+00:00\",\"breadcrumb\":{\"@id\":\"https:\/\/librairie7l.com\/en\/produit\/pratiquer-lexposition-une-ecologie\/#breadcrumb\"},\"inLanguage\":\"en-US\",\"potentialAction\":[{\"@type\":\"ReadAction\",\"target\":[\"https:\/\/librairie7l.com\/en\/produit\/pratiquer-lexposition-une-ecologie\/\"]}]},{\"@type\":\"BreadcrumbList\",\"@id\":\"https:\/\/librairie7l.com\/en\/produit\/pratiquer-lexposition-une-ecologie\/#breadcrumb\",\"itemListElement\":[{\"@type\":\"ListItem\",\"position\":1,\"name\":\"Accueil\",\"item\":\"https:\/\/librairie7l.com\/en\/\"},{\"@type\":\"ListItem\",\"position\":2,\"name\":\"Shop\",\"item\":\"https:\/\/librairie7l.com\/en\/shop\/\"},{\"@type\":\"ListItem\",\"position\":3,\"name\":\"PRATIQUER L&#8217;EXPOSITION : UNE \u00c9COLOGIE\"}]},{\"@type\":\"WebSite\",\"@id\":\"https:\/\/librairie7l.com\/en\/#website\",\"url\":\"https:\/\/librairie7l.com\/en\/\",\"name\":\"Librairie 7L\",\"description\":\"Librairie fond\u00e9e en 1999 par Karl Lagerfeld \u00e0 Paris\",\"publisher\":{\"@id\":\"https:\/\/librairie7l.com\/en\/#organization\"},\"potentialAction\":[{\"@type\":\"SearchAction\",\"target\":{\"@type\":\"EntryPoint\",\"urlTemplate\":\"https:\/\/librairie7l.com\/en\/?s={search_term_string}\"},\"query-input\":\"required name=search_term_string\"}],\"inLanguage\":\"en-US\"},{\"@type\":\"Organization\",\"@id\":\"https:\/\/librairie7l.com\/en\/#organization\",\"name\":\"Librairie 7L\",\"url\":\"https:\/\/librairie7l.com\/en\/\",\"logo\":{\"@type\":\"ImageObject\",\"inLanguage\":\"en-US\",\"@id\":\"https:\/\/librairie7l.com\/en\/#\/schema\/logo\/image\/\",\"url\":\"https:\/\/librairie7l.com\/wp-content\/uploads\/2022\/08\/logo-1.png\",\"contentUrl\":\"https:\/\/librairie7l.com\/wp-content\/uploads\/2022\/08\/logo-1.png\",\"width\":227,\"height\":301,\"caption\":\"Librairie 7L\"},\"image\":{\"@id\":\"https:\/\/librairie7l.com\/en\/#\/schema\/logo\/image\/\"}}]}<\/script>\n<!-- \/ Yoast SEO plugin. -->","yoast_head_json":{"title":"Pratiquer l'exposition : Une \u00e9cologie - Librairie 7L","robots":{"index":"index","follow":"follow","max-snippet":"max-snippet:-1","max-image-preview":"max-image-preview:large","max-video-preview":"max-video-preview:-1"},"canonical":"https:\/\/librairie7l.com\/en\/produit\/pratiquer-lexposition-une-ecologie\/","og_locale":"en_US","og_type":"article","og_title":"Pratiquer l'exposition : Une \u00e9cologie - Librairie 7L","og_description":"L&#8217;exposition temporaire, fer de lance des lieux d&#8217;art au XXIe si\u00e8cle, se voit servir les transformations d&#8217;un monde sans socle. \u00c0 l&#8217;heure d&#8217;une mont\u00e9e des expositions immersives et lieux instagrammables, comment peut-elle \u00eatre pens\u00e9e comme un bien commun agissant ? \u00catre par son usage, son agentivit\u00e9, vecteur de valeurs par lesquelles repenser le monde ? [&hellip;]","og_url":"https:\/\/librairie7l.com\/en\/produit\/pratiquer-lexposition-une-ecologie\/","og_site_name":"Librairie 7L","article_modified_time":"2026-04-05T22:06:24+00:00","og_image":[{"width":600,"height":896,"url":"https:\/\/librairie7l.com\/wp-content\/uploads\/2024\/02\/9791090951334_1_75.jpg","type":"image\/jpeg"}],"twitter_card":"summary_large_image","twitter_misc":{"Est. reading time":"1 minute"},"schema":{"@context":"https:\/\/schema.org","@graph":[{"@type":"WebPage","@id":"https:\/\/librairie7l.com\/en\/produit\/pratiquer-lexposition-une-ecologie\/","url":"https:\/\/librairie7l.com\/en\/produit\/pratiquer-lexposition-une-ecologie\/","name":"Pratiquer l'exposition : Une \u00e9cologie - Librairie 7L","isPartOf":{"@id":"https:\/\/librairie7l.com\/en\/#website"},"datePublished":"2024-06-25T13:05:56+00:00","dateModified":"2026-04-05T22:06:24+00:00","breadcrumb":{"@id":"https:\/\/librairie7l.com\/en\/produit\/pratiquer-lexposition-une-ecologie\/#breadcrumb"},"inLanguage":"en-US","potentialAction":[{"@type":"ReadAction","target":["https:\/\/librairie7l.com\/en\/produit\/pratiquer-lexposition-une-ecologie\/"]}]},{"@type":"BreadcrumbList","@id":"https:\/\/librairie7l.com\/en\/produit\/pratiquer-lexposition-une-ecologie\/#breadcrumb","itemListElement":[{"@type":"ListItem","position":1,"name":"Accueil","item":"https:\/\/librairie7l.com\/en\/"},{"@type":"ListItem","position":2,"name":"Shop","item":"https:\/\/librairie7l.com\/en\/shop\/"},{"@type":"ListItem","position":3,"name":"PRATIQUER L&#8217;EXPOSITION : UNE \u00c9COLOGIE"}]},{"@type":"WebSite","@id":"https:\/\/librairie7l.com\/en\/#website","url":"https:\/\/librairie7l.com\/en\/","name":"Librairie 7L","description":"Librairie fond\u00e9e en 1999 par Karl Lagerfeld \u00e0 Paris","publisher":{"@id":"https:\/\/librairie7l.com\/en\/#organization"},"potentialAction":[{"@type":"SearchAction","target":{"@type":"EntryPoint","urlTemplate":"https:\/\/librairie7l.com\/en\/?s={search_term_string}"},"query-input":"required name=search_term_string"}],"inLanguage":"en-US"},{"@type":"Organization","@id":"https:\/\/librairie7l.com\/en\/#organization","name":"Librairie 7L","url":"https:\/\/librairie7l.com\/en\/","logo":{"@type":"ImageObject","inLanguage":"en-US","@id":"https:\/\/librairie7l.com\/en\/#\/schema\/logo\/image\/","url":"https:\/\/librairie7l.com\/wp-content\/uploads\/2022\/08\/logo-1.png","contentUrl":"https:\/\/librairie7l.com\/wp-content\/uploads\/2022\/08\/logo-1.png","width":227,"height":301,"caption":"Librairie 7L"},"image":{"@id":"https:\/\/librairie7l.com\/en\/#\/schema\/logo\/image\/"}}]}},"_links":{"self":[{"href":"https:\/\/librairie7l.com\/en\/wp-json\/wp\/v2\/product\/40527"}],"collection":[{"href":"https:\/\/librairie7l.com\/en\/wp-json\/wp\/v2\/product"}],"about":[{"href":"https:\/\/librairie7l.com\/en\/wp-json\/wp\/v2\/types\/product"}],"wp:featuredmedia":[{"embeddable":true,"href":"https:\/\/librairie7l.com\/en\/wp-json\/wp\/v2\/media\/40525"}],"wp:attachment":[{"href":"https:\/\/librairie7l.com\/en\/wp-json\/wp\/v2\/media?parent=40527"}],"wp:term":[{"taxonomy":"product_cat","embeddable":true,"href":"https:\/\/librairie7l.com\/en\/wp-json\/wp\/v2\/product_cat?post=40527"},{"taxonomy":"product_tag","embeddable":true,"href":"https:\/\/librairie7l.com\/en\/wp-json\/wp\/v2\/product_tag?post=40527"}],"curies":[{"name":"wp","href":"https:\/\/api.w.org\/{rel}","templated":true}]}}