{"id":40559,"date":"2024-04-20T09:18:54","date_gmt":"2024-04-20T07:18:54","guid":{"rendered":"https:\/\/librairie7l.com\/?post_type=product&#038;p=40559"},"modified":"2026-04-11T18:26:01","modified_gmt":"2026-04-11T16:26:01","slug":"emanuele-coccia-philosophy-of-the-home","status":"publish","type":"product","link":"https:\/\/librairie7l.com\/en\/produit\/emanuele-coccia-philosophy-of-the-home\/","title":{"rendered":"EMANUELE COCCIA : PHILOSOPHY OF THE HOME"},"content":{"rendered":"<p>La casa \u00e8 l&#8217;evento morale per eccellenza. Prima che un artefatto architettonico, secondo Emanuele Coccia \u00e8 un artefatto psichico, che ci fa vivere meglio di quanto la natura consentirebbe. \u00c8 lo sforzo di adeguare noi stessi a ci\u00f2 che ci circonda e viceversa, una forma di addomesticamento reciproco tra cose e persone. \u00c8 l&#8217;estensione di ci\u00f2 che cominciamo a fare nascendo: costruire intimit\u00e0 con quel che ci sta accanto. Ecco perch\u00e9 coincide con l&#8217;io, e ci dimostra che per dire io abbiamo bisogno degli altri. Partendo dai suoi trenta traslochi, con stile affabulatorio e brillante, personalissimo, mescolando discipline diverse e analizzando argomenti in apparenza ordinari, la cucina, gli armadi, i letti e i corridoi, persino i bagni, senza tralasciare la genitorialit\u00e0, il sesso e la cura, Coccia affronta in modo appassionante un argomento ancestrale e modernissimo, che ci riguarda tutti.<\/p>\n","protected":false},"excerpt":{"rendered":"<p>La casa \u00e8 l&#8217;evento morale per eccellenza. Prima che un artefatto architettonico, secondo Emanuele Coccia \u00e8 un artefatto psichico, che ci fa vivere meglio di quanto la natura consentirebbe. \u00c8 lo sforzo di adeguare noi stessi a ci\u00f2 che ci circonda e viceversa, una forma di addomesticamento reciproco tra cose e persone. \u00c8 l&#8217;estensione di [&hellip;]<\/p>\n","protected":false},"featured_media":40557,"template":"","meta":[],"product_cat":[2948,2951],"product_tag":[],"acf":[],"yoast_head":"<!-- This site is optimized with the Yoast SEO plugin v20.11 - https:\/\/yoast.com\/wordpress\/plugins\/seo\/ -->\n<title>Emanuele Coccia : Philosophy of the home - Librairie 7L<\/title>\n<meta name=\"robots\" content=\"index, follow, max-snippet:-1, max-image-preview:large, max-video-preview:-1\" \/>\n<link rel=\"canonical\" href=\"https:\/\/librairie7l.com\/en\/produit\/emanuele-coccia-philosophy-of-the-home\/\" \/>\n<meta property=\"og:locale\" content=\"en_US\" \/>\n<meta property=\"og:type\" content=\"article\" \/>\n<meta property=\"og:title\" content=\"Emanuele Coccia : Philosophy of the home - Librairie 7L\" \/>\n<meta property=\"og:description\" content=\"La casa \u00e8 l&#8217;evento morale per eccellenza. Prima che un artefatto architettonico, secondo Emanuele Coccia \u00e8 un artefatto psichico, che ci fa vivere meglio di quanto la natura consentirebbe. \u00c8 lo sforzo di adeguare noi stessi a ci\u00f2 che ci circonda e viceversa, una forma di addomesticamento reciproco tra cose e persone. \u00c8 l&#8217;estensione di [&hellip;]\" \/>\n<meta property=\"og:url\" content=\"https:\/\/librairie7l.com\/en\/produit\/emanuele-coccia-philosophy-of-the-home\/\" \/>\n<meta property=\"og:site_name\" content=\"Librairie 7L\" \/>\n<meta property=\"article:modified_time\" content=\"2026-04-11T16:26:01+00:00\" \/>\n<meta property=\"og:image\" content=\"https:\/\/librairie7l.com\/wp-content\/uploads\/2024\/01\/9781802061017_1_75.jpg\" \/>\n\t<meta property=\"og:image:width\" content=\"325\" \/>\n\t<meta property=\"og:image:height\" content=\"500\" \/>\n\t<meta property=\"og:image:type\" content=\"image\/jpeg\" \/>\n<meta name=\"twitter:card\" content=\"summary_large_image\" \/>\n<meta name=\"twitter:label1\" content=\"Est. reading time\" \/>\n\t<meta name=\"twitter:data1\" content=\"1 minute\" \/>\n<script type=\"application\/ld+json\" class=\"yoast-schema-graph\">{\"@context\":\"https:\/\/schema.org\",\"@graph\":[{\"@type\":\"WebPage\",\"@id\":\"https:\/\/librairie7l.com\/en\/produit\/emanuele-coccia-philosophy-of-the-home\/\",\"url\":\"https:\/\/librairie7l.com\/en\/produit\/emanuele-coccia-philosophy-of-the-home\/\",\"name\":\"Emanuele Coccia : Philosophy of the home - Librairie 7L\",\"isPartOf\":{\"@id\":\"https:\/\/librairie7l.com\/en\/#website\"},\"datePublished\":\"2024-04-20T07:18:54+00:00\",\"dateModified\":\"2026-04-11T16:26:01+00:00\",\"breadcrumb\":{\"@id\":\"https:\/\/librairie7l.com\/en\/produit\/emanuele-coccia-philosophy-of-the-home\/#breadcrumb\"},\"inLanguage\":\"en-US\",\"potentialAction\":[{\"@type\":\"ReadAction\",\"target\":[\"https:\/\/librairie7l.com\/en\/produit\/emanuele-coccia-philosophy-of-the-home\/\"]}]},{\"@type\":\"BreadcrumbList\",\"@id\":\"https:\/\/librairie7l.com\/en\/produit\/emanuele-coccia-philosophy-of-the-home\/#breadcrumb\",\"itemListElement\":[{\"@type\":\"ListItem\",\"position\":1,\"name\":\"Accueil\",\"item\":\"https:\/\/librairie7l.com\/en\/\"},{\"@type\":\"ListItem\",\"position\":2,\"name\":\"Shop\",\"item\":\"https:\/\/librairie7l.com\/en\/shop\/\"},{\"@type\":\"ListItem\",\"position\":3,\"name\":\"EMANUELE COCCIA : PHILOSOPHY OF THE HOME\"}]},{\"@type\":\"WebSite\",\"@id\":\"https:\/\/librairie7l.com\/en\/#website\",\"url\":\"https:\/\/librairie7l.com\/en\/\",\"name\":\"Librairie 7L\",\"description\":\"Librairie fond\u00e9e en 1999 par Karl Lagerfeld \u00e0 Paris\",\"publisher\":{\"@id\":\"https:\/\/librairie7l.com\/en\/#organization\"},\"potentialAction\":[{\"@type\":\"SearchAction\",\"target\":{\"@type\":\"EntryPoint\",\"urlTemplate\":\"https:\/\/librairie7l.com\/en\/?s={search_term_string}\"},\"query-input\":\"required name=search_term_string\"}],\"inLanguage\":\"en-US\"},{\"@type\":\"Organization\",\"@id\":\"https:\/\/librairie7l.com\/en\/#organization\",\"name\":\"Librairie 7L\",\"url\":\"https:\/\/librairie7l.com\/en\/\",\"logo\":{\"@type\":\"ImageObject\",\"inLanguage\":\"en-US\",\"@id\":\"https:\/\/librairie7l.com\/en\/#\/schema\/logo\/image\/\",\"url\":\"https:\/\/librairie7l.com\/wp-content\/uploads\/2022\/08\/logo-1.png\",\"contentUrl\":\"https:\/\/librairie7l.com\/wp-content\/uploads\/2022\/08\/logo-1.png\",\"width\":227,\"height\":301,\"caption\":\"Librairie 7L\"},\"image\":{\"@id\":\"https:\/\/librairie7l.com\/en\/#\/schema\/logo\/image\/\"}}]}<\/script>\n<!-- \/ Yoast SEO plugin. -->","yoast_head_json":{"title":"Emanuele Coccia : Philosophy of the home - Librairie 7L","robots":{"index":"index","follow":"follow","max-snippet":"max-snippet:-1","max-image-preview":"max-image-preview:large","max-video-preview":"max-video-preview:-1"},"canonical":"https:\/\/librairie7l.com\/en\/produit\/emanuele-coccia-philosophy-of-the-home\/","og_locale":"en_US","og_type":"article","og_title":"Emanuele Coccia : Philosophy of the home - Librairie 7L","og_description":"La casa \u00e8 l&#8217;evento morale per eccellenza. Prima che un artefatto architettonico, secondo Emanuele Coccia \u00e8 un artefatto psichico, che ci fa vivere meglio di quanto la natura consentirebbe. \u00c8 lo sforzo di adeguare noi stessi a ci\u00f2 che ci circonda e viceversa, una forma di addomesticamento reciproco tra cose e persone. \u00c8 l&#8217;estensione di [&hellip;]","og_url":"https:\/\/librairie7l.com\/en\/produit\/emanuele-coccia-philosophy-of-the-home\/","og_site_name":"Librairie 7L","article_modified_time":"2026-04-11T16:26:01+00:00","og_image":[{"width":325,"height":500,"url":"https:\/\/librairie7l.com\/wp-content\/uploads\/2024\/01\/9781802061017_1_75.jpg","type":"image\/jpeg"}],"twitter_card":"summary_large_image","twitter_misc":{"Est. reading time":"1 minute"},"schema":{"@context":"https:\/\/schema.org","@graph":[{"@type":"WebPage","@id":"https:\/\/librairie7l.com\/en\/produit\/emanuele-coccia-philosophy-of-the-home\/","url":"https:\/\/librairie7l.com\/en\/produit\/emanuele-coccia-philosophy-of-the-home\/","name":"Emanuele Coccia : Philosophy of the home - Librairie 7L","isPartOf":{"@id":"https:\/\/librairie7l.com\/en\/#website"},"datePublished":"2024-04-20T07:18:54+00:00","dateModified":"2026-04-11T16:26:01+00:00","breadcrumb":{"@id":"https:\/\/librairie7l.com\/en\/produit\/emanuele-coccia-philosophy-of-the-home\/#breadcrumb"},"inLanguage":"en-US","potentialAction":[{"@type":"ReadAction","target":["https:\/\/librairie7l.com\/en\/produit\/emanuele-coccia-philosophy-of-the-home\/"]}]},{"@type":"BreadcrumbList","@id":"https:\/\/librairie7l.com\/en\/produit\/emanuele-coccia-philosophy-of-the-home\/#breadcrumb","itemListElement":[{"@type":"ListItem","position":1,"name":"Accueil","item":"https:\/\/librairie7l.com\/en\/"},{"@type":"ListItem","position":2,"name":"Shop","item":"https:\/\/librairie7l.com\/en\/shop\/"},{"@type":"ListItem","position":3,"name":"EMANUELE COCCIA : PHILOSOPHY OF THE HOME"}]},{"@type":"WebSite","@id":"https:\/\/librairie7l.com\/en\/#website","url":"https:\/\/librairie7l.com\/en\/","name":"Librairie 7L","description":"Librairie fond\u00e9e en 1999 par Karl Lagerfeld \u00e0 Paris","publisher":{"@id":"https:\/\/librairie7l.com\/en\/#organization"},"potentialAction":[{"@type":"SearchAction","target":{"@type":"EntryPoint","urlTemplate":"https:\/\/librairie7l.com\/en\/?s={search_term_string}"},"query-input":"required name=search_term_string"}],"inLanguage":"en-US"},{"@type":"Organization","@id":"https:\/\/librairie7l.com\/en\/#organization","name":"Librairie 7L","url":"https:\/\/librairie7l.com\/en\/","logo":{"@type":"ImageObject","inLanguage":"en-US","@id":"https:\/\/librairie7l.com\/en\/#\/schema\/logo\/image\/","url":"https:\/\/librairie7l.com\/wp-content\/uploads\/2022\/08\/logo-1.png","contentUrl":"https:\/\/librairie7l.com\/wp-content\/uploads\/2022\/08\/logo-1.png","width":227,"height":301,"caption":"Librairie 7L"},"image":{"@id":"https:\/\/librairie7l.com\/en\/#\/schema\/logo\/image\/"}}]}},"_links":{"self":[{"href":"https:\/\/librairie7l.com\/en\/wp-json\/wp\/v2\/product\/40559"}],"collection":[{"href":"https:\/\/librairie7l.com\/en\/wp-json\/wp\/v2\/product"}],"about":[{"href":"https:\/\/librairie7l.com\/en\/wp-json\/wp\/v2\/types\/product"}],"wp:featuredmedia":[{"embeddable":true,"href":"https:\/\/librairie7l.com\/en\/wp-json\/wp\/v2\/media\/40557"}],"wp:attachment":[{"href":"https:\/\/librairie7l.com\/en\/wp-json\/wp\/v2\/media?parent=40559"}],"wp:term":[{"taxonomy":"product_cat","embeddable":true,"href":"https:\/\/librairie7l.com\/en\/wp-json\/wp\/v2\/product_cat?post=40559"},{"taxonomy":"product_tag","embeddable":true,"href":"https:\/\/librairie7l.com\/en\/wp-json\/wp\/v2\/product_tag?post=40559"}],"curies":[{"name":"wp","href":"https:\/\/api.w.org\/{rel}","templated":true}]}}