{"id":40610,"date":"2024-04-25T09:18:19","date_gmt":"2024-04-25T07:18:19","guid":{"rendered":"https:\/\/librairie7l.com\/?post_type=product&#038;p=40610"},"modified":"2026-04-09T15:27:33","modified_gmt":"2026-04-09T13:27:33","slug":"new-gen","status":"publish","type":"product","link":"https:\/\/librairie7l.com\/en\/produit\/new-gen\/","title":{"rendered":"NEW GEN"},"content":{"rendered":"<p>La nouvelle g\u00e9n\u00e9ration de cr\u00e9ateurs visuels contemporains est dans New Gen. La quintessence de l&#8217;art urbain d&#8217;aujourd&#8217;hui.<br \/>\nA travers le regard de 25 artistes aux identit\u00e9s visuelles affirm\u00e9es, New Gen donne \u00e0 voir le meilleur de la cr\u00e9ation contemporaine dans le monde de l&#8217;image. Pr\u00e9sent\u00e9 par Fifou, ce premier opus d&#8217;une revue annuelle r\u00e9unit photographes, directeurs artistiques ou encore graphistes aux sources d&#8217;inspirations urbaines et populaires. Musique, voyage ou mode, les sujets \u00e9clectiques prennent vie dans cet ouvrage \u00e0 travers diff\u00e9rents t\u00e9moignages allant du photojournalisme \u00e0 la photo plasticienne. Dans ce recueil, la photographie s&#8217;ouvre \u00e0 l&#8217;image en g\u00e9n\u00e9ral : l\u00e0 o\u00f9 certains vont pr\u00e9f\u00e9rer la beaut\u00e9 intemporelle de l&#8217;argentique, d&#8217;autres choisissent d&#8217;explorer les nouvelles techniques comme l&#8217;intelligence artificielle pour cr\u00e9er des images modernes et impactantes. Ce livre offre un catalogue p\u00e9renne \u00e0 ces talents innovants qui repr\u00e9sentent la pop culture et forment la quintessence de l&#8217;art urbain d&#8217;aujourd&#8217;hui. D\u00e9voilant un panorama complet de la jeunesse artistique, New Gen se veut l&#8217;exposition des artistes de demain !<\/p>\n","protected":false},"excerpt":{"rendered":"<p>La nouvelle g\u00e9n\u00e9ration de cr\u00e9ateurs visuels contemporains est dans New Gen. La quintessence de l&#8217;art urbain d&#8217;aujourd&#8217;hui. A travers le regard de 25 artistes aux identit\u00e9s visuelles affirm\u00e9es, New Gen donne \u00e0 voir le meilleur de la cr\u00e9ation contemporaine dans le monde de l&#8217;image. Pr\u00e9sent\u00e9 par Fifou, ce premier opus d&#8217;une revue annuelle r\u00e9unit photographes, [&hellip;]<\/p>\n","protected":false},"featured_media":40608,"template":"","meta":[],"product_cat":[2948,2953],"product_tag":[],"acf":[],"yoast_head":"<!-- This site is optimized with the Yoast SEO plugin v20.11 - https:\/\/yoast.com\/wordpress\/plugins\/seo\/ -->\n<title>New gen - Librairie 7L<\/title>\n<meta name=\"robots\" content=\"index, follow, max-snippet:-1, max-image-preview:large, max-video-preview:-1\" \/>\n<link rel=\"canonical\" href=\"https:\/\/librairie7l.com\/en\/produit\/new-gen\/\" \/>\n<meta property=\"og:locale\" content=\"en_US\" \/>\n<meta property=\"og:type\" content=\"article\" \/>\n<meta property=\"og:title\" content=\"New gen - Librairie 7L\" \/>\n<meta property=\"og:description\" content=\"La nouvelle g\u00e9n\u00e9ration de cr\u00e9ateurs visuels contemporains est dans New Gen. La quintessence de l&#8217;art urbain d&#8217;aujourd&#8217;hui. A travers le regard de 25 artistes aux identit\u00e9s visuelles affirm\u00e9es, New Gen donne \u00e0 voir le meilleur de la cr\u00e9ation contemporaine dans le monde de l&#8217;image. Pr\u00e9sent\u00e9 par Fifou, ce premier opus d&#8217;une revue annuelle r\u00e9unit photographes, [&hellip;]\" \/>\n<meta property=\"og:url\" content=\"https:\/\/librairie7l.com\/en\/produit\/new-gen\/\" \/>\n<meta property=\"og:site_name\" content=\"Librairie 7L\" \/>\n<meta property=\"article:modified_time\" content=\"2026-04-09T13:27:33+00:00\" \/>\n<meta property=\"og:image\" content=\"https:\/\/librairie7l.com\/wp-content\/uploads\/2023\/12\/9782487292017_1_75.jpg\" \/>\n\t<meta property=\"og:image:width\" content=\"400\" \/>\n\t<meta property=\"og:image:height\" content=\"540\" \/>\n\t<meta property=\"og:image:type\" content=\"image\/jpeg\" \/>\n<meta name=\"twitter:card\" content=\"summary_large_image\" \/>\n<meta name=\"twitter:label1\" content=\"Est. reading time\" \/>\n\t<meta name=\"twitter:data1\" content=\"1 minute\" \/>\n<script type=\"application\/ld+json\" class=\"yoast-schema-graph\">{\"@context\":\"https:\/\/schema.org\",\"@graph\":[{\"@type\":\"WebPage\",\"@id\":\"https:\/\/librairie7l.com\/en\/produit\/new-gen\/\",\"url\":\"https:\/\/librairie7l.com\/en\/produit\/new-gen\/\",\"name\":\"New gen - Librairie 7L\",\"isPartOf\":{\"@id\":\"https:\/\/librairie7l.com\/en\/#website\"},\"datePublished\":\"2024-04-25T07:18:19+00:00\",\"dateModified\":\"2026-04-09T13:27:33+00:00\",\"breadcrumb\":{\"@id\":\"https:\/\/librairie7l.com\/en\/produit\/new-gen\/#breadcrumb\"},\"inLanguage\":\"en-US\",\"potentialAction\":[{\"@type\":\"ReadAction\",\"target\":[\"https:\/\/librairie7l.com\/en\/produit\/new-gen\/\"]}]},{\"@type\":\"BreadcrumbList\",\"@id\":\"https:\/\/librairie7l.com\/en\/produit\/new-gen\/#breadcrumb\",\"itemListElement\":[{\"@type\":\"ListItem\",\"position\":1,\"name\":\"Accueil\",\"item\":\"https:\/\/librairie7l.com\/en\/\"},{\"@type\":\"ListItem\",\"position\":2,\"name\":\"Shop\",\"item\":\"https:\/\/librairie7l.com\/en\/shop\/\"},{\"@type\":\"ListItem\",\"position\":3,\"name\":\"NEW GEN\"}]},{\"@type\":\"WebSite\",\"@id\":\"https:\/\/librairie7l.com\/en\/#website\",\"url\":\"https:\/\/librairie7l.com\/en\/\",\"name\":\"Librairie 7L\",\"description\":\"Librairie fond\u00e9e en 1999 par Karl Lagerfeld \u00e0 Paris\",\"publisher\":{\"@id\":\"https:\/\/librairie7l.com\/en\/#organization\"},\"potentialAction\":[{\"@type\":\"SearchAction\",\"target\":{\"@type\":\"EntryPoint\",\"urlTemplate\":\"https:\/\/librairie7l.com\/en\/?s={search_term_string}\"},\"query-input\":\"required name=search_term_string\"}],\"inLanguage\":\"en-US\"},{\"@type\":\"Organization\",\"@id\":\"https:\/\/librairie7l.com\/en\/#organization\",\"name\":\"Librairie 7L\",\"url\":\"https:\/\/librairie7l.com\/en\/\",\"logo\":{\"@type\":\"ImageObject\",\"inLanguage\":\"en-US\",\"@id\":\"https:\/\/librairie7l.com\/en\/#\/schema\/logo\/image\/\",\"url\":\"https:\/\/librairie7l.com\/wp-content\/uploads\/2022\/08\/logo-1.png\",\"contentUrl\":\"https:\/\/librairie7l.com\/wp-content\/uploads\/2022\/08\/logo-1.png\",\"width\":227,\"height\":301,\"caption\":\"Librairie 7L\"},\"image\":{\"@id\":\"https:\/\/librairie7l.com\/en\/#\/schema\/logo\/image\/\"}}]}<\/script>\n<!-- \/ Yoast SEO plugin. -->","yoast_head_json":{"title":"New gen - Librairie 7L","robots":{"index":"index","follow":"follow","max-snippet":"max-snippet:-1","max-image-preview":"max-image-preview:large","max-video-preview":"max-video-preview:-1"},"canonical":"https:\/\/librairie7l.com\/en\/produit\/new-gen\/","og_locale":"en_US","og_type":"article","og_title":"New gen - Librairie 7L","og_description":"La nouvelle g\u00e9n\u00e9ration de cr\u00e9ateurs visuels contemporains est dans New Gen. La quintessence de l&#8217;art urbain d&#8217;aujourd&#8217;hui. A travers le regard de 25 artistes aux identit\u00e9s visuelles affirm\u00e9es, New Gen donne \u00e0 voir le meilleur de la cr\u00e9ation contemporaine dans le monde de l&#8217;image. Pr\u00e9sent\u00e9 par Fifou, ce premier opus d&#8217;une revue annuelle r\u00e9unit photographes, [&hellip;]","og_url":"https:\/\/librairie7l.com\/en\/produit\/new-gen\/","og_site_name":"Librairie 7L","article_modified_time":"2026-04-09T13:27:33+00:00","og_image":[{"width":400,"height":540,"url":"https:\/\/librairie7l.com\/wp-content\/uploads\/2023\/12\/9782487292017_1_75.jpg","type":"image\/jpeg"}],"twitter_card":"summary_large_image","twitter_misc":{"Est. reading time":"1 minute"},"schema":{"@context":"https:\/\/schema.org","@graph":[{"@type":"WebPage","@id":"https:\/\/librairie7l.com\/en\/produit\/new-gen\/","url":"https:\/\/librairie7l.com\/en\/produit\/new-gen\/","name":"New gen - Librairie 7L","isPartOf":{"@id":"https:\/\/librairie7l.com\/en\/#website"},"datePublished":"2024-04-25T07:18:19+00:00","dateModified":"2026-04-09T13:27:33+00:00","breadcrumb":{"@id":"https:\/\/librairie7l.com\/en\/produit\/new-gen\/#breadcrumb"},"inLanguage":"en-US","potentialAction":[{"@type":"ReadAction","target":["https:\/\/librairie7l.com\/en\/produit\/new-gen\/"]}]},{"@type":"BreadcrumbList","@id":"https:\/\/librairie7l.com\/en\/produit\/new-gen\/#breadcrumb","itemListElement":[{"@type":"ListItem","position":1,"name":"Accueil","item":"https:\/\/librairie7l.com\/en\/"},{"@type":"ListItem","position":2,"name":"Shop","item":"https:\/\/librairie7l.com\/en\/shop\/"},{"@type":"ListItem","position":3,"name":"NEW GEN"}]},{"@type":"WebSite","@id":"https:\/\/librairie7l.com\/en\/#website","url":"https:\/\/librairie7l.com\/en\/","name":"Librairie 7L","description":"Librairie fond\u00e9e en 1999 par Karl Lagerfeld \u00e0 Paris","publisher":{"@id":"https:\/\/librairie7l.com\/en\/#organization"},"potentialAction":[{"@type":"SearchAction","target":{"@type":"EntryPoint","urlTemplate":"https:\/\/librairie7l.com\/en\/?s={search_term_string}"},"query-input":"required name=search_term_string"}],"inLanguage":"en-US"},{"@type":"Organization","@id":"https:\/\/librairie7l.com\/en\/#organization","name":"Librairie 7L","url":"https:\/\/librairie7l.com\/en\/","logo":{"@type":"ImageObject","inLanguage":"en-US","@id":"https:\/\/librairie7l.com\/en\/#\/schema\/logo\/image\/","url":"https:\/\/librairie7l.com\/wp-content\/uploads\/2022\/08\/logo-1.png","contentUrl":"https:\/\/librairie7l.com\/wp-content\/uploads\/2022\/08\/logo-1.png","width":227,"height":301,"caption":"Librairie 7L"},"image":{"@id":"https:\/\/librairie7l.com\/en\/#\/schema\/logo\/image\/"}}]}},"_links":{"self":[{"href":"https:\/\/librairie7l.com\/en\/wp-json\/wp\/v2\/product\/40610"}],"collection":[{"href":"https:\/\/librairie7l.com\/en\/wp-json\/wp\/v2\/product"}],"about":[{"href":"https:\/\/librairie7l.com\/en\/wp-json\/wp\/v2\/types\/product"}],"wp:featuredmedia":[{"embeddable":true,"href":"https:\/\/librairie7l.com\/en\/wp-json\/wp\/v2\/media\/40608"}],"wp:attachment":[{"href":"https:\/\/librairie7l.com\/en\/wp-json\/wp\/v2\/media?parent=40610"}],"wp:term":[{"taxonomy":"product_cat","embeddable":true,"href":"https:\/\/librairie7l.com\/en\/wp-json\/wp\/v2\/product_cat?post=40610"},{"taxonomy":"product_tag","embeddable":true,"href":"https:\/\/librairie7l.com\/en\/wp-json\/wp\/v2\/product_tag?post=40610"}],"curies":[{"name":"wp","href":"https:\/\/api.w.org\/{rel}","templated":true}]}}