{"id":40614,"date":"2024-04-25T09:18:23","date_gmt":"2024-04-25T07:18:23","guid":{"rendered":"https:\/\/librairie7l.com\/?post_type=product&#038;p=40614"},"modified":"2026-04-11T18:26:06","modified_gmt":"2026-04-11T16:26:06","slug":"la-bergere-refection-pas-a-pas","status":"publish","type":"product","link":"https:\/\/librairie7l.com\/en\/produit\/la-bergere-refection-pas-a-pas\/","title":{"rendered":"LA BERG\u00c8RE : R\u00c9FECTION PAS \u00c0 PAS"},"content":{"rendered":"<p>Cet ouvrage d\u00e9crit scrupuleusement les \u00e9tapes de r\u00e9fection traditionnelle et contemporaine d&#8217;un grand classique de la tapisserie fran\u00e7aise : le fauteuil Berg\u00e8re. Pas-\u00e0-pas techniques, descriptifs et sch\u00e9mas vous accompagneront dans la r\u00e9alisation de votre fauteuil en crin ou en mousse, de son d\u00e9garnissage \u00e0 sa couverture. Sanglage, fixation des ressorts, guindage, pose de la toile forte, mise en crin, d\u00e9coupe des profil\u00e9s et r\u00e9alisation du coussin&#8230; autant de techniques expliqu\u00e9es en d\u00e9tail par des artisans aux nombreuses ann\u00e9es d&#8217;exp\u00e9rience. Que vous soyez n\u00e9ophyte ou confirm\u00e9, ce livre vous donnera tous les outils pour restaurer vous-m\u00eame votre Berg\u00e8re.<\/p>\n","protected":false},"excerpt":{"rendered":"<p>Cet ouvrage d\u00e9crit scrupuleusement les \u00e9tapes de r\u00e9fection traditionnelle et contemporaine d&#8217;un grand classique de la tapisserie fran\u00e7aise : le fauteuil Berg\u00e8re. Pas-\u00e0-pas techniques, descriptifs et sch\u00e9mas vous accompagneront dans la r\u00e9alisation de votre fauteuil en crin ou en mousse, de son d\u00e9garnissage \u00e0 sa couverture. Sanglage, fixation des ressorts, guindage, pose de la toile [&hellip;]<\/p>\n","protected":false},"featured_media":40612,"template":"","meta":[],"product_cat":[2948,2952],"product_tag":[],"acf":[],"yoast_head":"<!-- This site is optimized with the Yoast SEO plugin v20.11 - https:\/\/yoast.com\/wordpress\/plugins\/seo\/ -->\n<title>La berg\u00e8re : R\u00e9fection pas \u00e0 pas - Librairie 7L<\/title>\n<meta name=\"robots\" content=\"index, follow, max-snippet:-1, max-image-preview:large, max-video-preview:-1\" \/>\n<link rel=\"canonical\" href=\"https:\/\/librairie7l.com\/en\/produit\/la-bergere-refection-pas-a-pas\/\" \/>\n<meta property=\"og:locale\" content=\"en_US\" \/>\n<meta property=\"og:type\" content=\"article\" \/>\n<meta property=\"og:title\" content=\"La berg\u00e8re : R\u00e9fection pas \u00e0 pas - Librairie 7L\" \/>\n<meta property=\"og:description\" content=\"Cet ouvrage d\u00e9crit scrupuleusement les \u00e9tapes de r\u00e9fection traditionnelle et contemporaine d&#8217;un grand classique de la tapisserie fran\u00e7aise : le fauteuil Berg\u00e8re. Pas-\u00e0-pas techniques, descriptifs et sch\u00e9mas vous accompagneront dans la r\u00e9alisation de votre fauteuil en crin ou en mousse, de son d\u00e9garnissage \u00e0 sa couverture. Sanglage, fixation des ressorts, guindage, pose de la toile [&hellip;]\" \/>\n<meta property=\"og:url\" content=\"https:\/\/librairie7l.com\/en\/produit\/la-bergere-refection-pas-a-pas\/\" \/>\n<meta property=\"og:site_name\" content=\"Librairie 7L\" \/>\n<meta property=\"article:modified_time\" content=\"2026-04-11T16:26:06+00:00\" \/>\n<meta property=\"og:image\" content=\"https:\/\/librairie7l.com\/wp-content\/uploads\/2023\/11\/9782851012661_1_75.jpg\" \/>\n\t<meta property=\"og:image:width\" content=\"600\" \/>\n\t<meta property=\"og:image:height\" content=\"800\" \/>\n\t<meta property=\"og:image:type\" content=\"image\/jpeg\" \/>\n<meta name=\"twitter:card\" content=\"summary_large_image\" \/>\n<meta name=\"twitter:label1\" content=\"Est. reading time\" \/>\n\t<meta name=\"twitter:data1\" content=\"1 minute\" \/>\n<script type=\"application\/ld+json\" class=\"yoast-schema-graph\">{\"@context\":\"https:\/\/schema.org\",\"@graph\":[{\"@type\":\"WebPage\",\"@id\":\"https:\/\/librairie7l.com\/en\/produit\/la-bergere-refection-pas-a-pas\/\",\"url\":\"https:\/\/librairie7l.com\/en\/produit\/la-bergere-refection-pas-a-pas\/\",\"name\":\"La berg\u00e8re : R\u00e9fection pas \u00e0 pas - Librairie 7L\",\"isPartOf\":{\"@id\":\"https:\/\/librairie7l.com\/en\/#website\"},\"datePublished\":\"2024-04-25T07:18:23+00:00\",\"dateModified\":\"2026-04-11T16:26:06+00:00\",\"breadcrumb\":{\"@id\":\"https:\/\/librairie7l.com\/en\/produit\/la-bergere-refection-pas-a-pas\/#breadcrumb\"},\"inLanguage\":\"en-US\",\"potentialAction\":[{\"@type\":\"ReadAction\",\"target\":[\"https:\/\/librairie7l.com\/en\/produit\/la-bergere-refection-pas-a-pas\/\"]}]},{\"@type\":\"BreadcrumbList\",\"@id\":\"https:\/\/librairie7l.com\/en\/produit\/la-bergere-refection-pas-a-pas\/#breadcrumb\",\"itemListElement\":[{\"@type\":\"ListItem\",\"position\":1,\"name\":\"Accueil\",\"item\":\"https:\/\/librairie7l.com\/en\/\"},{\"@type\":\"ListItem\",\"position\":2,\"name\":\"Shop\",\"item\":\"https:\/\/librairie7l.com\/en\/shop\/\"},{\"@type\":\"ListItem\",\"position\":3,\"name\":\"LA BERG\u00c8RE : R\u00c9FECTION PAS \u00c0 PAS\"}]},{\"@type\":\"WebSite\",\"@id\":\"https:\/\/librairie7l.com\/en\/#website\",\"url\":\"https:\/\/librairie7l.com\/en\/\",\"name\":\"Librairie 7L\",\"description\":\"Librairie fond\u00e9e en 1999 par Karl Lagerfeld \u00e0 Paris\",\"publisher\":{\"@id\":\"https:\/\/librairie7l.com\/en\/#organization\"},\"potentialAction\":[{\"@type\":\"SearchAction\",\"target\":{\"@type\":\"EntryPoint\",\"urlTemplate\":\"https:\/\/librairie7l.com\/en\/?s={search_term_string}\"},\"query-input\":\"required name=search_term_string\"}],\"inLanguage\":\"en-US\"},{\"@type\":\"Organization\",\"@id\":\"https:\/\/librairie7l.com\/en\/#organization\",\"name\":\"Librairie 7L\",\"url\":\"https:\/\/librairie7l.com\/en\/\",\"logo\":{\"@type\":\"ImageObject\",\"inLanguage\":\"en-US\",\"@id\":\"https:\/\/librairie7l.com\/en\/#\/schema\/logo\/image\/\",\"url\":\"https:\/\/librairie7l.com\/wp-content\/uploads\/2022\/08\/logo-1.png\",\"contentUrl\":\"https:\/\/librairie7l.com\/wp-content\/uploads\/2022\/08\/logo-1.png\",\"width\":227,\"height\":301,\"caption\":\"Librairie 7L\"},\"image\":{\"@id\":\"https:\/\/librairie7l.com\/en\/#\/schema\/logo\/image\/\"}}]}<\/script>\n<!-- \/ Yoast SEO plugin. -->","yoast_head_json":{"title":"La berg\u00e8re : R\u00e9fection pas \u00e0 pas - Librairie 7L","robots":{"index":"index","follow":"follow","max-snippet":"max-snippet:-1","max-image-preview":"max-image-preview:large","max-video-preview":"max-video-preview:-1"},"canonical":"https:\/\/librairie7l.com\/en\/produit\/la-bergere-refection-pas-a-pas\/","og_locale":"en_US","og_type":"article","og_title":"La berg\u00e8re : R\u00e9fection pas \u00e0 pas - Librairie 7L","og_description":"Cet ouvrage d\u00e9crit scrupuleusement les \u00e9tapes de r\u00e9fection traditionnelle et contemporaine d&#8217;un grand classique de la tapisserie fran\u00e7aise : le fauteuil Berg\u00e8re. Pas-\u00e0-pas techniques, descriptifs et sch\u00e9mas vous accompagneront dans la r\u00e9alisation de votre fauteuil en crin ou en mousse, de son d\u00e9garnissage \u00e0 sa couverture. Sanglage, fixation des ressorts, guindage, pose de la toile [&hellip;]","og_url":"https:\/\/librairie7l.com\/en\/produit\/la-bergere-refection-pas-a-pas\/","og_site_name":"Librairie 7L","article_modified_time":"2026-04-11T16:26:06+00:00","og_image":[{"width":600,"height":800,"url":"https:\/\/librairie7l.com\/wp-content\/uploads\/2023\/11\/9782851012661_1_75.jpg","type":"image\/jpeg"}],"twitter_card":"summary_large_image","twitter_misc":{"Est. reading time":"1 minute"},"schema":{"@context":"https:\/\/schema.org","@graph":[{"@type":"WebPage","@id":"https:\/\/librairie7l.com\/en\/produit\/la-bergere-refection-pas-a-pas\/","url":"https:\/\/librairie7l.com\/en\/produit\/la-bergere-refection-pas-a-pas\/","name":"La berg\u00e8re : R\u00e9fection pas \u00e0 pas - Librairie 7L","isPartOf":{"@id":"https:\/\/librairie7l.com\/en\/#website"},"datePublished":"2024-04-25T07:18:23+00:00","dateModified":"2026-04-11T16:26:06+00:00","breadcrumb":{"@id":"https:\/\/librairie7l.com\/en\/produit\/la-bergere-refection-pas-a-pas\/#breadcrumb"},"inLanguage":"en-US","potentialAction":[{"@type":"ReadAction","target":["https:\/\/librairie7l.com\/en\/produit\/la-bergere-refection-pas-a-pas\/"]}]},{"@type":"BreadcrumbList","@id":"https:\/\/librairie7l.com\/en\/produit\/la-bergere-refection-pas-a-pas\/#breadcrumb","itemListElement":[{"@type":"ListItem","position":1,"name":"Accueil","item":"https:\/\/librairie7l.com\/en\/"},{"@type":"ListItem","position":2,"name":"Shop","item":"https:\/\/librairie7l.com\/en\/shop\/"},{"@type":"ListItem","position":3,"name":"LA BERG\u00c8RE : R\u00c9FECTION PAS \u00c0 PAS"}]},{"@type":"WebSite","@id":"https:\/\/librairie7l.com\/en\/#website","url":"https:\/\/librairie7l.com\/en\/","name":"Librairie 7L","description":"Librairie fond\u00e9e en 1999 par Karl Lagerfeld \u00e0 Paris","publisher":{"@id":"https:\/\/librairie7l.com\/en\/#organization"},"potentialAction":[{"@type":"SearchAction","target":{"@type":"EntryPoint","urlTemplate":"https:\/\/librairie7l.com\/en\/?s={search_term_string}"},"query-input":"required name=search_term_string"}],"inLanguage":"en-US"},{"@type":"Organization","@id":"https:\/\/librairie7l.com\/en\/#organization","name":"Librairie 7L","url":"https:\/\/librairie7l.com\/en\/","logo":{"@type":"ImageObject","inLanguage":"en-US","@id":"https:\/\/librairie7l.com\/en\/#\/schema\/logo\/image\/","url":"https:\/\/librairie7l.com\/wp-content\/uploads\/2022\/08\/logo-1.png","contentUrl":"https:\/\/librairie7l.com\/wp-content\/uploads\/2022\/08\/logo-1.png","width":227,"height":301,"caption":"Librairie 7L"},"image":{"@id":"https:\/\/librairie7l.com\/en\/#\/schema\/logo\/image\/"}}]}},"_links":{"self":[{"href":"https:\/\/librairie7l.com\/en\/wp-json\/wp\/v2\/product\/40614"}],"collection":[{"href":"https:\/\/librairie7l.com\/en\/wp-json\/wp\/v2\/product"}],"about":[{"href":"https:\/\/librairie7l.com\/en\/wp-json\/wp\/v2\/types\/product"}],"wp:featuredmedia":[{"embeddable":true,"href":"https:\/\/librairie7l.com\/en\/wp-json\/wp\/v2\/media\/40612"}],"wp:attachment":[{"href":"https:\/\/librairie7l.com\/en\/wp-json\/wp\/v2\/media?parent=40614"}],"wp:term":[{"taxonomy":"product_cat","embeddable":true,"href":"https:\/\/librairie7l.com\/en\/wp-json\/wp\/v2\/product_cat?post=40614"},{"taxonomy":"product_tag","embeddable":true,"href":"https:\/\/librairie7l.com\/en\/wp-json\/wp\/v2\/product_tag?post=40614"}],"curies":[{"name":"wp","href":"https:\/\/api.w.org\/{rel}","templated":true}]}}