{"id":40622,"date":"2024-06-07T02:05:35","date_gmt":"2024-06-07T00:05:35","guid":{"rendered":"https:\/\/librairie7l.com\/?post_type=product&#038;p=40622"},"modified":"2026-04-29T03:32:43","modified_gmt":"2026-04-29T01:32:43","slug":"fun-archeology","status":"publish","type":"product","link":"https:\/\/librairie7l.com\/en\/produit\/fun-archeology\/","title":{"rendered":"FUN ARCHEOLOGY"},"content":{"rendered":"<p>The Fun Archaeology s&#8217;inscrit dans la tradition du livre d&#8217;artiste, il pr\u00e9sente la collection prot\u00e9iforme imagin\u00e9e par l&#8217;artiste fran\u00e7ais Thomas Mailaender. Depuis plus de dix ans ce dernier a rassembl\u00e9 des milliers de documents collect\u00e9s aussi bien aux puces, sur le net, dans des ventes de charit\u00e9 qu&#8217;\u00e0 m\u00eame la rue. Un large spectre de mat\u00e9riel qui va de la relique de guerre \u00e0 la photographie pornographique vintage, de l&#8217;album de photo de famille au tract politique, de la cr\u00e9ation amateur \u00e0 l&#8217;\u00e9preuve d&#8217;artiste sign\u00e9e. En ordonnant et confrontant ces documents Thomas Mailaender propose son arch\u00e9ologie personnelle et visuelle du 20\u00e8me si\u00e8cle. Chacune des images s\u00e9lectionn\u00e9es pour la publication est l\u00e9gend\u00e9e et restitu\u00e9e dans son contexte d&#8217;origine dans un index \u00e0 la fin du livre.<\/p>\n","protected":false},"excerpt":{"rendered":"<p>The Fun Archaeology s&#8217;inscrit dans la tradition du livre d&#8217;artiste, il pr\u00e9sente la collection prot\u00e9iforme imagin\u00e9e par l&#8217;artiste fran\u00e7ais Thomas Mailaender. Depuis plus de dix ans ce dernier a rassembl\u00e9 des milliers de documents collect\u00e9s aussi bien aux puces, sur le net, dans des ventes de charit\u00e9 qu&#8217;\u00e0 m\u00eame la rue. Un large spectre de [&hellip;]<\/p>\n","protected":false},"featured_media":40620,"template":"","meta":[],"product_cat":[2948,2953],"product_tag":[],"acf":[],"yoast_head":"<!-- This site is optimized with the Yoast SEO plugin v20.11 - https:\/\/yoast.com\/wordpress\/plugins\/seo\/ -->\n<title>Fun archeology - Librairie 7L<\/title>\n<meta name=\"robots\" content=\"index, follow, max-snippet:-1, max-image-preview:large, max-video-preview:-1\" \/>\n<link rel=\"canonical\" href=\"https:\/\/librairie7l.com\/en\/produit\/fun-archeology\/\" \/>\n<meta property=\"og:locale\" content=\"en_US\" \/>\n<meta property=\"og:type\" content=\"article\" \/>\n<meta property=\"og:title\" content=\"Fun archeology - Librairie 7L\" \/>\n<meta property=\"og:description\" content=\"The Fun Archaeology s&#8217;inscrit dans la tradition du livre d&#8217;artiste, il pr\u00e9sente la collection prot\u00e9iforme imagin\u00e9e par l&#8217;artiste fran\u00e7ais Thomas Mailaender. Depuis plus de dix ans ce dernier a rassembl\u00e9 des milliers de documents collect\u00e9s aussi bien aux puces, sur le net, dans des ventes de charit\u00e9 qu&#8217;\u00e0 m\u00eame la rue. Un large spectre de [&hellip;]\" \/>\n<meta property=\"og:url\" content=\"https:\/\/librairie7l.com\/en\/produit\/fun-archeology\/\" \/>\n<meta property=\"og:site_name\" content=\"Librairie 7L\" \/>\n<meta property=\"article:modified_time\" content=\"2026-04-29T01:32:43+00:00\" \/>\n<meta property=\"og:image\" content=\"https:\/\/librairie7l.com\/wp-content\/uploads\/2018\/03\/9791090306745_1_75.jpg\" \/>\n\t<meta property=\"og:image:width\" content=\"199\" \/>\n\t<meta property=\"og:image:height\" content=\"254\" \/>\n\t<meta property=\"og:image:type\" content=\"image\/jpeg\" \/>\n<meta name=\"twitter:card\" content=\"summary_large_image\" \/>\n<meta name=\"twitter:label1\" content=\"Est. reading time\" \/>\n\t<meta name=\"twitter:data1\" content=\"1 minute\" \/>\n<script type=\"application\/ld+json\" class=\"yoast-schema-graph\">{\"@context\":\"https:\/\/schema.org\",\"@graph\":[{\"@type\":\"WebPage\",\"@id\":\"https:\/\/librairie7l.com\/en\/produit\/fun-archeology\/\",\"url\":\"https:\/\/librairie7l.com\/en\/produit\/fun-archeology\/\",\"name\":\"Fun archeology - Librairie 7L\",\"isPartOf\":{\"@id\":\"https:\/\/librairie7l.com\/en\/#website\"},\"datePublished\":\"2024-06-07T00:05:35+00:00\",\"dateModified\":\"2026-04-29T01:32:43+00:00\",\"breadcrumb\":{\"@id\":\"https:\/\/librairie7l.com\/en\/produit\/fun-archeology\/#breadcrumb\"},\"inLanguage\":\"en-US\",\"potentialAction\":[{\"@type\":\"ReadAction\",\"target\":[\"https:\/\/librairie7l.com\/en\/produit\/fun-archeology\/\"]}]},{\"@type\":\"BreadcrumbList\",\"@id\":\"https:\/\/librairie7l.com\/en\/produit\/fun-archeology\/#breadcrumb\",\"itemListElement\":[{\"@type\":\"ListItem\",\"position\":1,\"name\":\"Accueil\",\"item\":\"https:\/\/librairie7l.com\/en\/\"},{\"@type\":\"ListItem\",\"position\":2,\"name\":\"Shop\",\"item\":\"https:\/\/librairie7l.com\/en\/shop\/\"},{\"@type\":\"ListItem\",\"position\":3,\"name\":\"FUN ARCHEOLOGY\"}]},{\"@type\":\"WebSite\",\"@id\":\"https:\/\/librairie7l.com\/en\/#website\",\"url\":\"https:\/\/librairie7l.com\/en\/\",\"name\":\"Librairie 7L\",\"description\":\"Librairie fond\u00e9e en 1999 par Karl Lagerfeld \u00e0 Paris\",\"publisher\":{\"@id\":\"https:\/\/librairie7l.com\/en\/#organization\"},\"potentialAction\":[{\"@type\":\"SearchAction\",\"target\":{\"@type\":\"EntryPoint\",\"urlTemplate\":\"https:\/\/librairie7l.com\/en\/?s={search_term_string}\"},\"query-input\":\"required name=search_term_string\"}],\"inLanguage\":\"en-US\"},{\"@type\":\"Organization\",\"@id\":\"https:\/\/librairie7l.com\/en\/#organization\",\"name\":\"Librairie 7L\",\"url\":\"https:\/\/librairie7l.com\/en\/\",\"logo\":{\"@type\":\"ImageObject\",\"inLanguage\":\"en-US\",\"@id\":\"https:\/\/librairie7l.com\/en\/#\/schema\/logo\/image\/\",\"url\":\"https:\/\/librairie7l.com\/wp-content\/uploads\/2022\/08\/logo-1.png\",\"contentUrl\":\"https:\/\/librairie7l.com\/wp-content\/uploads\/2022\/08\/logo-1.png\",\"width\":227,\"height\":301,\"caption\":\"Librairie 7L\"},\"image\":{\"@id\":\"https:\/\/librairie7l.com\/en\/#\/schema\/logo\/image\/\"}}]}<\/script>\n<!-- \/ Yoast SEO plugin. -->","yoast_head_json":{"title":"Fun archeology - Librairie 7L","robots":{"index":"index","follow":"follow","max-snippet":"max-snippet:-1","max-image-preview":"max-image-preview:large","max-video-preview":"max-video-preview:-1"},"canonical":"https:\/\/librairie7l.com\/en\/produit\/fun-archeology\/","og_locale":"en_US","og_type":"article","og_title":"Fun archeology - Librairie 7L","og_description":"The Fun Archaeology s&#8217;inscrit dans la tradition du livre d&#8217;artiste, il pr\u00e9sente la collection prot\u00e9iforme imagin\u00e9e par l&#8217;artiste fran\u00e7ais Thomas Mailaender. Depuis plus de dix ans ce dernier a rassembl\u00e9 des milliers de documents collect\u00e9s aussi bien aux puces, sur le net, dans des ventes de charit\u00e9 qu&#8217;\u00e0 m\u00eame la rue. Un large spectre de [&hellip;]","og_url":"https:\/\/librairie7l.com\/en\/produit\/fun-archeology\/","og_site_name":"Librairie 7L","article_modified_time":"2026-04-29T01:32:43+00:00","og_image":[{"width":199,"height":254,"url":"https:\/\/librairie7l.com\/wp-content\/uploads\/2018\/03\/9791090306745_1_75.jpg","type":"image\/jpeg"}],"twitter_card":"summary_large_image","twitter_misc":{"Est. reading time":"1 minute"},"schema":{"@context":"https:\/\/schema.org","@graph":[{"@type":"WebPage","@id":"https:\/\/librairie7l.com\/en\/produit\/fun-archeology\/","url":"https:\/\/librairie7l.com\/en\/produit\/fun-archeology\/","name":"Fun archeology - Librairie 7L","isPartOf":{"@id":"https:\/\/librairie7l.com\/en\/#website"},"datePublished":"2024-06-07T00:05:35+00:00","dateModified":"2026-04-29T01:32:43+00:00","breadcrumb":{"@id":"https:\/\/librairie7l.com\/en\/produit\/fun-archeology\/#breadcrumb"},"inLanguage":"en-US","potentialAction":[{"@type":"ReadAction","target":["https:\/\/librairie7l.com\/en\/produit\/fun-archeology\/"]}]},{"@type":"BreadcrumbList","@id":"https:\/\/librairie7l.com\/en\/produit\/fun-archeology\/#breadcrumb","itemListElement":[{"@type":"ListItem","position":1,"name":"Accueil","item":"https:\/\/librairie7l.com\/en\/"},{"@type":"ListItem","position":2,"name":"Shop","item":"https:\/\/librairie7l.com\/en\/shop\/"},{"@type":"ListItem","position":3,"name":"FUN ARCHEOLOGY"}]},{"@type":"WebSite","@id":"https:\/\/librairie7l.com\/en\/#website","url":"https:\/\/librairie7l.com\/en\/","name":"Librairie 7L","description":"Librairie fond\u00e9e en 1999 par Karl Lagerfeld \u00e0 Paris","publisher":{"@id":"https:\/\/librairie7l.com\/en\/#organization"},"potentialAction":[{"@type":"SearchAction","target":{"@type":"EntryPoint","urlTemplate":"https:\/\/librairie7l.com\/en\/?s={search_term_string}"},"query-input":"required name=search_term_string"}],"inLanguage":"en-US"},{"@type":"Organization","@id":"https:\/\/librairie7l.com\/en\/#organization","name":"Librairie 7L","url":"https:\/\/librairie7l.com\/en\/","logo":{"@type":"ImageObject","inLanguage":"en-US","@id":"https:\/\/librairie7l.com\/en\/#\/schema\/logo\/image\/","url":"https:\/\/librairie7l.com\/wp-content\/uploads\/2022\/08\/logo-1.png","contentUrl":"https:\/\/librairie7l.com\/wp-content\/uploads\/2022\/08\/logo-1.png","width":227,"height":301,"caption":"Librairie 7L"},"image":{"@id":"https:\/\/librairie7l.com\/en\/#\/schema\/logo\/image\/"}}]}},"_links":{"self":[{"href":"https:\/\/librairie7l.com\/en\/wp-json\/wp\/v2\/product\/40622"}],"collection":[{"href":"https:\/\/librairie7l.com\/en\/wp-json\/wp\/v2\/product"}],"about":[{"href":"https:\/\/librairie7l.com\/en\/wp-json\/wp\/v2\/types\/product"}],"wp:featuredmedia":[{"embeddable":true,"href":"https:\/\/librairie7l.com\/en\/wp-json\/wp\/v2\/media\/40620"}],"wp:attachment":[{"href":"https:\/\/librairie7l.com\/en\/wp-json\/wp\/v2\/media?parent=40622"}],"wp:term":[{"taxonomy":"product_cat","embeddable":true,"href":"https:\/\/librairie7l.com\/en\/wp-json\/wp\/v2\/product_cat?post=40622"},{"taxonomy":"product_tag","embeddable":true,"href":"https:\/\/librairie7l.com\/en\/wp-json\/wp\/v2\/product_tag?post=40622"}],"curies":[{"name":"wp","href":"https:\/\/api.w.org\/{rel}","templated":true}]}}