{"id":40626,"date":"2024-04-25T09:18:34","date_gmt":"2024-04-25T07:18:34","guid":{"rendered":"https:\/\/librairie7l.com\/?post_type=product&#038;p=40626"},"modified":"2026-04-27T04:06:35","modified_gmt":"2026-04-27T02:06:35","slug":"paris-architecture-1900-2000","status":"publish","type":"product","link":"https:\/\/librairie7l.com\/en\/produit\/paris-architecture-1900-2000\/","title":{"rendered":"PARIS ARCHITECTURE 1900-2000"},"content":{"rendered":"<p>Avec cet ouvrage, Jean-Louis Cohen, architecte et historien, et Monique Eleb, psychologue et sociologue, proposent une promenade architecturale dans le Paris intra-muros et sa proche banlieue.<br \/>\nTrente-trois b\u00e2timents photographi\u00e9s par Antonio Martinelli sont visit\u00e9s parmi la multitude de r\u00e9alisations qui ont marqu\u00e9 le XXe si\u00e8cle. Ils ont \u00e9t\u00e9 choisis en fonction de leur contribution au paysage urbain, de leur force esth\u00e9tique et de leur r\u00f4le dans la transformation des modes de vie. Des architectes du d\u00e9but du si\u00e8cle \u00e0 qui les d\u00e9couvertes techniques ont permis de se lib\u00e9rer des conventions \u00e0 la g\u00e9n\u00e9ration actuelle qui a retrouv\u00e9 une dimension intellectuelle apr\u00e8s la crise architecturale des ann\u00e9es 1960-1970, on suit dans le Paris d&#8217;aujourd&#8217;hui les transformations d&#8217;identit\u00e9 d&#8217;une ville dont le centre dense est enserr\u00e9 dans une agglom\u00e9ration de plus de dix millions d&#8217;habitants.<br \/>\nPar la succession et la mise en correspondance d&#8217;\u00e9difices en apparence \u00e9trangers les uns aux autres, des ossatures de b\u00e9ton des fr\u00e8res Perret aux prismes transparents de Jean Nouvel, Jean-Louis Cohen et Monique Eleb r\u00e9v\u00e8lent combien l&#8217;id\u00e9al d&#8217;une architecture rationnelle et lisible aura marqu\u00e9 l&#8217;architecture du si\u00e8cle. This book takes the form of an architectural promenade devised by the architect and historian Jean-Louis Cohen and the psychologist and sociologist Monique Eleb.<br \/>\nThirty-three buildings in Paris and the inner suburbs are presented with photographs by Antonio Martinelli. Selected from the multitude of buildings which have marked the 20th century, each has been chosen for the contribution it makes to the cityscape, for its aesthetic value and for the role it has played in transforming life-styles. From the technical discoveries which enabled architects to break free from conventions in the early 20th century, to the rediscovery of an intellectual dimension by the present generation of architects in the wake of the architectural crisis of the 1960s and 1970s, this itinerary through today&#8217;s Paris reveals transformations in the identity of the densely-built capital city at the center of an agglomeration populated by over ten million people.<br \/>\nBy explaining the connections between a sequence of buildings which look very different from one archer, ran no from the Perret brothers&#8217; concrete frames to Jean Nouvel&#8217;s transparent prisms, Jean-Louis Cohen and Monique Eleb reveal the extent to which the long-established French architectural ideal of rationality and legibility has marked the architecture of the 20th century<\/p>\n","protected":false},"excerpt":{"rendered":"<p>Avec cet ouvrage, Jean-Louis Cohen, architecte et historien, et Monique Eleb, psychologue et sociologue, proposent une promenade architecturale dans le Paris intra-muros et sa proche banlieue. Trente-trois b\u00e2timents photographi\u00e9s par Antonio Martinelli sont visit\u00e9s parmi la multitude de r\u00e9alisations qui ont marqu\u00e9 le XXe si\u00e8cle. Ils ont \u00e9t\u00e9 choisis en fonction de leur contribution au [&hellip;]<\/p>\n","protected":false},"featured_media":40624,"template":"","meta":[],"product_cat":[2948,2950],"product_tag":[],"acf":[],"yoast_head":"<!-- This site is optimized with the Yoast SEO plugin v20.11 - https:\/\/yoast.com\/wordpress\/plugins\/seo\/ -->\n<title>Paris architecture 1900-2000 - Librairie 7L<\/title>\n<meta name=\"robots\" content=\"index, follow, max-snippet:-1, max-image-preview:large, max-video-preview:-1\" \/>\n<link rel=\"canonical\" href=\"https:\/\/librairie7l.com\/en\/produit\/paris-architecture-1900-2000\/\" \/>\n<meta property=\"og:locale\" content=\"en_US\" \/>\n<meta property=\"og:type\" content=\"article\" \/>\n<meta property=\"og:title\" content=\"Paris architecture 1900-2000 - Librairie 7L\" \/>\n<meta property=\"og:description\" content=\"Avec cet ouvrage, Jean-Louis Cohen, architecte et historien, et Monique Eleb, psychologue et sociologue, proposent une promenade architecturale dans le Paris intra-muros et sa proche banlieue. Trente-trois b\u00e2timents photographi\u00e9s par Antonio Martinelli sont visit\u00e9s parmi la multitude de r\u00e9alisations qui ont marqu\u00e9 le XXe si\u00e8cle. Ils ont \u00e9t\u00e9 choisis en fonction de leur contribution au [&hellip;]\" \/>\n<meta property=\"og:url\" content=\"https:\/\/librairie7l.com\/en\/produit\/paris-architecture-1900-2000\/\" \/>\n<meta property=\"og:site_name\" content=\"Librairie 7L\" \/>\n<meta property=\"article:modified_time\" content=\"2026-04-27T02:06:35+00:00\" \/>\n<meta property=\"og:image\" content=\"https:\/\/librairie7l.com\/wp-content\/uploads\/2000\/09\/9782909283517_1_75.jpg\" \/>\n\t<meta property=\"og:image:width\" content=\"644\" \/>\n\t<meta property=\"og:image:height\" content=\"796\" \/>\n\t<meta property=\"og:image:type\" content=\"image\/jpeg\" \/>\n<meta name=\"twitter:card\" content=\"summary_large_image\" \/>\n<meta name=\"twitter:label1\" content=\"Est. reading time\" \/>\n\t<meta name=\"twitter:data1\" content=\"2 minutes\" \/>\n<script type=\"application\/ld+json\" class=\"yoast-schema-graph\">{\"@context\":\"https:\/\/schema.org\",\"@graph\":[{\"@type\":\"WebPage\",\"@id\":\"https:\/\/librairie7l.com\/en\/produit\/paris-architecture-1900-2000\/\",\"url\":\"https:\/\/librairie7l.com\/en\/produit\/paris-architecture-1900-2000\/\",\"name\":\"Paris architecture 1900-2000 - Librairie 7L\",\"isPartOf\":{\"@id\":\"https:\/\/librairie7l.com\/en\/#website\"},\"datePublished\":\"2024-04-25T07:18:34+00:00\",\"dateModified\":\"2026-04-27T02:06:35+00:00\",\"breadcrumb\":{\"@id\":\"https:\/\/librairie7l.com\/en\/produit\/paris-architecture-1900-2000\/#breadcrumb\"},\"inLanguage\":\"en-US\",\"potentialAction\":[{\"@type\":\"ReadAction\",\"target\":[\"https:\/\/librairie7l.com\/en\/produit\/paris-architecture-1900-2000\/\"]}]},{\"@type\":\"BreadcrumbList\",\"@id\":\"https:\/\/librairie7l.com\/en\/produit\/paris-architecture-1900-2000\/#breadcrumb\",\"itemListElement\":[{\"@type\":\"ListItem\",\"position\":1,\"name\":\"Accueil\",\"item\":\"https:\/\/librairie7l.com\/en\/\"},{\"@type\":\"ListItem\",\"position\":2,\"name\":\"Shop\",\"item\":\"https:\/\/librairie7l.com\/en\/shop\/\"},{\"@type\":\"ListItem\",\"position\":3,\"name\":\"PARIS ARCHITECTURE 1900-2000\"}]},{\"@type\":\"WebSite\",\"@id\":\"https:\/\/librairie7l.com\/en\/#website\",\"url\":\"https:\/\/librairie7l.com\/en\/\",\"name\":\"Librairie 7L\",\"description\":\"Librairie fond\u00e9e en 1999 par Karl Lagerfeld \u00e0 Paris\",\"publisher\":{\"@id\":\"https:\/\/librairie7l.com\/en\/#organization\"},\"potentialAction\":[{\"@type\":\"SearchAction\",\"target\":{\"@type\":\"EntryPoint\",\"urlTemplate\":\"https:\/\/librairie7l.com\/en\/?s={search_term_string}\"},\"query-input\":\"required name=search_term_string\"}],\"inLanguage\":\"en-US\"},{\"@type\":\"Organization\",\"@id\":\"https:\/\/librairie7l.com\/en\/#organization\",\"name\":\"Librairie 7L\",\"url\":\"https:\/\/librairie7l.com\/en\/\",\"logo\":{\"@type\":\"ImageObject\",\"inLanguage\":\"en-US\",\"@id\":\"https:\/\/librairie7l.com\/en\/#\/schema\/logo\/image\/\",\"url\":\"https:\/\/librairie7l.com\/wp-content\/uploads\/2022\/08\/logo-1.png\",\"contentUrl\":\"https:\/\/librairie7l.com\/wp-content\/uploads\/2022\/08\/logo-1.png\",\"width\":227,\"height\":301,\"caption\":\"Librairie 7L\"},\"image\":{\"@id\":\"https:\/\/librairie7l.com\/en\/#\/schema\/logo\/image\/\"}}]}<\/script>\n<!-- \/ Yoast SEO plugin. -->","yoast_head_json":{"title":"Paris architecture 1900-2000 - Librairie 7L","robots":{"index":"index","follow":"follow","max-snippet":"max-snippet:-1","max-image-preview":"max-image-preview:large","max-video-preview":"max-video-preview:-1"},"canonical":"https:\/\/librairie7l.com\/en\/produit\/paris-architecture-1900-2000\/","og_locale":"en_US","og_type":"article","og_title":"Paris architecture 1900-2000 - Librairie 7L","og_description":"Avec cet ouvrage, Jean-Louis Cohen, architecte et historien, et Monique Eleb, psychologue et sociologue, proposent une promenade architecturale dans le Paris intra-muros et sa proche banlieue. Trente-trois b\u00e2timents photographi\u00e9s par Antonio Martinelli sont visit\u00e9s parmi la multitude de r\u00e9alisations qui ont marqu\u00e9 le XXe si\u00e8cle. Ils ont \u00e9t\u00e9 choisis en fonction de leur contribution au [&hellip;]","og_url":"https:\/\/librairie7l.com\/en\/produit\/paris-architecture-1900-2000\/","og_site_name":"Librairie 7L","article_modified_time":"2026-04-27T02:06:35+00:00","og_image":[{"width":644,"height":796,"url":"https:\/\/librairie7l.com\/wp-content\/uploads\/2000\/09\/9782909283517_1_75.jpg","type":"image\/jpeg"}],"twitter_card":"summary_large_image","twitter_misc":{"Est. reading time":"2 minutes"},"schema":{"@context":"https:\/\/schema.org","@graph":[{"@type":"WebPage","@id":"https:\/\/librairie7l.com\/en\/produit\/paris-architecture-1900-2000\/","url":"https:\/\/librairie7l.com\/en\/produit\/paris-architecture-1900-2000\/","name":"Paris architecture 1900-2000 - Librairie 7L","isPartOf":{"@id":"https:\/\/librairie7l.com\/en\/#website"},"datePublished":"2024-04-25T07:18:34+00:00","dateModified":"2026-04-27T02:06:35+00:00","breadcrumb":{"@id":"https:\/\/librairie7l.com\/en\/produit\/paris-architecture-1900-2000\/#breadcrumb"},"inLanguage":"en-US","potentialAction":[{"@type":"ReadAction","target":["https:\/\/librairie7l.com\/en\/produit\/paris-architecture-1900-2000\/"]}]},{"@type":"BreadcrumbList","@id":"https:\/\/librairie7l.com\/en\/produit\/paris-architecture-1900-2000\/#breadcrumb","itemListElement":[{"@type":"ListItem","position":1,"name":"Accueil","item":"https:\/\/librairie7l.com\/en\/"},{"@type":"ListItem","position":2,"name":"Shop","item":"https:\/\/librairie7l.com\/en\/shop\/"},{"@type":"ListItem","position":3,"name":"PARIS ARCHITECTURE 1900-2000"}]},{"@type":"WebSite","@id":"https:\/\/librairie7l.com\/en\/#website","url":"https:\/\/librairie7l.com\/en\/","name":"Librairie 7L","description":"Librairie fond\u00e9e en 1999 par Karl Lagerfeld \u00e0 Paris","publisher":{"@id":"https:\/\/librairie7l.com\/en\/#organization"},"potentialAction":[{"@type":"SearchAction","target":{"@type":"EntryPoint","urlTemplate":"https:\/\/librairie7l.com\/en\/?s={search_term_string}"},"query-input":"required name=search_term_string"}],"inLanguage":"en-US"},{"@type":"Organization","@id":"https:\/\/librairie7l.com\/en\/#organization","name":"Librairie 7L","url":"https:\/\/librairie7l.com\/en\/","logo":{"@type":"ImageObject","inLanguage":"en-US","@id":"https:\/\/librairie7l.com\/en\/#\/schema\/logo\/image\/","url":"https:\/\/librairie7l.com\/wp-content\/uploads\/2022\/08\/logo-1.png","contentUrl":"https:\/\/librairie7l.com\/wp-content\/uploads\/2022\/08\/logo-1.png","width":227,"height":301,"caption":"Librairie 7L"},"image":{"@id":"https:\/\/librairie7l.com\/en\/#\/schema\/logo\/image\/"}}]}},"_links":{"self":[{"href":"https:\/\/librairie7l.com\/en\/wp-json\/wp\/v2\/product\/40626"}],"collection":[{"href":"https:\/\/librairie7l.com\/en\/wp-json\/wp\/v2\/product"}],"about":[{"href":"https:\/\/librairie7l.com\/en\/wp-json\/wp\/v2\/types\/product"}],"wp:featuredmedia":[{"embeddable":true,"href":"https:\/\/librairie7l.com\/en\/wp-json\/wp\/v2\/media\/40624"}],"wp:attachment":[{"href":"https:\/\/librairie7l.com\/en\/wp-json\/wp\/v2\/media?parent=40626"}],"wp:term":[{"taxonomy":"product_cat","embeddable":true,"href":"https:\/\/librairie7l.com\/en\/wp-json\/wp\/v2\/product_cat?post=40626"},{"taxonomy":"product_tag","embeddable":true,"href":"https:\/\/librairie7l.com\/en\/wp-json\/wp\/v2\/product_tag?post=40626"}],"curies":[{"name":"wp","href":"https:\/\/api.w.org\/{rel}","templated":true}]}}