{"id":40638,"date":"2024-06-07T02:05:38","date_gmt":"2024-06-07T00:05:38","guid":{"rendered":"https:\/\/librairie7l.com\/?post_type=product&#038;p=40638"},"modified":"2026-04-30T18:04:49","modified_gmt":"2026-04-30T16:04:49","slug":"thomas-mailaender-skin-memories","status":"publish","type":"product","link":"https:\/\/librairie7l.com\/en\/produit\/thomas-mailaender-skin-memories\/","title":{"rendered":"THOMAS MAILAENDER SKIN MEMORIES"},"content":{"rendered":"<p>Skin Memories restitue les cr\u00e9ations de Thomas Mailaender r\u00e9alis\u00e9es aux Tanneries Roux dans le cadre de la premi\u00e8re r\u00e9sidence d&#8217;artiste initi\u00e9e par LVMH M\u00e9tiers d&#8217;Art. L&#8217;artiste y poursuit ses recherches autour du m\u00e9dium photographique et de son support, et exp\u00e9rimente sur cuir les proc\u00e9d\u00e9s traditionnels tels que le cyanotype, le Van Dyke, ou l&#8217;anthotype. Mailaender a utilis\u00e9 un corpus d&#8217;images h\u00e9t\u00e9roclites glan\u00e9es chez divers marchands de photographies ou sur les sites internet de vente en ligne : des photographies donc, mais aussi des coupures de presse, des documents \u00e9crits, des imprim\u00e9s publicitaires, des cartes postales, des n\u00e9gatifs. Une sorte d&#8217;anti-mus\u00e9e iconoclaste a ainsi vu le jour.<\/p>\n","protected":false},"excerpt":{"rendered":"<p>Skin Memories restitue les cr\u00e9ations de Thomas Mailaender r\u00e9alis\u00e9es aux Tanneries Roux dans le cadre de la premi\u00e8re r\u00e9sidence d&#8217;artiste initi\u00e9e par LVMH M\u00e9tiers d&#8217;Art. L&#8217;artiste y poursuit ses recherches autour du m\u00e9dium photographique et de son support, et exp\u00e9rimente sur cuir les proc\u00e9d\u00e9s traditionnels tels que le cyanotype, le Van Dyke, ou l&#8217;anthotype. Mailaender [&hellip;]<\/p>\n","protected":false},"featured_media":40636,"template":"","meta":[],"product_cat":[2948,2953],"product_tag":[],"acf":[],"yoast_head":"<!-- This site is optimized with the Yoast SEO plugin v20.11 - https:\/\/yoast.com\/wordpress\/plugins\/seo\/ -->\n<title>Thomas mailaender skin memories - Librairie 7L<\/title>\n<meta name=\"robots\" content=\"index, follow, max-snippet:-1, max-image-preview:large, max-video-preview:-1\" \/>\n<link rel=\"canonical\" href=\"https:\/\/librairie7l.com\/en\/produit\/thomas-mailaender-skin-memories\/\" \/>\n<meta property=\"og:locale\" content=\"en_US\" \/>\n<meta property=\"og:type\" content=\"article\" \/>\n<meta property=\"og:title\" content=\"Thomas mailaender skin memories - Librairie 7L\" \/>\n<meta property=\"og:description\" content=\"Skin Memories restitue les cr\u00e9ations de Thomas Mailaender r\u00e9alis\u00e9es aux Tanneries Roux dans le cadre de la premi\u00e8re r\u00e9sidence d&#8217;artiste initi\u00e9e par LVMH M\u00e9tiers d&#8217;Art. L&#8217;artiste y poursuit ses recherches autour du m\u00e9dium photographique et de son support, et exp\u00e9rimente sur cuir les proc\u00e9d\u00e9s traditionnels tels que le cyanotype, le Van Dyke, ou l&#8217;anthotype. Mailaender [&hellip;]\" \/>\n<meta property=\"og:url\" content=\"https:\/\/librairie7l.com\/en\/produit\/thomas-mailaender-skin-memories\/\" \/>\n<meta property=\"og:site_name\" content=\"Librairie 7L\" \/>\n<meta property=\"article:modified_time\" content=\"2026-04-30T16:04:49+00:00\" \/>\n<meta property=\"og:image\" content=\"https:\/\/librairie7l.com\/wp-content\/uploads\/2017\/04\/9791090306554_1_75.jpg\" \/>\n\t<meta property=\"og:image:width\" content=\"473\" \/>\n\t<meta property=\"og:image:height\" content=\"642\" \/>\n\t<meta property=\"og:image:type\" content=\"image\/jpeg\" \/>\n<meta name=\"twitter:card\" content=\"summary_large_image\" \/>\n<meta name=\"twitter:label1\" content=\"Est. reading time\" \/>\n\t<meta name=\"twitter:data1\" content=\"1 minute\" \/>\n<script type=\"application\/ld+json\" class=\"yoast-schema-graph\">{\"@context\":\"https:\/\/schema.org\",\"@graph\":[{\"@type\":\"WebPage\",\"@id\":\"https:\/\/librairie7l.com\/en\/produit\/thomas-mailaender-skin-memories\/\",\"url\":\"https:\/\/librairie7l.com\/en\/produit\/thomas-mailaender-skin-memories\/\",\"name\":\"Thomas mailaender skin memories - Librairie 7L\",\"isPartOf\":{\"@id\":\"https:\/\/librairie7l.com\/en\/#website\"},\"datePublished\":\"2024-06-07T00:05:38+00:00\",\"dateModified\":\"2026-04-30T16:04:49+00:00\",\"breadcrumb\":{\"@id\":\"https:\/\/librairie7l.com\/en\/produit\/thomas-mailaender-skin-memories\/#breadcrumb\"},\"inLanguage\":\"en-US\",\"potentialAction\":[{\"@type\":\"ReadAction\",\"target\":[\"https:\/\/librairie7l.com\/en\/produit\/thomas-mailaender-skin-memories\/\"]}]},{\"@type\":\"BreadcrumbList\",\"@id\":\"https:\/\/librairie7l.com\/en\/produit\/thomas-mailaender-skin-memories\/#breadcrumb\",\"itemListElement\":[{\"@type\":\"ListItem\",\"position\":1,\"name\":\"Accueil\",\"item\":\"https:\/\/librairie7l.com\/en\/\"},{\"@type\":\"ListItem\",\"position\":2,\"name\":\"Shop\",\"item\":\"https:\/\/librairie7l.com\/en\/shop\/\"},{\"@type\":\"ListItem\",\"position\":3,\"name\":\"THOMAS MAILAENDER SKIN MEMORIES\"}]},{\"@type\":\"WebSite\",\"@id\":\"https:\/\/librairie7l.com\/en\/#website\",\"url\":\"https:\/\/librairie7l.com\/en\/\",\"name\":\"Librairie 7L\",\"description\":\"Librairie fond\u00e9e en 1999 par Karl Lagerfeld \u00e0 Paris\",\"publisher\":{\"@id\":\"https:\/\/librairie7l.com\/en\/#organization\"},\"potentialAction\":[{\"@type\":\"SearchAction\",\"target\":{\"@type\":\"EntryPoint\",\"urlTemplate\":\"https:\/\/librairie7l.com\/en\/?s={search_term_string}\"},\"query-input\":\"required name=search_term_string\"}],\"inLanguage\":\"en-US\"},{\"@type\":\"Organization\",\"@id\":\"https:\/\/librairie7l.com\/en\/#organization\",\"name\":\"Librairie 7L\",\"url\":\"https:\/\/librairie7l.com\/en\/\",\"logo\":{\"@type\":\"ImageObject\",\"inLanguage\":\"en-US\",\"@id\":\"https:\/\/librairie7l.com\/en\/#\/schema\/logo\/image\/\",\"url\":\"https:\/\/librairie7l.com\/wp-content\/uploads\/2022\/08\/logo-1.png\",\"contentUrl\":\"https:\/\/librairie7l.com\/wp-content\/uploads\/2022\/08\/logo-1.png\",\"width\":227,\"height\":301,\"caption\":\"Librairie 7L\"},\"image\":{\"@id\":\"https:\/\/librairie7l.com\/en\/#\/schema\/logo\/image\/\"}}]}<\/script>\n<!-- \/ Yoast SEO plugin. -->","yoast_head_json":{"title":"Thomas mailaender skin memories - Librairie 7L","robots":{"index":"index","follow":"follow","max-snippet":"max-snippet:-1","max-image-preview":"max-image-preview:large","max-video-preview":"max-video-preview:-1"},"canonical":"https:\/\/librairie7l.com\/en\/produit\/thomas-mailaender-skin-memories\/","og_locale":"en_US","og_type":"article","og_title":"Thomas mailaender skin memories - Librairie 7L","og_description":"Skin Memories restitue les cr\u00e9ations de Thomas Mailaender r\u00e9alis\u00e9es aux Tanneries Roux dans le cadre de la premi\u00e8re r\u00e9sidence d&#8217;artiste initi\u00e9e par LVMH M\u00e9tiers d&#8217;Art. L&#8217;artiste y poursuit ses recherches autour du m\u00e9dium photographique et de son support, et exp\u00e9rimente sur cuir les proc\u00e9d\u00e9s traditionnels tels que le cyanotype, le Van Dyke, ou l&#8217;anthotype. Mailaender [&hellip;]","og_url":"https:\/\/librairie7l.com\/en\/produit\/thomas-mailaender-skin-memories\/","og_site_name":"Librairie 7L","article_modified_time":"2026-04-30T16:04:49+00:00","og_image":[{"width":473,"height":642,"url":"https:\/\/librairie7l.com\/wp-content\/uploads\/2017\/04\/9791090306554_1_75.jpg","type":"image\/jpeg"}],"twitter_card":"summary_large_image","twitter_misc":{"Est. reading time":"1 minute"},"schema":{"@context":"https:\/\/schema.org","@graph":[{"@type":"WebPage","@id":"https:\/\/librairie7l.com\/en\/produit\/thomas-mailaender-skin-memories\/","url":"https:\/\/librairie7l.com\/en\/produit\/thomas-mailaender-skin-memories\/","name":"Thomas mailaender skin memories - Librairie 7L","isPartOf":{"@id":"https:\/\/librairie7l.com\/en\/#website"},"datePublished":"2024-06-07T00:05:38+00:00","dateModified":"2026-04-30T16:04:49+00:00","breadcrumb":{"@id":"https:\/\/librairie7l.com\/en\/produit\/thomas-mailaender-skin-memories\/#breadcrumb"},"inLanguage":"en-US","potentialAction":[{"@type":"ReadAction","target":["https:\/\/librairie7l.com\/en\/produit\/thomas-mailaender-skin-memories\/"]}]},{"@type":"BreadcrumbList","@id":"https:\/\/librairie7l.com\/en\/produit\/thomas-mailaender-skin-memories\/#breadcrumb","itemListElement":[{"@type":"ListItem","position":1,"name":"Accueil","item":"https:\/\/librairie7l.com\/en\/"},{"@type":"ListItem","position":2,"name":"Shop","item":"https:\/\/librairie7l.com\/en\/shop\/"},{"@type":"ListItem","position":3,"name":"THOMAS MAILAENDER SKIN MEMORIES"}]},{"@type":"WebSite","@id":"https:\/\/librairie7l.com\/en\/#website","url":"https:\/\/librairie7l.com\/en\/","name":"Librairie 7L","description":"Librairie fond\u00e9e en 1999 par Karl Lagerfeld \u00e0 Paris","publisher":{"@id":"https:\/\/librairie7l.com\/en\/#organization"},"potentialAction":[{"@type":"SearchAction","target":{"@type":"EntryPoint","urlTemplate":"https:\/\/librairie7l.com\/en\/?s={search_term_string}"},"query-input":"required name=search_term_string"}],"inLanguage":"en-US"},{"@type":"Organization","@id":"https:\/\/librairie7l.com\/en\/#organization","name":"Librairie 7L","url":"https:\/\/librairie7l.com\/en\/","logo":{"@type":"ImageObject","inLanguage":"en-US","@id":"https:\/\/librairie7l.com\/en\/#\/schema\/logo\/image\/","url":"https:\/\/librairie7l.com\/wp-content\/uploads\/2022\/08\/logo-1.png","contentUrl":"https:\/\/librairie7l.com\/wp-content\/uploads\/2022\/08\/logo-1.png","width":227,"height":301,"caption":"Librairie 7L"},"image":{"@id":"https:\/\/librairie7l.com\/en\/#\/schema\/logo\/image\/"}}]}},"_links":{"self":[{"href":"https:\/\/librairie7l.com\/en\/wp-json\/wp\/v2\/product\/40638"}],"collection":[{"href":"https:\/\/librairie7l.com\/en\/wp-json\/wp\/v2\/product"}],"about":[{"href":"https:\/\/librairie7l.com\/en\/wp-json\/wp\/v2\/types\/product"}],"wp:featuredmedia":[{"embeddable":true,"href":"https:\/\/librairie7l.com\/en\/wp-json\/wp\/v2\/media\/40636"}],"wp:attachment":[{"href":"https:\/\/librairie7l.com\/en\/wp-json\/wp\/v2\/media?parent=40638"}],"wp:term":[{"taxonomy":"product_cat","embeddable":true,"href":"https:\/\/librairie7l.com\/en\/wp-json\/wp\/v2\/product_cat?post=40638"},{"taxonomy":"product_tag","embeddable":true,"href":"https:\/\/librairie7l.com\/en\/wp-json\/wp\/v2\/product_tag?post=40638"}],"curies":[{"name":"wp","href":"https:\/\/api.w.org\/{rel}","templated":true}]}}