{"id":40646,"date":"2024-04-25T09:18:53","date_gmt":"2024-04-25T07:18:53","guid":{"rendered":"https:\/\/librairie7l.com\/?post_type=product&#038;p=40646"},"modified":"2026-04-22T15:54:46","modified_gmt":"2026-04-22T13:54:46","slug":"we-started-a-nightclub-the-birth-of-the-pyramid-cocktail-lounge-as-told-by-those-who-lived-it","status":"publish","type":"product","link":"https:\/\/librairie7l.com\/en\/produit\/we-started-a-nightclub-the-birth-of-the-pyramid-cocktail-lounge-as-told-by-those-who-lived-it\/","title":{"rendered":"&#8220;WE STARTED A NIGHTCLUB&#8221; : THE BIRTH OF THE PYRAMID COCKTAIL LOUNGE AS TOLD BY THOSE WHO LIVED IT"},"content":{"rendered":"<p>Les grandes heures du haut lieu de la sc\u00e8ne culturelle underground et alternative du New York des ann\u00e9es 1980 : un retour sur l&#8217;histoire du Pyramid Cocktail Lounge, plaque tournante des sc\u00e8nes drag, gay, f\u00e9ministe, punk et artistiques en plein essor de l&#8217;East Village.<br \/>\nLe Pyramid Cocktail Lounge \u00e9tait pour la sc\u00e8ne alternative du centre de New York des ann\u00e9es 1980 ce que le Studio 54 \u00e9tait pour le disco. Situ\u00e9 au 101 Avenue A, le Pyramid proposait un m\u00e9lange de cultures : du th\u00e9\u00e2tre r\u00e9volutionnaire et irr\u00e9v\u00e9rencieux \u00e0 la musique exp\u00e9rimentale, en passant par l&#8217;\u00ab anti-drag \u00bb qui remettait en question les normes de la binarit\u00e9 des sexes. Tout a commenc\u00e9 en 1981, lorsque l&#8217;East Village \u00e9tait consid\u00e9r\u00e9 comme un no man&#8217;s land dangereux, que les loyers \u00e9taient bon march\u00e9, que le sida \u00e9tait encore inconnu et qu&#8217;une nouvelle g\u00e9n\u00e9ration de cr\u00e9ateurs brisait le moule et continuait \u00e0 faire de l&#8217;art dans une atmosph\u00e8re de f\u00eate d\u00e9brid\u00e9e. Les soir\u00e9es \u00e0 th\u00e8me et les danseurs de bar, les membres de l&#8217;avant-garde du centre-ville et les jeunes fuyant leur pass\u00e9 ont contribu\u00e9 \u00e0 la popularit\u00e9 du club. Au Pyramid, John Jesurun et Ann Magnuson c\u00f4toient They Might Be Giants, les Red Hot Chili Peppers et 3 Teens Kill 4, qui partagaient la sc\u00e8ne avec Lady Bunny et Hapi Phace. En offrant un toit \u00e0 des communaut\u00e9s obscures et d\u00e9fiant les genres, la Pyramide a jou\u00e9 un r\u00f4le crucial dans le fa\u00e7onnement de la sc\u00e8ne culturelle underground de la ville pour les d\u00e9cennies \u00e0 venir. En 2021, la Pyramide a ferm\u00e9 d\u00e9finitivement ses portes. Bien que l&#8217;espace n&#8217;\u00e9tait plus le haut lieu de ses premi\u00e8res ann\u00e9es, sa fermeture a raviv\u00e9 les m\u00e9moires et suscit\u00e9 un sentiment de deuil pour une \u00e9poque r\u00e9volue, au milieu d&#8217;un large regain d&#8217;int\u00e9r\u00eat pour l&#8217;art et la culture du New York des ann\u00e9es 1980.<\/p>\n","protected":false},"excerpt":{"rendered":"<p>Les grandes heures du haut lieu de la sc\u00e8ne culturelle underground et alternative du New York des ann\u00e9es 1980 : un retour sur l&#8217;histoire du Pyramid Cocktail Lounge, plaque tournante des sc\u00e8nes drag, gay, f\u00e9ministe, punk et artistiques en plein essor de l&#8217;East Village. Le Pyramid Cocktail Lounge \u00e9tait pour la sc\u00e8ne alternative du centre [&hellip;]<\/p>\n","protected":false},"featured_media":40644,"template":"","meta":[],"product_cat":[2948,2958],"product_tag":[],"acf":[],"yoast_head":"<!-- This site is optimized with the Yoast SEO plugin v20.11 - https:\/\/yoast.com\/wordpress\/plugins\/seo\/ -->\n<title>&quot;We Started a Nightclub&quot; : The Birth of the Pyramid Cocktail Lounge as Told by Those Who Lived It - Librairie 7L<\/title>\n<meta name=\"robots\" content=\"index, follow, max-snippet:-1, max-image-preview:large, max-video-preview:-1\" \/>\n<link rel=\"canonical\" href=\"https:\/\/librairie7l.com\/en\/produit\/we-started-a-nightclub-the-birth-of-the-pyramid-cocktail-lounge-as-told-by-those-who-lived-it\/\" \/>\n<meta property=\"og:locale\" content=\"en_US\" \/>\n<meta property=\"og:type\" content=\"article\" \/>\n<meta property=\"og:title\" content=\"&quot;We Started a Nightclub&quot; : The Birth of the Pyramid Cocktail Lounge as Told by Those Who Lived It - Librairie 7L\" \/>\n<meta property=\"og:description\" content=\"Les grandes heures du haut lieu de la sc\u00e8ne culturelle underground et alternative du New York des ann\u00e9es 1980 : un retour sur l&#8217;histoire du Pyramid Cocktail Lounge, plaque tournante des sc\u00e8nes drag, gay, f\u00e9ministe, punk et artistiques en plein essor de l&#8217;East Village. Le Pyramid Cocktail Lounge \u00e9tait pour la sc\u00e8ne alternative du centre [&hellip;]\" \/>\n<meta property=\"og:url\" content=\"https:\/\/librairie7l.com\/en\/produit\/we-started-a-nightclub-the-birth-of-the-pyramid-cocktail-lounge-as-told-by-those-who-lived-it\/\" \/>\n<meta property=\"og:site_name\" content=\"Librairie 7L\" \/>\n<meta property=\"article:modified_time\" content=\"2026-04-22T13:54:46+00:00\" \/>\n<meta property=\"og:image\" content=\"https:\/\/librairie7l.com\/wp-content\/uploads\/2024\/04\/9788862088169_1_75.jpg\" \/>\n\t<meta property=\"og:image:width\" content=\"600\" \/>\n\t<meta property=\"og:image:height\" content=\"808\" \/>\n\t<meta property=\"og:image:type\" content=\"image\/jpeg\" \/>\n<meta name=\"twitter:card\" content=\"summary_large_image\" \/>\n<meta name=\"twitter:label1\" content=\"Est. reading time\" \/>\n\t<meta name=\"twitter:data1\" content=\"2 minutes\" \/>\n<script type=\"application\/ld+json\" class=\"yoast-schema-graph\">{\"@context\":\"https:\/\/schema.org\",\"@graph\":[{\"@type\":\"WebPage\",\"@id\":\"https:\/\/librairie7l.com\/en\/produit\/we-started-a-nightclub-the-birth-of-the-pyramid-cocktail-lounge-as-told-by-those-who-lived-it\/\",\"url\":\"https:\/\/librairie7l.com\/en\/produit\/we-started-a-nightclub-the-birth-of-the-pyramid-cocktail-lounge-as-told-by-those-who-lived-it\/\",\"name\":\"\\\"We Started a Nightclub\\\" : The Birth of the Pyramid Cocktail Lounge as Told by Those Who Lived It - Librairie 7L\",\"isPartOf\":{\"@id\":\"https:\/\/librairie7l.com\/en\/#website\"},\"datePublished\":\"2024-04-25T07:18:53+00:00\",\"dateModified\":\"2026-04-22T13:54:46+00:00\",\"breadcrumb\":{\"@id\":\"https:\/\/librairie7l.com\/en\/produit\/we-started-a-nightclub-the-birth-of-the-pyramid-cocktail-lounge-as-told-by-those-who-lived-it\/#breadcrumb\"},\"inLanguage\":\"en-US\",\"potentialAction\":[{\"@type\":\"ReadAction\",\"target\":[\"https:\/\/librairie7l.com\/en\/produit\/we-started-a-nightclub-the-birth-of-the-pyramid-cocktail-lounge-as-told-by-those-who-lived-it\/\"]}]},{\"@type\":\"BreadcrumbList\",\"@id\":\"https:\/\/librairie7l.com\/en\/produit\/we-started-a-nightclub-the-birth-of-the-pyramid-cocktail-lounge-as-told-by-those-who-lived-it\/#breadcrumb\",\"itemListElement\":[{\"@type\":\"ListItem\",\"position\":1,\"name\":\"Accueil\",\"item\":\"https:\/\/librairie7l.com\/en\/\"},{\"@type\":\"ListItem\",\"position\":2,\"name\":\"Shop\",\"item\":\"https:\/\/librairie7l.com\/en\/shop\/\"},{\"@type\":\"ListItem\",\"position\":3,\"name\":\"&#8220;WE STARTED A NIGHTCLUB&#8221; : THE BIRTH OF THE PYRAMID COCKTAIL LOUNGE AS TOLD BY THOSE WHO LIVED IT\"}]},{\"@type\":\"WebSite\",\"@id\":\"https:\/\/librairie7l.com\/en\/#website\",\"url\":\"https:\/\/librairie7l.com\/en\/\",\"name\":\"Librairie 7L\",\"description\":\"Librairie fond\u00e9e en 1999 par Karl Lagerfeld \u00e0 Paris\",\"publisher\":{\"@id\":\"https:\/\/librairie7l.com\/en\/#organization\"},\"potentialAction\":[{\"@type\":\"SearchAction\",\"target\":{\"@type\":\"EntryPoint\",\"urlTemplate\":\"https:\/\/librairie7l.com\/en\/?s={search_term_string}\"},\"query-input\":\"required name=search_term_string\"}],\"inLanguage\":\"en-US\"},{\"@type\":\"Organization\",\"@id\":\"https:\/\/librairie7l.com\/en\/#organization\",\"name\":\"Librairie 7L\",\"url\":\"https:\/\/librairie7l.com\/en\/\",\"logo\":{\"@type\":\"ImageObject\",\"inLanguage\":\"en-US\",\"@id\":\"https:\/\/librairie7l.com\/en\/#\/schema\/logo\/image\/\",\"url\":\"https:\/\/librairie7l.com\/wp-content\/uploads\/2022\/08\/logo-1.png\",\"contentUrl\":\"https:\/\/librairie7l.com\/wp-content\/uploads\/2022\/08\/logo-1.png\",\"width\":227,\"height\":301,\"caption\":\"Librairie 7L\"},\"image\":{\"@id\":\"https:\/\/librairie7l.com\/en\/#\/schema\/logo\/image\/\"}}]}<\/script>\n<!-- \/ Yoast SEO plugin. -->","yoast_head_json":{"title":"\"We Started a Nightclub\" : The Birth of the Pyramid Cocktail Lounge as Told by Those Who Lived It - Librairie 7L","robots":{"index":"index","follow":"follow","max-snippet":"max-snippet:-1","max-image-preview":"max-image-preview:large","max-video-preview":"max-video-preview:-1"},"canonical":"https:\/\/librairie7l.com\/en\/produit\/we-started-a-nightclub-the-birth-of-the-pyramid-cocktail-lounge-as-told-by-those-who-lived-it\/","og_locale":"en_US","og_type":"article","og_title":"\"We Started a Nightclub\" : The Birth of the Pyramid Cocktail Lounge as Told by Those Who Lived It - Librairie 7L","og_description":"Les grandes heures du haut lieu de la sc\u00e8ne culturelle underground et alternative du New York des ann\u00e9es 1980 : un retour sur l&#8217;histoire du Pyramid Cocktail Lounge, plaque tournante des sc\u00e8nes drag, gay, f\u00e9ministe, punk et artistiques en plein essor de l&#8217;East Village. Le Pyramid Cocktail Lounge \u00e9tait pour la sc\u00e8ne alternative du centre [&hellip;]","og_url":"https:\/\/librairie7l.com\/en\/produit\/we-started-a-nightclub-the-birth-of-the-pyramid-cocktail-lounge-as-told-by-those-who-lived-it\/","og_site_name":"Librairie 7L","article_modified_time":"2026-04-22T13:54:46+00:00","og_image":[{"width":600,"height":808,"url":"https:\/\/librairie7l.com\/wp-content\/uploads\/2024\/04\/9788862088169_1_75.jpg","type":"image\/jpeg"}],"twitter_card":"summary_large_image","twitter_misc":{"Est. reading time":"2 minutes"},"schema":{"@context":"https:\/\/schema.org","@graph":[{"@type":"WebPage","@id":"https:\/\/librairie7l.com\/en\/produit\/we-started-a-nightclub-the-birth-of-the-pyramid-cocktail-lounge-as-told-by-those-who-lived-it\/","url":"https:\/\/librairie7l.com\/en\/produit\/we-started-a-nightclub-the-birth-of-the-pyramid-cocktail-lounge-as-told-by-those-who-lived-it\/","name":"\"We Started a Nightclub\" : The Birth of the Pyramid Cocktail Lounge as Told by Those Who Lived It - Librairie 7L","isPartOf":{"@id":"https:\/\/librairie7l.com\/en\/#website"},"datePublished":"2024-04-25T07:18:53+00:00","dateModified":"2026-04-22T13:54:46+00:00","breadcrumb":{"@id":"https:\/\/librairie7l.com\/en\/produit\/we-started-a-nightclub-the-birth-of-the-pyramid-cocktail-lounge-as-told-by-those-who-lived-it\/#breadcrumb"},"inLanguage":"en-US","potentialAction":[{"@type":"ReadAction","target":["https:\/\/librairie7l.com\/en\/produit\/we-started-a-nightclub-the-birth-of-the-pyramid-cocktail-lounge-as-told-by-those-who-lived-it\/"]}]},{"@type":"BreadcrumbList","@id":"https:\/\/librairie7l.com\/en\/produit\/we-started-a-nightclub-the-birth-of-the-pyramid-cocktail-lounge-as-told-by-those-who-lived-it\/#breadcrumb","itemListElement":[{"@type":"ListItem","position":1,"name":"Accueil","item":"https:\/\/librairie7l.com\/en\/"},{"@type":"ListItem","position":2,"name":"Shop","item":"https:\/\/librairie7l.com\/en\/shop\/"},{"@type":"ListItem","position":3,"name":"&#8220;WE STARTED A NIGHTCLUB&#8221; : THE BIRTH OF THE PYRAMID COCKTAIL LOUNGE AS TOLD BY THOSE WHO LIVED IT"}]},{"@type":"WebSite","@id":"https:\/\/librairie7l.com\/en\/#website","url":"https:\/\/librairie7l.com\/en\/","name":"Librairie 7L","description":"Librairie fond\u00e9e en 1999 par Karl Lagerfeld \u00e0 Paris","publisher":{"@id":"https:\/\/librairie7l.com\/en\/#organization"},"potentialAction":[{"@type":"SearchAction","target":{"@type":"EntryPoint","urlTemplate":"https:\/\/librairie7l.com\/en\/?s={search_term_string}"},"query-input":"required name=search_term_string"}],"inLanguage":"en-US"},{"@type":"Organization","@id":"https:\/\/librairie7l.com\/en\/#organization","name":"Librairie 7L","url":"https:\/\/librairie7l.com\/en\/","logo":{"@type":"ImageObject","inLanguage":"en-US","@id":"https:\/\/librairie7l.com\/en\/#\/schema\/logo\/image\/","url":"https:\/\/librairie7l.com\/wp-content\/uploads\/2022\/08\/logo-1.png","contentUrl":"https:\/\/librairie7l.com\/wp-content\/uploads\/2022\/08\/logo-1.png","width":227,"height":301,"caption":"Librairie 7L"},"image":{"@id":"https:\/\/librairie7l.com\/en\/#\/schema\/logo\/image\/"}}]}},"_links":{"self":[{"href":"https:\/\/librairie7l.com\/en\/wp-json\/wp\/v2\/product\/40646"}],"collection":[{"href":"https:\/\/librairie7l.com\/en\/wp-json\/wp\/v2\/product"}],"about":[{"href":"https:\/\/librairie7l.com\/en\/wp-json\/wp\/v2\/types\/product"}],"wp:featuredmedia":[{"embeddable":true,"href":"https:\/\/librairie7l.com\/en\/wp-json\/wp\/v2\/media\/40644"}],"wp:attachment":[{"href":"https:\/\/librairie7l.com\/en\/wp-json\/wp\/v2\/media?parent=40646"}],"wp:term":[{"taxonomy":"product_cat","embeddable":true,"href":"https:\/\/librairie7l.com\/en\/wp-json\/wp\/v2\/product_cat?post=40646"},{"taxonomy":"product_tag","embeddable":true,"href":"https:\/\/librairie7l.com\/en\/wp-json\/wp\/v2\/product_tag?post=40646"}],"curies":[{"name":"wp","href":"https:\/\/api.w.org\/{rel}","templated":true}]}}