{"id":40658,"date":"2024-04-25T09:19:03","date_gmt":"2024-04-25T07:19:03","guid":{"rendered":"https:\/\/librairie7l.com\/?post_type=product&#038;p=40658"},"modified":"2026-04-30T16:43:04","modified_gmt":"2026-04-30T14:43:04","slug":"designing-dreams-a-celebration-of-leon-bakst","status":"publish","type":"product","link":"https:\/\/librairie7l.com\/en\/produit\/designing-dreams-a-celebration-of-leon-bakst\/","title":{"rendered":"DESIGNING DREAMS ; A CELEBRATION OF L\u00c9ON BAKST"},"content":{"rendered":"<p>Cette publication, con\u00e7ue comme un prolongement de l&#8217;exposition \u00e9ponyme et de sa sc\u00e9nographie, r\u00e9unit les contributions scientifiques d&#8217;\u00e9minents chercheurs, historiens de l&#8217;art et de la danse, entendant ainsi rendre un hommage vibrant au plus grand sc\u00e9nographe de l&#8217;\u00e8re moderne.<\/p>\n<p>Consid\u00e9rant le th\u00e9\u00e2tre comme une oeuvre d&#8217;art totale dans laquelle chor\u00e9graphie, musique, costumes et d\u00e9cors \u00e9taient d&#8217;une importance \u00e9gale, et travaillant en \u00e9troite collaboration avec des artistes comme Serge Diaghilev, Vaslav Nijinsky, Jean Cocteau, Ida Rubinstein et Igor Stravinsky, L\u00e9on Bakst a transform\u00e9 la perception du ballet.<br \/>\nTout comme l&#8217;exposition, le catalogue met en lumi\u00e8re les plus belles r\u00e9alisations de Bakst pour la sc\u00e8ne, mais entend aussi d\u00e9montrer son influence d\u00e9cisive dans le domaine du design textile et de la mode.<br \/>\nLes couvertures en tissu de chaque ouvrage, disponibles en cinq couleurs, ont \u00e9t\u00e9 peintes au pochoir par Nick Mauss au cours d&#8217;une r\u00e9sidence \u00e0 Monaco en utilisant des motifs cr\u00e9\u00e9s par L\u00e9on Bakst.<br \/>\nLa publication Designing Dreams, A Celebration of L\u00e9on Bakst met ainsi \u00e0 l&#8217;honneur le livre comme forme d&#8217;art et pr\u00e9sente en d\u00e9tail les dessins, les costumes et les motifs pour \u00e9toffes de Bakst, ses \u00e9crits in\u00e9dits sur la d\u00e9coration et la mode, de nouvelles \u00e9tudes sur ses sources d&#8217;inspiration et sur le rayonnement de sa vision, mais aussi les vues d&#8217;installation et la sc\u00e9nographie r\u00e9alis\u00e9e in situ par Nick Mauss.<\/p>\n<p>Disponible sous cinq couvertures de couleurs diff\u00e9rentes (jaune, vert, rouge, bleu, rose), r\u00e9alis\u00e9es au pochoir par Nick Mauss, et distribu\u00e9es al\u00e9atoirement.<\/p>\n<p>Publi\u00e9 suite \u00e0 l&#8217;exposition \u00e9ponyme \u00e0 la Villa Sauber &#8211; Nouveau Mus\u00e9e National de Monaco, du 23 octobre 2016 au 15 janvier 2017.<\/p>\n","protected":false},"excerpt":{"rendered":"<p>Cette publication, con\u00e7ue comme un prolongement de l&#8217;exposition \u00e9ponyme et de sa sc\u00e9nographie, r\u00e9unit les contributions scientifiques d&#8217;\u00e9minents chercheurs, historiens de l&#8217;art et de la danse, entendant ainsi rendre un hommage vibrant au plus grand sc\u00e9nographe de l&#8217;\u00e8re moderne. Consid\u00e9rant le th\u00e9\u00e2tre comme une oeuvre d&#8217;art totale dans laquelle chor\u00e9graphie, musique, costumes et d\u00e9cors \u00e9taient [&hellip;]<\/p>\n","protected":false},"featured_media":40656,"template":"","meta":[],"product_cat":[2948,2953],"product_tag":[],"acf":[],"yoast_head":"<!-- This site is optimized with the Yoast SEO plugin v20.11 - https:\/\/yoast.com\/wordpress\/plugins\/seo\/ -->\n<title>Designing dreams ; a celebration of L\u00e9on Bakst - Librairie 7L<\/title>\n<meta name=\"robots\" content=\"index, follow, max-snippet:-1, max-image-preview:large, max-video-preview:-1\" \/>\n<link rel=\"canonical\" href=\"https:\/\/librairie7l.com\/en\/produit\/designing-dreams-a-celebration-of-leon-bakst\/\" \/>\n<meta property=\"og:locale\" content=\"en_US\" \/>\n<meta property=\"og:type\" content=\"article\" \/>\n<meta property=\"og:title\" content=\"Designing dreams ; a celebration of L\u00e9on Bakst - Librairie 7L\" \/>\n<meta property=\"og:description\" content=\"Cette publication, con\u00e7ue comme un prolongement de l&#8217;exposition \u00e9ponyme et de sa sc\u00e9nographie, r\u00e9unit les contributions scientifiques d&#8217;\u00e9minents chercheurs, historiens de l&#8217;art et de la danse, entendant ainsi rendre un hommage vibrant au plus grand sc\u00e9nographe de l&#8217;\u00e8re moderne. Consid\u00e9rant le th\u00e9\u00e2tre comme une oeuvre d&#8217;art totale dans laquelle chor\u00e9graphie, musique, costumes et d\u00e9cors \u00e9taient [&hellip;]\" \/>\n<meta property=\"og:url\" content=\"https:\/\/librairie7l.com\/en\/produit\/designing-dreams-a-celebration-of-leon-bakst\/\" \/>\n<meta property=\"og:site_name\" content=\"Librairie 7L\" \/>\n<meta property=\"article:modified_time\" content=\"2026-04-30T14:43:04+00:00\" \/>\n<meta property=\"og:image\" content=\"https:\/\/librairie7l.com\/wp-content\/uploads\/2017\/02\/9788867492770_1_75.jpg\" \/>\n\t<meta property=\"og:image:width\" content=\"361\" \/>\n\t<meta property=\"og:image:height\" content=\"500\" \/>\n\t<meta property=\"og:image:type\" content=\"image\/jpeg\" \/>\n<meta name=\"twitter:card\" content=\"summary_large_image\" \/>\n<meta name=\"twitter:label1\" content=\"Est. reading time\" \/>\n\t<meta name=\"twitter:data1\" content=\"1 minute\" \/>\n<script type=\"application\/ld+json\" class=\"yoast-schema-graph\">{\"@context\":\"https:\/\/schema.org\",\"@graph\":[{\"@type\":\"WebPage\",\"@id\":\"https:\/\/librairie7l.com\/en\/produit\/designing-dreams-a-celebration-of-leon-bakst\/\",\"url\":\"https:\/\/librairie7l.com\/en\/produit\/designing-dreams-a-celebration-of-leon-bakst\/\",\"name\":\"Designing dreams ; a celebration of L\u00e9on Bakst - Librairie 7L\",\"isPartOf\":{\"@id\":\"https:\/\/librairie7l.com\/en\/#website\"},\"datePublished\":\"2024-04-25T07:19:03+00:00\",\"dateModified\":\"2026-04-30T14:43:04+00:00\",\"breadcrumb\":{\"@id\":\"https:\/\/librairie7l.com\/en\/produit\/designing-dreams-a-celebration-of-leon-bakst\/#breadcrumb\"},\"inLanguage\":\"en-US\",\"potentialAction\":[{\"@type\":\"ReadAction\",\"target\":[\"https:\/\/librairie7l.com\/en\/produit\/designing-dreams-a-celebration-of-leon-bakst\/\"]}]},{\"@type\":\"BreadcrumbList\",\"@id\":\"https:\/\/librairie7l.com\/en\/produit\/designing-dreams-a-celebration-of-leon-bakst\/#breadcrumb\",\"itemListElement\":[{\"@type\":\"ListItem\",\"position\":1,\"name\":\"Accueil\",\"item\":\"https:\/\/librairie7l.com\/en\/\"},{\"@type\":\"ListItem\",\"position\":2,\"name\":\"Shop\",\"item\":\"https:\/\/librairie7l.com\/en\/shop\/\"},{\"@type\":\"ListItem\",\"position\":3,\"name\":\"DESIGNING DREAMS ; A CELEBRATION OF L\u00c9ON BAKST\"}]},{\"@type\":\"WebSite\",\"@id\":\"https:\/\/librairie7l.com\/en\/#website\",\"url\":\"https:\/\/librairie7l.com\/en\/\",\"name\":\"Librairie 7L\",\"description\":\"Librairie fond\u00e9e en 1999 par Karl Lagerfeld \u00e0 Paris\",\"publisher\":{\"@id\":\"https:\/\/librairie7l.com\/en\/#organization\"},\"potentialAction\":[{\"@type\":\"SearchAction\",\"target\":{\"@type\":\"EntryPoint\",\"urlTemplate\":\"https:\/\/librairie7l.com\/en\/?s={search_term_string}\"},\"query-input\":\"required name=search_term_string\"}],\"inLanguage\":\"en-US\"},{\"@type\":\"Organization\",\"@id\":\"https:\/\/librairie7l.com\/en\/#organization\",\"name\":\"Librairie 7L\",\"url\":\"https:\/\/librairie7l.com\/en\/\",\"logo\":{\"@type\":\"ImageObject\",\"inLanguage\":\"en-US\",\"@id\":\"https:\/\/librairie7l.com\/en\/#\/schema\/logo\/image\/\",\"url\":\"https:\/\/librairie7l.com\/wp-content\/uploads\/2022\/08\/logo-1.png\",\"contentUrl\":\"https:\/\/librairie7l.com\/wp-content\/uploads\/2022\/08\/logo-1.png\",\"width\":227,\"height\":301,\"caption\":\"Librairie 7L\"},\"image\":{\"@id\":\"https:\/\/librairie7l.com\/en\/#\/schema\/logo\/image\/\"}}]}<\/script>\n<!-- \/ Yoast SEO plugin. -->","yoast_head_json":{"title":"Designing dreams ; a celebration of L\u00e9on Bakst - Librairie 7L","robots":{"index":"index","follow":"follow","max-snippet":"max-snippet:-1","max-image-preview":"max-image-preview:large","max-video-preview":"max-video-preview:-1"},"canonical":"https:\/\/librairie7l.com\/en\/produit\/designing-dreams-a-celebration-of-leon-bakst\/","og_locale":"en_US","og_type":"article","og_title":"Designing dreams ; a celebration of L\u00e9on Bakst - Librairie 7L","og_description":"Cette publication, con\u00e7ue comme un prolongement de l&#8217;exposition \u00e9ponyme et de sa sc\u00e9nographie, r\u00e9unit les contributions scientifiques d&#8217;\u00e9minents chercheurs, historiens de l&#8217;art et de la danse, entendant ainsi rendre un hommage vibrant au plus grand sc\u00e9nographe de l&#8217;\u00e8re moderne. Consid\u00e9rant le th\u00e9\u00e2tre comme une oeuvre d&#8217;art totale dans laquelle chor\u00e9graphie, musique, costumes et d\u00e9cors \u00e9taient [&hellip;]","og_url":"https:\/\/librairie7l.com\/en\/produit\/designing-dreams-a-celebration-of-leon-bakst\/","og_site_name":"Librairie 7L","article_modified_time":"2026-04-30T14:43:04+00:00","og_image":[{"width":361,"height":500,"url":"https:\/\/librairie7l.com\/wp-content\/uploads\/2017\/02\/9788867492770_1_75.jpg","type":"image\/jpeg"}],"twitter_card":"summary_large_image","twitter_misc":{"Est. reading time":"1 minute"},"schema":{"@context":"https:\/\/schema.org","@graph":[{"@type":"WebPage","@id":"https:\/\/librairie7l.com\/en\/produit\/designing-dreams-a-celebration-of-leon-bakst\/","url":"https:\/\/librairie7l.com\/en\/produit\/designing-dreams-a-celebration-of-leon-bakst\/","name":"Designing dreams ; a celebration of L\u00e9on Bakst - Librairie 7L","isPartOf":{"@id":"https:\/\/librairie7l.com\/en\/#website"},"datePublished":"2024-04-25T07:19:03+00:00","dateModified":"2026-04-30T14:43:04+00:00","breadcrumb":{"@id":"https:\/\/librairie7l.com\/en\/produit\/designing-dreams-a-celebration-of-leon-bakst\/#breadcrumb"},"inLanguage":"en-US","potentialAction":[{"@type":"ReadAction","target":["https:\/\/librairie7l.com\/en\/produit\/designing-dreams-a-celebration-of-leon-bakst\/"]}]},{"@type":"BreadcrumbList","@id":"https:\/\/librairie7l.com\/en\/produit\/designing-dreams-a-celebration-of-leon-bakst\/#breadcrumb","itemListElement":[{"@type":"ListItem","position":1,"name":"Accueil","item":"https:\/\/librairie7l.com\/en\/"},{"@type":"ListItem","position":2,"name":"Shop","item":"https:\/\/librairie7l.com\/en\/shop\/"},{"@type":"ListItem","position":3,"name":"DESIGNING DREAMS ; A CELEBRATION OF L\u00c9ON BAKST"}]},{"@type":"WebSite","@id":"https:\/\/librairie7l.com\/en\/#website","url":"https:\/\/librairie7l.com\/en\/","name":"Librairie 7L","description":"Librairie fond\u00e9e en 1999 par Karl Lagerfeld \u00e0 Paris","publisher":{"@id":"https:\/\/librairie7l.com\/en\/#organization"},"potentialAction":[{"@type":"SearchAction","target":{"@type":"EntryPoint","urlTemplate":"https:\/\/librairie7l.com\/en\/?s={search_term_string}"},"query-input":"required name=search_term_string"}],"inLanguage":"en-US"},{"@type":"Organization","@id":"https:\/\/librairie7l.com\/en\/#organization","name":"Librairie 7L","url":"https:\/\/librairie7l.com\/en\/","logo":{"@type":"ImageObject","inLanguage":"en-US","@id":"https:\/\/librairie7l.com\/en\/#\/schema\/logo\/image\/","url":"https:\/\/librairie7l.com\/wp-content\/uploads\/2022\/08\/logo-1.png","contentUrl":"https:\/\/librairie7l.com\/wp-content\/uploads\/2022\/08\/logo-1.png","width":227,"height":301,"caption":"Librairie 7L"},"image":{"@id":"https:\/\/librairie7l.com\/en\/#\/schema\/logo\/image\/"}}]}},"_links":{"self":[{"href":"https:\/\/librairie7l.com\/en\/wp-json\/wp\/v2\/product\/40658"}],"collection":[{"href":"https:\/\/librairie7l.com\/en\/wp-json\/wp\/v2\/product"}],"about":[{"href":"https:\/\/librairie7l.com\/en\/wp-json\/wp\/v2\/types\/product"}],"wp:featuredmedia":[{"embeddable":true,"href":"https:\/\/librairie7l.com\/en\/wp-json\/wp\/v2\/media\/40656"}],"wp:attachment":[{"href":"https:\/\/librairie7l.com\/en\/wp-json\/wp\/v2\/media?parent=40658"}],"wp:term":[{"taxonomy":"product_cat","embeddable":true,"href":"https:\/\/librairie7l.com\/en\/wp-json\/wp\/v2\/product_cat?post=40658"},{"taxonomy":"product_tag","embeddable":true,"href":"https:\/\/librairie7l.com\/en\/wp-json\/wp\/v2\/product_tag?post=40658"}],"curies":[{"name":"wp","href":"https:\/\/api.w.org\/{rel}","templated":true}]}}