{"id":40678,"date":"2024-04-27T09:20:02","date_gmt":"2024-04-27T07:20:02","guid":{"rendered":"https:\/\/librairie7l.com\/?post_type=product&#038;p=40678"},"modified":"2026-04-11T18:26:10","modified_gmt":"2026-04-11T16:26:10","slug":"pour-un-jardin-vivant-imaginer-planifier-creer","status":"publish","type":"product","link":"https:\/\/librairie7l.com\/en\/produit\/pour-un-jardin-vivant-imaginer-planifier-creer\/","title":{"rendered":"POUR UN JARDIN VIVANT : IMAGINER. PLANIFIER. CR\u00c9ER"},"content":{"rendered":"<p>Imaginer, planifier et cr\u00e9er le jardin de ses r\u00eaves.<br \/>\nDans ce livre, St\u00e9phanie Dessy met \u00e0 notre disposition son exp\u00e9rience et sa m\u00e9thode. \u00c0 la fois livre d&#8217;inspiration et livre pratique, on y trouve toutes les \u00e9tapes pour mettre sur pied le jardin souhait\u00e9 et des propositions, des id\u00e9es, des s\u00e9lections de fleurs en fonction des saisons. La part belle est faite \u00e0 la biodiversit\u00e9 : il s&#8217;agit de l&#8217;encourager en soutenant les esp\u00e8ces v\u00e9g\u00e9tales et animales d\u00e9j\u00e0 pr\u00e9sentes et en accueillant les nouvelles venues.<br \/>\nTr\u00e8s illustr\u00e9, tr\u00e8s structur\u00e9, avec beaucoup de pas \u00e0 pas, de d\u00e9tails et d&#8217;explications, ce livre permet vraiment d&#8217;imaginer, de planifier et de cr\u00e9er le jardin que l&#8217;on veut r\u00e9aliser en fonction de l&#8217;espace et du temps dont on dispose.<\/p>\n","protected":false},"excerpt":{"rendered":"<p>Imaginer, planifier et cr\u00e9er le jardin de ses r\u00eaves. Dans ce livre, St\u00e9phanie Dessy met \u00e0 notre disposition son exp\u00e9rience et sa m\u00e9thode. \u00c0 la fois livre d&#8217;inspiration et livre pratique, on y trouve toutes les \u00e9tapes pour mettre sur pied le jardin souhait\u00e9 et des propositions, des id\u00e9es, des s\u00e9lections de fleurs en fonction [&hellip;]<\/p>\n","protected":false},"featured_media":40676,"template":"","meta":[],"product_cat":[2948,2956],"product_tag":[],"acf":[],"yoast_head":"<!-- This site is optimized with the Yoast SEO plugin v20.11 - https:\/\/yoast.com\/wordpress\/plugins\/seo\/ -->\n<title>Pour un jardin vivant : Imaginer. planifier. cr\u00e9er - Librairie 7L<\/title>\n<meta name=\"robots\" content=\"index, follow, max-snippet:-1, max-image-preview:large, max-video-preview:-1\" \/>\n<link rel=\"canonical\" href=\"https:\/\/librairie7l.com\/en\/produit\/pour-un-jardin-vivant-imaginer-planifier-creer\/\" \/>\n<meta property=\"og:locale\" content=\"en_US\" \/>\n<meta property=\"og:type\" content=\"article\" \/>\n<meta property=\"og:title\" content=\"Pour un jardin vivant : Imaginer. planifier. cr\u00e9er - Librairie 7L\" \/>\n<meta property=\"og:description\" content=\"Imaginer, planifier et cr\u00e9er le jardin de ses r\u00eaves. Dans ce livre, St\u00e9phanie Dessy met \u00e0 notre disposition son exp\u00e9rience et sa m\u00e9thode. \u00c0 la fois livre d&#8217;inspiration et livre pratique, on y trouve toutes les \u00e9tapes pour mettre sur pied le jardin souhait\u00e9 et des propositions, des id\u00e9es, des s\u00e9lections de fleurs en fonction [&hellip;]\" \/>\n<meta property=\"og:url\" content=\"https:\/\/librairie7l.com\/en\/produit\/pour-un-jardin-vivant-imaginer-planifier-creer\/\" \/>\n<meta property=\"og:site_name\" content=\"Librairie 7L\" \/>\n<meta property=\"article:modified_time\" content=\"2026-04-11T16:26:10+00:00\" \/>\n<meta property=\"og:image\" content=\"https:\/\/librairie7l.com\/wp-content\/uploads\/2023\/11\/9782812625671_1_75.jpg\" \/>\n\t<meta property=\"og:image:width\" content=\"600\" \/>\n\t<meta property=\"og:image:height\" content=\"819\" \/>\n\t<meta property=\"og:image:type\" content=\"image\/jpeg\" \/>\n<meta name=\"twitter:card\" content=\"summary_large_image\" \/>\n<meta name=\"twitter:label1\" content=\"Est. reading time\" \/>\n\t<meta name=\"twitter:data1\" content=\"1 minute\" \/>\n<script type=\"application\/ld+json\" class=\"yoast-schema-graph\">{\"@context\":\"https:\/\/schema.org\",\"@graph\":[{\"@type\":\"WebPage\",\"@id\":\"https:\/\/librairie7l.com\/en\/produit\/pour-un-jardin-vivant-imaginer-planifier-creer\/\",\"url\":\"https:\/\/librairie7l.com\/en\/produit\/pour-un-jardin-vivant-imaginer-planifier-creer\/\",\"name\":\"Pour un jardin vivant : Imaginer. planifier. cr\u00e9er - Librairie 7L\",\"isPartOf\":{\"@id\":\"https:\/\/librairie7l.com\/en\/#website\"},\"datePublished\":\"2024-04-27T07:20:02+00:00\",\"dateModified\":\"2026-04-11T16:26:10+00:00\",\"breadcrumb\":{\"@id\":\"https:\/\/librairie7l.com\/en\/produit\/pour-un-jardin-vivant-imaginer-planifier-creer\/#breadcrumb\"},\"inLanguage\":\"en-US\",\"potentialAction\":[{\"@type\":\"ReadAction\",\"target\":[\"https:\/\/librairie7l.com\/en\/produit\/pour-un-jardin-vivant-imaginer-planifier-creer\/\"]}]},{\"@type\":\"BreadcrumbList\",\"@id\":\"https:\/\/librairie7l.com\/en\/produit\/pour-un-jardin-vivant-imaginer-planifier-creer\/#breadcrumb\",\"itemListElement\":[{\"@type\":\"ListItem\",\"position\":1,\"name\":\"Accueil\",\"item\":\"https:\/\/librairie7l.com\/en\/\"},{\"@type\":\"ListItem\",\"position\":2,\"name\":\"Shop\",\"item\":\"https:\/\/librairie7l.com\/en\/shop\/\"},{\"@type\":\"ListItem\",\"position\":3,\"name\":\"POUR UN JARDIN VIVANT : IMAGINER. PLANIFIER. CR\u00c9ER\"}]},{\"@type\":\"WebSite\",\"@id\":\"https:\/\/librairie7l.com\/en\/#website\",\"url\":\"https:\/\/librairie7l.com\/en\/\",\"name\":\"Librairie 7L\",\"description\":\"Librairie fond\u00e9e en 1999 par Karl Lagerfeld \u00e0 Paris\",\"publisher\":{\"@id\":\"https:\/\/librairie7l.com\/en\/#organization\"},\"potentialAction\":[{\"@type\":\"SearchAction\",\"target\":{\"@type\":\"EntryPoint\",\"urlTemplate\":\"https:\/\/librairie7l.com\/en\/?s={search_term_string}\"},\"query-input\":\"required name=search_term_string\"}],\"inLanguage\":\"en-US\"},{\"@type\":\"Organization\",\"@id\":\"https:\/\/librairie7l.com\/en\/#organization\",\"name\":\"Librairie 7L\",\"url\":\"https:\/\/librairie7l.com\/en\/\",\"logo\":{\"@type\":\"ImageObject\",\"inLanguage\":\"en-US\",\"@id\":\"https:\/\/librairie7l.com\/en\/#\/schema\/logo\/image\/\",\"url\":\"https:\/\/librairie7l.com\/wp-content\/uploads\/2022\/08\/logo-1.png\",\"contentUrl\":\"https:\/\/librairie7l.com\/wp-content\/uploads\/2022\/08\/logo-1.png\",\"width\":227,\"height\":301,\"caption\":\"Librairie 7L\"},\"image\":{\"@id\":\"https:\/\/librairie7l.com\/en\/#\/schema\/logo\/image\/\"}}]}<\/script>\n<!-- \/ Yoast SEO plugin. -->","yoast_head_json":{"title":"Pour un jardin vivant : Imaginer. planifier. cr\u00e9er - Librairie 7L","robots":{"index":"index","follow":"follow","max-snippet":"max-snippet:-1","max-image-preview":"max-image-preview:large","max-video-preview":"max-video-preview:-1"},"canonical":"https:\/\/librairie7l.com\/en\/produit\/pour-un-jardin-vivant-imaginer-planifier-creer\/","og_locale":"en_US","og_type":"article","og_title":"Pour un jardin vivant : Imaginer. planifier. cr\u00e9er - Librairie 7L","og_description":"Imaginer, planifier et cr\u00e9er le jardin de ses r\u00eaves. Dans ce livre, St\u00e9phanie Dessy met \u00e0 notre disposition son exp\u00e9rience et sa m\u00e9thode. \u00c0 la fois livre d&#8217;inspiration et livre pratique, on y trouve toutes les \u00e9tapes pour mettre sur pied le jardin souhait\u00e9 et des propositions, des id\u00e9es, des s\u00e9lections de fleurs en fonction [&hellip;]","og_url":"https:\/\/librairie7l.com\/en\/produit\/pour-un-jardin-vivant-imaginer-planifier-creer\/","og_site_name":"Librairie 7L","article_modified_time":"2026-04-11T16:26:10+00:00","og_image":[{"width":600,"height":819,"url":"https:\/\/librairie7l.com\/wp-content\/uploads\/2023\/11\/9782812625671_1_75.jpg","type":"image\/jpeg"}],"twitter_card":"summary_large_image","twitter_misc":{"Est. reading time":"1 minute"},"schema":{"@context":"https:\/\/schema.org","@graph":[{"@type":"WebPage","@id":"https:\/\/librairie7l.com\/en\/produit\/pour-un-jardin-vivant-imaginer-planifier-creer\/","url":"https:\/\/librairie7l.com\/en\/produit\/pour-un-jardin-vivant-imaginer-planifier-creer\/","name":"Pour un jardin vivant : Imaginer. planifier. cr\u00e9er - Librairie 7L","isPartOf":{"@id":"https:\/\/librairie7l.com\/en\/#website"},"datePublished":"2024-04-27T07:20:02+00:00","dateModified":"2026-04-11T16:26:10+00:00","breadcrumb":{"@id":"https:\/\/librairie7l.com\/en\/produit\/pour-un-jardin-vivant-imaginer-planifier-creer\/#breadcrumb"},"inLanguage":"en-US","potentialAction":[{"@type":"ReadAction","target":["https:\/\/librairie7l.com\/en\/produit\/pour-un-jardin-vivant-imaginer-planifier-creer\/"]}]},{"@type":"BreadcrumbList","@id":"https:\/\/librairie7l.com\/en\/produit\/pour-un-jardin-vivant-imaginer-planifier-creer\/#breadcrumb","itemListElement":[{"@type":"ListItem","position":1,"name":"Accueil","item":"https:\/\/librairie7l.com\/en\/"},{"@type":"ListItem","position":2,"name":"Shop","item":"https:\/\/librairie7l.com\/en\/shop\/"},{"@type":"ListItem","position":3,"name":"POUR UN JARDIN VIVANT : IMAGINER. PLANIFIER. CR\u00c9ER"}]},{"@type":"WebSite","@id":"https:\/\/librairie7l.com\/en\/#website","url":"https:\/\/librairie7l.com\/en\/","name":"Librairie 7L","description":"Librairie fond\u00e9e en 1999 par Karl Lagerfeld \u00e0 Paris","publisher":{"@id":"https:\/\/librairie7l.com\/en\/#organization"},"potentialAction":[{"@type":"SearchAction","target":{"@type":"EntryPoint","urlTemplate":"https:\/\/librairie7l.com\/en\/?s={search_term_string}"},"query-input":"required name=search_term_string"}],"inLanguage":"en-US"},{"@type":"Organization","@id":"https:\/\/librairie7l.com\/en\/#organization","name":"Librairie 7L","url":"https:\/\/librairie7l.com\/en\/","logo":{"@type":"ImageObject","inLanguage":"en-US","@id":"https:\/\/librairie7l.com\/en\/#\/schema\/logo\/image\/","url":"https:\/\/librairie7l.com\/wp-content\/uploads\/2022\/08\/logo-1.png","contentUrl":"https:\/\/librairie7l.com\/wp-content\/uploads\/2022\/08\/logo-1.png","width":227,"height":301,"caption":"Librairie 7L"},"image":{"@id":"https:\/\/librairie7l.com\/en\/#\/schema\/logo\/image\/"}}]}},"_links":{"self":[{"href":"https:\/\/librairie7l.com\/en\/wp-json\/wp\/v2\/product\/40678"}],"collection":[{"href":"https:\/\/librairie7l.com\/en\/wp-json\/wp\/v2\/product"}],"about":[{"href":"https:\/\/librairie7l.com\/en\/wp-json\/wp\/v2\/types\/product"}],"wp:featuredmedia":[{"embeddable":true,"href":"https:\/\/librairie7l.com\/en\/wp-json\/wp\/v2\/media\/40676"}],"wp:attachment":[{"href":"https:\/\/librairie7l.com\/en\/wp-json\/wp\/v2\/media?parent=40678"}],"wp:term":[{"taxonomy":"product_cat","embeddable":true,"href":"https:\/\/librairie7l.com\/en\/wp-json\/wp\/v2\/product_cat?post=40678"},{"taxonomy":"product_tag","embeddable":true,"href":"https:\/\/librairie7l.com\/en\/wp-json\/wp\/v2\/product_tag?post=40678"}],"curies":[{"name":"wp","href":"https:\/\/api.w.org\/{rel}","templated":true}]}}