{"id":40682,"date":"2024-04-27T09:20:06","date_gmt":"2024-04-27T07:20:06","guid":{"rendered":"https:\/\/librairie7l.com\/?post_type=product&#038;p=40682"},"modified":"2026-04-13T08:27:42","modified_gmt":"2026-04-13T06:27:42","slug":"petit-traite-du-jardin-ordinaire","status":"publish","type":"product","link":"https:\/\/librairie7l.com\/en\/produit\/petit-traite-du-jardin-ordinaire\/","title":{"rendered":"PETIT TRAIT\u00c9 DU JARDIN ORDINAIRE"},"content":{"rendered":"<p>Qu&#8217;est-ce qu&#8217;un jardin, de quel type d&#8217;espace s&#8217;agit-il, quelle est sa forme temporelle, de quelles pi\u00e8ces doit-il se composer pour avoir droit au nom de jardin? En distinguant le jardin de son fr\u00e8re ennemi, le paysage, en \u00e9vitant de le soumettre \u00e0 la contagion des beaux jardins, en essayant d&#8217;aller \u00e0 l&#8217;\u00e9l\u00e9mentaire, ce petit trait\u00e9 tente de fixer pour un moment l&#8217;objet jardin, objet toujours en mouvement, toujours inachev\u00e9, et dont la composition subtile r\u00e9clame un prudent dosage.<\/p>\n","protected":false},"excerpt":{"rendered":"<p>Qu&#8217;est-ce qu&#8217;un jardin, de quel type d&#8217;espace s&#8217;agit-il, quelle est sa forme temporelle, de quelles pi\u00e8ces doit-il se composer pour avoir droit au nom de jardin? En distinguant le jardin de son fr\u00e8re ennemi, le paysage, en \u00e9vitant de le soumettre \u00e0 la contagion des beaux jardins, en essayant d&#8217;aller \u00e0 l&#8217;\u00e9l\u00e9mentaire, ce petit trait\u00e9 [&hellip;]<\/p>\n","protected":false},"featured_media":40680,"template":"","meta":[],"product_cat":[2948,2956],"product_tag":[],"acf":[],"yoast_head":"<!-- This site is optimized with the Yoast SEO plugin v20.11 - https:\/\/yoast.com\/wordpress\/plugins\/seo\/ -->\n<title>Petit trait\u00e9 du jardin ordinaire - Librairie 7L<\/title>\n<meta name=\"robots\" content=\"index, follow, max-snippet:-1, max-image-preview:large, max-video-preview:-1\" \/>\n<link rel=\"canonical\" href=\"https:\/\/librairie7l.com\/en\/produit\/petit-traite-du-jardin-ordinaire\/\" \/>\n<meta property=\"og:locale\" content=\"en_US\" \/>\n<meta property=\"og:type\" content=\"article\" \/>\n<meta property=\"og:title\" content=\"Petit trait\u00e9 du jardin ordinaire - Librairie 7L\" \/>\n<meta property=\"og:description\" content=\"Qu&#8217;est-ce qu&#8217;un jardin, de quel type d&#8217;espace s&#8217;agit-il, quelle est sa forme temporelle, de quelles pi\u00e8ces doit-il se composer pour avoir droit au nom de jardin? En distinguant le jardin de son fr\u00e8re ennemi, le paysage, en \u00e9vitant de le soumettre \u00e0 la contagion des beaux jardins, en essayant d&#8217;aller \u00e0 l&#8217;\u00e9l\u00e9mentaire, ce petit trait\u00e9 [&hellip;]\" \/>\n<meta property=\"og:url\" content=\"https:\/\/librairie7l.com\/en\/produit\/petit-traite-du-jardin-ordinaire\/\" \/>\n<meta property=\"og:site_name\" content=\"Librairie 7L\" \/>\n<meta property=\"article:modified_time\" content=\"2026-04-13T06:27:42+00:00\" \/>\n<meta property=\"og:image\" content=\"https:\/\/librairie7l.com\/wp-content\/uploads\/2023\/11\/9782743662547_1_75.jpg\" \/>\n\t<meta property=\"og:image:width\" content=\"468\" \/>\n\t<meta property=\"og:image:height\" content=\"723\" \/>\n\t<meta property=\"og:image:type\" content=\"image\/jpeg\" \/>\n<meta name=\"twitter:card\" content=\"summary_large_image\" \/>\n<script type=\"application\/ld+json\" class=\"yoast-schema-graph\">{\"@context\":\"https:\/\/schema.org\",\"@graph\":[{\"@type\":\"WebPage\",\"@id\":\"https:\/\/librairie7l.com\/en\/produit\/petit-traite-du-jardin-ordinaire\/\",\"url\":\"https:\/\/librairie7l.com\/en\/produit\/petit-traite-du-jardin-ordinaire\/\",\"name\":\"Petit trait\u00e9 du jardin ordinaire - Librairie 7L\",\"isPartOf\":{\"@id\":\"https:\/\/librairie7l.com\/en\/#website\"},\"datePublished\":\"2024-04-27T07:20:06+00:00\",\"dateModified\":\"2026-04-13T06:27:42+00:00\",\"breadcrumb\":{\"@id\":\"https:\/\/librairie7l.com\/en\/produit\/petit-traite-du-jardin-ordinaire\/#breadcrumb\"},\"inLanguage\":\"en-US\",\"potentialAction\":[{\"@type\":\"ReadAction\",\"target\":[\"https:\/\/librairie7l.com\/en\/produit\/petit-traite-du-jardin-ordinaire\/\"]}]},{\"@type\":\"BreadcrumbList\",\"@id\":\"https:\/\/librairie7l.com\/en\/produit\/petit-traite-du-jardin-ordinaire\/#breadcrumb\",\"itemListElement\":[{\"@type\":\"ListItem\",\"position\":1,\"name\":\"Accueil\",\"item\":\"https:\/\/librairie7l.com\/en\/\"},{\"@type\":\"ListItem\",\"position\":2,\"name\":\"Shop\",\"item\":\"https:\/\/librairie7l.com\/en\/shop\/\"},{\"@type\":\"ListItem\",\"position\":3,\"name\":\"PETIT TRAIT\u00c9 DU JARDIN ORDINAIRE\"}]},{\"@type\":\"WebSite\",\"@id\":\"https:\/\/librairie7l.com\/en\/#website\",\"url\":\"https:\/\/librairie7l.com\/en\/\",\"name\":\"Librairie 7L\",\"description\":\"Librairie fond\u00e9e en 1999 par Karl Lagerfeld \u00e0 Paris\",\"publisher\":{\"@id\":\"https:\/\/librairie7l.com\/en\/#organization\"},\"potentialAction\":[{\"@type\":\"SearchAction\",\"target\":{\"@type\":\"EntryPoint\",\"urlTemplate\":\"https:\/\/librairie7l.com\/en\/?s={search_term_string}\"},\"query-input\":\"required name=search_term_string\"}],\"inLanguage\":\"en-US\"},{\"@type\":\"Organization\",\"@id\":\"https:\/\/librairie7l.com\/en\/#organization\",\"name\":\"Librairie 7L\",\"url\":\"https:\/\/librairie7l.com\/en\/\",\"logo\":{\"@type\":\"ImageObject\",\"inLanguage\":\"en-US\",\"@id\":\"https:\/\/librairie7l.com\/en\/#\/schema\/logo\/image\/\",\"url\":\"https:\/\/librairie7l.com\/wp-content\/uploads\/2022\/08\/logo-1.png\",\"contentUrl\":\"https:\/\/librairie7l.com\/wp-content\/uploads\/2022\/08\/logo-1.png\",\"width\":227,\"height\":301,\"caption\":\"Librairie 7L\"},\"image\":{\"@id\":\"https:\/\/librairie7l.com\/en\/#\/schema\/logo\/image\/\"}}]}<\/script>\n<!-- \/ Yoast SEO plugin. -->","yoast_head_json":{"title":"Petit trait\u00e9 du jardin ordinaire - Librairie 7L","robots":{"index":"index","follow":"follow","max-snippet":"max-snippet:-1","max-image-preview":"max-image-preview:large","max-video-preview":"max-video-preview:-1"},"canonical":"https:\/\/librairie7l.com\/en\/produit\/petit-traite-du-jardin-ordinaire\/","og_locale":"en_US","og_type":"article","og_title":"Petit trait\u00e9 du jardin ordinaire - Librairie 7L","og_description":"Qu&#8217;est-ce qu&#8217;un jardin, de quel type d&#8217;espace s&#8217;agit-il, quelle est sa forme temporelle, de quelles pi\u00e8ces doit-il se composer pour avoir droit au nom de jardin? En distinguant le jardin de son fr\u00e8re ennemi, le paysage, en \u00e9vitant de le soumettre \u00e0 la contagion des beaux jardins, en essayant d&#8217;aller \u00e0 l&#8217;\u00e9l\u00e9mentaire, ce petit trait\u00e9 [&hellip;]","og_url":"https:\/\/librairie7l.com\/en\/produit\/petit-traite-du-jardin-ordinaire\/","og_site_name":"Librairie 7L","article_modified_time":"2026-04-13T06:27:42+00:00","og_image":[{"width":468,"height":723,"url":"https:\/\/librairie7l.com\/wp-content\/uploads\/2023\/11\/9782743662547_1_75.jpg","type":"image\/jpeg"}],"twitter_card":"summary_large_image","schema":{"@context":"https:\/\/schema.org","@graph":[{"@type":"WebPage","@id":"https:\/\/librairie7l.com\/en\/produit\/petit-traite-du-jardin-ordinaire\/","url":"https:\/\/librairie7l.com\/en\/produit\/petit-traite-du-jardin-ordinaire\/","name":"Petit trait\u00e9 du jardin ordinaire - Librairie 7L","isPartOf":{"@id":"https:\/\/librairie7l.com\/en\/#website"},"datePublished":"2024-04-27T07:20:06+00:00","dateModified":"2026-04-13T06:27:42+00:00","breadcrumb":{"@id":"https:\/\/librairie7l.com\/en\/produit\/petit-traite-du-jardin-ordinaire\/#breadcrumb"},"inLanguage":"en-US","potentialAction":[{"@type":"ReadAction","target":["https:\/\/librairie7l.com\/en\/produit\/petit-traite-du-jardin-ordinaire\/"]}]},{"@type":"BreadcrumbList","@id":"https:\/\/librairie7l.com\/en\/produit\/petit-traite-du-jardin-ordinaire\/#breadcrumb","itemListElement":[{"@type":"ListItem","position":1,"name":"Accueil","item":"https:\/\/librairie7l.com\/en\/"},{"@type":"ListItem","position":2,"name":"Shop","item":"https:\/\/librairie7l.com\/en\/shop\/"},{"@type":"ListItem","position":3,"name":"PETIT TRAIT\u00c9 DU JARDIN ORDINAIRE"}]},{"@type":"WebSite","@id":"https:\/\/librairie7l.com\/en\/#website","url":"https:\/\/librairie7l.com\/en\/","name":"Librairie 7L","description":"Librairie fond\u00e9e en 1999 par Karl Lagerfeld \u00e0 Paris","publisher":{"@id":"https:\/\/librairie7l.com\/en\/#organization"},"potentialAction":[{"@type":"SearchAction","target":{"@type":"EntryPoint","urlTemplate":"https:\/\/librairie7l.com\/en\/?s={search_term_string}"},"query-input":"required name=search_term_string"}],"inLanguage":"en-US"},{"@type":"Organization","@id":"https:\/\/librairie7l.com\/en\/#organization","name":"Librairie 7L","url":"https:\/\/librairie7l.com\/en\/","logo":{"@type":"ImageObject","inLanguage":"en-US","@id":"https:\/\/librairie7l.com\/en\/#\/schema\/logo\/image\/","url":"https:\/\/librairie7l.com\/wp-content\/uploads\/2022\/08\/logo-1.png","contentUrl":"https:\/\/librairie7l.com\/wp-content\/uploads\/2022\/08\/logo-1.png","width":227,"height":301,"caption":"Librairie 7L"},"image":{"@id":"https:\/\/librairie7l.com\/en\/#\/schema\/logo\/image\/"}}]}},"_links":{"self":[{"href":"https:\/\/librairie7l.com\/en\/wp-json\/wp\/v2\/product\/40682"}],"collection":[{"href":"https:\/\/librairie7l.com\/en\/wp-json\/wp\/v2\/product"}],"about":[{"href":"https:\/\/librairie7l.com\/en\/wp-json\/wp\/v2\/types\/product"}],"wp:featuredmedia":[{"embeddable":true,"href":"https:\/\/librairie7l.com\/en\/wp-json\/wp\/v2\/media\/40680"}],"wp:attachment":[{"href":"https:\/\/librairie7l.com\/en\/wp-json\/wp\/v2\/media?parent=40682"}],"wp:term":[{"taxonomy":"product_cat","embeddable":true,"href":"https:\/\/librairie7l.com\/en\/wp-json\/wp\/v2\/product_cat?post=40682"},{"taxonomy":"product_tag","embeddable":true,"href":"https:\/\/librairie7l.com\/en\/wp-json\/wp\/v2\/product_tag?post=40682"}],"curies":[{"name":"wp","href":"https:\/\/api.w.org\/{rel}","templated":true}]}}