{"id":40686,"date":"2024-06-25T15:06:58","date_gmt":"2024-06-25T13:06:58","guid":{"rendered":"https:\/\/librairie7l.com\/?post_type=product&#038;p=40686"},"modified":"2026-04-17T20:07:03","modified_gmt":"2026-04-17T18:07:03","slug":"david-lynch-un-marginal-a-hollywood","status":"publish","type":"product","link":"https:\/\/librairie7l.com\/en\/produit\/david-lynch-un-marginal-a-hollywood\/","title":{"rendered":"DAVID LYNCH, UN MARGINAL \u00c0 HOLLYWOOD"},"content":{"rendered":"<p>Tout \u00e0 la fois figure mythique de la culture contemporaine et outsider de l&#8217;industrie cin\u00e9matographique, David Lynch ne cesse d&#8217;acculer le spectateur dans ses retranchements. R\u00e9alisateur multi-r\u00e9compens\u00e9, son oeuvre entre en r\u00e9sonnance avec le subconscient, les d\u00e9sirs et les peurs les plus enfouies de chacun. D\u00e9cri\u00e9 par certains, adul\u00e9 par d&#8217;autres, le travail de ce cin\u00e9aste hors-normes ne laisse personne indiff\u00e9rent. Son style novateur et surr\u00e9aliste a m\u00eame engendr\u00e9 un nouvel adjectif : \u00ab lynchien \u00bb. Depuis plus de quarante-cinq ans, le travail de Lynch fascine, d\u00e9concerte et provoque les t\u00e9l\u00e9spectateurs. De ses courts-m\u00e9trages exp\u00e9rimentaux des ann\u00e9es 1960 \u00e0 ses longs-m\u00e9trages comme Eraserhead, Elephant Man, Blue Velvet ou encore Mulholland Drive ? sans oublier la cultissime s\u00e9rie Twin Peaks ? David Lynch a repouss\u00e9 les limites de la narration. Riche en illustrations, cet ouvrage est autant un portrait de ce \u00ab tsar du bizarre \u00bb qu&#8217;une r\u00e9trospective de son travail o\u00f9 film noir, road movie, histoires d&#8217;amour, \u00e9tranget\u00e9s et myst\u00e8res se conjuguent pour donner naissance \u00e0 des oeuvres uniques et inoubliables. Ponctu\u00e9 d&#8217;interviews et d&#8217;analyses de sa carri\u00e8re, ce recueil permet de lever le voile, autant que faire se peut, sur l&#8217;une des \u00e9nigmes du cin\u00e9ma mondial. Ian Nathan est un sp\u00e9cialiste du cin\u00e9ma. Ancien r\u00e9dacteur-en-chef du magazine Empire, il contribue r\u00e9guli\u00e8rement aux Cahiers du Cin\u00e9ma, The Times ou encore The Independant. Il est \u00e9galement l&#8217;auteur de Alien : gen\u00e8se d&#8217;un mythe, Guillermo del Toro : Enchanteur du cin\u00e9ma et Tim Burton : itin\u00e9raire d&#8217;un enfant particulier, tous disponibles aux \u00e9ditions Huginn&amp;Muninn.<\/p>\n","protected":false},"excerpt":{"rendered":"<p>Tout \u00e0 la fois figure mythique de la culture contemporaine et outsider de l&#8217;industrie cin\u00e9matographique, David Lynch ne cesse d&#8217;acculer le spectateur dans ses retranchements. R\u00e9alisateur multi-r\u00e9compens\u00e9, son oeuvre entre en r\u00e9sonnance avec le subconscient, les d\u00e9sirs et les peurs les plus enfouies de chacun. D\u00e9cri\u00e9 par certains, adul\u00e9 par d&#8217;autres, le travail de ce [&hellip;]<\/p>\n","protected":false},"featured_media":40684,"template":"","meta":[],"product_cat":[2948,2958],"product_tag":[],"acf":[],"yoast_head":"<!-- This site is optimized with the Yoast SEO plugin v20.11 - https:\/\/yoast.com\/wordpress\/plugins\/seo\/ -->\n<title>David Lynch, un marginal \u00e0 Hollywood - Librairie 7L<\/title>\n<meta name=\"robots\" content=\"index, follow, max-snippet:-1, max-image-preview:large, max-video-preview:-1\" \/>\n<link rel=\"canonical\" href=\"https:\/\/librairie7l.com\/en\/produit\/david-lynch-un-marginal-a-hollywood\/\" \/>\n<meta property=\"og:locale\" content=\"en_US\" \/>\n<meta property=\"og:type\" content=\"article\" \/>\n<meta property=\"og:title\" content=\"David Lynch, un marginal \u00e0 Hollywood - Librairie 7L\" \/>\n<meta property=\"og:description\" content=\"Tout \u00e0 la fois figure mythique de la culture contemporaine et outsider de l&#8217;industrie cin\u00e9matographique, David Lynch ne cesse d&#8217;acculer le spectateur dans ses retranchements. R\u00e9alisateur multi-r\u00e9compens\u00e9, son oeuvre entre en r\u00e9sonnance avec le subconscient, les d\u00e9sirs et les peurs les plus enfouies de chacun. D\u00e9cri\u00e9 par certains, adul\u00e9 par d&#8217;autres, le travail de ce [&hellip;]\" \/>\n<meta property=\"og:url\" content=\"https:\/\/librairie7l.com\/en\/produit\/david-lynch-un-marginal-a-hollywood\/\" \/>\n<meta property=\"og:site_name\" content=\"Librairie 7L\" \/>\n<meta property=\"article:modified_time\" content=\"2026-04-17T18:07:03+00:00\" \/>\n<meta property=\"og:image\" content=\"https:\/\/librairie7l.com\/wp-content\/uploads\/2023\/06\/9782364809543_1_75.jpg\" \/>\n\t<meta property=\"og:image:width\" content=\"600\" \/>\n\t<meta property=\"og:image:height\" content=\"725\" \/>\n\t<meta property=\"og:image:type\" content=\"image\/jpeg\" \/>\n<meta name=\"twitter:card\" content=\"summary_large_image\" \/>\n<meta name=\"twitter:label1\" content=\"Est. reading time\" \/>\n\t<meta name=\"twitter:data1\" content=\"1 minute\" \/>\n<script type=\"application\/ld+json\" class=\"yoast-schema-graph\">{\"@context\":\"https:\/\/schema.org\",\"@graph\":[{\"@type\":\"WebPage\",\"@id\":\"https:\/\/librairie7l.com\/en\/produit\/david-lynch-un-marginal-a-hollywood\/\",\"url\":\"https:\/\/librairie7l.com\/en\/produit\/david-lynch-un-marginal-a-hollywood\/\",\"name\":\"David Lynch, un marginal \u00e0 Hollywood - Librairie 7L\",\"isPartOf\":{\"@id\":\"https:\/\/librairie7l.com\/en\/#website\"},\"datePublished\":\"2024-06-25T13:06:58+00:00\",\"dateModified\":\"2026-04-17T18:07:03+00:00\",\"breadcrumb\":{\"@id\":\"https:\/\/librairie7l.com\/en\/produit\/david-lynch-un-marginal-a-hollywood\/#breadcrumb\"},\"inLanguage\":\"en-US\",\"potentialAction\":[{\"@type\":\"ReadAction\",\"target\":[\"https:\/\/librairie7l.com\/en\/produit\/david-lynch-un-marginal-a-hollywood\/\"]}]},{\"@type\":\"BreadcrumbList\",\"@id\":\"https:\/\/librairie7l.com\/en\/produit\/david-lynch-un-marginal-a-hollywood\/#breadcrumb\",\"itemListElement\":[{\"@type\":\"ListItem\",\"position\":1,\"name\":\"Accueil\",\"item\":\"https:\/\/librairie7l.com\/en\/\"},{\"@type\":\"ListItem\",\"position\":2,\"name\":\"Shop\",\"item\":\"https:\/\/librairie7l.com\/en\/shop\/\"},{\"@type\":\"ListItem\",\"position\":3,\"name\":\"DAVID LYNCH, UN MARGINAL \u00c0 HOLLYWOOD\"}]},{\"@type\":\"WebSite\",\"@id\":\"https:\/\/librairie7l.com\/en\/#website\",\"url\":\"https:\/\/librairie7l.com\/en\/\",\"name\":\"Librairie 7L\",\"description\":\"Librairie fond\u00e9e en 1999 par Karl Lagerfeld \u00e0 Paris\",\"publisher\":{\"@id\":\"https:\/\/librairie7l.com\/en\/#organization\"},\"potentialAction\":[{\"@type\":\"SearchAction\",\"target\":{\"@type\":\"EntryPoint\",\"urlTemplate\":\"https:\/\/librairie7l.com\/en\/?s={search_term_string}\"},\"query-input\":\"required name=search_term_string\"}],\"inLanguage\":\"en-US\"},{\"@type\":\"Organization\",\"@id\":\"https:\/\/librairie7l.com\/en\/#organization\",\"name\":\"Librairie 7L\",\"url\":\"https:\/\/librairie7l.com\/en\/\",\"logo\":{\"@type\":\"ImageObject\",\"inLanguage\":\"en-US\",\"@id\":\"https:\/\/librairie7l.com\/en\/#\/schema\/logo\/image\/\",\"url\":\"https:\/\/librairie7l.com\/wp-content\/uploads\/2022\/08\/logo-1.png\",\"contentUrl\":\"https:\/\/librairie7l.com\/wp-content\/uploads\/2022\/08\/logo-1.png\",\"width\":227,\"height\":301,\"caption\":\"Librairie 7L\"},\"image\":{\"@id\":\"https:\/\/librairie7l.com\/en\/#\/schema\/logo\/image\/\"}}]}<\/script>\n<!-- \/ Yoast SEO plugin. -->","yoast_head_json":{"title":"David Lynch, un marginal \u00e0 Hollywood - Librairie 7L","robots":{"index":"index","follow":"follow","max-snippet":"max-snippet:-1","max-image-preview":"max-image-preview:large","max-video-preview":"max-video-preview:-1"},"canonical":"https:\/\/librairie7l.com\/en\/produit\/david-lynch-un-marginal-a-hollywood\/","og_locale":"en_US","og_type":"article","og_title":"David Lynch, un marginal \u00e0 Hollywood - Librairie 7L","og_description":"Tout \u00e0 la fois figure mythique de la culture contemporaine et outsider de l&#8217;industrie cin\u00e9matographique, David Lynch ne cesse d&#8217;acculer le spectateur dans ses retranchements. R\u00e9alisateur multi-r\u00e9compens\u00e9, son oeuvre entre en r\u00e9sonnance avec le subconscient, les d\u00e9sirs et les peurs les plus enfouies de chacun. D\u00e9cri\u00e9 par certains, adul\u00e9 par d&#8217;autres, le travail de ce [&hellip;]","og_url":"https:\/\/librairie7l.com\/en\/produit\/david-lynch-un-marginal-a-hollywood\/","og_site_name":"Librairie 7L","article_modified_time":"2026-04-17T18:07:03+00:00","og_image":[{"width":600,"height":725,"url":"https:\/\/librairie7l.com\/wp-content\/uploads\/2023\/06\/9782364809543_1_75.jpg","type":"image\/jpeg"}],"twitter_card":"summary_large_image","twitter_misc":{"Est. reading time":"1 minute"},"schema":{"@context":"https:\/\/schema.org","@graph":[{"@type":"WebPage","@id":"https:\/\/librairie7l.com\/en\/produit\/david-lynch-un-marginal-a-hollywood\/","url":"https:\/\/librairie7l.com\/en\/produit\/david-lynch-un-marginal-a-hollywood\/","name":"David Lynch, un marginal \u00e0 Hollywood - Librairie 7L","isPartOf":{"@id":"https:\/\/librairie7l.com\/en\/#website"},"datePublished":"2024-06-25T13:06:58+00:00","dateModified":"2026-04-17T18:07:03+00:00","breadcrumb":{"@id":"https:\/\/librairie7l.com\/en\/produit\/david-lynch-un-marginal-a-hollywood\/#breadcrumb"},"inLanguage":"en-US","potentialAction":[{"@type":"ReadAction","target":["https:\/\/librairie7l.com\/en\/produit\/david-lynch-un-marginal-a-hollywood\/"]}]},{"@type":"BreadcrumbList","@id":"https:\/\/librairie7l.com\/en\/produit\/david-lynch-un-marginal-a-hollywood\/#breadcrumb","itemListElement":[{"@type":"ListItem","position":1,"name":"Accueil","item":"https:\/\/librairie7l.com\/en\/"},{"@type":"ListItem","position":2,"name":"Shop","item":"https:\/\/librairie7l.com\/en\/shop\/"},{"@type":"ListItem","position":3,"name":"DAVID LYNCH, UN MARGINAL \u00c0 HOLLYWOOD"}]},{"@type":"WebSite","@id":"https:\/\/librairie7l.com\/en\/#website","url":"https:\/\/librairie7l.com\/en\/","name":"Librairie 7L","description":"Librairie fond\u00e9e en 1999 par Karl Lagerfeld \u00e0 Paris","publisher":{"@id":"https:\/\/librairie7l.com\/en\/#organization"},"potentialAction":[{"@type":"SearchAction","target":{"@type":"EntryPoint","urlTemplate":"https:\/\/librairie7l.com\/en\/?s={search_term_string}"},"query-input":"required name=search_term_string"}],"inLanguage":"en-US"},{"@type":"Organization","@id":"https:\/\/librairie7l.com\/en\/#organization","name":"Librairie 7L","url":"https:\/\/librairie7l.com\/en\/","logo":{"@type":"ImageObject","inLanguage":"en-US","@id":"https:\/\/librairie7l.com\/en\/#\/schema\/logo\/image\/","url":"https:\/\/librairie7l.com\/wp-content\/uploads\/2022\/08\/logo-1.png","contentUrl":"https:\/\/librairie7l.com\/wp-content\/uploads\/2022\/08\/logo-1.png","width":227,"height":301,"caption":"Librairie 7L"},"image":{"@id":"https:\/\/librairie7l.com\/en\/#\/schema\/logo\/image\/"}}]}},"_links":{"self":[{"href":"https:\/\/librairie7l.com\/en\/wp-json\/wp\/v2\/product\/40686"}],"collection":[{"href":"https:\/\/librairie7l.com\/en\/wp-json\/wp\/v2\/product"}],"about":[{"href":"https:\/\/librairie7l.com\/en\/wp-json\/wp\/v2\/types\/product"}],"wp:featuredmedia":[{"embeddable":true,"href":"https:\/\/librairie7l.com\/en\/wp-json\/wp\/v2\/media\/40684"}],"wp:attachment":[{"href":"https:\/\/librairie7l.com\/en\/wp-json\/wp\/v2\/media?parent=40686"}],"wp:term":[{"taxonomy":"product_cat","embeddable":true,"href":"https:\/\/librairie7l.com\/en\/wp-json\/wp\/v2\/product_cat?post=40686"},{"taxonomy":"product_tag","embeddable":true,"href":"https:\/\/librairie7l.com\/en\/wp-json\/wp\/v2\/product_tag?post=40686"}],"curies":[{"name":"wp","href":"https:\/\/api.w.org\/{rel}","templated":true}]}}