{"id":40698,"date":"2024-04-27T09:20:20","date_gmt":"2024-04-27T07:20:20","guid":{"rendered":"https:\/\/librairie7l.com\/?post_type=product&#038;p=40698"},"modified":"2026-04-11T20:14:09","modified_gmt":"2026-04-11T18:14:09","slug":"ceramique-90-artistes-contemporains","status":"publish","type":"product","link":"https:\/\/librairie7l.com\/en\/produit\/ceramique-90-artistes-contemporains\/","title":{"rendered":"C\u00c9RAMIQUE : 90 ARTISTES CONTEMPORAINS"},"content":{"rendered":"<p>C\u00e9ramique revient dans une \u00e9dition compacte (format plus petit mais contenu identique), \u00e0 prix r\u00e9duit.<\/p>\n<p>La c\u00e9ramique est aujourd&#8217;hui sur le devant de la sc\u00e8ne, gr\u00e2ce \u00e0 des artistes aux parcours multiples, aux formations diverses, aux motivations h\u00e9t\u00e9rog\u00e8nes et aux discours divergents. Monumentale, intimiste, pr\u00e9cieuse, brutale, architecturale, d\u00e9licate, elle rev\u00eat toutes les formes et se fait langage universel comme en t\u00e9moignent les oeuvres des 90 artistes de ce livre.<\/p>\n<p>\u00c9mouvantes, dr\u00f4les, strictes, imposantes, subversives, abstraites, figuratives, les oeuvres des artistes contemporains questionnent le monde dans lequel nous vivons et nous invitent \u00e0 changer notre regard \u00e0 la fois sur le mat\u00e9riau, mais aussi sur l&#8217;art lui-m\u00eame.<\/p>\n","protected":false},"excerpt":{"rendered":"<p>C\u00e9ramique revient dans une \u00e9dition compacte (format plus petit mais contenu identique), \u00e0 prix r\u00e9duit. La c\u00e9ramique est aujourd&#8217;hui sur le devant de la sc\u00e8ne, gr\u00e2ce \u00e0 des artistes aux parcours multiples, aux formations diverses, aux motivations h\u00e9t\u00e9rog\u00e8nes et aux discours divergents. Monumentale, intimiste, pr\u00e9cieuse, brutale, architecturale, d\u00e9licate, elle rev\u00eat toutes les formes et se [&hellip;]<\/p>\n","protected":false},"featured_media":40696,"template":"","meta":[],"product_cat":[2948,2952],"product_tag":[],"acf":[],"yoast_head":"<!-- This site is optimized with the Yoast SEO plugin v20.11 - https:\/\/yoast.com\/wordpress\/plugins\/seo\/ -->\n<title>C\u00e9ramique : 90 artistes contemporains - Librairie 7L<\/title>\n<meta name=\"robots\" content=\"index, follow, max-snippet:-1, max-image-preview:large, max-video-preview:-1\" \/>\n<link rel=\"canonical\" href=\"https:\/\/librairie7l.com\/en\/produit\/ceramique-90-artistes-contemporains\/\" \/>\n<meta property=\"og:locale\" content=\"en_US\" \/>\n<meta property=\"og:type\" content=\"article\" \/>\n<meta property=\"og:title\" content=\"C\u00e9ramique : 90 artistes contemporains - Librairie 7L\" \/>\n<meta property=\"og:description\" content=\"C\u00e9ramique revient dans une \u00e9dition compacte (format plus petit mais contenu identique), \u00e0 prix r\u00e9duit. La c\u00e9ramique est aujourd&#8217;hui sur le devant de la sc\u00e8ne, gr\u00e2ce \u00e0 des artistes aux parcours multiples, aux formations diverses, aux motivations h\u00e9t\u00e9rog\u00e8nes et aux discours divergents. Monumentale, intimiste, pr\u00e9cieuse, brutale, architecturale, d\u00e9licate, elle rev\u00eat toutes les formes et se [&hellip;]\" \/>\n<meta property=\"og:url\" content=\"https:\/\/librairie7l.com\/en\/produit\/ceramique-90-artistes-contemporains\/\" \/>\n<meta property=\"og:site_name\" content=\"Librairie 7L\" \/>\n<meta property=\"article:modified_time\" content=\"2026-04-11T18:14:09+00:00\" \/>\n<meta property=\"og:image\" content=\"https:\/\/librairie7l.com\/wp-content\/uploads\/2023\/12\/9782350175959_1_75.jpg\" \/>\n\t<meta property=\"og:image:width\" content=\"600\" \/>\n\t<meta property=\"og:image:height\" content=\"761\" \/>\n\t<meta property=\"og:image:type\" content=\"image\/jpeg\" \/>\n<meta name=\"twitter:card\" content=\"summary_large_image\" \/>\n<meta name=\"twitter:label1\" content=\"Est. reading time\" \/>\n\t<meta name=\"twitter:data1\" content=\"1 minute\" \/>\n<script type=\"application\/ld+json\" class=\"yoast-schema-graph\">{\"@context\":\"https:\/\/schema.org\",\"@graph\":[{\"@type\":\"WebPage\",\"@id\":\"https:\/\/librairie7l.com\/en\/produit\/ceramique-90-artistes-contemporains\/\",\"url\":\"https:\/\/librairie7l.com\/en\/produit\/ceramique-90-artistes-contemporains\/\",\"name\":\"C\u00e9ramique : 90 artistes contemporains - Librairie 7L\",\"isPartOf\":{\"@id\":\"https:\/\/librairie7l.com\/en\/#website\"},\"datePublished\":\"2024-04-27T07:20:20+00:00\",\"dateModified\":\"2026-04-11T18:14:09+00:00\",\"breadcrumb\":{\"@id\":\"https:\/\/librairie7l.com\/en\/produit\/ceramique-90-artistes-contemporains\/#breadcrumb\"},\"inLanguage\":\"en-US\",\"potentialAction\":[{\"@type\":\"ReadAction\",\"target\":[\"https:\/\/librairie7l.com\/en\/produit\/ceramique-90-artistes-contemporains\/\"]}]},{\"@type\":\"BreadcrumbList\",\"@id\":\"https:\/\/librairie7l.com\/en\/produit\/ceramique-90-artistes-contemporains\/#breadcrumb\",\"itemListElement\":[{\"@type\":\"ListItem\",\"position\":1,\"name\":\"Accueil\",\"item\":\"https:\/\/librairie7l.com\/en\/\"},{\"@type\":\"ListItem\",\"position\":2,\"name\":\"Shop\",\"item\":\"https:\/\/librairie7l.com\/en\/shop\/\"},{\"@type\":\"ListItem\",\"position\":3,\"name\":\"C\u00c9RAMIQUE : 90 ARTISTES CONTEMPORAINS\"}]},{\"@type\":\"WebSite\",\"@id\":\"https:\/\/librairie7l.com\/en\/#website\",\"url\":\"https:\/\/librairie7l.com\/en\/\",\"name\":\"Librairie 7L\",\"description\":\"Librairie fond\u00e9e en 1999 par Karl Lagerfeld \u00e0 Paris\",\"publisher\":{\"@id\":\"https:\/\/librairie7l.com\/en\/#organization\"},\"potentialAction\":[{\"@type\":\"SearchAction\",\"target\":{\"@type\":\"EntryPoint\",\"urlTemplate\":\"https:\/\/librairie7l.com\/en\/?s={search_term_string}\"},\"query-input\":\"required name=search_term_string\"}],\"inLanguage\":\"en-US\"},{\"@type\":\"Organization\",\"@id\":\"https:\/\/librairie7l.com\/en\/#organization\",\"name\":\"Librairie 7L\",\"url\":\"https:\/\/librairie7l.com\/en\/\",\"logo\":{\"@type\":\"ImageObject\",\"inLanguage\":\"en-US\",\"@id\":\"https:\/\/librairie7l.com\/en\/#\/schema\/logo\/image\/\",\"url\":\"https:\/\/librairie7l.com\/wp-content\/uploads\/2022\/08\/logo-1.png\",\"contentUrl\":\"https:\/\/librairie7l.com\/wp-content\/uploads\/2022\/08\/logo-1.png\",\"width\":227,\"height\":301,\"caption\":\"Librairie 7L\"},\"image\":{\"@id\":\"https:\/\/librairie7l.com\/en\/#\/schema\/logo\/image\/\"}}]}<\/script>\n<!-- \/ Yoast SEO plugin. -->","yoast_head_json":{"title":"C\u00e9ramique : 90 artistes contemporains - Librairie 7L","robots":{"index":"index","follow":"follow","max-snippet":"max-snippet:-1","max-image-preview":"max-image-preview:large","max-video-preview":"max-video-preview:-1"},"canonical":"https:\/\/librairie7l.com\/en\/produit\/ceramique-90-artistes-contemporains\/","og_locale":"en_US","og_type":"article","og_title":"C\u00e9ramique : 90 artistes contemporains - Librairie 7L","og_description":"C\u00e9ramique revient dans une \u00e9dition compacte (format plus petit mais contenu identique), \u00e0 prix r\u00e9duit. La c\u00e9ramique est aujourd&#8217;hui sur le devant de la sc\u00e8ne, gr\u00e2ce \u00e0 des artistes aux parcours multiples, aux formations diverses, aux motivations h\u00e9t\u00e9rog\u00e8nes et aux discours divergents. Monumentale, intimiste, pr\u00e9cieuse, brutale, architecturale, d\u00e9licate, elle rev\u00eat toutes les formes et se [&hellip;]","og_url":"https:\/\/librairie7l.com\/en\/produit\/ceramique-90-artistes-contemporains\/","og_site_name":"Librairie 7L","article_modified_time":"2026-04-11T18:14:09+00:00","og_image":[{"width":600,"height":761,"url":"https:\/\/librairie7l.com\/wp-content\/uploads\/2023\/12\/9782350175959_1_75.jpg","type":"image\/jpeg"}],"twitter_card":"summary_large_image","twitter_misc":{"Est. reading time":"1 minute"},"schema":{"@context":"https:\/\/schema.org","@graph":[{"@type":"WebPage","@id":"https:\/\/librairie7l.com\/en\/produit\/ceramique-90-artistes-contemporains\/","url":"https:\/\/librairie7l.com\/en\/produit\/ceramique-90-artistes-contemporains\/","name":"C\u00e9ramique : 90 artistes contemporains - Librairie 7L","isPartOf":{"@id":"https:\/\/librairie7l.com\/en\/#website"},"datePublished":"2024-04-27T07:20:20+00:00","dateModified":"2026-04-11T18:14:09+00:00","breadcrumb":{"@id":"https:\/\/librairie7l.com\/en\/produit\/ceramique-90-artistes-contemporains\/#breadcrumb"},"inLanguage":"en-US","potentialAction":[{"@type":"ReadAction","target":["https:\/\/librairie7l.com\/en\/produit\/ceramique-90-artistes-contemporains\/"]}]},{"@type":"BreadcrumbList","@id":"https:\/\/librairie7l.com\/en\/produit\/ceramique-90-artistes-contemporains\/#breadcrumb","itemListElement":[{"@type":"ListItem","position":1,"name":"Accueil","item":"https:\/\/librairie7l.com\/en\/"},{"@type":"ListItem","position":2,"name":"Shop","item":"https:\/\/librairie7l.com\/en\/shop\/"},{"@type":"ListItem","position":3,"name":"C\u00c9RAMIQUE : 90 ARTISTES CONTEMPORAINS"}]},{"@type":"WebSite","@id":"https:\/\/librairie7l.com\/en\/#website","url":"https:\/\/librairie7l.com\/en\/","name":"Librairie 7L","description":"Librairie fond\u00e9e en 1999 par Karl Lagerfeld \u00e0 Paris","publisher":{"@id":"https:\/\/librairie7l.com\/en\/#organization"},"potentialAction":[{"@type":"SearchAction","target":{"@type":"EntryPoint","urlTemplate":"https:\/\/librairie7l.com\/en\/?s={search_term_string}"},"query-input":"required name=search_term_string"}],"inLanguage":"en-US"},{"@type":"Organization","@id":"https:\/\/librairie7l.com\/en\/#organization","name":"Librairie 7L","url":"https:\/\/librairie7l.com\/en\/","logo":{"@type":"ImageObject","inLanguage":"en-US","@id":"https:\/\/librairie7l.com\/en\/#\/schema\/logo\/image\/","url":"https:\/\/librairie7l.com\/wp-content\/uploads\/2022\/08\/logo-1.png","contentUrl":"https:\/\/librairie7l.com\/wp-content\/uploads\/2022\/08\/logo-1.png","width":227,"height":301,"caption":"Librairie 7L"},"image":{"@id":"https:\/\/librairie7l.com\/en\/#\/schema\/logo\/image\/"}}]}},"_links":{"self":[{"href":"https:\/\/librairie7l.com\/en\/wp-json\/wp\/v2\/product\/40698"}],"collection":[{"href":"https:\/\/librairie7l.com\/en\/wp-json\/wp\/v2\/product"}],"about":[{"href":"https:\/\/librairie7l.com\/en\/wp-json\/wp\/v2\/types\/product"}],"wp:featuredmedia":[{"embeddable":true,"href":"https:\/\/librairie7l.com\/en\/wp-json\/wp\/v2\/media\/40696"}],"wp:attachment":[{"href":"https:\/\/librairie7l.com\/en\/wp-json\/wp\/v2\/media?parent=40698"}],"wp:term":[{"taxonomy":"product_cat","embeddable":true,"href":"https:\/\/librairie7l.com\/en\/wp-json\/wp\/v2\/product_cat?post=40698"},{"taxonomy":"product_tag","embeddable":true,"href":"https:\/\/librairie7l.com\/en\/wp-json\/wp\/v2\/product_tag?post=40698"}],"curies":[{"name":"wp","href":"https:\/\/api.w.org\/{rel}","templated":true}]}}