{"id":40702,"date":"2024-04-27T09:20:23","date_gmt":"2024-04-27T07:20:23","guid":{"rendered":"https:\/\/librairie7l.com\/?post_type=product&#038;p=40702"},"modified":"2026-04-18T03:34:23","modified_gmt":"2026-04-18T01:34:23","slug":"les-souvenirs-des-autres","status":"publish","type":"product","link":"https:\/\/librairie7l.com\/en\/produit\/les-souvenirs-des-autres\/","title":{"rendered":"LES SOUVENIRS DES AUTRES"},"content":{"rendered":"<p>Ce livre rassemble pour la premi\u00e8re fois le travail en Irlande d&#8217;Akihiko Okamura \u00e0 l&#8217;occasion de la num\u00e9risation de ce corpus quasi in\u00e9dit, accompagn\u00e9 de textes qui contextualisent son travail dans l&#8217;histoire de l&#8217;\u00e9poque et celle du m\u00e9dium photographique.<br \/>\nPendant les Troubles, la lutte pour l&#8217;ind\u00e9pendance qui dura de 1969 \u00e0 1998, l&#8217;Irlande du Nord a attir\u00e9 un grand nombre de photojournalistes \u00e9trangers venu documenter les \u00e9v\u00e9nements. Certains d&#8217;entre eux ont trouv\u00e9 un sujet qui les touchait personnellement, les poussant \u00e0 d\u00e9passer les codes du photojournalisme. C&#8217;est le cas du photographe japonais Akihiko Okamura qui a r\u00e9alis\u00e9 un travail unique et remarquable en couleur dans les premi\u00e8res ann\u00e9es du conflit, et qui est curieusement encore m\u00e9connu aujourd&#8217;hui.<br \/>\nN\u00e9 \u00e0 Tokyo en 1929, Akihiko Okamura s&#8217;est distingu\u00e9 comme l&#8217;un<br \/>\ndes grands photographes de guerre de sa g\u00e9n\u00e9ration, op\u00e9rant<br \/>\nnotamment au Vietnam au d\u00e9but des ann\u00e9es 1960. Il est toujours<br \/>\ntr\u00e8s respect\u00e9 au Japon, mais son travail et son exp\u00e9rience en Irlande, essentiels \u00e0 la fois dans son oeuvre et pour sa vie personnelle, ont \u00e9t\u00e9 peu explor\u00e9s. Okamura est arriv\u00e9 sur l&#8217;\u00eele avec sa famille en 1969 et y a v\u00e9cu jusqu&#8217;\u00e0 sa mort en 1985. Il a photographi\u00e9 son quotidien et les alentours, mais a vite \u00e9t\u00e9 pris d&#8217;int\u00e9r\u00eat pour le nord du pays et sa lutte pour l&#8217;ind\u00e9pendance.<br \/>\nSon attachement \u00e0 ce pays et \u00e0 son histoire l&#8217;ont conduit \u00e0 produire l&#8217;une des oeuvres photographiques les plus significatives r\u00e9alis\u00e9es par un photographe \u00e9tranger, m\u00ealant \u00e0 la fois cette simplicit\u00e9 du cadrage et du sujet, tr\u00e8s japonaise, \u00e0 une force dans la composition pour des sujets plus violents. En Irlande, il s&#8217;est \u00e9loign\u00e9 du photojournalisme pour d\u00e9velopper un t\u00e9moignage plus personnel. Le choix de travailler en couleur, alors que les reportages de l&#8217;\u00e9poque sont en N&amp;B pour la plupart, et de privil\u00e9gier des tonalit\u00e9s douces, comme hors du temps,<br \/>\ncontrastent avec la violence de l&#8217;\u00e9poque. Ses images semblent se<br \/>\nd\u00e9tacher du r\u00e9el. Il percevait la permanence du quotidien dans<br \/>\nl&#8217;impermanence de la guerre.<\/p>\n","protected":false},"excerpt":{"rendered":"<p>Ce livre rassemble pour la premi\u00e8re fois le travail en Irlande d&#8217;Akihiko Okamura \u00e0 l&#8217;occasion de la num\u00e9risation de ce corpus quasi in\u00e9dit, accompagn\u00e9 de textes qui contextualisent son travail dans l&#8217;histoire de l&#8217;\u00e9poque et celle du m\u00e9dium photographique. Pendant les Troubles, la lutte pour l&#8217;ind\u00e9pendance qui dura de 1969 \u00e0 1998, l&#8217;Irlande du Nord [&hellip;]<\/p>\n","protected":false},"featured_media":40700,"template":"","meta":[],"product_cat":[2948,2958],"product_tag":[],"acf":[],"yoast_head":"<!-- This site is optimized with the Yoast SEO plugin v20.11 - https:\/\/yoast.com\/wordpress\/plugins\/seo\/ -->\n<title>Les souvenirs des autres - Librairie 7L<\/title>\n<meta name=\"robots\" content=\"index, follow, max-snippet:-1, max-image-preview:large, max-video-preview:-1\" \/>\n<link rel=\"canonical\" href=\"https:\/\/librairie7l.com\/en\/produit\/les-souvenirs-des-autres\/\" \/>\n<meta property=\"og:locale\" content=\"en_US\" \/>\n<meta property=\"og:type\" content=\"article\" \/>\n<meta property=\"og:title\" content=\"Les souvenirs des autres - Librairie 7L\" \/>\n<meta property=\"og:description\" content=\"Ce livre rassemble pour la premi\u00e8re fois le travail en Irlande d&#8217;Akihiko Okamura \u00e0 l&#8217;occasion de la num\u00e9risation de ce corpus quasi in\u00e9dit, accompagn\u00e9 de textes qui contextualisent son travail dans l&#8217;histoire de l&#8217;\u00e9poque et celle du m\u00e9dium photographique. Pendant les Troubles, la lutte pour l&#8217;ind\u00e9pendance qui dura de 1969 \u00e0 1998, l&#8217;Irlande du Nord [&hellip;]\" \/>\n<meta property=\"og:url\" content=\"https:\/\/librairie7l.com\/en\/produit\/les-souvenirs-des-autres\/\" \/>\n<meta property=\"og:site_name\" content=\"Librairie 7L\" \/>\n<meta property=\"article:modified_time\" content=\"2026-04-18T01:34:23+00:00\" \/>\n<meta property=\"og:image\" content=\"https:\/\/librairie7l.com\/wp-content\/uploads\/2023\/12\/9782365113977_1_75.jpg\" \/>\n\t<meta property=\"og:image:width\" content=\"600\" \/>\n\t<meta property=\"og:image:height\" content=\"808\" \/>\n\t<meta property=\"og:image:type\" content=\"image\/jpeg\" \/>\n<meta name=\"twitter:card\" content=\"summary_large_image\" \/>\n<meta name=\"twitter:label1\" content=\"Est. reading time\" \/>\n\t<meta name=\"twitter:data1\" content=\"2 minutes\" \/>\n<script type=\"application\/ld+json\" class=\"yoast-schema-graph\">{\"@context\":\"https:\/\/schema.org\",\"@graph\":[{\"@type\":\"WebPage\",\"@id\":\"https:\/\/librairie7l.com\/en\/produit\/les-souvenirs-des-autres\/\",\"url\":\"https:\/\/librairie7l.com\/en\/produit\/les-souvenirs-des-autres\/\",\"name\":\"Les souvenirs des autres - Librairie 7L\",\"isPartOf\":{\"@id\":\"https:\/\/librairie7l.com\/en\/#website\"},\"datePublished\":\"2024-04-27T07:20:23+00:00\",\"dateModified\":\"2026-04-18T01:34:23+00:00\",\"breadcrumb\":{\"@id\":\"https:\/\/librairie7l.com\/en\/produit\/les-souvenirs-des-autres\/#breadcrumb\"},\"inLanguage\":\"en-US\",\"potentialAction\":[{\"@type\":\"ReadAction\",\"target\":[\"https:\/\/librairie7l.com\/en\/produit\/les-souvenirs-des-autres\/\"]}]},{\"@type\":\"BreadcrumbList\",\"@id\":\"https:\/\/librairie7l.com\/en\/produit\/les-souvenirs-des-autres\/#breadcrumb\",\"itemListElement\":[{\"@type\":\"ListItem\",\"position\":1,\"name\":\"Accueil\",\"item\":\"https:\/\/librairie7l.com\/en\/\"},{\"@type\":\"ListItem\",\"position\":2,\"name\":\"Shop\",\"item\":\"https:\/\/librairie7l.com\/en\/shop\/\"},{\"@type\":\"ListItem\",\"position\":3,\"name\":\"LES SOUVENIRS DES AUTRES\"}]},{\"@type\":\"WebSite\",\"@id\":\"https:\/\/librairie7l.com\/en\/#website\",\"url\":\"https:\/\/librairie7l.com\/en\/\",\"name\":\"Librairie 7L\",\"description\":\"Librairie fond\u00e9e en 1999 par Karl Lagerfeld \u00e0 Paris\",\"publisher\":{\"@id\":\"https:\/\/librairie7l.com\/en\/#organization\"},\"potentialAction\":[{\"@type\":\"SearchAction\",\"target\":{\"@type\":\"EntryPoint\",\"urlTemplate\":\"https:\/\/librairie7l.com\/en\/?s={search_term_string}\"},\"query-input\":\"required name=search_term_string\"}],\"inLanguage\":\"en-US\"},{\"@type\":\"Organization\",\"@id\":\"https:\/\/librairie7l.com\/en\/#organization\",\"name\":\"Librairie 7L\",\"url\":\"https:\/\/librairie7l.com\/en\/\",\"logo\":{\"@type\":\"ImageObject\",\"inLanguage\":\"en-US\",\"@id\":\"https:\/\/librairie7l.com\/en\/#\/schema\/logo\/image\/\",\"url\":\"https:\/\/librairie7l.com\/wp-content\/uploads\/2022\/08\/logo-1.png\",\"contentUrl\":\"https:\/\/librairie7l.com\/wp-content\/uploads\/2022\/08\/logo-1.png\",\"width\":227,\"height\":301,\"caption\":\"Librairie 7L\"},\"image\":{\"@id\":\"https:\/\/librairie7l.com\/en\/#\/schema\/logo\/image\/\"}}]}<\/script>\n<!-- \/ Yoast SEO plugin. -->","yoast_head_json":{"title":"Les souvenirs des autres - Librairie 7L","robots":{"index":"index","follow":"follow","max-snippet":"max-snippet:-1","max-image-preview":"max-image-preview:large","max-video-preview":"max-video-preview:-1"},"canonical":"https:\/\/librairie7l.com\/en\/produit\/les-souvenirs-des-autres\/","og_locale":"en_US","og_type":"article","og_title":"Les souvenirs des autres - Librairie 7L","og_description":"Ce livre rassemble pour la premi\u00e8re fois le travail en Irlande d&#8217;Akihiko Okamura \u00e0 l&#8217;occasion de la num\u00e9risation de ce corpus quasi in\u00e9dit, accompagn\u00e9 de textes qui contextualisent son travail dans l&#8217;histoire de l&#8217;\u00e9poque et celle du m\u00e9dium photographique. Pendant les Troubles, la lutte pour l&#8217;ind\u00e9pendance qui dura de 1969 \u00e0 1998, l&#8217;Irlande du Nord [&hellip;]","og_url":"https:\/\/librairie7l.com\/en\/produit\/les-souvenirs-des-autres\/","og_site_name":"Librairie 7L","article_modified_time":"2026-04-18T01:34:23+00:00","og_image":[{"width":600,"height":808,"url":"https:\/\/librairie7l.com\/wp-content\/uploads\/2023\/12\/9782365113977_1_75.jpg","type":"image\/jpeg"}],"twitter_card":"summary_large_image","twitter_misc":{"Est. reading time":"2 minutes"},"schema":{"@context":"https:\/\/schema.org","@graph":[{"@type":"WebPage","@id":"https:\/\/librairie7l.com\/en\/produit\/les-souvenirs-des-autres\/","url":"https:\/\/librairie7l.com\/en\/produit\/les-souvenirs-des-autres\/","name":"Les souvenirs des autres - Librairie 7L","isPartOf":{"@id":"https:\/\/librairie7l.com\/en\/#website"},"datePublished":"2024-04-27T07:20:23+00:00","dateModified":"2026-04-18T01:34:23+00:00","breadcrumb":{"@id":"https:\/\/librairie7l.com\/en\/produit\/les-souvenirs-des-autres\/#breadcrumb"},"inLanguage":"en-US","potentialAction":[{"@type":"ReadAction","target":["https:\/\/librairie7l.com\/en\/produit\/les-souvenirs-des-autres\/"]}]},{"@type":"BreadcrumbList","@id":"https:\/\/librairie7l.com\/en\/produit\/les-souvenirs-des-autres\/#breadcrumb","itemListElement":[{"@type":"ListItem","position":1,"name":"Accueil","item":"https:\/\/librairie7l.com\/en\/"},{"@type":"ListItem","position":2,"name":"Shop","item":"https:\/\/librairie7l.com\/en\/shop\/"},{"@type":"ListItem","position":3,"name":"LES SOUVENIRS DES AUTRES"}]},{"@type":"WebSite","@id":"https:\/\/librairie7l.com\/en\/#website","url":"https:\/\/librairie7l.com\/en\/","name":"Librairie 7L","description":"Librairie fond\u00e9e en 1999 par Karl Lagerfeld \u00e0 Paris","publisher":{"@id":"https:\/\/librairie7l.com\/en\/#organization"},"potentialAction":[{"@type":"SearchAction","target":{"@type":"EntryPoint","urlTemplate":"https:\/\/librairie7l.com\/en\/?s={search_term_string}"},"query-input":"required name=search_term_string"}],"inLanguage":"en-US"},{"@type":"Organization","@id":"https:\/\/librairie7l.com\/en\/#organization","name":"Librairie 7L","url":"https:\/\/librairie7l.com\/en\/","logo":{"@type":"ImageObject","inLanguage":"en-US","@id":"https:\/\/librairie7l.com\/en\/#\/schema\/logo\/image\/","url":"https:\/\/librairie7l.com\/wp-content\/uploads\/2022\/08\/logo-1.png","contentUrl":"https:\/\/librairie7l.com\/wp-content\/uploads\/2022\/08\/logo-1.png","width":227,"height":301,"caption":"Librairie 7L"},"image":{"@id":"https:\/\/librairie7l.com\/en\/#\/schema\/logo\/image\/"}}]}},"_links":{"self":[{"href":"https:\/\/librairie7l.com\/en\/wp-json\/wp\/v2\/product\/40702"}],"collection":[{"href":"https:\/\/librairie7l.com\/en\/wp-json\/wp\/v2\/product"}],"about":[{"href":"https:\/\/librairie7l.com\/en\/wp-json\/wp\/v2\/types\/product"}],"wp:featuredmedia":[{"embeddable":true,"href":"https:\/\/librairie7l.com\/en\/wp-json\/wp\/v2\/media\/40700"}],"wp:attachment":[{"href":"https:\/\/librairie7l.com\/en\/wp-json\/wp\/v2\/media?parent=40702"}],"wp:term":[{"taxonomy":"product_cat","embeddable":true,"href":"https:\/\/librairie7l.com\/en\/wp-json\/wp\/v2\/product_cat?post=40702"},{"taxonomy":"product_tag","embeddable":true,"href":"https:\/\/librairie7l.com\/en\/wp-json\/wp\/v2\/product_tag?post=40702"}],"curies":[{"name":"wp","href":"https:\/\/api.w.org\/{rel}","templated":true}]}}