{"id":40710,"date":"2024-04-27T09:20:30","date_gmt":"2024-04-27T07:20:30","guid":{"rendered":"https:\/\/librairie7l.com\/?post_type=product&#038;p=40710"},"modified":"2026-04-17T11:02:21","modified_gmt":"2026-04-17T09:02:21","slug":"fermes-et-dependances","status":"publish","type":"product","link":"https:\/\/librairie7l.com\/en\/produit\/fermes-et-dependances\/","title":{"rendered":"FERMES ET D\u00c9PENDANCES"},"content":{"rendered":"<p>Malgr\u00e9 la disparition des exploitations agricoles, de nouveaux fermiers se retrouvent &#8211; par vocation ou par surprise &#8211; \u00e0 la t\u00eate d&#8217;un patrimoine rural \u00e0 r\u00e9nover, \u00e0 entretenir et, surtout, \u00e0 faire perdurer.<\/p>\n<p>Fermes &amp; D\u00e9pendances brosse le portrait de onze de ces d\u00e9fricheurs connect\u00e9s, inform\u00e9s et cultiv\u00e9s qui s\u00e8ment pour les g\u00e9n\u00e9rations futures. S&#8217;ils sont souvent enfants d&#8217;agriculteurs, comme le fondateur du Breizh Caf\u00e9 Bertrand Larcher, le producteur de fromages Christophe Schickel, ou la designer matali crasset, ils sont parfois parisiens, immerg\u00e9s par hasard dans un univers qui leur \u00e9tait inconnu, tels Valentine Franc ou Christophe Comoy, associ\u00e9 de l&#8217;architecte Luis Laplace. Les plus aventureux se lancent m\u00eame dans la sauvegarde de cultures inattendues, \u00e0 l&#8217;image de l&#8217;Atelier Vime qui ressuscite les plantations d&#8217;osier, ou du ma\u00eetre de th\u00e9 Arnaud Bachelin.<\/p>\n<p>Respectueux des traditions r\u00e9gionales et les pieds profond\u00e9ment ancr\u00e9s dans leur terre s\u00e9culaire, ces nouveaux agriculteurs ont entrepris, avec un vrai sens esth\u00e9tique, la restauration de leurs b\u00e2timents en les adaptant \u00e0 de nouveaux modes de production responsables. Jamais le pass\u00e9 n&#8217;a eu autant d&#8217;avenir et le retour \u00e0 la nature de si fervents adeptes.<\/p>\n<p>Beno\u00eet Rauzy, de l&#8217;Atelier Vime, signe la pr\u00e9face de cet ouvrage.<\/p>\n<p>Catherine Scotto, journaliste-styliste sp\u00e9cialis\u00e9e dans l&#8217;univers de la d\u00e9coration, a collabor\u00e9 \u00e0 Maison fran\u00e7aise puis \u00e0 Elle D\u00e9coration, dont elle a \u00e9t\u00e9 r\u00e9dactrice en chef durant plusieurs ann\u00e9es. Elle est notamment l&#8217;autrice de Maroc aux \u00c9ditions de La Martini\u00e8re (2022) avec le photographe Nicolas Math\u00e9us.<\/p>\n<p>Marie Pierre Morel, photographe pour la presse et l&#8217;\u00e9dition, a sign\u00e9 les images de nombreux ouvrages de cuisine aux \u00c9ditions de La Martini\u00e8re.<\/p>\n<p>Toutes deux ont publi\u00e9 Ch\u00e2teaux &amp; D\u00e9pendances aux \u00c9ditions de La Martini\u00e8re (2021).<\/p>\n","protected":false},"excerpt":{"rendered":"<p>Malgr\u00e9 la disparition des exploitations agricoles, de nouveaux fermiers se retrouvent &#8211; par vocation ou par surprise &#8211; \u00e0 la t\u00eate d&#8217;un patrimoine rural \u00e0 r\u00e9nover, \u00e0 entretenir et, surtout, \u00e0 faire perdurer. Fermes &amp; D\u00e9pendances brosse le portrait de onze de ces d\u00e9fricheurs connect\u00e9s, inform\u00e9s et cultiv\u00e9s qui s\u00e8ment pour les g\u00e9n\u00e9rations futures. S&#8217;ils [&hellip;]<\/p>\n","protected":false},"featured_media":40708,"template":"","meta":[],"product_cat":[2948,2951],"product_tag":[],"acf":[],"yoast_head":"<!-- This site is optimized with the Yoast SEO plugin v20.11 - https:\/\/yoast.com\/wordpress\/plugins\/seo\/ -->\n<title>Fermes et d\u00e9pendances - Librairie 7L<\/title>\n<meta name=\"robots\" content=\"index, follow, max-snippet:-1, max-image-preview:large, max-video-preview:-1\" \/>\n<link rel=\"canonical\" href=\"https:\/\/librairie7l.com\/en\/produit\/fermes-et-dependances\/\" \/>\n<meta property=\"og:locale\" content=\"en_US\" \/>\n<meta property=\"og:type\" content=\"article\" \/>\n<meta property=\"og:title\" content=\"Fermes et d\u00e9pendances - Librairie 7L\" \/>\n<meta property=\"og:description\" content=\"Malgr\u00e9 la disparition des exploitations agricoles, de nouveaux fermiers se retrouvent &#8211; par vocation ou par surprise &#8211; \u00e0 la t\u00eate d&#8217;un patrimoine rural \u00e0 r\u00e9nover, \u00e0 entretenir et, surtout, \u00e0 faire perdurer. Fermes &amp; D\u00e9pendances brosse le portrait de onze de ces d\u00e9fricheurs connect\u00e9s, inform\u00e9s et cultiv\u00e9s qui s\u00e8ment pour les g\u00e9n\u00e9rations futures. S&#8217;ils [&hellip;]\" \/>\n<meta property=\"og:url\" content=\"https:\/\/librairie7l.com\/en\/produit\/fermes-et-dependances\/\" \/>\n<meta property=\"og:site_name\" content=\"Librairie 7L\" \/>\n<meta property=\"article:modified_time\" content=\"2026-04-17T09:02:21+00:00\" \/>\n<meta property=\"og:image\" content=\"https:\/\/librairie7l.com\/wp-content\/uploads\/2023\/06\/9791040112761_1_75.jpg\" \/>\n\t<meta property=\"og:image:width\" content=\"600\" \/>\n\t<meta property=\"og:image:height\" content=\"725\" \/>\n\t<meta property=\"og:image:type\" content=\"image\/jpeg\" \/>\n<meta name=\"twitter:card\" content=\"summary_large_image\" \/>\n<meta name=\"twitter:label1\" content=\"Est. reading time\" \/>\n\t<meta name=\"twitter:data1\" content=\"2 minutes\" \/>\n<script type=\"application\/ld+json\" class=\"yoast-schema-graph\">{\"@context\":\"https:\/\/schema.org\",\"@graph\":[{\"@type\":\"WebPage\",\"@id\":\"https:\/\/librairie7l.com\/en\/produit\/fermes-et-dependances\/\",\"url\":\"https:\/\/librairie7l.com\/en\/produit\/fermes-et-dependances\/\",\"name\":\"Fermes et d\u00e9pendances - Librairie 7L\",\"isPartOf\":{\"@id\":\"https:\/\/librairie7l.com\/en\/#website\"},\"datePublished\":\"2024-04-27T07:20:30+00:00\",\"dateModified\":\"2026-04-17T09:02:21+00:00\",\"breadcrumb\":{\"@id\":\"https:\/\/librairie7l.com\/en\/produit\/fermes-et-dependances\/#breadcrumb\"},\"inLanguage\":\"en-US\",\"potentialAction\":[{\"@type\":\"ReadAction\",\"target\":[\"https:\/\/librairie7l.com\/en\/produit\/fermes-et-dependances\/\"]}]},{\"@type\":\"BreadcrumbList\",\"@id\":\"https:\/\/librairie7l.com\/en\/produit\/fermes-et-dependances\/#breadcrumb\",\"itemListElement\":[{\"@type\":\"ListItem\",\"position\":1,\"name\":\"Accueil\",\"item\":\"https:\/\/librairie7l.com\/en\/\"},{\"@type\":\"ListItem\",\"position\":2,\"name\":\"Shop\",\"item\":\"https:\/\/librairie7l.com\/en\/shop\/\"},{\"@type\":\"ListItem\",\"position\":3,\"name\":\"FERMES ET D\u00c9PENDANCES\"}]},{\"@type\":\"WebSite\",\"@id\":\"https:\/\/librairie7l.com\/en\/#website\",\"url\":\"https:\/\/librairie7l.com\/en\/\",\"name\":\"Librairie 7L\",\"description\":\"Librairie fond\u00e9e en 1999 par Karl Lagerfeld \u00e0 Paris\",\"publisher\":{\"@id\":\"https:\/\/librairie7l.com\/en\/#organization\"},\"potentialAction\":[{\"@type\":\"SearchAction\",\"target\":{\"@type\":\"EntryPoint\",\"urlTemplate\":\"https:\/\/librairie7l.com\/en\/?s={search_term_string}\"},\"query-input\":\"required name=search_term_string\"}],\"inLanguage\":\"en-US\"},{\"@type\":\"Organization\",\"@id\":\"https:\/\/librairie7l.com\/en\/#organization\",\"name\":\"Librairie 7L\",\"url\":\"https:\/\/librairie7l.com\/en\/\",\"logo\":{\"@type\":\"ImageObject\",\"inLanguage\":\"en-US\",\"@id\":\"https:\/\/librairie7l.com\/en\/#\/schema\/logo\/image\/\",\"url\":\"https:\/\/librairie7l.com\/wp-content\/uploads\/2022\/08\/logo-1.png\",\"contentUrl\":\"https:\/\/librairie7l.com\/wp-content\/uploads\/2022\/08\/logo-1.png\",\"width\":227,\"height\":301,\"caption\":\"Librairie 7L\"},\"image\":{\"@id\":\"https:\/\/librairie7l.com\/en\/#\/schema\/logo\/image\/\"}}]}<\/script>\n<!-- \/ Yoast SEO plugin. -->","yoast_head_json":{"title":"Fermes et d\u00e9pendances - Librairie 7L","robots":{"index":"index","follow":"follow","max-snippet":"max-snippet:-1","max-image-preview":"max-image-preview:large","max-video-preview":"max-video-preview:-1"},"canonical":"https:\/\/librairie7l.com\/en\/produit\/fermes-et-dependances\/","og_locale":"en_US","og_type":"article","og_title":"Fermes et d\u00e9pendances - Librairie 7L","og_description":"Malgr\u00e9 la disparition des exploitations agricoles, de nouveaux fermiers se retrouvent &#8211; par vocation ou par surprise &#8211; \u00e0 la t\u00eate d&#8217;un patrimoine rural \u00e0 r\u00e9nover, \u00e0 entretenir et, surtout, \u00e0 faire perdurer. Fermes &amp; D\u00e9pendances brosse le portrait de onze de ces d\u00e9fricheurs connect\u00e9s, inform\u00e9s et cultiv\u00e9s qui s\u00e8ment pour les g\u00e9n\u00e9rations futures. S&#8217;ils [&hellip;]","og_url":"https:\/\/librairie7l.com\/en\/produit\/fermes-et-dependances\/","og_site_name":"Librairie 7L","article_modified_time":"2026-04-17T09:02:21+00:00","og_image":[{"width":600,"height":725,"url":"https:\/\/librairie7l.com\/wp-content\/uploads\/2023\/06\/9791040112761_1_75.jpg","type":"image\/jpeg"}],"twitter_card":"summary_large_image","twitter_misc":{"Est. reading time":"2 minutes"},"schema":{"@context":"https:\/\/schema.org","@graph":[{"@type":"WebPage","@id":"https:\/\/librairie7l.com\/en\/produit\/fermes-et-dependances\/","url":"https:\/\/librairie7l.com\/en\/produit\/fermes-et-dependances\/","name":"Fermes et d\u00e9pendances - Librairie 7L","isPartOf":{"@id":"https:\/\/librairie7l.com\/en\/#website"},"datePublished":"2024-04-27T07:20:30+00:00","dateModified":"2026-04-17T09:02:21+00:00","breadcrumb":{"@id":"https:\/\/librairie7l.com\/en\/produit\/fermes-et-dependances\/#breadcrumb"},"inLanguage":"en-US","potentialAction":[{"@type":"ReadAction","target":["https:\/\/librairie7l.com\/en\/produit\/fermes-et-dependances\/"]}]},{"@type":"BreadcrumbList","@id":"https:\/\/librairie7l.com\/en\/produit\/fermes-et-dependances\/#breadcrumb","itemListElement":[{"@type":"ListItem","position":1,"name":"Accueil","item":"https:\/\/librairie7l.com\/en\/"},{"@type":"ListItem","position":2,"name":"Shop","item":"https:\/\/librairie7l.com\/en\/shop\/"},{"@type":"ListItem","position":3,"name":"FERMES ET D\u00c9PENDANCES"}]},{"@type":"WebSite","@id":"https:\/\/librairie7l.com\/en\/#website","url":"https:\/\/librairie7l.com\/en\/","name":"Librairie 7L","description":"Librairie fond\u00e9e en 1999 par Karl Lagerfeld \u00e0 Paris","publisher":{"@id":"https:\/\/librairie7l.com\/en\/#organization"},"potentialAction":[{"@type":"SearchAction","target":{"@type":"EntryPoint","urlTemplate":"https:\/\/librairie7l.com\/en\/?s={search_term_string}"},"query-input":"required name=search_term_string"}],"inLanguage":"en-US"},{"@type":"Organization","@id":"https:\/\/librairie7l.com\/en\/#organization","name":"Librairie 7L","url":"https:\/\/librairie7l.com\/en\/","logo":{"@type":"ImageObject","inLanguage":"en-US","@id":"https:\/\/librairie7l.com\/en\/#\/schema\/logo\/image\/","url":"https:\/\/librairie7l.com\/wp-content\/uploads\/2022\/08\/logo-1.png","contentUrl":"https:\/\/librairie7l.com\/wp-content\/uploads\/2022\/08\/logo-1.png","width":227,"height":301,"caption":"Librairie 7L"},"image":{"@id":"https:\/\/librairie7l.com\/en\/#\/schema\/logo\/image\/"}}]}},"_links":{"self":[{"href":"https:\/\/librairie7l.com\/en\/wp-json\/wp\/v2\/product\/40710"}],"collection":[{"href":"https:\/\/librairie7l.com\/en\/wp-json\/wp\/v2\/product"}],"about":[{"href":"https:\/\/librairie7l.com\/en\/wp-json\/wp\/v2\/types\/product"}],"wp:featuredmedia":[{"embeddable":true,"href":"https:\/\/librairie7l.com\/en\/wp-json\/wp\/v2\/media\/40708"}],"wp:attachment":[{"href":"https:\/\/librairie7l.com\/en\/wp-json\/wp\/v2\/media?parent=40710"}],"wp:term":[{"taxonomy":"product_cat","embeddable":true,"href":"https:\/\/librairie7l.com\/en\/wp-json\/wp\/v2\/product_cat?post=40710"},{"taxonomy":"product_tag","embeddable":true,"href":"https:\/\/librairie7l.com\/en\/wp-json\/wp\/v2\/product_tag?post=40710"}],"curies":[{"name":"wp","href":"https:\/\/api.w.org\/{rel}","templated":true}]}}