{"id":40718,"date":"2024-04-27T09:20:36","date_gmt":"2024-04-27T07:20:36","guid":{"rendered":"https:\/\/librairie7l.com\/?post_type=product&#038;p=40718"},"modified":"2026-04-14T00:18:40","modified_gmt":"2026-04-13T22:18:40","slug":"baumer-30-ans-de-creation","status":"publish","type":"product","link":"https:\/\/librairie7l.com\/en\/produit\/baumer-30-ans-de-creation\/","title":{"rendered":"B\u00c4UMER : 30 ANS DE CR\u00c9ATION"},"content":{"rendered":"<p>Ce bel ouvrage c\u00e9l\u00e8bre les 30 ans de cr\u00e9ation du joaillier Lorenz B\u00e4umer par la d\u00e9lectation de cr\u00e9ations embl\u00e9matiques et iconiques : la tiare de la Princesse Charl\u00e8ne, le bracelet Mikado, les boucles d&#8217;oreille Titane Ocean Crush&#8230;<br \/>\nAnthologie incarn\u00e9e et illustr\u00e9e, l&#8217;ouvrage s&#8217;ouvre sur les mots de Lorenz B\u00e4umer pr\u00e9sentant l&#8217;intention de son livre. Chaque cr\u00e9ation photographi\u00e9e est accompagn\u00e9e de propos d&#8217;une personnalit\u00e9 des Arts, des Lettres ou encore de la gastronomie \u00e9voquant sa rencontre avec le joaillier et son univers. Au centre de l&#8217;ouvrage, un portrait sensible de ce manufacturier des r\u00eaves se donne \u00e0 lire sur un papier violet, sa couleur f\u00e9tiche. Une rencontre intime avec la cr\u00e9ation.<\/p>\n","protected":false},"excerpt":{"rendered":"<p>Ce bel ouvrage c\u00e9l\u00e8bre les 30 ans de cr\u00e9ation du joaillier Lorenz B\u00e4umer par la d\u00e9lectation de cr\u00e9ations embl\u00e9matiques et iconiques : la tiare de la Princesse Charl\u00e8ne, le bracelet Mikado, les boucles d&#8217;oreille Titane Ocean Crush&#8230; Anthologie incarn\u00e9e et illustr\u00e9e, l&#8217;ouvrage s&#8217;ouvre sur les mots de Lorenz B\u00e4umer pr\u00e9sentant l&#8217;intention de son livre. Chaque [&hellip;]<\/p>\n","protected":false},"featured_media":40716,"template":"","meta":[],"product_cat":[2948,2957],"product_tag":[],"acf":[],"yoast_head":"<!-- This site is optimized with the Yoast SEO plugin v20.11 - https:\/\/yoast.com\/wordpress\/plugins\/seo\/ -->\n<title>B\u00e4umer : 30 ans de cr\u00e9ation - Librairie 7L<\/title>\n<meta name=\"robots\" content=\"index, follow, max-snippet:-1, max-image-preview:large, max-video-preview:-1\" \/>\n<link rel=\"canonical\" href=\"https:\/\/librairie7l.com\/en\/produit\/baumer-30-ans-de-creation\/\" \/>\n<meta property=\"og:locale\" content=\"en_US\" \/>\n<meta property=\"og:type\" content=\"article\" \/>\n<meta property=\"og:title\" content=\"B\u00e4umer : 30 ans de cr\u00e9ation - Librairie 7L\" \/>\n<meta property=\"og:description\" content=\"Ce bel ouvrage c\u00e9l\u00e8bre les 30 ans de cr\u00e9ation du joaillier Lorenz B\u00e4umer par la d\u00e9lectation de cr\u00e9ations embl\u00e9matiques et iconiques : la tiare de la Princesse Charl\u00e8ne, le bracelet Mikado, les boucles d&#8217;oreille Titane Ocean Crush&#8230; Anthologie incarn\u00e9e et illustr\u00e9e, l&#8217;ouvrage s&#8217;ouvre sur les mots de Lorenz B\u00e4umer pr\u00e9sentant l&#8217;intention de son livre. Chaque [&hellip;]\" \/>\n<meta property=\"og:url\" content=\"https:\/\/librairie7l.com\/en\/produit\/baumer-30-ans-de-creation\/\" \/>\n<meta property=\"og:site_name\" content=\"Librairie 7L\" \/>\n<meta property=\"article:modified_time\" content=\"2026-04-13T22:18:40+00:00\" \/>\n<meta property=\"og:image\" content=\"https:\/\/librairie7l.com\/wp-content\/uploads\/2023\/06\/9791040115748_1_75.jpg\" \/>\n\t<meta property=\"og:image:width\" content=\"600\" \/>\n\t<meta property=\"og:image:height\" content=\"750\" \/>\n\t<meta property=\"og:image:type\" content=\"image\/jpeg\" \/>\n<meta name=\"twitter:card\" content=\"summary_large_image\" \/>\n<meta name=\"twitter:label1\" content=\"Est. reading time\" \/>\n\t<meta name=\"twitter:data1\" content=\"1 minute\" \/>\n<script type=\"application\/ld+json\" class=\"yoast-schema-graph\">{\"@context\":\"https:\/\/schema.org\",\"@graph\":[{\"@type\":\"WebPage\",\"@id\":\"https:\/\/librairie7l.com\/en\/produit\/baumer-30-ans-de-creation\/\",\"url\":\"https:\/\/librairie7l.com\/en\/produit\/baumer-30-ans-de-creation\/\",\"name\":\"B\u00e4umer : 30 ans de cr\u00e9ation - Librairie 7L\",\"isPartOf\":{\"@id\":\"https:\/\/librairie7l.com\/en\/#website\"},\"datePublished\":\"2024-04-27T07:20:36+00:00\",\"dateModified\":\"2026-04-13T22:18:40+00:00\",\"breadcrumb\":{\"@id\":\"https:\/\/librairie7l.com\/en\/produit\/baumer-30-ans-de-creation\/#breadcrumb\"},\"inLanguage\":\"en-US\",\"potentialAction\":[{\"@type\":\"ReadAction\",\"target\":[\"https:\/\/librairie7l.com\/en\/produit\/baumer-30-ans-de-creation\/\"]}]},{\"@type\":\"BreadcrumbList\",\"@id\":\"https:\/\/librairie7l.com\/en\/produit\/baumer-30-ans-de-creation\/#breadcrumb\",\"itemListElement\":[{\"@type\":\"ListItem\",\"position\":1,\"name\":\"Accueil\",\"item\":\"https:\/\/librairie7l.com\/en\/\"},{\"@type\":\"ListItem\",\"position\":2,\"name\":\"Shop\",\"item\":\"https:\/\/librairie7l.com\/en\/shop\/\"},{\"@type\":\"ListItem\",\"position\":3,\"name\":\"B\u00c4UMER : 30 ANS DE CR\u00c9ATION\"}]},{\"@type\":\"WebSite\",\"@id\":\"https:\/\/librairie7l.com\/en\/#website\",\"url\":\"https:\/\/librairie7l.com\/en\/\",\"name\":\"Librairie 7L\",\"description\":\"Librairie fond\u00e9e en 1999 par Karl Lagerfeld \u00e0 Paris\",\"publisher\":{\"@id\":\"https:\/\/librairie7l.com\/en\/#organization\"},\"potentialAction\":[{\"@type\":\"SearchAction\",\"target\":{\"@type\":\"EntryPoint\",\"urlTemplate\":\"https:\/\/librairie7l.com\/en\/?s={search_term_string}\"},\"query-input\":\"required name=search_term_string\"}],\"inLanguage\":\"en-US\"},{\"@type\":\"Organization\",\"@id\":\"https:\/\/librairie7l.com\/en\/#organization\",\"name\":\"Librairie 7L\",\"url\":\"https:\/\/librairie7l.com\/en\/\",\"logo\":{\"@type\":\"ImageObject\",\"inLanguage\":\"en-US\",\"@id\":\"https:\/\/librairie7l.com\/en\/#\/schema\/logo\/image\/\",\"url\":\"https:\/\/librairie7l.com\/wp-content\/uploads\/2022\/08\/logo-1.png\",\"contentUrl\":\"https:\/\/librairie7l.com\/wp-content\/uploads\/2022\/08\/logo-1.png\",\"width\":227,\"height\":301,\"caption\":\"Librairie 7L\"},\"image\":{\"@id\":\"https:\/\/librairie7l.com\/en\/#\/schema\/logo\/image\/\"}}]}<\/script>\n<!-- \/ Yoast SEO plugin. -->","yoast_head_json":{"title":"B\u00e4umer : 30 ans de cr\u00e9ation - Librairie 7L","robots":{"index":"index","follow":"follow","max-snippet":"max-snippet:-1","max-image-preview":"max-image-preview:large","max-video-preview":"max-video-preview:-1"},"canonical":"https:\/\/librairie7l.com\/en\/produit\/baumer-30-ans-de-creation\/","og_locale":"en_US","og_type":"article","og_title":"B\u00e4umer : 30 ans de cr\u00e9ation - Librairie 7L","og_description":"Ce bel ouvrage c\u00e9l\u00e8bre les 30 ans de cr\u00e9ation du joaillier Lorenz B\u00e4umer par la d\u00e9lectation de cr\u00e9ations embl\u00e9matiques et iconiques : la tiare de la Princesse Charl\u00e8ne, le bracelet Mikado, les boucles d&#8217;oreille Titane Ocean Crush&#8230; Anthologie incarn\u00e9e et illustr\u00e9e, l&#8217;ouvrage s&#8217;ouvre sur les mots de Lorenz B\u00e4umer pr\u00e9sentant l&#8217;intention de son livre. Chaque [&hellip;]","og_url":"https:\/\/librairie7l.com\/en\/produit\/baumer-30-ans-de-creation\/","og_site_name":"Librairie 7L","article_modified_time":"2026-04-13T22:18:40+00:00","og_image":[{"width":600,"height":750,"url":"https:\/\/librairie7l.com\/wp-content\/uploads\/2023\/06\/9791040115748_1_75.jpg","type":"image\/jpeg"}],"twitter_card":"summary_large_image","twitter_misc":{"Est. reading time":"1 minute"},"schema":{"@context":"https:\/\/schema.org","@graph":[{"@type":"WebPage","@id":"https:\/\/librairie7l.com\/en\/produit\/baumer-30-ans-de-creation\/","url":"https:\/\/librairie7l.com\/en\/produit\/baumer-30-ans-de-creation\/","name":"B\u00e4umer : 30 ans de cr\u00e9ation - Librairie 7L","isPartOf":{"@id":"https:\/\/librairie7l.com\/en\/#website"},"datePublished":"2024-04-27T07:20:36+00:00","dateModified":"2026-04-13T22:18:40+00:00","breadcrumb":{"@id":"https:\/\/librairie7l.com\/en\/produit\/baumer-30-ans-de-creation\/#breadcrumb"},"inLanguage":"en-US","potentialAction":[{"@type":"ReadAction","target":["https:\/\/librairie7l.com\/en\/produit\/baumer-30-ans-de-creation\/"]}]},{"@type":"BreadcrumbList","@id":"https:\/\/librairie7l.com\/en\/produit\/baumer-30-ans-de-creation\/#breadcrumb","itemListElement":[{"@type":"ListItem","position":1,"name":"Accueil","item":"https:\/\/librairie7l.com\/en\/"},{"@type":"ListItem","position":2,"name":"Shop","item":"https:\/\/librairie7l.com\/en\/shop\/"},{"@type":"ListItem","position":3,"name":"B\u00c4UMER : 30 ANS DE CR\u00c9ATION"}]},{"@type":"WebSite","@id":"https:\/\/librairie7l.com\/en\/#website","url":"https:\/\/librairie7l.com\/en\/","name":"Librairie 7L","description":"Librairie fond\u00e9e en 1999 par Karl Lagerfeld \u00e0 Paris","publisher":{"@id":"https:\/\/librairie7l.com\/en\/#organization"},"potentialAction":[{"@type":"SearchAction","target":{"@type":"EntryPoint","urlTemplate":"https:\/\/librairie7l.com\/en\/?s={search_term_string}"},"query-input":"required name=search_term_string"}],"inLanguage":"en-US"},{"@type":"Organization","@id":"https:\/\/librairie7l.com\/en\/#organization","name":"Librairie 7L","url":"https:\/\/librairie7l.com\/en\/","logo":{"@type":"ImageObject","inLanguage":"en-US","@id":"https:\/\/librairie7l.com\/en\/#\/schema\/logo\/image\/","url":"https:\/\/librairie7l.com\/wp-content\/uploads\/2022\/08\/logo-1.png","contentUrl":"https:\/\/librairie7l.com\/wp-content\/uploads\/2022\/08\/logo-1.png","width":227,"height":301,"caption":"Librairie 7L"},"image":{"@id":"https:\/\/librairie7l.com\/en\/#\/schema\/logo\/image\/"}}]}},"_links":{"self":[{"href":"https:\/\/librairie7l.com\/en\/wp-json\/wp\/v2\/product\/40718"}],"collection":[{"href":"https:\/\/librairie7l.com\/en\/wp-json\/wp\/v2\/product"}],"about":[{"href":"https:\/\/librairie7l.com\/en\/wp-json\/wp\/v2\/types\/product"}],"wp:featuredmedia":[{"embeddable":true,"href":"https:\/\/librairie7l.com\/en\/wp-json\/wp\/v2\/media\/40716"}],"wp:attachment":[{"href":"https:\/\/librairie7l.com\/en\/wp-json\/wp\/v2\/media?parent=40718"}],"wp:term":[{"taxonomy":"product_cat","embeddable":true,"href":"https:\/\/librairie7l.com\/en\/wp-json\/wp\/v2\/product_cat?post=40718"},{"taxonomy":"product_tag","embeddable":true,"href":"https:\/\/librairie7l.com\/en\/wp-json\/wp\/v2\/product_tag?post=40718"}],"curies":[{"name":"wp","href":"https:\/\/api.w.org\/{rel}","templated":true}]}}