{"id":40730,"date":"2024-04-27T09:20:46","date_gmt":"2024-04-27T07:20:46","guid":{"rendered":"https:\/\/librairie7l.com\/?post_type=product&#038;p=40730"},"modified":"2026-04-11T18:28:30","modified_gmt":"2026-04-11T16:28:30","slug":"magasins-dantan-bien-vivants","status":"publish","type":"product","link":"https:\/\/librairie7l.com\/en\/produit\/magasins-dantan-bien-vivants\/","title":{"rendered":"MAGASINS D&#8217;ANTAN BIEN VIVANTS"},"content":{"rendered":"<p>Katherine Ennekens a une mission : veiller \u00e0 ce que les int\u00e9rieurs de magasins anciens encore intacts en Belgique soient pr\u00e9serv\u00e9s pour l&#8217;avenir. Malheureusement, il ne reste que peu de ces magnifiques exemples d&#8217;artisanat aujourd&#8217;hui. Pour r\u00e9pertorier et attirer l&#8217;attention sur ces joyaux du patrimoine, Katherine a publi\u00e9 en 2014 le livre &#8220;Int\u00e9rieurs de magasins le pass\u00e9 au pr\u00e9sent&#8221;. Sur les 40 int\u00e9rieurs authentiques qu&#8217;elle y a pr\u00e9sent\u00e9s, beaucoup ont \u00e9t\u00e9 perdus depuis : cela montre \u00e0 quel point ce patrimoine est fragile, et donc \u00e0 quel point il est important de le traiter avec soin. C&#8217;est pourquoi Katherine Ennekens pr\u00e9sente aujourd&#8217;hui ce deuxi\u00e8me livre, en esp\u00e9rant qu&#8217;un meilleur sort attendra ses 40 &#8220;nouvelles&#8221; boutiques anciennes. Tous ces int\u00e9rieurs sont situ\u00e9s en Belgique, sont construits sur place, ont plus de 50 ans et sont exceptionnellement bien conserv\u00e9s. Les types de magasins les plus divers sont pr\u00e9sent\u00e9s, r\u00e9partis dans tout le pays : d&#8217;un bureau de tabac \u00e0 Anvers \u00e0 un volailler \u00e0 Saint-Trond, d&#8217;un opticien \u00e0 Charleroi \u00e0 un magasin de bonbons \u00e0 Bruges, d&#8217;un fromager \u00e0 Bruxelles \u00e0 un magasin de chaussures \u00e0 Verviers. Certains sont encore ouverts, d&#8217;autres ont trouv\u00e9 une nouvelle affectation, d&#8217;autres encore restent vides derri\u00e8re leurs volets ferm\u00e9s. Le photographe Bart Kiggen les a tous captur\u00e9s pour ce livre et pour la post\u00e9rit\u00e9. Et, qui sait, pour inspirer de (jeunes) commer\u00e7ants \u00e0 ouvrir un commerce dans un int\u00e9rieur authentique et contribuer ainsi \u00e0 pr\u00e9server le charme d&#8217;un village ou d&#8217;une ville.<\/p>\n","protected":false},"excerpt":{"rendered":"<p>Katherine Ennekens a une mission : veiller \u00e0 ce que les int\u00e9rieurs de magasins anciens encore intacts en Belgique soient pr\u00e9serv\u00e9s pour l&#8217;avenir. Malheureusement, il ne reste que peu de ces magnifiques exemples d&#8217;artisanat aujourd&#8217;hui. Pour r\u00e9pertorier et attirer l&#8217;attention sur ces joyaux du patrimoine, Katherine a publi\u00e9 en 2014 le livre &#8220;Int\u00e9rieurs de magasins [&hellip;]<\/p>\n","protected":false},"featured_media":40728,"template":"","meta":[],"product_cat":[2948,2951],"product_tag":[],"acf":[],"yoast_head":"<!-- This site is optimized with the Yoast SEO plugin v20.11 - https:\/\/yoast.com\/wordpress\/plugins\/seo\/ -->\n<title>Magasins d&#039;antan bien vivants - Librairie 7L<\/title>\n<meta name=\"robots\" content=\"index, follow, max-snippet:-1, max-image-preview:large, max-video-preview:-1\" \/>\n<link rel=\"canonical\" href=\"https:\/\/librairie7l.com\/en\/produit\/magasins-dantan-bien-vivants\/\" \/>\n<meta property=\"og:locale\" content=\"en_US\" \/>\n<meta property=\"og:type\" content=\"article\" \/>\n<meta property=\"og:title\" content=\"Magasins d&#039;antan bien vivants - Librairie 7L\" \/>\n<meta property=\"og:description\" content=\"Katherine Ennekens a une mission : veiller \u00e0 ce que les int\u00e9rieurs de magasins anciens encore intacts en Belgique soient pr\u00e9serv\u00e9s pour l&#8217;avenir. Malheureusement, il ne reste que peu de ces magnifiques exemples d&#8217;artisanat aujourd&#8217;hui. Pour r\u00e9pertorier et attirer l&#8217;attention sur ces joyaux du patrimoine, Katherine a publi\u00e9 en 2014 le livre &#8220;Int\u00e9rieurs de magasins [&hellip;]\" \/>\n<meta property=\"og:url\" content=\"https:\/\/librairie7l.com\/en\/produit\/magasins-dantan-bien-vivants\/\" \/>\n<meta property=\"og:site_name\" content=\"Librairie 7L\" \/>\n<meta property=\"article:modified_time\" content=\"2026-04-11T16:28:30+00:00\" \/>\n<meta property=\"og:image\" content=\"https:\/\/librairie7l.com\/wp-content\/uploads\/2023\/08\/9789460583551_1_75.jpg\" \/>\n\t<meta property=\"og:image:width\" content=\"400\" \/>\n\t<meta property=\"og:image:height\" content=\"560\" \/>\n\t<meta property=\"og:image:type\" content=\"image\/jpeg\" \/>\n<meta name=\"twitter:card\" content=\"summary_large_image\" \/>\n<meta name=\"twitter:label1\" content=\"Est. reading time\" \/>\n\t<meta name=\"twitter:data1\" content=\"1 minute\" \/>\n<script type=\"application\/ld+json\" class=\"yoast-schema-graph\">{\"@context\":\"https:\/\/schema.org\",\"@graph\":[{\"@type\":\"WebPage\",\"@id\":\"https:\/\/librairie7l.com\/en\/produit\/magasins-dantan-bien-vivants\/\",\"url\":\"https:\/\/librairie7l.com\/en\/produit\/magasins-dantan-bien-vivants\/\",\"name\":\"Magasins d'antan bien vivants - Librairie 7L\",\"isPartOf\":{\"@id\":\"https:\/\/librairie7l.com\/en\/#website\"},\"datePublished\":\"2024-04-27T07:20:46+00:00\",\"dateModified\":\"2026-04-11T16:28:30+00:00\",\"breadcrumb\":{\"@id\":\"https:\/\/librairie7l.com\/en\/produit\/magasins-dantan-bien-vivants\/#breadcrumb\"},\"inLanguage\":\"en-US\",\"potentialAction\":[{\"@type\":\"ReadAction\",\"target\":[\"https:\/\/librairie7l.com\/en\/produit\/magasins-dantan-bien-vivants\/\"]}]},{\"@type\":\"BreadcrumbList\",\"@id\":\"https:\/\/librairie7l.com\/en\/produit\/magasins-dantan-bien-vivants\/#breadcrumb\",\"itemListElement\":[{\"@type\":\"ListItem\",\"position\":1,\"name\":\"Accueil\",\"item\":\"https:\/\/librairie7l.com\/en\/\"},{\"@type\":\"ListItem\",\"position\":2,\"name\":\"Shop\",\"item\":\"https:\/\/librairie7l.com\/en\/shop\/\"},{\"@type\":\"ListItem\",\"position\":3,\"name\":\"MAGASINS D&#8217;ANTAN BIEN VIVANTS\"}]},{\"@type\":\"WebSite\",\"@id\":\"https:\/\/librairie7l.com\/en\/#website\",\"url\":\"https:\/\/librairie7l.com\/en\/\",\"name\":\"Librairie 7L\",\"description\":\"Librairie fond\u00e9e en 1999 par Karl Lagerfeld \u00e0 Paris\",\"publisher\":{\"@id\":\"https:\/\/librairie7l.com\/en\/#organization\"},\"potentialAction\":[{\"@type\":\"SearchAction\",\"target\":{\"@type\":\"EntryPoint\",\"urlTemplate\":\"https:\/\/librairie7l.com\/en\/?s={search_term_string}\"},\"query-input\":\"required name=search_term_string\"}],\"inLanguage\":\"en-US\"},{\"@type\":\"Organization\",\"@id\":\"https:\/\/librairie7l.com\/en\/#organization\",\"name\":\"Librairie 7L\",\"url\":\"https:\/\/librairie7l.com\/en\/\",\"logo\":{\"@type\":\"ImageObject\",\"inLanguage\":\"en-US\",\"@id\":\"https:\/\/librairie7l.com\/en\/#\/schema\/logo\/image\/\",\"url\":\"https:\/\/librairie7l.com\/wp-content\/uploads\/2022\/08\/logo-1.png\",\"contentUrl\":\"https:\/\/librairie7l.com\/wp-content\/uploads\/2022\/08\/logo-1.png\",\"width\":227,\"height\":301,\"caption\":\"Librairie 7L\"},\"image\":{\"@id\":\"https:\/\/librairie7l.com\/en\/#\/schema\/logo\/image\/\"}}]}<\/script>\n<!-- \/ Yoast SEO plugin. -->","yoast_head_json":{"title":"Magasins d'antan bien vivants - Librairie 7L","robots":{"index":"index","follow":"follow","max-snippet":"max-snippet:-1","max-image-preview":"max-image-preview:large","max-video-preview":"max-video-preview:-1"},"canonical":"https:\/\/librairie7l.com\/en\/produit\/magasins-dantan-bien-vivants\/","og_locale":"en_US","og_type":"article","og_title":"Magasins d'antan bien vivants - Librairie 7L","og_description":"Katherine Ennekens a une mission : veiller \u00e0 ce que les int\u00e9rieurs de magasins anciens encore intacts en Belgique soient pr\u00e9serv\u00e9s pour l&#8217;avenir. Malheureusement, il ne reste que peu de ces magnifiques exemples d&#8217;artisanat aujourd&#8217;hui. Pour r\u00e9pertorier et attirer l&#8217;attention sur ces joyaux du patrimoine, Katherine a publi\u00e9 en 2014 le livre &#8220;Int\u00e9rieurs de magasins [&hellip;]","og_url":"https:\/\/librairie7l.com\/en\/produit\/magasins-dantan-bien-vivants\/","og_site_name":"Librairie 7L","article_modified_time":"2026-04-11T16:28:30+00:00","og_image":[{"width":400,"height":560,"url":"https:\/\/librairie7l.com\/wp-content\/uploads\/2023\/08\/9789460583551_1_75.jpg","type":"image\/jpeg"}],"twitter_card":"summary_large_image","twitter_misc":{"Est. reading time":"1 minute"},"schema":{"@context":"https:\/\/schema.org","@graph":[{"@type":"WebPage","@id":"https:\/\/librairie7l.com\/en\/produit\/magasins-dantan-bien-vivants\/","url":"https:\/\/librairie7l.com\/en\/produit\/magasins-dantan-bien-vivants\/","name":"Magasins d'antan bien vivants - Librairie 7L","isPartOf":{"@id":"https:\/\/librairie7l.com\/en\/#website"},"datePublished":"2024-04-27T07:20:46+00:00","dateModified":"2026-04-11T16:28:30+00:00","breadcrumb":{"@id":"https:\/\/librairie7l.com\/en\/produit\/magasins-dantan-bien-vivants\/#breadcrumb"},"inLanguage":"en-US","potentialAction":[{"@type":"ReadAction","target":["https:\/\/librairie7l.com\/en\/produit\/magasins-dantan-bien-vivants\/"]}]},{"@type":"BreadcrumbList","@id":"https:\/\/librairie7l.com\/en\/produit\/magasins-dantan-bien-vivants\/#breadcrumb","itemListElement":[{"@type":"ListItem","position":1,"name":"Accueil","item":"https:\/\/librairie7l.com\/en\/"},{"@type":"ListItem","position":2,"name":"Shop","item":"https:\/\/librairie7l.com\/en\/shop\/"},{"@type":"ListItem","position":3,"name":"MAGASINS D&#8217;ANTAN BIEN VIVANTS"}]},{"@type":"WebSite","@id":"https:\/\/librairie7l.com\/en\/#website","url":"https:\/\/librairie7l.com\/en\/","name":"Librairie 7L","description":"Librairie fond\u00e9e en 1999 par Karl Lagerfeld \u00e0 Paris","publisher":{"@id":"https:\/\/librairie7l.com\/en\/#organization"},"potentialAction":[{"@type":"SearchAction","target":{"@type":"EntryPoint","urlTemplate":"https:\/\/librairie7l.com\/en\/?s={search_term_string}"},"query-input":"required name=search_term_string"}],"inLanguage":"en-US"},{"@type":"Organization","@id":"https:\/\/librairie7l.com\/en\/#organization","name":"Librairie 7L","url":"https:\/\/librairie7l.com\/en\/","logo":{"@type":"ImageObject","inLanguage":"en-US","@id":"https:\/\/librairie7l.com\/en\/#\/schema\/logo\/image\/","url":"https:\/\/librairie7l.com\/wp-content\/uploads\/2022\/08\/logo-1.png","contentUrl":"https:\/\/librairie7l.com\/wp-content\/uploads\/2022\/08\/logo-1.png","width":227,"height":301,"caption":"Librairie 7L"},"image":{"@id":"https:\/\/librairie7l.com\/en\/#\/schema\/logo\/image\/"}}]}},"_links":{"self":[{"href":"https:\/\/librairie7l.com\/en\/wp-json\/wp\/v2\/product\/40730"}],"collection":[{"href":"https:\/\/librairie7l.com\/en\/wp-json\/wp\/v2\/product"}],"about":[{"href":"https:\/\/librairie7l.com\/en\/wp-json\/wp\/v2\/types\/product"}],"wp:featuredmedia":[{"embeddable":true,"href":"https:\/\/librairie7l.com\/en\/wp-json\/wp\/v2\/media\/40728"}],"wp:attachment":[{"href":"https:\/\/librairie7l.com\/en\/wp-json\/wp\/v2\/media?parent=40730"}],"wp:term":[{"taxonomy":"product_cat","embeddable":true,"href":"https:\/\/librairie7l.com\/en\/wp-json\/wp\/v2\/product_cat?post=40730"},{"taxonomy":"product_tag","embeddable":true,"href":"https:\/\/librairie7l.com\/en\/wp-json\/wp\/v2\/product_tag?post=40730"}],"curies":[{"name":"wp","href":"https:\/\/api.w.org\/{rel}","templated":true}]}}