{"id":40743,"date":"2024-06-25T15:07:04","date_gmt":"2024-06-25T13:07:04","guid":{"rendered":"https:\/\/librairie7l.com\/?post_type=product&#038;p=40743"},"modified":"2026-05-04T10:37:58","modified_gmt":"2026-05-04T08:37:58","slug":"framboise-quelques-hypotheses-sur-francoise-dorleac","status":"publish","type":"product","link":"https:\/\/librairie7l.com\/en\/produit\/framboise-quelques-hypotheses-sur-francoise-dorleac\/","title":{"rendered":"FRAMBOISE : QUELQUES HYPOTH\u00c8SES SUR FRAN\u00c7OISE DORL\u00c9AC"},"content":{"rendered":"<p>Fran\u00e7oise Dorl\u00e9ac parlait vite, bougeait vite. Elle impressionnait la pellicule et ceux qui la dirigeaient. Elle conduisait trop vite aussi et finit par se tuer dans un accident tragique, un jour de juin 1967. Mais avant elle avait tourn\u00e9 une vingtaine de films, notamment sous la direction de Truffaut ou de Polanski, et aux c\u00f4t\u00e9s de sa soeur, Catherine Deneuve, dans Les Demoiselles de Rochefort, de Jacques Demy.<br \/>\n Ce livre en forme d&#8217;exercice d&#8217;admiration cherche \u00e0 raconter le bref av\u00e8nement d&#8217;une jeune femme : comment la petite fille du 16e, n\u00e9e de parents acteurs, devient une actrice, et aussi une femme, \u00e0 la vie amoureuse compliqu\u00e9e, en avance sur son \u00e9poque.<br \/>\n Moderne ?<br \/>\n En tout cas l&#8217;on guette sa trace chez les actrices d&#8217;aujourd&#8217;hui, surtout celles qui sont intenses et fragiles.<\/p>\n","protected":false},"excerpt":{"rendered":"<p>Fran\u00e7oise Dorl\u00e9ac parlait vite, bougeait vite. Elle impressionnait la pellicule et ceux qui la dirigeaient. Elle conduisait trop vite aussi et finit par se tuer dans un accident tragique, un jour de juin 1967. Mais avant elle avait tourn\u00e9 une vingtaine de films, notamment sous la direction de Truffaut ou de Polanski, et aux c\u00f4t\u00e9s [&hellip;]<\/p>\n","protected":false},"featured_media":40741,"template":"","meta":[],"product_cat":[2948,2953],"product_tag":[],"acf":[],"yoast_head":"<!-- This site is optimized with the Yoast SEO plugin v20.11 - https:\/\/yoast.com\/wordpress\/plugins\/seo\/ -->\n<title>Framboise : Quelques hypoth\u00e8ses sur Fran\u00e7oise Dorl\u00e9ac - Librairie 7L<\/title>\n<meta name=\"robots\" content=\"index, follow, max-snippet:-1, max-image-preview:large, max-video-preview:-1\" \/>\n<link rel=\"canonical\" href=\"https:\/\/librairie7l.com\/en\/produit\/framboise-quelques-hypotheses-sur-francoise-dorleac\/\" \/>\n<meta property=\"og:locale\" content=\"en_US\" \/>\n<meta property=\"og:type\" content=\"article\" \/>\n<meta property=\"og:title\" content=\"Framboise : Quelques hypoth\u00e8ses sur Fran\u00e7oise Dorl\u00e9ac - Librairie 7L\" \/>\n<meta property=\"og:description\" content=\"Fran\u00e7oise Dorl\u00e9ac parlait vite, bougeait vite. Elle impressionnait la pellicule et ceux qui la dirigeaient. Elle conduisait trop vite aussi et finit par se tuer dans un accident tragique, un jour de juin 1967. Mais avant elle avait tourn\u00e9 une vingtaine de films, notamment sous la direction de Truffaut ou de Polanski, et aux c\u00f4t\u00e9s [&hellip;]\" \/>\n<meta property=\"og:url\" content=\"https:\/\/librairie7l.com\/en\/produit\/framboise-quelques-hypotheses-sur-francoise-dorleac\/\" \/>\n<meta property=\"og:site_name\" content=\"Librairie 7L\" \/>\n<meta property=\"article:modified_time\" content=\"2026-05-04T08:37:58+00:00\" \/>\n<meta property=\"og:image\" content=\"https:\/\/librairie7l.com\/wp-content\/uploads\/2024\/01\/9782330192945_1_75.jpg\" \/>\n\t<meta property=\"og:image:width\" content=\"426\" \/>\n\t<meta property=\"og:image:height\" content=\"808\" \/>\n\t<meta property=\"og:image:type\" content=\"image\/jpeg\" \/>\n<meta name=\"twitter:card\" content=\"summary_large_image\" \/>\n<meta name=\"twitter:label1\" content=\"Est. reading time\" \/>\n\t<meta name=\"twitter:data1\" content=\"1 minute\" \/>\n<script type=\"application\/ld+json\" class=\"yoast-schema-graph\">{\"@context\":\"https:\/\/schema.org\",\"@graph\":[{\"@type\":\"WebPage\",\"@id\":\"https:\/\/librairie7l.com\/en\/produit\/framboise-quelques-hypotheses-sur-francoise-dorleac\/\",\"url\":\"https:\/\/librairie7l.com\/en\/produit\/framboise-quelques-hypotheses-sur-francoise-dorleac\/\",\"name\":\"Framboise : Quelques hypoth\u00e8ses sur Fran\u00e7oise Dorl\u00e9ac - Librairie 7L\",\"isPartOf\":{\"@id\":\"https:\/\/librairie7l.com\/en\/#website\"},\"datePublished\":\"2024-06-25T13:07:04+00:00\",\"dateModified\":\"2026-05-04T08:37:58+00:00\",\"breadcrumb\":{\"@id\":\"https:\/\/librairie7l.com\/en\/produit\/framboise-quelques-hypotheses-sur-francoise-dorleac\/#breadcrumb\"},\"inLanguage\":\"en-US\",\"potentialAction\":[{\"@type\":\"ReadAction\",\"target\":[\"https:\/\/librairie7l.com\/en\/produit\/framboise-quelques-hypotheses-sur-francoise-dorleac\/\"]}]},{\"@type\":\"BreadcrumbList\",\"@id\":\"https:\/\/librairie7l.com\/en\/produit\/framboise-quelques-hypotheses-sur-francoise-dorleac\/#breadcrumb\",\"itemListElement\":[{\"@type\":\"ListItem\",\"position\":1,\"name\":\"Accueil\",\"item\":\"https:\/\/librairie7l.com\/en\/\"},{\"@type\":\"ListItem\",\"position\":2,\"name\":\"Shop\",\"item\":\"https:\/\/librairie7l.com\/en\/shop\/\"},{\"@type\":\"ListItem\",\"position\":3,\"name\":\"FRAMBOISE : QUELQUES HYPOTH\u00c8SES SUR FRAN\u00c7OISE DORL\u00c9AC\"}]},{\"@type\":\"WebSite\",\"@id\":\"https:\/\/librairie7l.com\/en\/#website\",\"url\":\"https:\/\/librairie7l.com\/en\/\",\"name\":\"Librairie 7L\",\"description\":\"Librairie fond\u00e9e en 1999 par Karl Lagerfeld \u00e0 Paris\",\"publisher\":{\"@id\":\"https:\/\/librairie7l.com\/en\/#organization\"},\"potentialAction\":[{\"@type\":\"SearchAction\",\"target\":{\"@type\":\"EntryPoint\",\"urlTemplate\":\"https:\/\/librairie7l.com\/en\/?s={search_term_string}\"},\"query-input\":\"required name=search_term_string\"}],\"inLanguage\":\"en-US\"},{\"@type\":\"Organization\",\"@id\":\"https:\/\/librairie7l.com\/en\/#organization\",\"name\":\"Librairie 7L\",\"url\":\"https:\/\/librairie7l.com\/en\/\",\"logo\":{\"@type\":\"ImageObject\",\"inLanguage\":\"en-US\",\"@id\":\"https:\/\/librairie7l.com\/en\/#\/schema\/logo\/image\/\",\"url\":\"https:\/\/librairie7l.com\/wp-content\/uploads\/2022\/08\/logo-1.png\",\"contentUrl\":\"https:\/\/librairie7l.com\/wp-content\/uploads\/2022\/08\/logo-1.png\",\"width\":227,\"height\":301,\"caption\":\"Librairie 7L\"},\"image\":{\"@id\":\"https:\/\/librairie7l.com\/en\/#\/schema\/logo\/image\/\"}}]}<\/script>\n<!-- \/ Yoast SEO plugin. -->","yoast_head_json":{"title":"Framboise : Quelques hypoth\u00e8ses sur Fran\u00e7oise Dorl\u00e9ac - Librairie 7L","robots":{"index":"index","follow":"follow","max-snippet":"max-snippet:-1","max-image-preview":"max-image-preview:large","max-video-preview":"max-video-preview:-1"},"canonical":"https:\/\/librairie7l.com\/en\/produit\/framboise-quelques-hypotheses-sur-francoise-dorleac\/","og_locale":"en_US","og_type":"article","og_title":"Framboise : Quelques hypoth\u00e8ses sur Fran\u00e7oise Dorl\u00e9ac - Librairie 7L","og_description":"Fran\u00e7oise Dorl\u00e9ac parlait vite, bougeait vite. Elle impressionnait la pellicule et ceux qui la dirigeaient. Elle conduisait trop vite aussi et finit par se tuer dans un accident tragique, un jour de juin 1967. Mais avant elle avait tourn\u00e9 une vingtaine de films, notamment sous la direction de Truffaut ou de Polanski, et aux c\u00f4t\u00e9s [&hellip;]","og_url":"https:\/\/librairie7l.com\/en\/produit\/framboise-quelques-hypotheses-sur-francoise-dorleac\/","og_site_name":"Librairie 7L","article_modified_time":"2026-05-04T08:37:58+00:00","og_image":[{"width":426,"height":808,"url":"https:\/\/librairie7l.com\/wp-content\/uploads\/2024\/01\/9782330192945_1_75.jpg","type":"image\/jpeg"}],"twitter_card":"summary_large_image","twitter_misc":{"Est. reading time":"1 minute"},"schema":{"@context":"https:\/\/schema.org","@graph":[{"@type":"WebPage","@id":"https:\/\/librairie7l.com\/en\/produit\/framboise-quelques-hypotheses-sur-francoise-dorleac\/","url":"https:\/\/librairie7l.com\/en\/produit\/framboise-quelques-hypotheses-sur-francoise-dorleac\/","name":"Framboise : Quelques hypoth\u00e8ses sur Fran\u00e7oise Dorl\u00e9ac - Librairie 7L","isPartOf":{"@id":"https:\/\/librairie7l.com\/en\/#website"},"datePublished":"2024-06-25T13:07:04+00:00","dateModified":"2026-05-04T08:37:58+00:00","breadcrumb":{"@id":"https:\/\/librairie7l.com\/en\/produit\/framboise-quelques-hypotheses-sur-francoise-dorleac\/#breadcrumb"},"inLanguage":"en-US","potentialAction":[{"@type":"ReadAction","target":["https:\/\/librairie7l.com\/en\/produit\/framboise-quelques-hypotheses-sur-francoise-dorleac\/"]}]},{"@type":"BreadcrumbList","@id":"https:\/\/librairie7l.com\/en\/produit\/framboise-quelques-hypotheses-sur-francoise-dorleac\/#breadcrumb","itemListElement":[{"@type":"ListItem","position":1,"name":"Accueil","item":"https:\/\/librairie7l.com\/en\/"},{"@type":"ListItem","position":2,"name":"Shop","item":"https:\/\/librairie7l.com\/en\/shop\/"},{"@type":"ListItem","position":3,"name":"FRAMBOISE : QUELQUES HYPOTH\u00c8SES SUR FRAN\u00c7OISE DORL\u00c9AC"}]},{"@type":"WebSite","@id":"https:\/\/librairie7l.com\/en\/#website","url":"https:\/\/librairie7l.com\/en\/","name":"Librairie 7L","description":"Librairie fond\u00e9e en 1999 par Karl Lagerfeld \u00e0 Paris","publisher":{"@id":"https:\/\/librairie7l.com\/en\/#organization"},"potentialAction":[{"@type":"SearchAction","target":{"@type":"EntryPoint","urlTemplate":"https:\/\/librairie7l.com\/en\/?s={search_term_string}"},"query-input":"required name=search_term_string"}],"inLanguage":"en-US"},{"@type":"Organization","@id":"https:\/\/librairie7l.com\/en\/#organization","name":"Librairie 7L","url":"https:\/\/librairie7l.com\/en\/","logo":{"@type":"ImageObject","inLanguage":"en-US","@id":"https:\/\/librairie7l.com\/en\/#\/schema\/logo\/image\/","url":"https:\/\/librairie7l.com\/wp-content\/uploads\/2022\/08\/logo-1.png","contentUrl":"https:\/\/librairie7l.com\/wp-content\/uploads\/2022\/08\/logo-1.png","width":227,"height":301,"caption":"Librairie 7L"},"image":{"@id":"https:\/\/librairie7l.com\/en\/#\/schema\/logo\/image\/"}}]}},"_links":{"self":[{"href":"https:\/\/librairie7l.com\/en\/wp-json\/wp\/v2\/product\/40743"}],"collection":[{"href":"https:\/\/librairie7l.com\/en\/wp-json\/wp\/v2\/product"}],"about":[{"href":"https:\/\/librairie7l.com\/en\/wp-json\/wp\/v2\/types\/product"}],"wp:featuredmedia":[{"embeddable":true,"href":"https:\/\/librairie7l.com\/en\/wp-json\/wp\/v2\/media\/40741"}],"wp:attachment":[{"href":"https:\/\/librairie7l.com\/en\/wp-json\/wp\/v2\/media?parent=40743"}],"wp:term":[{"taxonomy":"product_cat","embeddable":true,"href":"https:\/\/librairie7l.com\/en\/wp-json\/wp\/v2\/product_cat?post=40743"},{"taxonomy":"product_tag","embeddable":true,"href":"https:\/\/librairie7l.com\/en\/wp-json\/wp\/v2\/product_tag?post=40743"}],"curies":[{"name":"wp","href":"https:\/\/api.w.org\/{rel}","templated":true}]}}