{"id":40747,"date":"2024-05-01T09:19:08","date_gmt":"2024-05-01T07:19:08","guid":{"rendered":"https:\/\/librairie7l.com\/?post_type=product&#038;p=40747"},"modified":"2026-04-13T08:27:42","modified_gmt":"2026-04-13T06:27:42","slug":"les-carnet-du-paysage-n-44-le-terre","status":"publish","type":"product","link":"https:\/\/librairie7l.com\/en\/produit\/les-carnet-du-paysage-n-44-le-terre\/","title":{"rendered":"LES CARNET DU PAYSAGE N.44 : LE TERRE"},"content":{"rendered":"<p>Durant toute l&#8217;Antiquit\u00e9 et le Moyen \u00c2ge, l&#8217;astronomie a repr\u00e9sent\u00e9 la Terre comme le centre du monde. Puis, apr\u00e8s le XVI si\u00e8cle, elle est devenue une plan\u00e8te, \u00e9quivalente \u00e0 toutes les autres \u00e9toiles peuplant l&#8217;univers. Mais aujourd&#8217;hui, la Terre redevient un centre, en un tout autre sens qui est moins<br \/>\n astronomique que politique, \u00e9cologique et existentiel.<br \/>\n \u00c0 la fois sol de la vie et plan\u00e8te en mouvement dans l&#8217;univers, support nourricier des existences et mati\u00e8re des constructions humaines, la terre est d\u00e9sormais plac\u00e9e au centre de toutes les attentions. Une terre qui se pr\u00e9sente aussi \u00e0 nous sous la forme de mat\u00e9riaux transform\u00e9s et d\u00e9plac\u00e9s, cr\u00e9ant ainsi de nouveaux paysages, et qui est \u00e9galement l&#8217;objet et le th\u00e9\u00e2tre d&#8217;interventions artistiques de toute nature.<br \/>\n Avec les trois autres \u00e9l\u00e9ments (l&#8217;air, l&#8217;eau, le feu) auxquels Les Carnets du paysage ont consacr\u00e9 un dossier pr\u00e9c\u00e9demment, elle constitue le milieu, aujourd&#8217;hui ab\u00eem\u00e9, au sein duquel n\u00e9anmoins il sera donn\u00e9 aux soci\u00e9t\u00e9s humaines de vivre. La Terre est un nouvel acteur politique, qu&#8217;il s&#8217;agit de reconna\u00eetre comme tel, dans toutes ses dimensions.<\/p>\n","protected":false},"excerpt":{"rendered":"<p>Durant toute l&#8217;Antiquit\u00e9 et le Moyen \u00c2ge, l&#8217;astronomie a repr\u00e9sent\u00e9 la Terre comme le centre du monde. Puis, apr\u00e8s le XVI si\u00e8cle, elle est devenue une plan\u00e8te, \u00e9quivalente \u00e0 toutes les autres \u00e9toiles peuplant l&#8217;univers. Mais aujourd&#8217;hui, la Terre redevient un centre, en un tout autre sens qui est moins astronomique que politique, \u00e9cologique et [&hellip;]<\/p>\n","protected":false},"featured_media":40745,"template":"","meta":[],"product_cat":[2948,2956],"product_tag":[],"acf":[],"yoast_head":"<!-- This site is optimized with the Yoast SEO plugin v20.11 - https:\/\/yoast.com\/wordpress\/plugins\/seo\/ -->\n<title>Les carnet du paysage n.44 : Le Terre - Librairie 7L<\/title>\n<meta name=\"robots\" content=\"index, follow, max-snippet:-1, max-image-preview:large, max-video-preview:-1\" \/>\n<link rel=\"canonical\" href=\"https:\/\/librairie7l.com\/en\/produit\/les-carnet-du-paysage-n-44-le-terre\/\" \/>\n<meta property=\"og:locale\" content=\"en_US\" \/>\n<meta property=\"og:type\" content=\"article\" \/>\n<meta property=\"og:title\" content=\"Les carnet du paysage n.44 : Le Terre - Librairie 7L\" \/>\n<meta property=\"og:description\" content=\"Durant toute l&#8217;Antiquit\u00e9 et le Moyen \u00c2ge, l&#8217;astronomie a repr\u00e9sent\u00e9 la Terre comme le centre du monde. Puis, apr\u00e8s le XVI si\u00e8cle, elle est devenue une plan\u00e8te, \u00e9quivalente \u00e0 toutes les autres \u00e9toiles peuplant l&#8217;univers. Mais aujourd&#8217;hui, la Terre redevient un centre, en un tout autre sens qui est moins astronomique que politique, \u00e9cologique et [&hellip;]\" \/>\n<meta property=\"og:url\" content=\"https:\/\/librairie7l.com\/en\/produit\/les-carnet-du-paysage-n-44-le-terre\/\" \/>\n<meta property=\"og:site_name\" content=\"Librairie 7L\" \/>\n<meta property=\"article:modified_time\" content=\"2026-04-13T06:27:42+00:00\" \/>\n<meta property=\"og:image\" content=\"https:\/\/librairie7l.com\/wp-content\/uploads\/2024\/02\/9782330190958_1_75.jpg\" \/>\n\t<meta property=\"og:image:width\" content=\"600\" \/>\n\t<meta property=\"og:image:height\" content=\"684\" \/>\n\t<meta property=\"og:image:type\" content=\"image\/jpeg\" \/>\n<meta name=\"twitter:card\" content=\"summary_large_image\" \/>\n<meta name=\"twitter:label1\" content=\"Est. reading time\" \/>\n\t<meta name=\"twitter:data1\" content=\"1 minute\" \/>\n<script type=\"application\/ld+json\" class=\"yoast-schema-graph\">{\"@context\":\"https:\/\/schema.org\",\"@graph\":[{\"@type\":\"WebPage\",\"@id\":\"https:\/\/librairie7l.com\/en\/produit\/les-carnet-du-paysage-n-44-le-terre\/\",\"url\":\"https:\/\/librairie7l.com\/en\/produit\/les-carnet-du-paysage-n-44-le-terre\/\",\"name\":\"Les carnet du paysage n.44 : Le Terre - Librairie 7L\",\"isPartOf\":{\"@id\":\"https:\/\/librairie7l.com\/en\/#website\"},\"datePublished\":\"2024-05-01T07:19:08+00:00\",\"dateModified\":\"2026-04-13T06:27:42+00:00\",\"breadcrumb\":{\"@id\":\"https:\/\/librairie7l.com\/en\/produit\/les-carnet-du-paysage-n-44-le-terre\/#breadcrumb\"},\"inLanguage\":\"en-US\",\"potentialAction\":[{\"@type\":\"ReadAction\",\"target\":[\"https:\/\/librairie7l.com\/en\/produit\/les-carnet-du-paysage-n-44-le-terre\/\"]}]},{\"@type\":\"BreadcrumbList\",\"@id\":\"https:\/\/librairie7l.com\/en\/produit\/les-carnet-du-paysage-n-44-le-terre\/#breadcrumb\",\"itemListElement\":[{\"@type\":\"ListItem\",\"position\":1,\"name\":\"Accueil\",\"item\":\"https:\/\/librairie7l.com\/en\/\"},{\"@type\":\"ListItem\",\"position\":2,\"name\":\"Shop\",\"item\":\"https:\/\/librairie7l.com\/en\/shop\/\"},{\"@type\":\"ListItem\",\"position\":3,\"name\":\"LES CARNET DU PAYSAGE N.44 : LE TERRE\"}]},{\"@type\":\"WebSite\",\"@id\":\"https:\/\/librairie7l.com\/en\/#website\",\"url\":\"https:\/\/librairie7l.com\/en\/\",\"name\":\"Librairie 7L\",\"description\":\"Librairie fond\u00e9e en 1999 par Karl Lagerfeld \u00e0 Paris\",\"publisher\":{\"@id\":\"https:\/\/librairie7l.com\/en\/#organization\"},\"potentialAction\":[{\"@type\":\"SearchAction\",\"target\":{\"@type\":\"EntryPoint\",\"urlTemplate\":\"https:\/\/librairie7l.com\/en\/?s={search_term_string}\"},\"query-input\":\"required name=search_term_string\"}],\"inLanguage\":\"en-US\"},{\"@type\":\"Organization\",\"@id\":\"https:\/\/librairie7l.com\/en\/#organization\",\"name\":\"Librairie 7L\",\"url\":\"https:\/\/librairie7l.com\/en\/\",\"logo\":{\"@type\":\"ImageObject\",\"inLanguage\":\"en-US\",\"@id\":\"https:\/\/librairie7l.com\/en\/#\/schema\/logo\/image\/\",\"url\":\"https:\/\/librairie7l.com\/wp-content\/uploads\/2022\/08\/logo-1.png\",\"contentUrl\":\"https:\/\/librairie7l.com\/wp-content\/uploads\/2022\/08\/logo-1.png\",\"width\":227,\"height\":301,\"caption\":\"Librairie 7L\"},\"image\":{\"@id\":\"https:\/\/librairie7l.com\/en\/#\/schema\/logo\/image\/\"}}]}<\/script>\n<!-- \/ Yoast SEO plugin. -->","yoast_head_json":{"title":"Les carnet du paysage n.44 : Le Terre - Librairie 7L","robots":{"index":"index","follow":"follow","max-snippet":"max-snippet:-1","max-image-preview":"max-image-preview:large","max-video-preview":"max-video-preview:-1"},"canonical":"https:\/\/librairie7l.com\/en\/produit\/les-carnet-du-paysage-n-44-le-terre\/","og_locale":"en_US","og_type":"article","og_title":"Les carnet du paysage n.44 : Le Terre - Librairie 7L","og_description":"Durant toute l&#8217;Antiquit\u00e9 et le Moyen \u00c2ge, l&#8217;astronomie a repr\u00e9sent\u00e9 la Terre comme le centre du monde. Puis, apr\u00e8s le XVI si\u00e8cle, elle est devenue une plan\u00e8te, \u00e9quivalente \u00e0 toutes les autres \u00e9toiles peuplant l&#8217;univers. Mais aujourd&#8217;hui, la Terre redevient un centre, en un tout autre sens qui est moins astronomique que politique, \u00e9cologique et [&hellip;]","og_url":"https:\/\/librairie7l.com\/en\/produit\/les-carnet-du-paysage-n-44-le-terre\/","og_site_name":"Librairie 7L","article_modified_time":"2026-04-13T06:27:42+00:00","og_image":[{"width":600,"height":684,"url":"https:\/\/librairie7l.com\/wp-content\/uploads\/2024\/02\/9782330190958_1_75.jpg","type":"image\/jpeg"}],"twitter_card":"summary_large_image","twitter_misc":{"Est. reading time":"1 minute"},"schema":{"@context":"https:\/\/schema.org","@graph":[{"@type":"WebPage","@id":"https:\/\/librairie7l.com\/en\/produit\/les-carnet-du-paysage-n-44-le-terre\/","url":"https:\/\/librairie7l.com\/en\/produit\/les-carnet-du-paysage-n-44-le-terre\/","name":"Les carnet du paysage n.44 : Le Terre - Librairie 7L","isPartOf":{"@id":"https:\/\/librairie7l.com\/en\/#website"},"datePublished":"2024-05-01T07:19:08+00:00","dateModified":"2026-04-13T06:27:42+00:00","breadcrumb":{"@id":"https:\/\/librairie7l.com\/en\/produit\/les-carnet-du-paysage-n-44-le-terre\/#breadcrumb"},"inLanguage":"en-US","potentialAction":[{"@type":"ReadAction","target":["https:\/\/librairie7l.com\/en\/produit\/les-carnet-du-paysage-n-44-le-terre\/"]}]},{"@type":"BreadcrumbList","@id":"https:\/\/librairie7l.com\/en\/produit\/les-carnet-du-paysage-n-44-le-terre\/#breadcrumb","itemListElement":[{"@type":"ListItem","position":1,"name":"Accueil","item":"https:\/\/librairie7l.com\/en\/"},{"@type":"ListItem","position":2,"name":"Shop","item":"https:\/\/librairie7l.com\/en\/shop\/"},{"@type":"ListItem","position":3,"name":"LES CARNET DU PAYSAGE N.44 : LE TERRE"}]},{"@type":"WebSite","@id":"https:\/\/librairie7l.com\/en\/#website","url":"https:\/\/librairie7l.com\/en\/","name":"Librairie 7L","description":"Librairie fond\u00e9e en 1999 par Karl Lagerfeld \u00e0 Paris","publisher":{"@id":"https:\/\/librairie7l.com\/en\/#organization"},"potentialAction":[{"@type":"SearchAction","target":{"@type":"EntryPoint","urlTemplate":"https:\/\/librairie7l.com\/en\/?s={search_term_string}"},"query-input":"required name=search_term_string"}],"inLanguage":"en-US"},{"@type":"Organization","@id":"https:\/\/librairie7l.com\/en\/#organization","name":"Librairie 7L","url":"https:\/\/librairie7l.com\/en\/","logo":{"@type":"ImageObject","inLanguage":"en-US","@id":"https:\/\/librairie7l.com\/en\/#\/schema\/logo\/image\/","url":"https:\/\/librairie7l.com\/wp-content\/uploads\/2022\/08\/logo-1.png","contentUrl":"https:\/\/librairie7l.com\/wp-content\/uploads\/2022\/08\/logo-1.png","width":227,"height":301,"caption":"Librairie 7L"},"image":{"@id":"https:\/\/librairie7l.com\/en\/#\/schema\/logo\/image\/"}}]}},"_links":{"self":[{"href":"https:\/\/librairie7l.com\/en\/wp-json\/wp\/v2\/product\/40747"}],"collection":[{"href":"https:\/\/librairie7l.com\/en\/wp-json\/wp\/v2\/product"}],"about":[{"href":"https:\/\/librairie7l.com\/en\/wp-json\/wp\/v2\/types\/product"}],"wp:featuredmedia":[{"embeddable":true,"href":"https:\/\/librairie7l.com\/en\/wp-json\/wp\/v2\/media\/40745"}],"wp:attachment":[{"href":"https:\/\/librairie7l.com\/en\/wp-json\/wp\/v2\/media?parent=40747"}],"wp:term":[{"taxonomy":"product_cat","embeddable":true,"href":"https:\/\/librairie7l.com\/en\/wp-json\/wp\/v2\/product_cat?post=40747"},{"taxonomy":"product_tag","embeddable":true,"href":"https:\/\/librairie7l.com\/en\/wp-json\/wp\/v2\/product_tag?post=40747"}],"curies":[{"name":"wp","href":"https:\/\/api.w.org\/{rel}","templated":true}]}}