{"id":40759,"date":"2024-05-02T09:18:11","date_gmt":"2024-05-02T07:18:11","guid":{"rendered":"https:\/\/librairie7l.com\/?post_type=product&#038;p=40759"},"modified":"2026-05-05T15:57:55","modified_gmt":"2026-05-05T13:57:55","slug":"natures-vivantes-images-et-imaginaires-des-jardins-dalbert-kahn","status":"publish","type":"product","link":"https:\/\/librairie7l.com\/en\/produit\/natures-vivantes-images-et-imaginaires-des-jardins-dalbert-kahn\/","title":{"rendered":"NATURES VIVANTES &#8211; IMAGES ET IMAGINAIRES DES JARDINS D&#8217;ALBERT KAHN"},"content":{"rendered":"<p>Privil\u00e9giant une lecture immersive, l&#8217;ouvrage m\u00eale images fixes et anim\u00e9es. En \u00e9cho avec ces images, des cr\u00e9ations d&#8217;artistes contemporains, r\u00e9alis\u00e9es dans et \u00e0 partir du jardin de Boulogne, prolongent et actualisent les innovations qui, tant formelles que techniques et esth\u00e9tiques, virent le jour aux jardins d&#8217;Albert Kahn.<br \/>\nPhilanthrope, globe-trotteur, collectionneur, Albert Kahn \u00e9tait \u00e9galement un grand amateur de jardins. Ses deux r\u00e9sidences, \u00e0 Boulogne &#8211; aujourd&#8217;hui devenue mus\u00e9e -, et \u00e0 Cap-Martin, sur la Riviera, se dressaient au milieu de jardins inspir\u00e9s de ses lointains voyages. Sapins, foug\u00e8res arborescentes, roseraies et vergers, essences venues de loin comme les agaves, les ginkgos, les alo\u00e8s, les c\u00e8dres de l&#8217;Atlas, les \u00e9pic\u00e9as du Colorado ou encore les bouleaux de l&#8217;Himalaya, se d\u00e9ployaient parmi les buissons de rhododendrons ou de jacinthes des bois : au-del\u00e0 de leur magie horticole, les jardins d&#8217;Albert Kahn furent aussi un lieu d&#8217;exp\u00e9riences photographiques et cin\u00e9matographiques.<\/p>\n<p>Durant les trente premi\u00e8res ann\u00e9es du xxe si\u00e8cle, au fil des saisons et des ann\u00e9es et en parall\u00e8le de son projet des Archives de la Plan\u00e8te, Albert Kahn fait produire des milliers d&#8217;images en couleur sur verre, v\u00e9ritables &#8221; natures vivantes &#8220;, de ses deux jardins de Boulogne et de Cap Martin. Il ne s&#8217;agit pas d&#8217;une approche botanique descriptive, ni de rassembler des \u00e9tudes \u00e0 destination des peintres comme cela se faisait beaucoup \u00e0 l&#8217;\u00e9poque. Les op\u00e9rateurs se saisissent de la couleur pour documenter les jardins \u00e0 la fois dans l&#8217;espace et dans le temps et ce, sur plusieurs ann\u00e9es. Cette approche est totalement novatrice : les images r\u00e9alis\u00e9es interrogent la puissance du v\u00e9g\u00e9tal. Fleurs et arbres se font sujets photographiques. Autochromes, plaques st\u00e9r\u00e9oscopiques, mais \u00e9galement filmcolor d\u00e9voilent une collection unique au monde et m\u00e9connue. \u00c0 travers le prisme du v\u00e9g\u00e9tal sont mises en perspective les recherches sur la captation des couleurs du r\u00e9el (exploration des possibles techniques de l&#8217;autochrome), ainsi que les \u00e9tudes scientifiques sur la neurobiologie v\u00e9g\u00e9tale, l&#8217;intelligence des plantes, leur m\u00e9moire, leurs moyens de communication et leur vie interne (\u00e9closion, \u00e9panouissement, caducit\u00e9). Produits dans un laboratoire situ\u00e9 au coeur du jardin de Boulogne par un pionnier du cin\u00e9ma scientifique, Jean Comandon, les films La Croissance des v\u00e9g\u00e9taux ou encore \u00c9panouissement de quelques fleurs plongent le lecteur dans le merveilleux. Science, cin\u00e9ma, couleur et po\u00e9sie se croisent dans un contexte qui voit rayonner la pratique de l&#8217;horticulture et le go\u00fbt pour le jardinage.<\/p>\n","protected":false},"excerpt":{"rendered":"<p>Privil\u00e9giant une lecture immersive, l&#8217;ouvrage m\u00eale images fixes et anim\u00e9es. En \u00e9cho avec ces images, des cr\u00e9ations d&#8217;artistes contemporains, r\u00e9alis\u00e9es dans et \u00e0 partir du jardin de Boulogne, prolongent et actualisent les innovations qui, tant formelles que techniques et esth\u00e9tiques, virent le jour aux jardins d&#8217;Albert Kahn. Philanthrope, globe-trotteur, collectionneur, Albert Kahn \u00e9tait \u00e9galement un [&hellip;]<\/p>\n","protected":false},"featured_media":40981,"template":"","meta":[],"product_cat":[2948,2956],"product_tag":[],"acf":[],"yoast_head":"<!-- This site is optimized with the Yoast SEO plugin v20.11 - https:\/\/yoast.com\/wordpress\/plugins\/seo\/ -->\n<title>Natures vivantes - Images et imaginaires des jardins d&#039;Albert Kahn - Librairie 7L<\/title>\n<meta name=\"robots\" content=\"index, follow, max-snippet:-1, max-image-preview:large, max-video-preview:-1\" \/>\n<link rel=\"canonical\" href=\"https:\/\/librairie7l.com\/en\/produit\/natures-vivantes-images-et-imaginaires-des-jardins-dalbert-kahn\/\" \/>\n<meta property=\"og:locale\" content=\"en_US\" \/>\n<meta property=\"og:type\" content=\"article\" \/>\n<meta property=\"og:title\" content=\"Natures vivantes - Images et imaginaires des jardins d&#039;Albert Kahn - Librairie 7L\" \/>\n<meta property=\"og:description\" content=\"Privil\u00e9giant une lecture immersive, l&#8217;ouvrage m\u00eale images fixes et anim\u00e9es. En \u00e9cho avec ces images, des cr\u00e9ations d&#8217;artistes contemporains, r\u00e9alis\u00e9es dans et \u00e0 partir du jardin de Boulogne, prolongent et actualisent les innovations qui, tant formelles que techniques et esth\u00e9tiques, virent le jour aux jardins d&#8217;Albert Kahn. Philanthrope, globe-trotteur, collectionneur, Albert Kahn \u00e9tait \u00e9galement un [&hellip;]\" \/>\n<meta property=\"og:url\" content=\"https:\/\/librairie7l.com\/en\/produit\/natures-vivantes-images-et-imaginaires-des-jardins-dalbert-kahn\/\" \/>\n<meta property=\"og:site_name\" content=\"Librairie 7L\" \/>\n<meta property=\"article:modified_time\" content=\"2026-05-05T13:57:55+00:00\" \/>\n<meta property=\"og:image\" content=\"https:\/\/librairie7l.com\/wp-content\/uploads\/2024\/05\/9782365113984_1_75.jpg\" \/>\n\t<meta property=\"og:image:width\" content=\"400\" \/>\n\t<meta property=\"og:image:height\" content=\"535\" \/>\n\t<meta property=\"og:image:type\" content=\"image\/jpeg\" \/>\n<meta name=\"twitter:card\" content=\"summary_large_image\" \/>\n<meta name=\"twitter:label1\" content=\"Est. reading time\" \/>\n\t<meta name=\"twitter:data1\" content=\"2 minutes\" \/>\n<script type=\"application\/ld+json\" class=\"yoast-schema-graph\">{\"@context\":\"https:\/\/schema.org\",\"@graph\":[{\"@type\":\"WebPage\",\"@id\":\"https:\/\/librairie7l.com\/en\/produit\/natures-vivantes-images-et-imaginaires-des-jardins-dalbert-kahn\/\",\"url\":\"https:\/\/librairie7l.com\/en\/produit\/natures-vivantes-images-et-imaginaires-des-jardins-dalbert-kahn\/\",\"name\":\"Natures vivantes - Images et imaginaires des jardins d'Albert Kahn - Librairie 7L\",\"isPartOf\":{\"@id\":\"https:\/\/librairie7l.com\/en\/#website\"},\"datePublished\":\"2024-05-02T07:18:11+00:00\",\"dateModified\":\"2026-05-05T13:57:55+00:00\",\"breadcrumb\":{\"@id\":\"https:\/\/librairie7l.com\/en\/produit\/natures-vivantes-images-et-imaginaires-des-jardins-dalbert-kahn\/#breadcrumb\"},\"inLanguage\":\"en-US\",\"potentialAction\":[{\"@type\":\"ReadAction\",\"target\":[\"https:\/\/librairie7l.com\/en\/produit\/natures-vivantes-images-et-imaginaires-des-jardins-dalbert-kahn\/\"]}]},{\"@type\":\"BreadcrumbList\",\"@id\":\"https:\/\/librairie7l.com\/en\/produit\/natures-vivantes-images-et-imaginaires-des-jardins-dalbert-kahn\/#breadcrumb\",\"itemListElement\":[{\"@type\":\"ListItem\",\"position\":1,\"name\":\"Accueil\",\"item\":\"https:\/\/librairie7l.com\/en\/\"},{\"@type\":\"ListItem\",\"position\":2,\"name\":\"Shop\",\"item\":\"https:\/\/librairie7l.com\/en\/shop\/\"},{\"@type\":\"ListItem\",\"position\":3,\"name\":\"NATURES VIVANTES &#8211; IMAGES ET IMAGINAIRES DES JARDINS D&#8217;ALBERT KAHN\"}]},{\"@type\":\"WebSite\",\"@id\":\"https:\/\/librairie7l.com\/en\/#website\",\"url\":\"https:\/\/librairie7l.com\/en\/\",\"name\":\"Librairie 7L\",\"description\":\"Librairie fond\u00e9e en 1999 par Karl Lagerfeld \u00e0 Paris\",\"publisher\":{\"@id\":\"https:\/\/librairie7l.com\/en\/#organization\"},\"potentialAction\":[{\"@type\":\"SearchAction\",\"target\":{\"@type\":\"EntryPoint\",\"urlTemplate\":\"https:\/\/librairie7l.com\/en\/?s={search_term_string}\"},\"query-input\":\"required name=search_term_string\"}],\"inLanguage\":\"en-US\"},{\"@type\":\"Organization\",\"@id\":\"https:\/\/librairie7l.com\/en\/#organization\",\"name\":\"Librairie 7L\",\"url\":\"https:\/\/librairie7l.com\/en\/\",\"logo\":{\"@type\":\"ImageObject\",\"inLanguage\":\"en-US\",\"@id\":\"https:\/\/librairie7l.com\/en\/#\/schema\/logo\/image\/\",\"url\":\"https:\/\/librairie7l.com\/wp-content\/uploads\/2022\/08\/logo-1.png\",\"contentUrl\":\"https:\/\/librairie7l.com\/wp-content\/uploads\/2022\/08\/logo-1.png\",\"width\":227,\"height\":301,\"caption\":\"Librairie 7L\"},\"image\":{\"@id\":\"https:\/\/librairie7l.com\/en\/#\/schema\/logo\/image\/\"}}]}<\/script>\n<!-- \/ Yoast SEO plugin. -->","yoast_head_json":{"title":"Natures vivantes - Images et imaginaires des jardins d'Albert Kahn - Librairie 7L","robots":{"index":"index","follow":"follow","max-snippet":"max-snippet:-1","max-image-preview":"max-image-preview:large","max-video-preview":"max-video-preview:-1"},"canonical":"https:\/\/librairie7l.com\/en\/produit\/natures-vivantes-images-et-imaginaires-des-jardins-dalbert-kahn\/","og_locale":"en_US","og_type":"article","og_title":"Natures vivantes - Images et imaginaires des jardins d'Albert Kahn - Librairie 7L","og_description":"Privil\u00e9giant une lecture immersive, l&#8217;ouvrage m\u00eale images fixes et anim\u00e9es. En \u00e9cho avec ces images, des cr\u00e9ations d&#8217;artistes contemporains, r\u00e9alis\u00e9es dans et \u00e0 partir du jardin de Boulogne, prolongent et actualisent les innovations qui, tant formelles que techniques et esth\u00e9tiques, virent le jour aux jardins d&#8217;Albert Kahn. Philanthrope, globe-trotteur, collectionneur, Albert Kahn \u00e9tait \u00e9galement un [&hellip;]","og_url":"https:\/\/librairie7l.com\/en\/produit\/natures-vivantes-images-et-imaginaires-des-jardins-dalbert-kahn\/","og_site_name":"Librairie 7L","article_modified_time":"2026-05-05T13:57:55+00:00","og_image":[{"width":400,"height":535,"url":"https:\/\/librairie7l.com\/wp-content\/uploads\/2024\/05\/9782365113984_1_75.jpg","type":"image\/jpeg"}],"twitter_card":"summary_large_image","twitter_misc":{"Est. reading time":"2 minutes"},"schema":{"@context":"https:\/\/schema.org","@graph":[{"@type":"WebPage","@id":"https:\/\/librairie7l.com\/en\/produit\/natures-vivantes-images-et-imaginaires-des-jardins-dalbert-kahn\/","url":"https:\/\/librairie7l.com\/en\/produit\/natures-vivantes-images-et-imaginaires-des-jardins-dalbert-kahn\/","name":"Natures vivantes - Images et imaginaires des jardins d'Albert Kahn - Librairie 7L","isPartOf":{"@id":"https:\/\/librairie7l.com\/en\/#website"},"datePublished":"2024-05-02T07:18:11+00:00","dateModified":"2026-05-05T13:57:55+00:00","breadcrumb":{"@id":"https:\/\/librairie7l.com\/en\/produit\/natures-vivantes-images-et-imaginaires-des-jardins-dalbert-kahn\/#breadcrumb"},"inLanguage":"en-US","potentialAction":[{"@type":"ReadAction","target":["https:\/\/librairie7l.com\/en\/produit\/natures-vivantes-images-et-imaginaires-des-jardins-dalbert-kahn\/"]}]},{"@type":"BreadcrumbList","@id":"https:\/\/librairie7l.com\/en\/produit\/natures-vivantes-images-et-imaginaires-des-jardins-dalbert-kahn\/#breadcrumb","itemListElement":[{"@type":"ListItem","position":1,"name":"Accueil","item":"https:\/\/librairie7l.com\/en\/"},{"@type":"ListItem","position":2,"name":"Shop","item":"https:\/\/librairie7l.com\/en\/shop\/"},{"@type":"ListItem","position":3,"name":"NATURES VIVANTES &#8211; IMAGES ET IMAGINAIRES DES JARDINS D&#8217;ALBERT KAHN"}]},{"@type":"WebSite","@id":"https:\/\/librairie7l.com\/en\/#website","url":"https:\/\/librairie7l.com\/en\/","name":"Librairie 7L","description":"Librairie fond\u00e9e en 1999 par Karl Lagerfeld \u00e0 Paris","publisher":{"@id":"https:\/\/librairie7l.com\/en\/#organization"},"potentialAction":[{"@type":"SearchAction","target":{"@type":"EntryPoint","urlTemplate":"https:\/\/librairie7l.com\/en\/?s={search_term_string}"},"query-input":"required name=search_term_string"}],"inLanguage":"en-US"},{"@type":"Organization","@id":"https:\/\/librairie7l.com\/en\/#organization","name":"Librairie 7L","url":"https:\/\/librairie7l.com\/en\/","logo":{"@type":"ImageObject","inLanguage":"en-US","@id":"https:\/\/librairie7l.com\/en\/#\/schema\/logo\/image\/","url":"https:\/\/librairie7l.com\/wp-content\/uploads\/2022\/08\/logo-1.png","contentUrl":"https:\/\/librairie7l.com\/wp-content\/uploads\/2022\/08\/logo-1.png","width":227,"height":301,"caption":"Librairie 7L"},"image":{"@id":"https:\/\/librairie7l.com\/en\/#\/schema\/logo\/image\/"}}]}},"_links":{"self":[{"href":"https:\/\/librairie7l.com\/en\/wp-json\/wp\/v2\/product\/40759"}],"collection":[{"href":"https:\/\/librairie7l.com\/en\/wp-json\/wp\/v2\/product"}],"about":[{"href":"https:\/\/librairie7l.com\/en\/wp-json\/wp\/v2\/types\/product"}],"wp:featuredmedia":[{"embeddable":true,"href":"https:\/\/librairie7l.com\/en\/wp-json\/wp\/v2\/media\/40981"}],"wp:attachment":[{"href":"https:\/\/librairie7l.com\/en\/wp-json\/wp\/v2\/media?parent=40759"}],"wp:term":[{"taxonomy":"product_cat","embeddable":true,"href":"https:\/\/librairie7l.com\/en\/wp-json\/wp\/v2\/product_cat?post=40759"},{"taxonomy":"product_tag","embeddable":true,"href":"https:\/\/librairie7l.com\/en\/wp-json\/wp\/v2\/product_tag?post=40759"}],"curies":[{"name":"wp","href":"https:\/\/api.w.org\/{rel}","templated":true}]}}