{"id":40789,"date":"2024-05-24T03:06:00","date_gmt":"2024-05-24T01:06:00","guid":{"rendered":"https:\/\/librairie7l.com\/?post_type=product&#038;p=40789"},"modified":"2026-04-09T18:49:05","modified_gmt":"2026-04-09T16:49:05","slug":"hans-richter","status":"publish","type":"product","link":"https:\/\/librairie7l.com\/en\/produit\/hans-richter\/","title":{"rendered":"HANS RICHTER"},"content":{"rendered":"<p>Hans Richter (1888-1976) a travers\u00e9 toute l&#8217;histoire de l&#8217;art du XXe si\u00e8cle : issu de l&#8217;expressionnisme, \u00e0 la crois\u00e9e du mouvement Dada, du constructivisme et du n\u00e9o-plasticisme, il est l&#8217;inventeur du film abstrait et l&#8217;un des acteurs majeurs des avant-gardes des ann\u00e9es 1910 et 1920. De Theo van Doesburg \u00e0 El Lissitzky, de Kasimir Mal\u00e9vitch \u00e0 Ludwig Mies van der Rohe ou Marcel Duchamp, il a tiss\u00e9 des liens d&#8217;amiti\u00e9 et collabor\u00e9 avec bon nombre d&#8217;artistes europ\u00e9ens de premier plan avant d&#8217;accompagner le basculement de la sc\u00e8ne artistique de l&#8217;Europe vers les Etats-Unis, o\u00f9 il \u00e9migre au d\u00e9but des ann\u00e9es 194o, et o\u00f9 il contribuera, \u00e0 travers ses expositions, ses publications et son enseignement, \u00e0 \u00e9crire l&#8217;histoire du mouvement moderne.<br \/>\nMais la vie de Richter n&#8217;est pas limit\u00e9e \u00e0 la sph\u00e8re de l&#8217;histoire de l&#8217;art : elle se confond avec l&#8217;Histoire tout court, souvent tragique, du si\u00e8cle dernier, de la Grande Guerre \u00e0 la r\u00e9volution spartakiste et \u00e0 la R\u00e9publique de Weimar, de l&#8217;effondrement \u00e9conomique \u00e0 l&#8217;av\u00e8nement du nazisme et \u00e0 la pers\u00e9cution des juifs. L&#8217;exposition &#8220;Hans Richter. La travers\u00e9e du si\u00e8cle&#8221; pr\u00e9sent\u00e9e au Centre Pompidou-Metz dresse ainsi le portrait d&#8217;un artiste-cin\u00e9aste qui a constitu\u00e9 un nouveau syst\u00e8me des arts dans lequel le film occupe une place d\u00e9terminante et d&#8217;un grand t\u00e9moin de son temps, r\u00e9solument engag\u00e9 dans le r\u00e9el.<\/p>\n","protected":false},"excerpt":{"rendered":"<p>Hans Richter (1888-1976) a travers\u00e9 toute l&#8217;histoire de l&#8217;art du XXe si\u00e8cle : issu de l&#8217;expressionnisme, \u00e0 la crois\u00e9e du mouvement Dada, du constructivisme et du n\u00e9o-plasticisme, il est l&#8217;inventeur du film abstrait et l&#8217;un des acteurs majeurs des avant-gardes des ann\u00e9es 1910 et 1920. De Theo van Doesburg \u00e0 El Lissitzky, de Kasimir Mal\u00e9vitch [&hellip;]<\/p>\n","protected":false},"featured_media":40787,"template":"","meta":[],"product_cat":[2948,2953],"product_tag":[],"acf":[],"yoast_head":"<!-- This site is optimized with the Yoast SEO plugin v20.11 - https:\/\/yoast.com\/wordpress\/plugins\/seo\/ -->\n<title>Hans Richter - Librairie 7L<\/title>\n<meta name=\"robots\" content=\"index, follow, max-snippet:-1, max-image-preview:large, max-video-preview:-1\" \/>\n<link rel=\"canonical\" href=\"https:\/\/librairie7l.com\/en\/produit\/hans-richter\/\" \/>\n<meta property=\"og:locale\" content=\"en_US\" \/>\n<meta property=\"og:type\" content=\"article\" \/>\n<meta property=\"og:title\" content=\"Hans Richter - Librairie 7L\" \/>\n<meta property=\"og:description\" content=\"Hans Richter (1888-1976) a travers\u00e9 toute l&#8217;histoire de l&#8217;art du XXe si\u00e8cle : issu de l&#8217;expressionnisme, \u00e0 la crois\u00e9e du mouvement Dada, du constructivisme et du n\u00e9o-plasticisme, il est l&#8217;inventeur du film abstrait et l&#8217;un des acteurs majeurs des avant-gardes des ann\u00e9es 1910 et 1920. De Theo van Doesburg \u00e0 El Lissitzky, de Kasimir Mal\u00e9vitch [&hellip;]\" \/>\n<meta property=\"og:url\" content=\"https:\/\/librairie7l.com\/en\/produit\/hans-richter\/\" \/>\n<meta property=\"og:site_name\" content=\"Librairie 7L\" \/>\n<meta property=\"article:modified_time\" content=\"2026-04-09T16:49:05+00:00\" \/>\n<meta property=\"og:image\" content=\"https:\/\/librairie7l.com\/wp-content\/uploads\/2013\/04\/9782359830279_1_75.jpg\" \/>\n\t<meta property=\"og:image:width\" content=\"1225\" \/>\n\t<meta property=\"og:image:height\" content=\"1570\" \/>\n\t<meta property=\"og:image:type\" content=\"image\/jpeg\" \/>\n<meta name=\"twitter:card\" content=\"summary_large_image\" \/>\n<meta name=\"twitter:label1\" content=\"Est. reading time\" \/>\n\t<meta name=\"twitter:data1\" content=\"1 minute\" \/>\n<script type=\"application\/ld+json\" class=\"yoast-schema-graph\">{\"@context\":\"https:\/\/schema.org\",\"@graph\":[{\"@type\":\"WebPage\",\"@id\":\"https:\/\/librairie7l.com\/en\/produit\/hans-richter\/\",\"url\":\"https:\/\/librairie7l.com\/en\/produit\/hans-richter\/\",\"name\":\"Hans Richter - Librairie 7L\",\"isPartOf\":{\"@id\":\"https:\/\/librairie7l.com\/en\/#website\"},\"datePublished\":\"2024-05-24T01:06:00+00:00\",\"dateModified\":\"2026-04-09T16:49:05+00:00\",\"breadcrumb\":{\"@id\":\"https:\/\/librairie7l.com\/en\/produit\/hans-richter\/#breadcrumb\"},\"inLanguage\":\"en-US\",\"potentialAction\":[{\"@type\":\"ReadAction\",\"target\":[\"https:\/\/librairie7l.com\/en\/produit\/hans-richter\/\"]}]},{\"@type\":\"BreadcrumbList\",\"@id\":\"https:\/\/librairie7l.com\/en\/produit\/hans-richter\/#breadcrumb\",\"itemListElement\":[{\"@type\":\"ListItem\",\"position\":1,\"name\":\"Accueil\",\"item\":\"https:\/\/librairie7l.com\/en\/\"},{\"@type\":\"ListItem\",\"position\":2,\"name\":\"Shop\",\"item\":\"https:\/\/librairie7l.com\/en\/shop\/\"},{\"@type\":\"ListItem\",\"position\":3,\"name\":\"HANS RICHTER\"}]},{\"@type\":\"WebSite\",\"@id\":\"https:\/\/librairie7l.com\/en\/#website\",\"url\":\"https:\/\/librairie7l.com\/en\/\",\"name\":\"Librairie 7L\",\"description\":\"Librairie fond\u00e9e en 1999 par Karl Lagerfeld \u00e0 Paris\",\"publisher\":{\"@id\":\"https:\/\/librairie7l.com\/en\/#organization\"},\"potentialAction\":[{\"@type\":\"SearchAction\",\"target\":{\"@type\":\"EntryPoint\",\"urlTemplate\":\"https:\/\/librairie7l.com\/en\/?s={search_term_string}\"},\"query-input\":\"required name=search_term_string\"}],\"inLanguage\":\"en-US\"},{\"@type\":\"Organization\",\"@id\":\"https:\/\/librairie7l.com\/en\/#organization\",\"name\":\"Librairie 7L\",\"url\":\"https:\/\/librairie7l.com\/en\/\",\"logo\":{\"@type\":\"ImageObject\",\"inLanguage\":\"en-US\",\"@id\":\"https:\/\/librairie7l.com\/en\/#\/schema\/logo\/image\/\",\"url\":\"https:\/\/librairie7l.com\/wp-content\/uploads\/2022\/08\/logo-1.png\",\"contentUrl\":\"https:\/\/librairie7l.com\/wp-content\/uploads\/2022\/08\/logo-1.png\",\"width\":227,\"height\":301,\"caption\":\"Librairie 7L\"},\"image\":{\"@id\":\"https:\/\/librairie7l.com\/en\/#\/schema\/logo\/image\/\"}}]}<\/script>\n<!-- \/ Yoast SEO plugin. -->","yoast_head_json":{"title":"Hans Richter - Librairie 7L","robots":{"index":"index","follow":"follow","max-snippet":"max-snippet:-1","max-image-preview":"max-image-preview:large","max-video-preview":"max-video-preview:-1"},"canonical":"https:\/\/librairie7l.com\/en\/produit\/hans-richter\/","og_locale":"en_US","og_type":"article","og_title":"Hans Richter - Librairie 7L","og_description":"Hans Richter (1888-1976) a travers\u00e9 toute l&#8217;histoire de l&#8217;art du XXe si\u00e8cle : issu de l&#8217;expressionnisme, \u00e0 la crois\u00e9e du mouvement Dada, du constructivisme et du n\u00e9o-plasticisme, il est l&#8217;inventeur du film abstrait et l&#8217;un des acteurs majeurs des avant-gardes des ann\u00e9es 1910 et 1920. De Theo van Doesburg \u00e0 El Lissitzky, de Kasimir Mal\u00e9vitch [&hellip;]","og_url":"https:\/\/librairie7l.com\/en\/produit\/hans-richter\/","og_site_name":"Librairie 7L","article_modified_time":"2026-04-09T16:49:05+00:00","og_image":[{"width":1225,"height":1570,"url":"https:\/\/librairie7l.com\/wp-content\/uploads\/2013\/04\/9782359830279_1_75.jpg","type":"image\/jpeg"}],"twitter_card":"summary_large_image","twitter_misc":{"Est. reading time":"1 minute"},"schema":{"@context":"https:\/\/schema.org","@graph":[{"@type":"WebPage","@id":"https:\/\/librairie7l.com\/en\/produit\/hans-richter\/","url":"https:\/\/librairie7l.com\/en\/produit\/hans-richter\/","name":"Hans Richter - Librairie 7L","isPartOf":{"@id":"https:\/\/librairie7l.com\/en\/#website"},"datePublished":"2024-05-24T01:06:00+00:00","dateModified":"2026-04-09T16:49:05+00:00","breadcrumb":{"@id":"https:\/\/librairie7l.com\/en\/produit\/hans-richter\/#breadcrumb"},"inLanguage":"en-US","potentialAction":[{"@type":"ReadAction","target":["https:\/\/librairie7l.com\/en\/produit\/hans-richter\/"]}]},{"@type":"BreadcrumbList","@id":"https:\/\/librairie7l.com\/en\/produit\/hans-richter\/#breadcrumb","itemListElement":[{"@type":"ListItem","position":1,"name":"Accueil","item":"https:\/\/librairie7l.com\/en\/"},{"@type":"ListItem","position":2,"name":"Shop","item":"https:\/\/librairie7l.com\/en\/shop\/"},{"@type":"ListItem","position":3,"name":"HANS RICHTER"}]},{"@type":"WebSite","@id":"https:\/\/librairie7l.com\/en\/#website","url":"https:\/\/librairie7l.com\/en\/","name":"Librairie 7L","description":"Librairie fond\u00e9e en 1999 par Karl Lagerfeld \u00e0 Paris","publisher":{"@id":"https:\/\/librairie7l.com\/en\/#organization"},"potentialAction":[{"@type":"SearchAction","target":{"@type":"EntryPoint","urlTemplate":"https:\/\/librairie7l.com\/en\/?s={search_term_string}"},"query-input":"required name=search_term_string"}],"inLanguage":"en-US"},{"@type":"Organization","@id":"https:\/\/librairie7l.com\/en\/#organization","name":"Librairie 7L","url":"https:\/\/librairie7l.com\/en\/","logo":{"@type":"ImageObject","inLanguage":"en-US","@id":"https:\/\/librairie7l.com\/en\/#\/schema\/logo\/image\/","url":"https:\/\/librairie7l.com\/wp-content\/uploads\/2022\/08\/logo-1.png","contentUrl":"https:\/\/librairie7l.com\/wp-content\/uploads\/2022\/08\/logo-1.png","width":227,"height":301,"caption":"Librairie 7L"},"image":{"@id":"https:\/\/librairie7l.com\/en\/#\/schema\/logo\/image\/"}}]}},"_links":{"self":[{"href":"https:\/\/librairie7l.com\/en\/wp-json\/wp\/v2\/product\/40789"}],"collection":[{"href":"https:\/\/librairie7l.com\/en\/wp-json\/wp\/v2\/product"}],"about":[{"href":"https:\/\/librairie7l.com\/en\/wp-json\/wp\/v2\/types\/product"}],"wp:featuredmedia":[{"embeddable":true,"href":"https:\/\/librairie7l.com\/en\/wp-json\/wp\/v2\/media\/40787"}],"wp:attachment":[{"href":"https:\/\/librairie7l.com\/en\/wp-json\/wp\/v2\/media?parent=40789"}],"wp:term":[{"taxonomy":"product_cat","embeddable":true,"href":"https:\/\/librairie7l.com\/en\/wp-json\/wp\/v2\/product_cat?post=40789"},{"taxonomy":"product_tag","embeddable":true,"href":"https:\/\/librairie7l.com\/en\/wp-json\/wp\/v2\/product_tag?post=40789"}],"curies":[{"name":"wp","href":"https:\/\/api.w.org\/{rel}","templated":true}]}}