{"id":40805,"date":"2024-05-03T09:18:16","date_gmt":"2024-05-03T07:18:16","guid":{"rendered":"https:\/\/librairie7l.com\/?post_type=product&#038;p=40805"},"modified":"2026-04-11T20:21:14","modified_gmt":"2026-04-11T18:21:14","slug":"matisse-latelier-rouge","status":"publish","type":"product","link":"https:\/\/librairie7l.com\/en\/produit\/matisse-latelier-rouge\/","title":{"rendered":"MATISSE : L&#8217;ATELIER ROUGE"},"content":{"rendered":"<p>Cr\u00e9\u00e9 en 1911, L&#8217;Atelier rouge d&#8217;Henri Matisse est devenu l&#8217;une des oeuvres les plus influentes de l&#8217;histoire de l&#8217;art moderne. Acquise en 1949 par le Museum of Modern Art (MoMA) de New York, o\u00f9 elle est depuis expos\u00e9e, cette toile repr\u00e9sente l&#8217;atelier de l&#8217;artiste \u00e0 Issy-les-Moulineaux, en proche banlieue parisienne. Elle montre un espace rempli de peintures, de meubles et d&#8217;objets d\u00e9coratifs. La d\u00e9cision radicale de Matisse de recouvrir de rouge la majeure partie de la surface du tableau a fascin\u00e9 des g\u00e9n\u00e9rations de chercheurs et d&#8217;artistes, mais il restait encore beaucoup \u00e0 d\u00e9couvrir sur la gen\u00e8se et l&#8217;histoire de l&#8217;oeuvre.<\/p>\n<p>Cet ouvrage abondamment illustr\u00e9 accompagne l&#8217;exposition consacr\u00e9e \u00e0 L&#8217;Atelier rouge qui r\u00e9unit, pour la premi\u00e8re fois depuis qu&#8217;ils ont quitt\u00e9 l&#8217;atelier de l&#8217;artiste, les tableaux, sculptures et objets qui y figurent &#8211; qu&#8217;il s&#8217;agisse des trois peintures aujourd&#8217;hui conserv\u00e9es au Danemark dans les collections du SMK &#8211; Statens Museum for Kunst, dont Le Luxe (II) (1907-1908), ou de pi\u00e8ces moins connues qui n&#8217;ont \u00e9t\u00e9 localis\u00e9es que r\u00e9cemment.<\/p>\n<p>Publi\u00e9 en fran\u00e7ais \u00e0 l&#8217;occasion du volet parisien de l&#8217;exposition \u00e0 la Fondation Louis Vuitton, Matisse, L&#8217;Atelier rouge propose des analyses d&#8217;Ann Temkin, The Marie-Jos\u00e9e and Henry Kravis Chief Curator of Painting and Sculpture au MoMA, et de Dorthe Aagesen, chercheuse et conservatrice en chef au SMK. Ensemble, elles retracent le parcours du tableau de Matisse, de sa commande initiale \u00e0 son arriv\u00e9e \u00e0 New York, en passant par l&#8217;historique de ses expositions et de ses propri\u00e9taires successifs. Par leurs recherches approfondies et leur lecture attentive, elles transforment notre compr\u00e9hension de cette oeuvre cl\u00e9 de l&#8217;art du XXe si\u00e8cle.<\/p>\n","protected":false},"excerpt":{"rendered":"<p>Cr\u00e9\u00e9 en 1911, L&#8217;Atelier rouge d&#8217;Henri Matisse est devenu l&#8217;une des oeuvres les plus influentes de l&#8217;histoire de l&#8217;art moderne. Acquise en 1949 par le Museum of Modern Art (MoMA) de New York, o\u00f9 elle est depuis expos\u00e9e, cette toile repr\u00e9sente l&#8217;atelier de l&#8217;artiste \u00e0 Issy-les-Moulineaux, en proche banlieue parisienne. Elle montre un espace rempli [&hellip;]<\/p>\n","protected":false},"featured_media":40803,"template":"","meta":[],"product_cat":[2948,2953],"product_tag":[],"acf":[],"yoast_head":"<!-- This site is optimized with the Yoast SEO plugin v20.11 - https:\/\/yoast.com\/wordpress\/plugins\/seo\/ -->\n<title>Matisse : L&#039;atelier rouge - Librairie 7L<\/title>\n<meta name=\"robots\" content=\"index, follow, max-snippet:-1, max-image-preview:large, max-video-preview:-1\" \/>\n<link rel=\"canonical\" href=\"https:\/\/librairie7l.com\/en\/produit\/matisse-latelier-rouge\/\" \/>\n<meta property=\"og:locale\" content=\"en_US\" \/>\n<meta property=\"og:type\" content=\"article\" \/>\n<meta property=\"og:title\" content=\"Matisse : L&#039;atelier rouge - Librairie 7L\" \/>\n<meta property=\"og:description\" content=\"Cr\u00e9\u00e9 en 1911, L&#8217;Atelier rouge d&#8217;Henri Matisse est devenu l&#8217;une des oeuvres les plus influentes de l&#8217;histoire de l&#8217;art moderne. Acquise en 1949 par le Museum of Modern Art (MoMA) de New York, o\u00f9 elle est depuis expos\u00e9e, cette toile repr\u00e9sente l&#8217;atelier de l&#8217;artiste \u00e0 Issy-les-Moulineaux, en proche banlieue parisienne. Elle montre un espace rempli [&hellip;]\" \/>\n<meta property=\"og:url\" content=\"https:\/\/librairie7l.com\/en\/produit\/matisse-latelier-rouge\/\" \/>\n<meta property=\"og:site_name\" content=\"Librairie 7L\" \/>\n<meta property=\"article:modified_time\" content=\"2026-04-11T18:21:14+00:00\" \/>\n<meta property=\"og:image\" content=\"https:\/\/librairie7l.com\/wp-content\/uploads\/2024\/02\/9782754113854_1_75.jpg\" \/>\n\t<meta property=\"og:image:width\" content=\"600\" \/>\n\t<meta property=\"og:image:height\" content=\"627\" \/>\n\t<meta property=\"og:image:type\" content=\"image\/jpeg\" \/>\n<meta name=\"twitter:card\" content=\"summary_large_image\" \/>\n<meta name=\"twitter:label1\" content=\"Est. reading time\" \/>\n\t<meta name=\"twitter:data1\" content=\"1 minute\" \/>\n<script type=\"application\/ld+json\" class=\"yoast-schema-graph\">{\"@context\":\"https:\/\/schema.org\",\"@graph\":[{\"@type\":\"WebPage\",\"@id\":\"https:\/\/librairie7l.com\/en\/produit\/matisse-latelier-rouge\/\",\"url\":\"https:\/\/librairie7l.com\/en\/produit\/matisse-latelier-rouge\/\",\"name\":\"Matisse : L'atelier rouge - Librairie 7L\",\"isPartOf\":{\"@id\":\"https:\/\/librairie7l.com\/en\/#website\"},\"datePublished\":\"2024-05-03T07:18:16+00:00\",\"dateModified\":\"2026-04-11T18:21:14+00:00\",\"breadcrumb\":{\"@id\":\"https:\/\/librairie7l.com\/en\/produit\/matisse-latelier-rouge\/#breadcrumb\"},\"inLanguage\":\"en-US\",\"potentialAction\":[{\"@type\":\"ReadAction\",\"target\":[\"https:\/\/librairie7l.com\/en\/produit\/matisse-latelier-rouge\/\"]}]},{\"@type\":\"BreadcrumbList\",\"@id\":\"https:\/\/librairie7l.com\/en\/produit\/matisse-latelier-rouge\/#breadcrumb\",\"itemListElement\":[{\"@type\":\"ListItem\",\"position\":1,\"name\":\"Accueil\",\"item\":\"https:\/\/librairie7l.com\/en\/\"},{\"@type\":\"ListItem\",\"position\":2,\"name\":\"Shop\",\"item\":\"https:\/\/librairie7l.com\/en\/shop\/\"},{\"@type\":\"ListItem\",\"position\":3,\"name\":\"MATISSE : L&#8217;ATELIER ROUGE\"}]},{\"@type\":\"WebSite\",\"@id\":\"https:\/\/librairie7l.com\/en\/#website\",\"url\":\"https:\/\/librairie7l.com\/en\/\",\"name\":\"Librairie 7L\",\"description\":\"Librairie fond\u00e9e en 1999 par Karl Lagerfeld \u00e0 Paris\",\"publisher\":{\"@id\":\"https:\/\/librairie7l.com\/en\/#organization\"},\"potentialAction\":[{\"@type\":\"SearchAction\",\"target\":{\"@type\":\"EntryPoint\",\"urlTemplate\":\"https:\/\/librairie7l.com\/en\/?s={search_term_string}\"},\"query-input\":\"required name=search_term_string\"}],\"inLanguage\":\"en-US\"},{\"@type\":\"Organization\",\"@id\":\"https:\/\/librairie7l.com\/en\/#organization\",\"name\":\"Librairie 7L\",\"url\":\"https:\/\/librairie7l.com\/en\/\",\"logo\":{\"@type\":\"ImageObject\",\"inLanguage\":\"en-US\",\"@id\":\"https:\/\/librairie7l.com\/en\/#\/schema\/logo\/image\/\",\"url\":\"https:\/\/librairie7l.com\/wp-content\/uploads\/2022\/08\/logo-1.png\",\"contentUrl\":\"https:\/\/librairie7l.com\/wp-content\/uploads\/2022\/08\/logo-1.png\",\"width\":227,\"height\":301,\"caption\":\"Librairie 7L\"},\"image\":{\"@id\":\"https:\/\/librairie7l.com\/en\/#\/schema\/logo\/image\/\"}}]}<\/script>\n<!-- \/ Yoast SEO plugin. -->","yoast_head_json":{"title":"Matisse : L'atelier rouge - Librairie 7L","robots":{"index":"index","follow":"follow","max-snippet":"max-snippet:-1","max-image-preview":"max-image-preview:large","max-video-preview":"max-video-preview:-1"},"canonical":"https:\/\/librairie7l.com\/en\/produit\/matisse-latelier-rouge\/","og_locale":"en_US","og_type":"article","og_title":"Matisse : L'atelier rouge - Librairie 7L","og_description":"Cr\u00e9\u00e9 en 1911, L&#8217;Atelier rouge d&#8217;Henri Matisse est devenu l&#8217;une des oeuvres les plus influentes de l&#8217;histoire de l&#8217;art moderne. Acquise en 1949 par le Museum of Modern Art (MoMA) de New York, o\u00f9 elle est depuis expos\u00e9e, cette toile repr\u00e9sente l&#8217;atelier de l&#8217;artiste \u00e0 Issy-les-Moulineaux, en proche banlieue parisienne. Elle montre un espace rempli [&hellip;]","og_url":"https:\/\/librairie7l.com\/en\/produit\/matisse-latelier-rouge\/","og_site_name":"Librairie 7L","article_modified_time":"2026-04-11T18:21:14+00:00","og_image":[{"width":600,"height":627,"url":"https:\/\/librairie7l.com\/wp-content\/uploads\/2024\/02\/9782754113854_1_75.jpg","type":"image\/jpeg"}],"twitter_card":"summary_large_image","twitter_misc":{"Est. reading time":"1 minute"},"schema":{"@context":"https:\/\/schema.org","@graph":[{"@type":"WebPage","@id":"https:\/\/librairie7l.com\/en\/produit\/matisse-latelier-rouge\/","url":"https:\/\/librairie7l.com\/en\/produit\/matisse-latelier-rouge\/","name":"Matisse : L'atelier rouge - Librairie 7L","isPartOf":{"@id":"https:\/\/librairie7l.com\/en\/#website"},"datePublished":"2024-05-03T07:18:16+00:00","dateModified":"2026-04-11T18:21:14+00:00","breadcrumb":{"@id":"https:\/\/librairie7l.com\/en\/produit\/matisse-latelier-rouge\/#breadcrumb"},"inLanguage":"en-US","potentialAction":[{"@type":"ReadAction","target":["https:\/\/librairie7l.com\/en\/produit\/matisse-latelier-rouge\/"]}]},{"@type":"BreadcrumbList","@id":"https:\/\/librairie7l.com\/en\/produit\/matisse-latelier-rouge\/#breadcrumb","itemListElement":[{"@type":"ListItem","position":1,"name":"Accueil","item":"https:\/\/librairie7l.com\/en\/"},{"@type":"ListItem","position":2,"name":"Shop","item":"https:\/\/librairie7l.com\/en\/shop\/"},{"@type":"ListItem","position":3,"name":"MATISSE : L&#8217;ATELIER ROUGE"}]},{"@type":"WebSite","@id":"https:\/\/librairie7l.com\/en\/#website","url":"https:\/\/librairie7l.com\/en\/","name":"Librairie 7L","description":"Librairie fond\u00e9e en 1999 par Karl Lagerfeld \u00e0 Paris","publisher":{"@id":"https:\/\/librairie7l.com\/en\/#organization"},"potentialAction":[{"@type":"SearchAction","target":{"@type":"EntryPoint","urlTemplate":"https:\/\/librairie7l.com\/en\/?s={search_term_string}"},"query-input":"required name=search_term_string"}],"inLanguage":"en-US"},{"@type":"Organization","@id":"https:\/\/librairie7l.com\/en\/#organization","name":"Librairie 7L","url":"https:\/\/librairie7l.com\/en\/","logo":{"@type":"ImageObject","inLanguage":"en-US","@id":"https:\/\/librairie7l.com\/en\/#\/schema\/logo\/image\/","url":"https:\/\/librairie7l.com\/wp-content\/uploads\/2022\/08\/logo-1.png","contentUrl":"https:\/\/librairie7l.com\/wp-content\/uploads\/2022\/08\/logo-1.png","width":227,"height":301,"caption":"Librairie 7L"},"image":{"@id":"https:\/\/librairie7l.com\/en\/#\/schema\/logo\/image\/"}}]}},"_links":{"self":[{"href":"https:\/\/librairie7l.com\/en\/wp-json\/wp\/v2\/product\/40805"}],"collection":[{"href":"https:\/\/librairie7l.com\/en\/wp-json\/wp\/v2\/product"}],"about":[{"href":"https:\/\/librairie7l.com\/en\/wp-json\/wp\/v2\/types\/product"}],"wp:featuredmedia":[{"embeddable":true,"href":"https:\/\/librairie7l.com\/en\/wp-json\/wp\/v2\/media\/40803"}],"wp:attachment":[{"href":"https:\/\/librairie7l.com\/en\/wp-json\/wp\/v2\/media?parent=40805"}],"wp:term":[{"taxonomy":"product_cat","embeddable":true,"href":"https:\/\/librairie7l.com\/en\/wp-json\/wp\/v2\/product_cat?post=40805"},{"taxonomy":"product_tag","embeddable":true,"href":"https:\/\/librairie7l.com\/en\/wp-json\/wp\/v2\/product_tag?post=40805"}],"curies":[{"name":"wp","href":"https:\/\/api.w.org\/{rel}","templated":true}]}}