{"id":40809,"date":"2024-05-03T09:18:19","date_gmt":"2024-05-03T07:18:19","guid":{"rendered":"https:\/\/librairie7l.com\/?post_type=product&#038;p=40809"},"modified":"2026-04-30T16:42:12","modified_gmt":"2026-04-30T14:42:12","slug":"ellsworth-kelly-formes-et-couleurs-1949-2015","status":"publish","type":"product","link":"https:\/\/librairie7l.com\/en\/produit\/ellsworth-kelly-formes-et-couleurs-1949-2015\/","title":{"rendered":"ELLSWORTH KELLY : FORMES ET COULEURS, 1949-2015"},"content":{"rendered":"<p>Le 31 mai 2023, Ellsworth Kelly (1923-2015) aurait eu 100 ans. A partir de l&#8217;observation de son environnement direct, il a red\u00e9fini l&#8217;abstraction dans la seconde moiti\u00e9 du XXe  si\u00e8cle, conduisant ses formes \u00e9pur\u00e9es, aux couleurs souvent \u00e9clatantes, au-del\u00e0 des attendus de la peinture et de la sculpture.<\/p>\n<p>Pr\u00e8s de dix ans apr\u00e8s sa disparition, ses oeuvres exercent toujours la m\u00eame fascination, par leur intensit\u00e9 et leur \u00e9quilibre, la qualit\u00e9 de leurs adresses visuelles, les espaces qu&#8217;elles cr\u00e9ent, leur sensualit\u00e9 paradoxale exprim\u00e9e dans la rigueur. La Fondation Louis Vuitton a la chance de t\u00e9moigner quotidiennement de cela gr\u00e2ce \u00e0 la pr\u00e9sence dans son auditorium d&#8217;une installation p\u00e9renne, une des toutes derni\u00e8res r\u00e9alisations de l&#8217;artiste.<\/p>\n<p>Cet ouvrage offre une introduction et un panorama de son oeuvre, \u00e0 l&#8217;image de l&#8217;exposition qu&#8217;il accompagne et qui se tient \u00e0 la Fondation Louis Vuitton du 7 mai 2024 au 9 septembre 2024.  Premi\u00e8re exposition en France \u00e0 aborder son oeuvre avec un spectre chronologique aussi large, elle est compos\u00e9e de plus de centaine d&#8217;oeuvres, peintures, dessins photographies et collages. Comme elle, ce livre permet d&#8217;appr\u00e9hender pleinement le travail accompli par l&#8217;artiste. Ses travaux sont reproduits ici accompagn\u00e9es d&#8217;\u00e9tudes de familiers de son oeuvre (Jean-Pierre Criqui, Suzanne Hudson) ou d&#8217;apports sur des aspects moins connus (Corey Keller sur la photographie, Alex da Corte sur la libert\u00e9 se son oeuvre, Sarah Rogers sur sa r\u00e9ception au Moyen-Orient). Il comporte aussi une chronologie richement illustr\u00e9e. Peter Eeleey y revient notamment sur le s\u00e9jour d\u00e9cisif de Kelly en France dans l&#8217;imm\u00e9diate apr\u00e8s-guerre, son apport \u00e0 la sc\u00e8ne am\u00e9ricaine au tournant des ann\u00e9es 1950 et 1960. Et plus en aval, il suit le d\u00e9veloppement et les ramifications complexes d&#8217;une oeuvre abordant toutes les \u00e9chelles de la perception, du trait sur une feuille, \u00e0 l&#8217;intervention dans l&#8217;espace architectural.<\/p>\n","protected":false},"excerpt":{"rendered":"<p>Le 31 mai 2023, Ellsworth Kelly (1923-2015) aurait eu 100 ans. A partir de l&#8217;observation de son environnement direct, il a red\u00e9fini l&#8217;abstraction dans la seconde moiti\u00e9 du XXe si\u00e8cle, conduisant ses formes \u00e9pur\u00e9es, aux couleurs souvent \u00e9clatantes, au-del\u00e0 des attendus de la peinture et de la sculpture. Pr\u00e8s de dix ans apr\u00e8s sa disparition, [&hellip;]<\/p>\n","protected":false},"featured_media":40807,"template":"","meta":[],"product_cat":[2948,2953],"product_tag":[],"acf":[],"yoast_head":"<!-- This site is optimized with the Yoast SEO plugin v20.11 - https:\/\/yoast.com\/wordpress\/plugins\/seo\/ -->\n<title>Ellsworth Kelly : Formes et couleurs, 1949-2015 - Librairie 7L<\/title>\n<meta name=\"robots\" content=\"index, follow, max-snippet:-1, max-image-preview:large, max-video-preview:-1\" \/>\n<link rel=\"canonical\" href=\"https:\/\/librairie7l.com\/en\/produit\/ellsworth-kelly-formes-et-couleurs-1949-2015\/\" \/>\n<meta property=\"og:locale\" content=\"en_US\" \/>\n<meta property=\"og:type\" content=\"article\" \/>\n<meta property=\"og:title\" content=\"Ellsworth Kelly : Formes et couleurs, 1949-2015 - Librairie 7L\" \/>\n<meta property=\"og:description\" content=\"Le 31 mai 2023, Ellsworth Kelly (1923-2015) aurait eu 100 ans. A partir de l&#8217;observation de son environnement direct, il a red\u00e9fini l&#8217;abstraction dans la seconde moiti\u00e9 du XXe si\u00e8cle, conduisant ses formes \u00e9pur\u00e9es, aux couleurs souvent \u00e9clatantes, au-del\u00e0 des attendus de la peinture et de la sculpture. Pr\u00e8s de dix ans apr\u00e8s sa disparition, [&hellip;]\" \/>\n<meta property=\"og:url\" content=\"https:\/\/librairie7l.com\/en\/produit\/ellsworth-kelly-formes-et-couleurs-1949-2015\/\" \/>\n<meta property=\"og:site_name\" content=\"Librairie 7L\" \/>\n<meta property=\"article:modified_time\" content=\"2026-04-30T14:42:12+00:00\" \/>\n<meta property=\"og:image\" content=\"https:\/\/librairie7l.com\/wp-content\/uploads\/2024\/02\/9782754113847_1_75.jpg\" \/>\n\t<meta property=\"og:image:width\" content=\"600\" \/>\n\t<meta property=\"og:image:height\" content=\"735\" \/>\n\t<meta property=\"og:image:type\" content=\"image\/jpeg\" \/>\n<meta name=\"twitter:card\" content=\"summary_large_image\" \/>\n<meta name=\"twitter:label1\" content=\"Est. reading time\" \/>\n\t<meta name=\"twitter:data1\" content=\"2 minutes\" \/>\n<script type=\"application\/ld+json\" class=\"yoast-schema-graph\">{\"@context\":\"https:\/\/schema.org\",\"@graph\":[{\"@type\":\"WebPage\",\"@id\":\"https:\/\/librairie7l.com\/en\/produit\/ellsworth-kelly-formes-et-couleurs-1949-2015\/\",\"url\":\"https:\/\/librairie7l.com\/en\/produit\/ellsworth-kelly-formes-et-couleurs-1949-2015\/\",\"name\":\"Ellsworth Kelly : Formes et couleurs, 1949-2015 - Librairie 7L\",\"isPartOf\":{\"@id\":\"https:\/\/librairie7l.com\/en\/#website\"},\"datePublished\":\"2024-05-03T07:18:19+00:00\",\"dateModified\":\"2026-04-30T14:42:12+00:00\",\"breadcrumb\":{\"@id\":\"https:\/\/librairie7l.com\/en\/produit\/ellsworth-kelly-formes-et-couleurs-1949-2015\/#breadcrumb\"},\"inLanguage\":\"en-US\",\"potentialAction\":[{\"@type\":\"ReadAction\",\"target\":[\"https:\/\/librairie7l.com\/en\/produit\/ellsworth-kelly-formes-et-couleurs-1949-2015\/\"]}]},{\"@type\":\"BreadcrumbList\",\"@id\":\"https:\/\/librairie7l.com\/en\/produit\/ellsworth-kelly-formes-et-couleurs-1949-2015\/#breadcrumb\",\"itemListElement\":[{\"@type\":\"ListItem\",\"position\":1,\"name\":\"Accueil\",\"item\":\"https:\/\/librairie7l.com\/en\/\"},{\"@type\":\"ListItem\",\"position\":2,\"name\":\"Shop\",\"item\":\"https:\/\/librairie7l.com\/en\/shop\/\"},{\"@type\":\"ListItem\",\"position\":3,\"name\":\"ELLSWORTH KELLY : FORMES ET COULEURS, 1949-2015\"}]},{\"@type\":\"WebSite\",\"@id\":\"https:\/\/librairie7l.com\/en\/#website\",\"url\":\"https:\/\/librairie7l.com\/en\/\",\"name\":\"Librairie 7L\",\"description\":\"Librairie fond\u00e9e en 1999 par Karl Lagerfeld \u00e0 Paris\",\"publisher\":{\"@id\":\"https:\/\/librairie7l.com\/en\/#organization\"},\"potentialAction\":[{\"@type\":\"SearchAction\",\"target\":{\"@type\":\"EntryPoint\",\"urlTemplate\":\"https:\/\/librairie7l.com\/en\/?s={search_term_string}\"},\"query-input\":\"required name=search_term_string\"}],\"inLanguage\":\"en-US\"},{\"@type\":\"Organization\",\"@id\":\"https:\/\/librairie7l.com\/en\/#organization\",\"name\":\"Librairie 7L\",\"url\":\"https:\/\/librairie7l.com\/en\/\",\"logo\":{\"@type\":\"ImageObject\",\"inLanguage\":\"en-US\",\"@id\":\"https:\/\/librairie7l.com\/en\/#\/schema\/logo\/image\/\",\"url\":\"https:\/\/librairie7l.com\/wp-content\/uploads\/2022\/08\/logo-1.png\",\"contentUrl\":\"https:\/\/librairie7l.com\/wp-content\/uploads\/2022\/08\/logo-1.png\",\"width\":227,\"height\":301,\"caption\":\"Librairie 7L\"},\"image\":{\"@id\":\"https:\/\/librairie7l.com\/en\/#\/schema\/logo\/image\/\"}}]}<\/script>\n<!-- \/ Yoast SEO plugin. -->","yoast_head_json":{"title":"Ellsworth Kelly : Formes et couleurs, 1949-2015 - Librairie 7L","robots":{"index":"index","follow":"follow","max-snippet":"max-snippet:-1","max-image-preview":"max-image-preview:large","max-video-preview":"max-video-preview:-1"},"canonical":"https:\/\/librairie7l.com\/en\/produit\/ellsworth-kelly-formes-et-couleurs-1949-2015\/","og_locale":"en_US","og_type":"article","og_title":"Ellsworth Kelly : Formes et couleurs, 1949-2015 - Librairie 7L","og_description":"Le 31 mai 2023, Ellsworth Kelly (1923-2015) aurait eu 100 ans. A partir de l&#8217;observation de son environnement direct, il a red\u00e9fini l&#8217;abstraction dans la seconde moiti\u00e9 du XXe si\u00e8cle, conduisant ses formes \u00e9pur\u00e9es, aux couleurs souvent \u00e9clatantes, au-del\u00e0 des attendus de la peinture et de la sculpture. Pr\u00e8s de dix ans apr\u00e8s sa disparition, [&hellip;]","og_url":"https:\/\/librairie7l.com\/en\/produit\/ellsworth-kelly-formes-et-couleurs-1949-2015\/","og_site_name":"Librairie 7L","article_modified_time":"2026-04-30T14:42:12+00:00","og_image":[{"width":600,"height":735,"url":"https:\/\/librairie7l.com\/wp-content\/uploads\/2024\/02\/9782754113847_1_75.jpg","type":"image\/jpeg"}],"twitter_card":"summary_large_image","twitter_misc":{"Est. reading time":"2 minutes"},"schema":{"@context":"https:\/\/schema.org","@graph":[{"@type":"WebPage","@id":"https:\/\/librairie7l.com\/en\/produit\/ellsworth-kelly-formes-et-couleurs-1949-2015\/","url":"https:\/\/librairie7l.com\/en\/produit\/ellsworth-kelly-formes-et-couleurs-1949-2015\/","name":"Ellsworth Kelly : Formes et couleurs, 1949-2015 - Librairie 7L","isPartOf":{"@id":"https:\/\/librairie7l.com\/en\/#website"},"datePublished":"2024-05-03T07:18:19+00:00","dateModified":"2026-04-30T14:42:12+00:00","breadcrumb":{"@id":"https:\/\/librairie7l.com\/en\/produit\/ellsworth-kelly-formes-et-couleurs-1949-2015\/#breadcrumb"},"inLanguage":"en-US","potentialAction":[{"@type":"ReadAction","target":["https:\/\/librairie7l.com\/en\/produit\/ellsworth-kelly-formes-et-couleurs-1949-2015\/"]}]},{"@type":"BreadcrumbList","@id":"https:\/\/librairie7l.com\/en\/produit\/ellsworth-kelly-formes-et-couleurs-1949-2015\/#breadcrumb","itemListElement":[{"@type":"ListItem","position":1,"name":"Accueil","item":"https:\/\/librairie7l.com\/en\/"},{"@type":"ListItem","position":2,"name":"Shop","item":"https:\/\/librairie7l.com\/en\/shop\/"},{"@type":"ListItem","position":3,"name":"ELLSWORTH KELLY : FORMES ET COULEURS, 1949-2015"}]},{"@type":"WebSite","@id":"https:\/\/librairie7l.com\/en\/#website","url":"https:\/\/librairie7l.com\/en\/","name":"Librairie 7L","description":"Librairie fond\u00e9e en 1999 par Karl Lagerfeld \u00e0 Paris","publisher":{"@id":"https:\/\/librairie7l.com\/en\/#organization"},"potentialAction":[{"@type":"SearchAction","target":{"@type":"EntryPoint","urlTemplate":"https:\/\/librairie7l.com\/en\/?s={search_term_string}"},"query-input":"required name=search_term_string"}],"inLanguage":"en-US"},{"@type":"Organization","@id":"https:\/\/librairie7l.com\/en\/#organization","name":"Librairie 7L","url":"https:\/\/librairie7l.com\/en\/","logo":{"@type":"ImageObject","inLanguage":"en-US","@id":"https:\/\/librairie7l.com\/en\/#\/schema\/logo\/image\/","url":"https:\/\/librairie7l.com\/wp-content\/uploads\/2022\/08\/logo-1.png","contentUrl":"https:\/\/librairie7l.com\/wp-content\/uploads\/2022\/08\/logo-1.png","width":227,"height":301,"caption":"Librairie 7L"},"image":{"@id":"https:\/\/librairie7l.com\/en\/#\/schema\/logo\/image\/"}}]}},"_links":{"self":[{"href":"https:\/\/librairie7l.com\/en\/wp-json\/wp\/v2\/product\/40809"}],"collection":[{"href":"https:\/\/librairie7l.com\/en\/wp-json\/wp\/v2\/product"}],"about":[{"href":"https:\/\/librairie7l.com\/en\/wp-json\/wp\/v2\/types\/product"}],"wp:featuredmedia":[{"embeddable":true,"href":"https:\/\/librairie7l.com\/en\/wp-json\/wp\/v2\/media\/40807"}],"wp:attachment":[{"href":"https:\/\/librairie7l.com\/en\/wp-json\/wp\/v2\/media?parent=40809"}],"wp:term":[{"taxonomy":"product_cat","embeddable":true,"href":"https:\/\/librairie7l.com\/en\/wp-json\/wp\/v2\/product_cat?post=40809"},{"taxonomy":"product_tag","embeddable":true,"href":"https:\/\/librairie7l.com\/en\/wp-json\/wp\/v2\/product_tag?post=40809"}],"curies":[{"name":"wp","href":"https:\/\/api.w.org\/{rel}","templated":true}]}}