{"id":40833,"date":"2024-05-04T09:18:05","date_gmt":"2024-05-04T07:18:05","guid":{"rendered":"https:\/\/librairie7l.com\/?post_type=product&#038;p=40833"},"modified":"2026-04-23T16:20:40","modified_gmt":"2026-04-23T14:20:40","slug":"isamu-noguchi","status":"publish","type":"product","link":"https:\/\/librairie7l.com\/en\/produit\/isamu-noguchi\/","title":{"rendered":"ISAMU NOGUCHI"},"content":{"rendered":"<p>Le designer qui op\u00e8re la fusion entre l&#8217;art traditionnel japonais et les concepts de la modernit\u00e9.<br \/>\nLa biblioth\u00e8que de l&#8217;Amateur pr\u00e9sente en 168 pages et une soixantaine de photos le parcours et la d\u00e9marche de ces cr\u00e9ateurs qui ont chacun, \u00e0 leur mani\u00e8re, marqu\u00e9 l&#8217;histoire de l&#8217;\u00e9volution des styles.<br \/>\nDans ce troisi\u00e8me opus, la biblioth\u00e8que de l&#8217;amateur pr\u00e9sente l&#8217;essentiel d&#8217;une figure les plus influentes de design moderne : Isamu Noguchi.<br \/>\nIsamu Noguchi (1904-1988) est un sculpteur et designer am\u00e9ricano japonais, n\u00e9 \u00e0 Los Angeles, d&#8217;une m\u00e8re am\u00e9ricaine et d&#8217;un p\u00e8re japonais.<br \/>\nSon oeuvre comprend des sculptures, des meubles, des lampes, des jardins publics, et des d\u00e9cors monumentaux pour des productions th\u00e9\u00e2trales. Noguchi a cherch\u00e9 \u00e0 fusionner les ormes<br \/>\nartistiques traditionnelles et modernes, incorporant des \u00e9l\u00e9ments de l&#8217;art japonais dans son travail tout en adoptant des techniques contemporaines. Parmi ses oeuvres les plus c\u00e9l\u00e8bres, on trouve la \u00ab table Noguchi \u00bb, une table basse en bois et en verre ou encore les lampes en papier Akari. Isamu Noguchi a laiss\u00e9 un impact significatif sur le monde de l&#8217;art et du design, et son travail est expos\u00e9 dans des mus\u00e9es du monde entier.<\/p>\n","protected":false},"excerpt":{"rendered":"<p>Le designer qui op\u00e8re la fusion entre l&#8217;art traditionnel japonais et les concepts de la modernit\u00e9. La biblioth\u00e8que de l&#8217;Amateur pr\u00e9sente en 168 pages et une soixantaine de photos le parcours et la d\u00e9marche de ces cr\u00e9ateurs qui ont chacun, \u00e0 leur mani\u00e8re, marqu\u00e9 l&#8217;histoire de l&#8217;\u00e9volution des styles. Dans ce troisi\u00e8me opus, la biblioth\u00e8que [&hellip;]<\/p>\n","protected":false},"featured_media":40831,"template":"","meta":[],"product_cat":[2948,2952],"product_tag":[],"acf":[],"yoast_head":"<!-- This site is optimized with the Yoast SEO plugin v20.11 - https:\/\/yoast.com\/wordpress\/plugins\/seo\/ -->\n<title>Isamu Noguchi - Librairie 7L<\/title>\n<meta name=\"robots\" content=\"index, follow, max-snippet:-1, max-image-preview:large, max-video-preview:-1\" \/>\n<link rel=\"canonical\" href=\"https:\/\/librairie7l.com\/en\/produit\/isamu-noguchi\/\" \/>\n<meta property=\"og:locale\" content=\"en_US\" \/>\n<meta property=\"og:type\" content=\"article\" \/>\n<meta property=\"og:title\" content=\"Isamu Noguchi - Librairie 7L\" \/>\n<meta property=\"og:description\" content=\"Le designer qui op\u00e8re la fusion entre l&#8217;art traditionnel japonais et les concepts de la modernit\u00e9. La biblioth\u00e8que de l&#8217;Amateur pr\u00e9sente en 168 pages et une soixantaine de photos le parcours et la d\u00e9marche de ces cr\u00e9ateurs qui ont chacun, \u00e0 leur mani\u00e8re, marqu\u00e9 l&#8217;histoire de l&#8217;\u00e9volution des styles. Dans ce troisi\u00e8me opus, la biblioth\u00e8que [&hellip;]\" \/>\n<meta property=\"og:url\" content=\"https:\/\/librairie7l.com\/en\/produit\/isamu-noguchi\/\" \/>\n<meta property=\"og:site_name\" content=\"Librairie 7L\" \/>\n<meta property=\"article:modified_time\" content=\"2026-04-23T14:20:40+00:00\" \/>\n<meta property=\"og:image\" content=\"https:\/\/librairie7l.com\/wp-content\/uploads\/2023\/12\/9791037511782_1_75.jpg\" \/>\n\t<meta property=\"og:image:width\" content=\"600\" \/>\n\t<meta property=\"og:image:height\" content=\"802\" \/>\n\t<meta property=\"og:image:type\" content=\"image\/jpeg\" \/>\n<meta name=\"twitter:card\" content=\"summary_large_image\" \/>\n<meta name=\"twitter:label1\" content=\"Est. reading time\" \/>\n\t<meta name=\"twitter:data1\" content=\"1 minute\" \/>\n<script type=\"application\/ld+json\" class=\"yoast-schema-graph\">{\"@context\":\"https:\/\/schema.org\",\"@graph\":[{\"@type\":\"WebPage\",\"@id\":\"https:\/\/librairie7l.com\/en\/produit\/isamu-noguchi\/\",\"url\":\"https:\/\/librairie7l.com\/en\/produit\/isamu-noguchi\/\",\"name\":\"Isamu Noguchi - Librairie 7L\",\"isPartOf\":{\"@id\":\"https:\/\/librairie7l.com\/en\/#website\"},\"datePublished\":\"2024-05-04T07:18:05+00:00\",\"dateModified\":\"2026-04-23T14:20:40+00:00\",\"breadcrumb\":{\"@id\":\"https:\/\/librairie7l.com\/en\/produit\/isamu-noguchi\/#breadcrumb\"},\"inLanguage\":\"en-US\",\"potentialAction\":[{\"@type\":\"ReadAction\",\"target\":[\"https:\/\/librairie7l.com\/en\/produit\/isamu-noguchi\/\"]}]},{\"@type\":\"BreadcrumbList\",\"@id\":\"https:\/\/librairie7l.com\/en\/produit\/isamu-noguchi\/#breadcrumb\",\"itemListElement\":[{\"@type\":\"ListItem\",\"position\":1,\"name\":\"Accueil\",\"item\":\"https:\/\/librairie7l.com\/en\/\"},{\"@type\":\"ListItem\",\"position\":2,\"name\":\"Shop\",\"item\":\"https:\/\/librairie7l.com\/en\/shop\/\"},{\"@type\":\"ListItem\",\"position\":3,\"name\":\"ISAMU NOGUCHI\"}]},{\"@type\":\"WebSite\",\"@id\":\"https:\/\/librairie7l.com\/en\/#website\",\"url\":\"https:\/\/librairie7l.com\/en\/\",\"name\":\"Librairie 7L\",\"description\":\"Librairie fond\u00e9e en 1999 par Karl Lagerfeld \u00e0 Paris\",\"publisher\":{\"@id\":\"https:\/\/librairie7l.com\/en\/#organization\"},\"potentialAction\":[{\"@type\":\"SearchAction\",\"target\":{\"@type\":\"EntryPoint\",\"urlTemplate\":\"https:\/\/librairie7l.com\/en\/?s={search_term_string}\"},\"query-input\":\"required name=search_term_string\"}],\"inLanguage\":\"en-US\"},{\"@type\":\"Organization\",\"@id\":\"https:\/\/librairie7l.com\/en\/#organization\",\"name\":\"Librairie 7L\",\"url\":\"https:\/\/librairie7l.com\/en\/\",\"logo\":{\"@type\":\"ImageObject\",\"inLanguage\":\"en-US\",\"@id\":\"https:\/\/librairie7l.com\/en\/#\/schema\/logo\/image\/\",\"url\":\"https:\/\/librairie7l.com\/wp-content\/uploads\/2022\/08\/logo-1.png\",\"contentUrl\":\"https:\/\/librairie7l.com\/wp-content\/uploads\/2022\/08\/logo-1.png\",\"width\":227,\"height\":301,\"caption\":\"Librairie 7L\"},\"image\":{\"@id\":\"https:\/\/librairie7l.com\/en\/#\/schema\/logo\/image\/\"}}]}<\/script>\n<!-- \/ Yoast SEO plugin. -->","yoast_head_json":{"title":"Isamu Noguchi - Librairie 7L","robots":{"index":"index","follow":"follow","max-snippet":"max-snippet:-1","max-image-preview":"max-image-preview:large","max-video-preview":"max-video-preview:-1"},"canonical":"https:\/\/librairie7l.com\/en\/produit\/isamu-noguchi\/","og_locale":"en_US","og_type":"article","og_title":"Isamu Noguchi - Librairie 7L","og_description":"Le designer qui op\u00e8re la fusion entre l&#8217;art traditionnel japonais et les concepts de la modernit\u00e9. La biblioth\u00e8que de l&#8217;Amateur pr\u00e9sente en 168 pages et une soixantaine de photos le parcours et la d\u00e9marche de ces cr\u00e9ateurs qui ont chacun, \u00e0 leur mani\u00e8re, marqu\u00e9 l&#8217;histoire de l&#8217;\u00e9volution des styles. Dans ce troisi\u00e8me opus, la biblioth\u00e8que [&hellip;]","og_url":"https:\/\/librairie7l.com\/en\/produit\/isamu-noguchi\/","og_site_name":"Librairie 7L","article_modified_time":"2026-04-23T14:20:40+00:00","og_image":[{"width":600,"height":802,"url":"https:\/\/librairie7l.com\/wp-content\/uploads\/2023\/12\/9791037511782_1_75.jpg","type":"image\/jpeg"}],"twitter_card":"summary_large_image","twitter_misc":{"Est. reading time":"1 minute"},"schema":{"@context":"https:\/\/schema.org","@graph":[{"@type":"WebPage","@id":"https:\/\/librairie7l.com\/en\/produit\/isamu-noguchi\/","url":"https:\/\/librairie7l.com\/en\/produit\/isamu-noguchi\/","name":"Isamu Noguchi - Librairie 7L","isPartOf":{"@id":"https:\/\/librairie7l.com\/en\/#website"},"datePublished":"2024-05-04T07:18:05+00:00","dateModified":"2026-04-23T14:20:40+00:00","breadcrumb":{"@id":"https:\/\/librairie7l.com\/en\/produit\/isamu-noguchi\/#breadcrumb"},"inLanguage":"en-US","potentialAction":[{"@type":"ReadAction","target":["https:\/\/librairie7l.com\/en\/produit\/isamu-noguchi\/"]}]},{"@type":"BreadcrumbList","@id":"https:\/\/librairie7l.com\/en\/produit\/isamu-noguchi\/#breadcrumb","itemListElement":[{"@type":"ListItem","position":1,"name":"Accueil","item":"https:\/\/librairie7l.com\/en\/"},{"@type":"ListItem","position":2,"name":"Shop","item":"https:\/\/librairie7l.com\/en\/shop\/"},{"@type":"ListItem","position":3,"name":"ISAMU NOGUCHI"}]},{"@type":"WebSite","@id":"https:\/\/librairie7l.com\/en\/#website","url":"https:\/\/librairie7l.com\/en\/","name":"Librairie 7L","description":"Librairie fond\u00e9e en 1999 par Karl Lagerfeld \u00e0 Paris","publisher":{"@id":"https:\/\/librairie7l.com\/en\/#organization"},"potentialAction":[{"@type":"SearchAction","target":{"@type":"EntryPoint","urlTemplate":"https:\/\/librairie7l.com\/en\/?s={search_term_string}"},"query-input":"required name=search_term_string"}],"inLanguage":"en-US"},{"@type":"Organization","@id":"https:\/\/librairie7l.com\/en\/#organization","name":"Librairie 7L","url":"https:\/\/librairie7l.com\/en\/","logo":{"@type":"ImageObject","inLanguage":"en-US","@id":"https:\/\/librairie7l.com\/en\/#\/schema\/logo\/image\/","url":"https:\/\/librairie7l.com\/wp-content\/uploads\/2022\/08\/logo-1.png","contentUrl":"https:\/\/librairie7l.com\/wp-content\/uploads\/2022\/08\/logo-1.png","width":227,"height":301,"caption":"Librairie 7L"},"image":{"@id":"https:\/\/librairie7l.com\/en\/#\/schema\/logo\/image\/"}}]}},"_links":{"self":[{"href":"https:\/\/librairie7l.com\/en\/wp-json\/wp\/v2\/product\/40833"}],"collection":[{"href":"https:\/\/librairie7l.com\/en\/wp-json\/wp\/v2\/product"}],"about":[{"href":"https:\/\/librairie7l.com\/en\/wp-json\/wp\/v2\/types\/product"}],"wp:featuredmedia":[{"embeddable":true,"href":"https:\/\/librairie7l.com\/en\/wp-json\/wp\/v2\/media\/40831"}],"wp:attachment":[{"href":"https:\/\/librairie7l.com\/en\/wp-json\/wp\/v2\/media?parent=40833"}],"wp:term":[{"taxonomy":"product_cat","embeddable":true,"href":"https:\/\/librairie7l.com\/en\/wp-json\/wp\/v2\/product_cat?post=40833"},{"taxonomy":"product_tag","embeddable":true,"href":"https:\/\/librairie7l.com\/en\/wp-json\/wp\/v2\/product_tag?post=40833"}],"curies":[{"name":"wp","href":"https:\/\/api.w.org\/{rel}","templated":true}]}}