{"id":40837,"date":"2024-05-04T09:18:11","date_gmt":"2024-05-04T07:18:11","guid":{"rendered":"https:\/\/librairie7l.com\/?post_type=product&#038;p=40837"},"modified":"2026-04-11T20:19:51","modified_gmt":"2026-04-11T18:19:51","slug":"alvar-aalto","status":"publish","type":"product","link":"https:\/\/librairie7l.com\/en\/produit\/alvar-aalto\/","title":{"rendered":"ALVAR AALTO"},"content":{"rendered":"<p>Architecte et designer finlandais, Alvar Aalto est consid\u00e9r\u00e9 comme l&#8217;un des ma\u00eetres de l&#8217;architecture organique.<br \/>\nLa biblioth\u00e8que de l&#8217;amateur pr\u00e9sente en 168 pages et une soixantaine de photos le parcours et la d\u00e9marche de ces cr\u00e9ateurs qui ont chacun, \u00e0 leur mani\u00e8re, marqu\u00e9 l&#8217;histoire de l&#8217;\u00e9volution des styles.<br \/>\nDans ce quatri\u00e8me opus, la biblioth\u00e8que de l&#8217;amateur pr\u00e9sente l&#8217;essentiel d&#8217;une figure les plus influentes de design moderne : Alvar Aalto.<br \/>\nLe maitre finlandais du design Alvar Aalto (1898-1976) est un architecte et designer finlandais consid\u00e9r\u00e9 comme l&#8217;un des ma\u00eetres de l&#8217;architecture organique. Il a jou\u00e9 un r\u00f4le cl\u00e9 dans le<br \/>\nd\u00e9veloppement de l&#8217;architecture au XXe si\u00e8cle.<br \/>\nSes oeuvres comprennent des b\u00e2timents embl\u00e9matiques, tels que le Sanatorium de Paimio, la biblioth\u00e8que de Viipuri, et la Villa Mairea.<br \/>\nMais Alvar Aalto est \u00e9galement un designer prolifique, cr\u00e9ant des meubles et des luminaires \u00e0 la fois fonctionnels et esth\u00e9tiques qui sont devenus des objets cultes tel que ses tabourets, chaises et fauteuils. Son approche int\u00e9gr\u00e9e de l&#8217;architecture et du design a irrigu\u00e9 toute la conception architecturale du XXe si\u00e8cle.<\/p>\n","protected":false},"excerpt":{"rendered":"<p>Architecte et designer finlandais, Alvar Aalto est consid\u00e9r\u00e9 comme l&#8217;un des ma\u00eetres de l&#8217;architecture organique. La biblioth\u00e8que de l&#8217;amateur pr\u00e9sente en 168 pages et une soixantaine de photos le parcours et la d\u00e9marche de ces cr\u00e9ateurs qui ont chacun, \u00e0 leur mani\u00e8re, marqu\u00e9 l&#8217;histoire de l&#8217;\u00e9volution des styles. Dans ce quatri\u00e8me opus, la biblioth\u00e8que de [&hellip;]<\/p>\n","protected":false},"featured_media":40835,"template":"","meta":[],"product_cat":[2948,2952],"product_tag":[],"acf":[],"yoast_head":"<!-- This site is optimized with the Yoast SEO plugin v20.11 - https:\/\/yoast.com\/wordpress\/plugins\/seo\/ -->\n<title>Alvar Aalto - Librairie 7L<\/title>\n<meta name=\"robots\" content=\"index, follow, max-snippet:-1, max-image-preview:large, max-video-preview:-1\" \/>\n<link rel=\"canonical\" href=\"https:\/\/librairie7l.com\/en\/produit\/alvar-aalto\/\" \/>\n<meta property=\"og:locale\" content=\"en_US\" \/>\n<meta property=\"og:type\" content=\"article\" \/>\n<meta property=\"og:title\" content=\"Alvar Aalto - Librairie 7L\" \/>\n<meta property=\"og:description\" content=\"Architecte et designer finlandais, Alvar Aalto est consid\u00e9r\u00e9 comme l&#8217;un des ma\u00eetres de l&#8217;architecture organique. La biblioth\u00e8que de l&#8217;amateur pr\u00e9sente en 168 pages et une soixantaine de photos le parcours et la d\u00e9marche de ces cr\u00e9ateurs qui ont chacun, \u00e0 leur mani\u00e8re, marqu\u00e9 l&#8217;histoire de l&#8217;\u00e9volution des styles. Dans ce quatri\u00e8me opus, la biblioth\u00e8que de [&hellip;]\" \/>\n<meta property=\"og:url\" content=\"https:\/\/librairie7l.com\/en\/produit\/alvar-aalto\/\" \/>\n<meta property=\"og:site_name\" content=\"Librairie 7L\" \/>\n<meta property=\"article:modified_time\" content=\"2026-04-11T18:19:51+00:00\" \/>\n<meta property=\"og:image\" content=\"https:\/\/librairie7l.com\/wp-content\/uploads\/2023\/12\/9791037511799_1_75.jpg\" \/>\n\t<meta property=\"og:image:width\" content=\"600\" \/>\n\t<meta property=\"og:image:height\" content=\"802\" \/>\n\t<meta property=\"og:image:type\" content=\"image\/jpeg\" \/>\n<meta name=\"twitter:card\" content=\"summary_large_image\" \/>\n<meta name=\"twitter:label1\" content=\"Est. reading time\" \/>\n\t<meta name=\"twitter:data1\" content=\"1 minute\" \/>\n<script type=\"application\/ld+json\" class=\"yoast-schema-graph\">{\"@context\":\"https:\/\/schema.org\",\"@graph\":[{\"@type\":\"WebPage\",\"@id\":\"https:\/\/librairie7l.com\/en\/produit\/alvar-aalto\/\",\"url\":\"https:\/\/librairie7l.com\/en\/produit\/alvar-aalto\/\",\"name\":\"Alvar Aalto - Librairie 7L\",\"isPartOf\":{\"@id\":\"https:\/\/librairie7l.com\/en\/#website\"},\"datePublished\":\"2024-05-04T07:18:11+00:00\",\"dateModified\":\"2026-04-11T18:19:51+00:00\",\"breadcrumb\":{\"@id\":\"https:\/\/librairie7l.com\/en\/produit\/alvar-aalto\/#breadcrumb\"},\"inLanguage\":\"en-US\",\"potentialAction\":[{\"@type\":\"ReadAction\",\"target\":[\"https:\/\/librairie7l.com\/en\/produit\/alvar-aalto\/\"]}]},{\"@type\":\"BreadcrumbList\",\"@id\":\"https:\/\/librairie7l.com\/en\/produit\/alvar-aalto\/#breadcrumb\",\"itemListElement\":[{\"@type\":\"ListItem\",\"position\":1,\"name\":\"Accueil\",\"item\":\"https:\/\/librairie7l.com\/en\/\"},{\"@type\":\"ListItem\",\"position\":2,\"name\":\"Shop\",\"item\":\"https:\/\/librairie7l.com\/en\/shop\/\"},{\"@type\":\"ListItem\",\"position\":3,\"name\":\"ALVAR AALTO\"}]},{\"@type\":\"WebSite\",\"@id\":\"https:\/\/librairie7l.com\/en\/#website\",\"url\":\"https:\/\/librairie7l.com\/en\/\",\"name\":\"Librairie 7L\",\"description\":\"Librairie fond\u00e9e en 1999 par Karl Lagerfeld \u00e0 Paris\",\"publisher\":{\"@id\":\"https:\/\/librairie7l.com\/en\/#organization\"},\"potentialAction\":[{\"@type\":\"SearchAction\",\"target\":{\"@type\":\"EntryPoint\",\"urlTemplate\":\"https:\/\/librairie7l.com\/en\/?s={search_term_string}\"},\"query-input\":\"required name=search_term_string\"}],\"inLanguage\":\"en-US\"},{\"@type\":\"Organization\",\"@id\":\"https:\/\/librairie7l.com\/en\/#organization\",\"name\":\"Librairie 7L\",\"url\":\"https:\/\/librairie7l.com\/en\/\",\"logo\":{\"@type\":\"ImageObject\",\"inLanguage\":\"en-US\",\"@id\":\"https:\/\/librairie7l.com\/en\/#\/schema\/logo\/image\/\",\"url\":\"https:\/\/librairie7l.com\/wp-content\/uploads\/2022\/08\/logo-1.png\",\"contentUrl\":\"https:\/\/librairie7l.com\/wp-content\/uploads\/2022\/08\/logo-1.png\",\"width\":227,\"height\":301,\"caption\":\"Librairie 7L\"},\"image\":{\"@id\":\"https:\/\/librairie7l.com\/en\/#\/schema\/logo\/image\/\"}}]}<\/script>\n<!-- \/ Yoast SEO plugin. -->","yoast_head_json":{"title":"Alvar Aalto - Librairie 7L","robots":{"index":"index","follow":"follow","max-snippet":"max-snippet:-1","max-image-preview":"max-image-preview:large","max-video-preview":"max-video-preview:-1"},"canonical":"https:\/\/librairie7l.com\/en\/produit\/alvar-aalto\/","og_locale":"en_US","og_type":"article","og_title":"Alvar Aalto - Librairie 7L","og_description":"Architecte et designer finlandais, Alvar Aalto est consid\u00e9r\u00e9 comme l&#8217;un des ma\u00eetres de l&#8217;architecture organique. La biblioth\u00e8que de l&#8217;amateur pr\u00e9sente en 168 pages et une soixantaine de photos le parcours et la d\u00e9marche de ces cr\u00e9ateurs qui ont chacun, \u00e0 leur mani\u00e8re, marqu\u00e9 l&#8217;histoire de l&#8217;\u00e9volution des styles. Dans ce quatri\u00e8me opus, la biblioth\u00e8que de [&hellip;]","og_url":"https:\/\/librairie7l.com\/en\/produit\/alvar-aalto\/","og_site_name":"Librairie 7L","article_modified_time":"2026-04-11T18:19:51+00:00","og_image":[{"width":600,"height":802,"url":"https:\/\/librairie7l.com\/wp-content\/uploads\/2023\/12\/9791037511799_1_75.jpg","type":"image\/jpeg"}],"twitter_card":"summary_large_image","twitter_misc":{"Est. reading time":"1 minute"},"schema":{"@context":"https:\/\/schema.org","@graph":[{"@type":"WebPage","@id":"https:\/\/librairie7l.com\/en\/produit\/alvar-aalto\/","url":"https:\/\/librairie7l.com\/en\/produit\/alvar-aalto\/","name":"Alvar Aalto - Librairie 7L","isPartOf":{"@id":"https:\/\/librairie7l.com\/en\/#website"},"datePublished":"2024-05-04T07:18:11+00:00","dateModified":"2026-04-11T18:19:51+00:00","breadcrumb":{"@id":"https:\/\/librairie7l.com\/en\/produit\/alvar-aalto\/#breadcrumb"},"inLanguage":"en-US","potentialAction":[{"@type":"ReadAction","target":["https:\/\/librairie7l.com\/en\/produit\/alvar-aalto\/"]}]},{"@type":"BreadcrumbList","@id":"https:\/\/librairie7l.com\/en\/produit\/alvar-aalto\/#breadcrumb","itemListElement":[{"@type":"ListItem","position":1,"name":"Accueil","item":"https:\/\/librairie7l.com\/en\/"},{"@type":"ListItem","position":2,"name":"Shop","item":"https:\/\/librairie7l.com\/en\/shop\/"},{"@type":"ListItem","position":3,"name":"ALVAR AALTO"}]},{"@type":"WebSite","@id":"https:\/\/librairie7l.com\/en\/#website","url":"https:\/\/librairie7l.com\/en\/","name":"Librairie 7L","description":"Librairie fond\u00e9e en 1999 par Karl Lagerfeld \u00e0 Paris","publisher":{"@id":"https:\/\/librairie7l.com\/en\/#organization"},"potentialAction":[{"@type":"SearchAction","target":{"@type":"EntryPoint","urlTemplate":"https:\/\/librairie7l.com\/en\/?s={search_term_string}"},"query-input":"required name=search_term_string"}],"inLanguage":"en-US"},{"@type":"Organization","@id":"https:\/\/librairie7l.com\/en\/#organization","name":"Librairie 7L","url":"https:\/\/librairie7l.com\/en\/","logo":{"@type":"ImageObject","inLanguage":"en-US","@id":"https:\/\/librairie7l.com\/en\/#\/schema\/logo\/image\/","url":"https:\/\/librairie7l.com\/wp-content\/uploads\/2022\/08\/logo-1.png","contentUrl":"https:\/\/librairie7l.com\/wp-content\/uploads\/2022\/08\/logo-1.png","width":227,"height":301,"caption":"Librairie 7L"},"image":{"@id":"https:\/\/librairie7l.com\/en\/#\/schema\/logo\/image\/"}}]}},"_links":{"self":[{"href":"https:\/\/librairie7l.com\/en\/wp-json\/wp\/v2\/product\/40837"}],"collection":[{"href":"https:\/\/librairie7l.com\/en\/wp-json\/wp\/v2\/product"}],"about":[{"href":"https:\/\/librairie7l.com\/en\/wp-json\/wp\/v2\/types\/product"}],"wp:featuredmedia":[{"embeddable":true,"href":"https:\/\/librairie7l.com\/en\/wp-json\/wp\/v2\/media\/40835"}],"wp:attachment":[{"href":"https:\/\/librairie7l.com\/en\/wp-json\/wp\/v2\/media?parent=40837"}],"wp:term":[{"taxonomy":"product_cat","embeddable":true,"href":"https:\/\/librairie7l.com\/en\/wp-json\/wp\/v2\/product_cat?post=40837"},{"taxonomy":"product_tag","embeddable":true,"href":"https:\/\/librairie7l.com\/en\/wp-json\/wp\/v2\/product_tag?post=40837"}],"curies":[{"name":"wp","href":"https:\/\/api.w.org\/{rel}","templated":true}]}}