{"id":40845,"date":"2024-05-24T03:06:08","date_gmt":"2024-05-24T01:06:08","guid":{"rendered":"https:\/\/librairie7l.com\/?post_type=product&#038;p=40845"},"modified":"2026-04-23T13:15:12","modified_gmt":"2026-04-23T11:15:12","slug":"arne-jacobsen-designing-denmark","status":"publish","type":"product","link":"https:\/\/librairie7l.com\/en\/produit\/arne-jacobsen-designing-denmark\/","title":{"rendered":"ARNE JACOBSEN : DESIGNING DENMARK"},"content":{"rendered":"<p>Une immersion dans l&#8217;univers d&#8217;Arne Jacobsen, l&#8217;un des architectes et designers les plus influents du vingti\u00e8me si\u00e8cle. L&#8217;architecte danois Arne Jacobsen (1902-1971) est c\u00e9l\u00e8bre tant \u00e0 l&#8217;int\u00e9rieur qu&#8217;\u00e0 l&#8217;ext\u00e9rieur des fronti\u00e8res du Danemark. C\u00e9l\u00e8bre pour ses chaises embl\u00e9matiques, Jacobsen \u00e9tait \u00e9galement un photographe et un peintre passionn\u00e9, impliqu\u00e9 dans le monde de l&#8217;art, o\u00f9 il a trouv\u00e9 l&#8217;inspiration et de nouvelles m\u00e9thodes pour d\u00e9velopper l&#8217;architecture. Il s&#8217;agit de l&#8217;ouvrage le plus complet sur Jacobsen \u00e0 ce jour, qui aborde des aspects jusqu&#8217;alors inconnus de sa vie et de son oeuvre. Il montre comment l&#8217;art a jou\u00e9 un r\u00f4le d\u00e9terminant dans sa vie professionnelle et personnelle, le pla\u00e7ant au coeur de la sc\u00e8ne artistique europ\u00e9enne d&#8217;avant-garde de l&#8217;apr\u00e8s- guerre. En apportant un \u00e9clairage nouveau sur certains aspects de sa vie cr\u00e9ative, le livre remet en question les id\u00e9es re\u00e7ues sur Jacobsen en tant qu&#8217;iconoclaste moderniste, le positionnant plut\u00f4t comme un innovateur cr\u00e9atif qui a travaill\u00e9 en \u00e9troite collaboration avec les mat\u00e9riaux pour transformer l&#8217;esth\u00e9tique existante. Il montre \u00e9galement comment Jacobsen a jou\u00e9 un r\u00f4le crucial dans la d\u00e9finition de l&#8217;esth\u00e9tique danoise et nordique du bien-\u00eatre. Magnifiquement con\u00e7u, le livre pr\u00e9sente des oeuvres c\u00e9l\u00e8bres et moins connues de Jacobsen, notamment des chaises, des dessins textiles, des aquarelles, des luminaires et des maquettes d&#8217;architecture, ainsi que des centaines de photographies priv\u00e9es in\u00e9dites de Jacobsen et de ses nombreuses cr\u00e9ations.<\/p>\n","protected":false},"excerpt":{"rendered":"<p>Une immersion dans l&#8217;univers d&#8217;Arne Jacobsen, l&#8217;un des architectes et designers les plus influents du vingti\u00e8me si\u00e8cle. L&#8217;architecte danois Arne Jacobsen (1902-1971) est c\u00e9l\u00e8bre tant \u00e0 l&#8217;int\u00e9rieur qu&#8217;\u00e0 l&#8217;ext\u00e9rieur des fronti\u00e8res du Danemark. C\u00e9l\u00e8bre pour ses chaises embl\u00e9matiques, Jacobsen \u00e9tait \u00e9galement un photographe et un peintre passionn\u00e9, impliqu\u00e9 dans le monde de l&#8217;art, o\u00f9 il [&hellip;]<\/p>\n","protected":false},"featured_media":40843,"template":"","meta":[],"product_cat":[2948,2952],"product_tag":[],"acf":[],"yoast_head":"<!-- This site is optimized with the Yoast SEO plugin v20.11 - https:\/\/yoast.com\/wordpress\/plugins\/seo\/ -->\n<title>Arne Jacobsen : Designing Denmark - Librairie 7L<\/title>\n<meta name=\"robots\" content=\"index, follow, max-snippet:-1, max-image-preview:large, max-video-preview:-1\" \/>\n<link rel=\"canonical\" href=\"https:\/\/librairie7l.com\/en\/produit\/arne-jacobsen-designing-denmark\/\" \/>\n<meta property=\"og:locale\" content=\"en_US\" \/>\n<meta property=\"og:type\" content=\"article\" \/>\n<meta property=\"og:title\" content=\"Arne Jacobsen : Designing Denmark - Librairie 7L\" \/>\n<meta property=\"og:description\" content=\"Une immersion dans l&#8217;univers d&#8217;Arne Jacobsen, l&#8217;un des architectes et designers les plus influents du vingti\u00e8me si\u00e8cle. L&#8217;architecte danois Arne Jacobsen (1902-1971) est c\u00e9l\u00e8bre tant \u00e0 l&#8217;int\u00e9rieur qu&#8217;\u00e0 l&#8217;ext\u00e9rieur des fronti\u00e8res du Danemark. C\u00e9l\u00e8bre pour ses chaises embl\u00e9matiques, Jacobsen \u00e9tait \u00e9galement un photographe et un peintre passionn\u00e9, impliqu\u00e9 dans le monde de l&#8217;art, o\u00f9 il [&hellip;]\" \/>\n<meta property=\"og:url\" content=\"https:\/\/librairie7l.com\/en\/produit\/arne-jacobsen-designing-denmark\/\" \/>\n<meta property=\"og:site_name\" content=\"Librairie 7L\" \/>\n<meta property=\"article:modified_time\" content=\"2026-04-23T11:15:12+00:00\" \/>\n<meta property=\"og:image\" content=\"https:\/\/librairie7l.com\/wp-content\/uploads\/2024\/02\/9788775972906_1_75.jpg\" \/>\n\t<meta property=\"og:image:width\" content=\"600\" \/>\n\t<meta property=\"og:image:height\" content=\"780\" \/>\n\t<meta property=\"og:image:type\" content=\"image\/jpeg\" \/>\n<meta name=\"twitter:card\" content=\"summary_large_image\" \/>\n<meta name=\"twitter:label1\" content=\"Est. reading time\" \/>\n\t<meta name=\"twitter:data1\" content=\"1 minute\" \/>\n<script type=\"application\/ld+json\" class=\"yoast-schema-graph\">{\"@context\":\"https:\/\/schema.org\",\"@graph\":[{\"@type\":\"WebPage\",\"@id\":\"https:\/\/librairie7l.com\/en\/produit\/arne-jacobsen-designing-denmark\/\",\"url\":\"https:\/\/librairie7l.com\/en\/produit\/arne-jacobsen-designing-denmark\/\",\"name\":\"Arne Jacobsen : Designing Denmark - Librairie 7L\",\"isPartOf\":{\"@id\":\"https:\/\/librairie7l.com\/en\/#website\"},\"datePublished\":\"2024-05-24T01:06:08+00:00\",\"dateModified\":\"2026-04-23T11:15:12+00:00\",\"breadcrumb\":{\"@id\":\"https:\/\/librairie7l.com\/en\/produit\/arne-jacobsen-designing-denmark\/#breadcrumb\"},\"inLanguage\":\"en-US\",\"potentialAction\":[{\"@type\":\"ReadAction\",\"target\":[\"https:\/\/librairie7l.com\/en\/produit\/arne-jacobsen-designing-denmark\/\"]}]},{\"@type\":\"BreadcrumbList\",\"@id\":\"https:\/\/librairie7l.com\/en\/produit\/arne-jacobsen-designing-denmark\/#breadcrumb\",\"itemListElement\":[{\"@type\":\"ListItem\",\"position\":1,\"name\":\"Accueil\",\"item\":\"https:\/\/librairie7l.com\/en\/\"},{\"@type\":\"ListItem\",\"position\":2,\"name\":\"Shop\",\"item\":\"https:\/\/librairie7l.com\/en\/shop\/\"},{\"@type\":\"ListItem\",\"position\":3,\"name\":\"ARNE JACOBSEN : DESIGNING DENMARK\"}]},{\"@type\":\"WebSite\",\"@id\":\"https:\/\/librairie7l.com\/en\/#website\",\"url\":\"https:\/\/librairie7l.com\/en\/\",\"name\":\"Librairie 7L\",\"description\":\"Librairie fond\u00e9e en 1999 par Karl Lagerfeld \u00e0 Paris\",\"publisher\":{\"@id\":\"https:\/\/librairie7l.com\/en\/#organization\"},\"potentialAction\":[{\"@type\":\"SearchAction\",\"target\":{\"@type\":\"EntryPoint\",\"urlTemplate\":\"https:\/\/librairie7l.com\/en\/?s={search_term_string}\"},\"query-input\":\"required name=search_term_string\"}],\"inLanguage\":\"en-US\"},{\"@type\":\"Organization\",\"@id\":\"https:\/\/librairie7l.com\/en\/#organization\",\"name\":\"Librairie 7L\",\"url\":\"https:\/\/librairie7l.com\/en\/\",\"logo\":{\"@type\":\"ImageObject\",\"inLanguage\":\"en-US\",\"@id\":\"https:\/\/librairie7l.com\/en\/#\/schema\/logo\/image\/\",\"url\":\"https:\/\/librairie7l.com\/wp-content\/uploads\/2022\/08\/logo-1.png\",\"contentUrl\":\"https:\/\/librairie7l.com\/wp-content\/uploads\/2022\/08\/logo-1.png\",\"width\":227,\"height\":301,\"caption\":\"Librairie 7L\"},\"image\":{\"@id\":\"https:\/\/librairie7l.com\/en\/#\/schema\/logo\/image\/\"}}]}<\/script>\n<!-- \/ Yoast SEO plugin. -->","yoast_head_json":{"title":"Arne Jacobsen : Designing Denmark - Librairie 7L","robots":{"index":"index","follow":"follow","max-snippet":"max-snippet:-1","max-image-preview":"max-image-preview:large","max-video-preview":"max-video-preview:-1"},"canonical":"https:\/\/librairie7l.com\/en\/produit\/arne-jacobsen-designing-denmark\/","og_locale":"en_US","og_type":"article","og_title":"Arne Jacobsen : Designing Denmark - Librairie 7L","og_description":"Une immersion dans l&#8217;univers d&#8217;Arne Jacobsen, l&#8217;un des architectes et designers les plus influents du vingti\u00e8me si\u00e8cle. L&#8217;architecte danois Arne Jacobsen (1902-1971) est c\u00e9l\u00e8bre tant \u00e0 l&#8217;int\u00e9rieur qu&#8217;\u00e0 l&#8217;ext\u00e9rieur des fronti\u00e8res du Danemark. C\u00e9l\u00e8bre pour ses chaises embl\u00e9matiques, Jacobsen \u00e9tait \u00e9galement un photographe et un peintre passionn\u00e9, impliqu\u00e9 dans le monde de l&#8217;art, o\u00f9 il [&hellip;]","og_url":"https:\/\/librairie7l.com\/en\/produit\/arne-jacobsen-designing-denmark\/","og_site_name":"Librairie 7L","article_modified_time":"2026-04-23T11:15:12+00:00","og_image":[{"width":600,"height":780,"url":"https:\/\/librairie7l.com\/wp-content\/uploads\/2024\/02\/9788775972906_1_75.jpg","type":"image\/jpeg"}],"twitter_card":"summary_large_image","twitter_misc":{"Est. reading time":"1 minute"},"schema":{"@context":"https:\/\/schema.org","@graph":[{"@type":"WebPage","@id":"https:\/\/librairie7l.com\/en\/produit\/arne-jacobsen-designing-denmark\/","url":"https:\/\/librairie7l.com\/en\/produit\/arne-jacobsen-designing-denmark\/","name":"Arne Jacobsen : Designing Denmark - Librairie 7L","isPartOf":{"@id":"https:\/\/librairie7l.com\/en\/#website"},"datePublished":"2024-05-24T01:06:08+00:00","dateModified":"2026-04-23T11:15:12+00:00","breadcrumb":{"@id":"https:\/\/librairie7l.com\/en\/produit\/arne-jacobsen-designing-denmark\/#breadcrumb"},"inLanguage":"en-US","potentialAction":[{"@type":"ReadAction","target":["https:\/\/librairie7l.com\/en\/produit\/arne-jacobsen-designing-denmark\/"]}]},{"@type":"BreadcrumbList","@id":"https:\/\/librairie7l.com\/en\/produit\/arne-jacobsen-designing-denmark\/#breadcrumb","itemListElement":[{"@type":"ListItem","position":1,"name":"Accueil","item":"https:\/\/librairie7l.com\/en\/"},{"@type":"ListItem","position":2,"name":"Shop","item":"https:\/\/librairie7l.com\/en\/shop\/"},{"@type":"ListItem","position":3,"name":"ARNE JACOBSEN : DESIGNING DENMARK"}]},{"@type":"WebSite","@id":"https:\/\/librairie7l.com\/en\/#website","url":"https:\/\/librairie7l.com\/en\/","name":"Librairie 7L","description":"Librairie fond\u00e9e en 1999 par Karl Lagerfeld \u00e0 Paris","publisher":{"@id":"https:\/\/librairie7l.com\/en\/#organization"},"potentialAction":[{"@type":"SearchAction","target":{"@type":"EntryPoint","urlTemplate":"https:\/\/librairie7l.com\/en\/?s={search_term_string}"},"query-input":"required name=search_term_string"}],"inLanguage":"en-US"},{"@type":"Organization","@id":"https:\/\/librairie7l.com\/en\/#organization","name":"Librairie 7L","url":"https:\/\/librairie7l.com\/en\/","logo":{"@type":"ImageObject","inLanguage":"en-US","@id":"https:\/\/librairie7l.com\/en\/#\/schema\/logo\/image\/","url":"https:\/\/librairie7l.com\/wp-content\/uploads\/2022\/08\/logo-1.png","contentUrl":"https:\/\/librairie7l.com\/wp-content\/uploads\/2022\/08\/logo-1.png","width":227,"height":301,"caption":"Librairie 7L"},"image":{"@id":"https:\/\/librairie7l.com\/en\/#\/schema\/logo\/image\/"}}]}},"_links":{"self":[{"href":"https:\/\/librairie7l.com\/en\/wp-json\/wp\/v2\/product\/40845"}],"collection":[{"href":"https:\/\/librairie7l.com\/en\/wp-json\/wp\/v2\/product"}],"about":[{"href":"https:\/\/librairie7l.com\/en\/wp-json\/wp\/v2\/types\/product"}],"wp:featuredmedia":[{"embeddable":true,"href":"https:\/\/librairie7l.com\/en\/wp-json\/wp\/v2\/media\/40843"}],"wp:attachment":[{"href":"https:\/\/librairie7l.com\/en\/wp-json\/wp\/v2\/media?parent=40845"}],"wp:term":[{"taxonomy":"product_cat","embeddable":true,"href":"https:\/\/librairie7l.com\/en\/wp-json\/wp\/v2\/product_cat?post=40845"},{"taxonomy":"product_tag","embeddable":true,"href":"https:\/\/librairie7l.com\/en\/wp-json\/wp\/v2\/product_tag?post=40845"}],"curies":[{"name":"wp","href":"https:\/\/api.w.org\/{rel}","templated":true}]}}