{"id":40863,"date":"2024-05-08T09:18:04","date_gmt":"2024-05-08T07:18:04","guid":{"rendered":"https:\/\/librairie7l.com\/?post_type=product&#038;p=40863"},"modified":"2026-04-16T01:28:44","modified_gmt":"2026-04-15T23:28:44","slug":"jean-luce-et-le-renouveau-de-la-table-francaise-1910-1960","status":"publish","type":"product","link":"https:\/\/librairie7l.com\/en\/produit\/jean-luce-et-le-renouveau-de-la-table-francaise-1910-1960\/","title":{"rendered":"JEAN LUCE ET LE RENOUVEAU DE LA TABLE FRAN\u00c7AISE (1910-1960)"},"content":{"rendered":"<p>En 1925, Jean Luce est, \u00e0 30 ans, le seul artiste sp\u00e9cialiste des arts de la table \u00e0 poss\u00e9der un espace personnel<br \/>\n\u00e0 l&#8217;Exposition internationale des arts d\u00e9coratifs et industriels modernes de Paris. Sa longue carri\u00e8re, d\u00e9but\u00e9e en<br \/>\n1911 \u00e0 l&#8217;exposition du mus\u00e9e Galliera, se poursuivra jusqu&#8217;\u00e0 la fin des ann\u00e9es 50. Elle lui permet de traverser de<br \/>\nnombreux mouvements du XXe<br \/>\n si\u00e8cle dont l&#8217;Art nouveau, l&#8217;Art d\u00e9co ou le modernisme. Tout d&#8217;abord admir\u00e9, dans<br \/>\nles ann\u00e9es 20, pour la qualit\u00e9 et l&#8217;originalit\u00e9 de ses d\u00e9cors et ornements g\u00e9om\u00e9triques, il s&#8217;impose, \u00e0 partir des<br \/>\nann\u00e9es 30, gr\u00e2ce \u00e0 son travail de renouveau des formes. Des cr\u00e9ateurs et d\u00e9corateurs comme Pierre Chareau,<br \/>\nCharlotte Perriand, Rob Mallet-Stevens ou Djo Bourgeois n&#8217;h\u00e9sitent pas \u00e0 mettre en sc\u00e8ne ses mod\u00e8les sur leurs<br \/>\nstands ou dans leurs int\u00e9rieurs. Personnalisant ses cr\u00e9ations, il cr\u00e9e des services pour de prestigieux clients tels<br \/>\nle maharajah d&#8217;Indore ou Paul Cavrois. Ses cr\u00e9ations s&#8217;adressent \u00e9galement \u00e0 un public plus large, qu&#8217;il touche<br \/>\naussi bien en France gr\u00e2ce \u00e0 des points de vente comme Steph Simon ou Pilote, qu&#8217;aux Etats-Unis ou il s&#8217;impose<br \/>\nau d\u00e9but des ann\u00e9es 50. Toujours \u00e0 l&#8217;affut des innovations techniques et industrielles, il continuera de cr\u00e9er apr\u00e8s<br \/>\nla Seconde Guerre mondiale, en collaborant notamment avec des entreprises comme Duralex qui lui permettront<br \/>\nde poursuivre sa r\u00e9flexion sur le fonctionnalisme.<\/p>\n","protected":false},"excerpt":{"rendered":"<p>En 1925, Jean Luce est, \u00e0 30 ans, le seul artiste sp\u00e9cialiste des arts de la table \u00e0 poss\u00e9der un espace personnel \u00e0 l&#8217;Exposition internationale des arts d\u00e9coratifs et industriels modernes de Paris. Sa longue carri\u00e8re, d\u00e9but\u00e9e en 1911 \u00e0 l&#8217;exposition du mus\u00e9e Galliera, se poursuivra jusqu&#8217;\u00e0 la fin des ann\u00e9es 50. Elle lui permet [&hellip;]<\/p>\n","protected":false},"featured_media":40861,"template":"","meta":[],"product_cat":[2948,2952],"product_tag":[],"acf":[],"yoast_head":"<!-- This site is optimized with the Yoast SEO plugin v20.11 - https:\/\/yoast.com\/wordpress\/plugins\/seo\/ -->\n<title>Jean Luce et le renouveau de la table fran\u00e7aise (1910-1960) - Librairie 7L<\/title>\n<meta name=\"robots\" content=\"index, follow, max-snippet:-1, max-image-preview:large, max-video-preview:-1\" \/>\n<link rel=\"canonical\" href=\"https:\/\/librairie7l.com\/en\/produit\/jean-luce-et-le-renouveau-de-la-table-francaise-1910-1960\/\" \/>\n<meta property=\"og:locale\" content=\"en_US\" \/>\n<meta property=\"og:type\" content=\"article\" \/>\n<meta property=\"og:title\" content=\"Jean Luce et le renouveau de la table fran\u00e7aise (1910-1960) - Librairie 7L\" \/>\n<meta property=\"og:description\" content=\"En 1925, Jean Luce est, \u00e0 30 ans, le seul artiste sp\u00e9cialiste des arts de la table \u00e0 poss\u00e9der un espace personnel \u00e0 l&#8217;Exposition internationale des arts d\u00e9coratifs et industriels modernes de Paris. Sa longue carri\u00e8re, d\u00e9but\u00e9e en 1911 \u00e0 l&#8217;exposition du mus\u00e9e Galliera, se poursuivra jusqu&#8217;\u00e0 la fin des ann\u00e9es 50. Elle lui permet [&hellip;]\" \/>\n<meta property=\"og:url\" content=\"https:\/\/librairie7l.com\/en\/produit\/jean-luce-et-le-renouveau-de-la-table-francaise-1910-1960\/\" \/>\n<meta property=\"og:site_name\" content=\"Librairie 7L\" \/>\n<meta property=\"article:modified_time\" content=\"2026-04-15T23:28:44+00:00\" \/>\n<meta property=\"og:image\" content=\"https:\/\/librairie7l.com\/wp-content\/uploads\/2024\/01\/9782376660903_1_75.jpg\" \/>\n\t<meta property=\"og:image:width\" content=\"538\" \/>\n\t<meta property=\"og:image:height\" content=\"720\" \/>\n\t<meta property=\"og:image:type\" content=\"image\/jpeg\" \/>\n<meta name=\"twitter:card\" content=\"summary_large_image\" \/>\n<meta name=\"twitter:label1\" content=\"Est. reading time\" \/>\n\t<meta name=\"twitter:data1\" content=\"1 minute\" \/>\n<script type=\"application\/ld+json\" class=\"yoast-schema-graph\">{\"@context\":\"https:\/\/schema.org\",\"@graph\":[{\"@type\":\"WebPage\",\"@id\":\"https:\/\/librairie7l.com\/en\/produit\/jean-luce-et-le-renouveau-de-la-table-francaise-1910-1960\/\",\"url\":\"https:\/\/librairie7l.com\/en\/produit\/jean-luce-et-le-renouveau-de-la-table-francaise-1910-1960\/\",\"name\":\"Jean Luce et le renouveau de la table fran\u00e7aise (1910-1960) - Librairie 7L\",\"isPartOf\":{\"@id\":\"https:\/\/librairie7l.com\/en\/#website\"},\"datePublished\":\"2024-05-08T07:18:04+00:00\",\"dateModified\":\"2026-04-15T23:28:44+00:00\",\"breadcrumb\":{\"@id\":\"https:\/\/librairie7l.com\/en\/produit\/jean-luce-et-le-renouveau-de-la-table-francaise-1910-1960\/#breadcrumb\"},\"inLanguage\":\"en-US\",\"potentialAction\":[{\"@type\":\"ReadAction\",\"target\":[\"https:\/\/librairie7l.com\/en\/produit\/jean-luce-et-le-renouveau-de-la-table-francaise-1910-1960\/\"]}]},{\"@type\":\"BreadcrumbList\",\"@id\":\"https:\/\/librairie7l.com\/en\/produit\/jean-luce-et-le-renouveau-de-la-table-francaise-1910-1960\/#breadcrumb\",\"itemListElement\":[{\"@type\":\"ListItem\",\"position\":1,\"name\":\"Accueil\",\"item\":\"https:\/\/librairie7l.com\/en\/\"},{\"@type\":\"ListItem\",\"position\":2,\"name\":\"Shop\",\"item\":\"https:\/\/librairie7l.com\/en\/shop\/\"},{\"@type\":\"ListItem\",\"position\":3,\"name\":\"JEAN LUCE ET LE RENOUVEAU DE LA TABLE FRAN\u00c7AISE (1910-1960)\"}]},{\"@type\":\"WebSite\",\"@id\":\"https:\/\/librairie7l.com\/en\/#website\",\"url\":\"https:\/\/librairie7l.com\/en\/\",\"name\":\"Librairie 7L\",\"description\":\"Librairie fond\u00e9e en 1999 par Karl Lagerfeld \u00e0 Paris\",\"publisher\":{\"@id\":\"https:\/\/librairie7l.com\/en\/#organization\"},\"potentialAction\":[{\"@type\":\"SearchAction\",\"target\":{\"@type\":\"EntryPoint\",\"urlTemplate\":\"https:\/\/librairie7l.com\/en\/?s={search_term_string}\"},\"query-input\":\"required name=search_term_string\"}],\"inLanguage\":\"en-US\"},{\"@type\":\"Organization\",\"@id\":\"https:\/\/librairie7l.com\/en\/#organization\",\"name\":\"Librairie 7L\",\"url\":\"https:\/\/librairie7l.com\/en\/\",\"logo\":{\"@type\":\"ImageObject\",\"inLanguage\":\"en-US\",\"@id\":\"https:\/\/librairie7l.com\/en\/#\/schema\/logo\/image\/\",\"url\":\"https:\/\/librairie7l.com\/wp-content\/uploads\/2022\/08\/logo-1.png\",\"contentUrl\":\"https:\/\/librairie7l.com\/wp-content\/uploads\/2022\/08\/logo-1.png\",\"width\":227,\"height\":301,\"caption\":\"Librairie 7L\"},\"image\":{\"@id\":\"https:\/\/librairie7l.com\/en\/#\/schema\/logo\/image\/\"}}]}<\/script>\n<!-- \/ Yoast SEO plugin. -->","yoast_head_json":{"title":"Jean Luce et le renouveau de la table fran\u00e7aise (1910-1960) - Librairie 7L","robots":{"index":"index","follow":"follow","max-snippet":"max-snippet:-1","max-image-preview":"max-image-preview:large","max-video-preview":"max-video-preview:-1"},"canonical":"https:\/\/librairie7l.com\/en\/produit\/jean-luce-et-le-renouveau-de-la-table-francaise-1910-1960\/","og_locale":"en_US","og_type":"article","og_title":"Jean Luce et le renouveau de la table fran\u00e7aise (1910-1960) - Librairie 7L","og_description":"En 1925, Jean Luce est, \u00e0 30 ans, le seul artiste sp\u00e9cialiste des arts de la table \u00e0 poss\u00e9der un espace personnel \u00e0 l&#8217;Exposition internationale des arts d\u00e9coratifs et industriels modernes de Paris. Sa longue carri\u00e8re, d\u00e9but\u00e9e en 1911 \u00e0 l&#8217;exposition du mus\u00e9e Galliera, se poursuivra jusqu&#8217;\u00e0 la fin des ann\u00e9es 50. Elle lui permet [&hellip;]","og_url":"https:\/\/librairie7l.com\/en\/produit\/jean-luce-et-le-renouveau-de-la-table-francaise-1910-1960\/","og_site_name":"Librairie 7L","article_modified_time":"2026-04-15T23:28:44+00:00","og_image":[{"width":538,"height":720,"url":"https:\/\/librairie7l.com\/wp-content\/uploads\/2024\/01\/9782376660903_1_75.jpg","type":"image\/jpeg"}],"twitter_card":"summary_large_image","twitter_misc":{"Est. reading time":"1 minute"},"schema":{"@context":"https:\/\/schema.org","@graph":[{"@type":"WebPage","@id":"https:\/\/librairie7l.com\/en\/produit\/jean-luce-et-le-renouveau-de-la-table-francaise-1910-1960\/","url":"https:\/\/librairie7l.com\/en\/produit\/jean-luce-et-le-renouveau-de-la-table-francaise-1910-1960\/","name":"Jean Luce et le renouveau de la table fran\u00e7aise (1910-1960) - Librairie 7L","isPartOf":{"@id":"https:\/\/librairie7l.com\/en\/#website"},"datePublished":"2024-05-08T07:18:04+00:00","dateModified":"2026-04-15T23:28:44+00:00","breadcrumb":{"@id":"https:\/\/librairie7l.com\/en\/produit\/jean-luce-et-le-renouveau-de-la-table-francaise-1910-1960\/#breadcrumb"},"inLanguage":"en-US","potentialAction":[{"@type":"ReadAction","target":["https:\/\/librairie7l.com\/en\/produit\/jean-luce-et-le-renouveau-de-la-table-francaise-1910-1960\/"]}]},{"@type":"BreadcrumbList","@id":"https:\/\/librairie7l.com\/en\/produit\/jean-luce-et-le-renouveau-de-la-table-francaise-1910-1960\/#breadcrumb","itemListElement":[{"@type":"ListItem","position":1,"name":"Accueil","item":"https:\/\/librairie7l.com\/en\/"},{"@type":"ListItem","position":2,"name":"Shop","item":"https:\/\/librairie7l.com\/en\/shop\/"},{"@type":"ListItem","position":3,"name":"JEAN LUCE ET LE RENOUVEAU DE LA TABLE FRAN\u00c7AISE (1910-1960)"}]},{"@type":"WebSite","@id":"https:\/\/librairie7l.com\/en\/#website","url":"https:\/\/librairie7l.com\/en\/","name":"Librairie 7L","description":"Librairie fond\u00e9e en 1999 par Karl Lagerfeld \u00e0 Paris","publisher":{"@id":"https:\/\/librairie7l.com\/en\/#organization"},"potentialAction":[{"@type":"SearchAction","target":{"@type":"EntryPoint","urlTemplate":"https:\/\/librairie7l.com\/en\/?s={search_term_string}"},"query-input":"required name=search_term_string"}],"inLanguage":"en-US"},{"@type":"Organization","@id":"https:\/\/librairie7l.com\/en\/#organization","name":"Librairie 7L","url":"https:\/\/librairie7l.com\/en\/","logo":{"@type":"ImageObject","inLanguage":"en-US","@id":"https:\/\/librairie7l.com\/en\/#\/schema\/logo\/image\/","url":"https:\/\/librairie7l.com\/wp-content\/uploads\/2022\/08\/logo-1.png","contentUrl":"https:\/\/librairie7l.com\/wp-content\/uploads\/2022\/08\/logo-1.png","width":227,"height":301,"caption":"Librairie 7L"},"image":{"@id":"https:\/\/librairie7l.com\/en\/#\/schema\/logo\/image\/"}}]}},"_links":{"self":[{"href":"https:\/\/librairie7l.com\/en\/wp-json\/wp\/v2\/product\/40863"}],"collection":[{"href":"https:\/\/librairie7l.com\/en\/wp-json\/wp\/v2\/product"}],"about":[{"href":"https:\/\/librairie7l.com\/en\/wp-json\/wp\/v2\/types\/product"}],"wp:featuredmedia":[{"embeddable":true,"href":"https:\/\/librairie7l.com\/en\/wp-json\/wp\/v2\/media\/40861"}],"wp:attachment":[{"href":"https:\/\/librairie7l.com\/en\/wp-json\/wp\/v2\/media?parent=40863"}],"wp:term":[{"taxonomy":"product_cat","embeddable":true,"href":"https:\/\/librairie7l.com\/en\/wp-json\/wp\/v2\/product_cat?post=40863"},{"taxonomy":"product_tag","embeddable":true,"href":"https:\/\/librairie7l.com\/en\/wp-json\/wp\/v2\/product_tag?post=40863"}],"curies":[{"name":"wp","href":"https:\/\/api.w.org\/{rel}","templated":true}]}}