{"id":40885,"date":"2024-05-17T09:18:17","date_gmt":"2024-05-17T07:18:17","guid":{"rendered":"https:\/\/librairie7l.com\/?post_type=product&#038;p=40885"},"modified":"2026-04-06T04:07:54","modified_gmt":"2026-04-06T02:07:54","slug":"des-exploits-des-chefs-doeuvre","status":"publish","type":"product","link":"https:\/\/librairie7l.com\/en\/produit\/des-exploits-des-chefs-doeuvre\/","title":{"rendered":"DES EXPLOITS, DES CHEFS-D&#8217;OEUVRE"},"content":{"rendered":"<p>UNE EXPOSITION EN 3 LIEUX?: 3 VOLETS, PRESENT\u00c9E \u00c0 L&#8217;OCCASION DES JEUX OLYMPIQUES D&#8217;\u00c9T\u00c9 2024. AU FRAC SUD &#8211; CIT\u00c9 DE L&#8217;ART CONTEMPORAIN?: \u00ab?L&#8217;HEURE DE GLOIRE?\u00bb AU MUCEM?: \u00ab?TROPH\u00c9ES ET RELIQUES?\u00bb AU MAC, MUS\u00c9E D&#8217;ART CONTEMPORAIN DE LA VILLE DE MARSEILLE?: \u00ab?TABLEAUX D&#8217;UNE EXPOSITION?\u00bb Artistes?: Mariam Abouzid-Souali, Adam Adach, Louka Anargyros, Noel W. Anderson, Bianca Argim\u00f3n, Christian Babou, Jean Bedez, Neal Beggs, Bella Hunt &amp; Ddc, Julien Beneyton, Berdaguer &amp; P\u00e9jus, Guillaume Bijl, Dara Birnbaum, Julia Borderie, Lilian Bourgeat, Marie Bovo, Guillaume Bresson, Elina Brotherus, Roderick Buchanan, Johanna Cartier, Nina Childress, Lieven De Boeck, G\u00e9rard Deschamps, David Diao, Marianne Dupain, Lorraine F\u00e9line, Aur\u00e9lie Ferruel &amp; Florentine Gu\u00e9don, Barry Flanagan, Florian Fouch\u00e9, Jean-Baptiste Ganne, Gethan &amp; Myles, Jef Geys, Pierre Gonnord, Lea Guldditte Hestelund, Raymond Hains, Estelle Hanania, Camille Holtz, Taro Izumi, Zuzanna Janin, Jacques Julien, Jeremy John Kaplan, Vincent Kholer, J\u00e9r\u00e9my Laffon, St\u00e9phane Le Mercier, Fr\u00e9d\u00e9ric Lefever, Camille Llobet, Gilles Mah\u00e9, \u00c9ric Maillet, Fatima Mazmouz, Fiona McMonagle, Priscilla Monge, Bruno Peinado, Laurent Perbos, Guillaume Pinard, Pr\u00e9sence Panchounette, Antoine Proux, Delphine Reist, Stefan Rinck, Alexandra Riss, Pascal Rivet, El\u00e9onore Saintagnan, Alain S\u00e9chas, Chlo\u00e9 Serre, Yoan Sorin, Pierre Soulages, Susanne Strassmann, Maryline Terrier, Hank Willis Thomas, Barthelemy Toguo, Olivier Tourenc, Yves Tr\u00e9morin, Sarah Trouche, Thomas Tudoux, Salla Tykk\u00e4, Thomas Wattebled, Apichatpong Weerasethakul. Les Jeux olympiques d&#8217;\u00e9t\u00e9 de 2024, officiellement appel\u00e9s les Jeux de la XXXIIIe olympiade, se d\u00e9rouleront du 26 juillet au 11 ao\u00fbt 2024 \u00e0 Paris. En plus d&#8217;accueillir la voile et certains matchs de football lors des Jeux Olympiques de Paris 2024, Marseille a \u00e9t\u00e9 choisie pour l&#8217;arriv\u00e9e de la flamme olympique sur le territoire fran\u00e7ais. La question des liens entre art et sport est rarement envisag\u00e9e. Pourtant l&#8217;art et le sport ont en commun d&#8217;\u00eatre intimement li\u00e9s au concept de jeu, au respect d&#8217;un certain nombre de r\u00e8gles et \u00e0 leur transgression. L&#8217;historien n\u00e9erlandais Johan Huizinga entamait son fondamental Homo Ludens par cet incipit tonitruant?: \u00ab?Le jeu est plus ancien que la culture?\u00bb. Autrement dit, sans le jeu, le sport, la litt\u00e9rature ou l&#8217;art n&#8217;existeraient sans doute pas. Ce n&#8217;est donc pas le sport en lui-m\u00eame que met \u00e0 l&#8217;honneur l&#8217;exposition \u00ab?Des exploits, des chefs-d&#8217;oeuvre?\u00bb, pr\u00e9sent\u00e9e en trois volets au Frac Sud, au Mucem et au Mac, mais bien plut\u00f4t sa fonction heuristique, sa capacit\u00e9 \u00e0 interroger d&#8217;autres domaines que le sien, et en l&#8217;occurrence celui de l&#8217;art. Amour du jeu, culte de la performance, art de perdre ou encore revendications pour obtenir place et justice?: le volet \u00ab?L&#8217;heure de gloire?\u00bb, expos\u00e9 au Frac Sud, montre que les artistes se cherchent et se reconnaissent \u00e0 travers les sportifs et les comp\u00e9titions (matchs ou combats) qu&#8217;ils illustrent &#8211; et rendent illustres &#8211; et, parfois, dont ils critiquent les travers. Quand Jeremy John Kaplan d\u00e9ploie, par exemple, un immense cyanotype bleu de la taille d&#8217;un filet de tennis pour rendre hommage \u00e0 Althea Gibson, l&#8217;une des premi\u00e8res joueuses africaines am\u00e9ricaines \u00e0 avoir remport\u00e9 un titre du Grand Chelem, Louka Anargyros met en sc\u00e8ne, lui, un couple de motards enlac\u00e9s pour d\u00e9noncer l&#8217;homophobie. Avec le volet \u00ab?Troph\u00e9es et reliques?\u00bb, le Mucem explore, de son c\u00f4t\u00e9, un autre point commun \u00e0 l&#8217;art et au sport?: celui de l&#8217;adoration des reliques et du f\u00e9tichisme attach\u00e9 aux objets contemporains. L&#8217;art comme le sport produisent de la mythologie?: ils s&#8217;inscrivent dans un certain nombre de croyances, la plupart fort anciennes, o\u00f9 se c\u00f4toient formes savantes et vernaculaires. Chez Laurent Perbos, le ballon est en cuir comme on les faisait jadis, mais \u00e9tir\u00e9 jusqu&#8217;\u00e0 prendre la forme d&#8217;une g\u00e9lule?: a-t-on jamais vu si improbable objet?? Au Mac, le volet \u00ab?Tableaux d&#8217;une exposition?\u00bb confirme que la question du sport dans l&#8217;art, ici tout particuli\u00e8rement dans la peinture, le dessin, la photographie et la pr\u00e9sence du motif sportif chez les artistes et dans leurs oeuvres, ne sont pas des choix hasardeux. Quand l&#8217;art s&#8217;int\u00e9resse au sport, c&#8217;est parce que celui-ci occupe une surface consid\u00e9rable de la r\u00e9alit\u00e9 contemporaine, parce qu&#8217;en interrogeant un tel terreau anthropologique, l&#8217;art trouve l\u00e0 un excellent outil pour sa propre \u00e9pist\u00e9mologie. Ainsi avec son portrait de Michael Chang (ce quasi inconnu qui renversa le num\u00e9ro un mondial en 1989 \u00e0 Roland Garros), Guillaume Pinard c\u00e9l\u00e8bre-t-il la r\u00e9invention de l&#8217;esprit du jeu, \u00e0 laquelle peuvent s&#8217;adonner sportifs comme artistes \u00e0 chaque nouvelle partie \/ oeuvre. Tandis qu&#8217;avec Murmurations aux cent sonnets, Jean Bedez nous am\u00e8ne \u00e0 une m\u00e9ditation, entre frayeur hitchcockienne et prise en compte attentive du monde animal, sur l&#8217;id\u00e9e de la masse dans le monde sportif.<\/p>\n","protected":false},"excerpt":{"rendered":"<p>UNE EXPOSITION EN 3 LIEUX?: 3 VOLETS, PRESENT\u00c9E \u00c0 L&#8217;OCCASION DES JEUX OLYMPIQUES D&#8217;\u00c9T\u00c9 2024. AU FRAC SUD &#8211; CIT\u00c9 DE L&#8217;ART CONTEMPORAIN?: \u00ab?L&#8217;HEURE DE GLOIRE?\u00bb AU MUCEM?: \u00ab?TROPH\u00c9ES ET RELIQUES?\u00bb AU MAC, MUS\u00c9E D&#8217;ART CONTEMPORAIN DE LA VILLE DE MARSEILLE?: \u00ab?TABLEAUX D&#8217;UNE EXPOSITION?\u00bb Artistes?: Mariam Abouzid-Souali, Adam Adach, Louka Anargyros, Noel W. Anderson, Bianca [&hellip;]<\/p>\n","protected":false},"featured_media":41150,"template":"","meta":[],"product_cat":[2948,2953],"product_tag":[],"acf":[],"yoast_head":"<!-- This site is optimized with the Yoast SEO plugin v20.11 - https:\/\/yoast.com\/wordpress\/plugins\/seo\/ -->\n<title>Des exploits, des chefs-d&#039;oeuvre - Librairie 7L<\/title>\n<meta name=\"robots\" content=\"index, follow, max-snippet:-1, max-image-preview:large, max-video-preview:-1\" \/>\n<link rel=\"canonical\" href=\"https:\/\/librairie7l.com\/en\/produit\/des-exploits-des-chefs-doeuvre\/\" \/>\n<meta property=\"og:locale\" content=\"en_US\" \/>\n<meta property=\"og:type\" content=\"article\" \/>\n<meta property=\"og:title\" content=\"Des exploits, des chefs-d&#039;oeuvre - Librairie 7L\" \/>\n<meta property=\"og:description\" content=\"UNE EXPOSITION EN 3 LIEUX?: 3 VOLETS, PRESENT\u00c9E \u00c0 L&#8217;OCCASION DES JEUX OLYMPIQUES D&#8217;\u00c9T\u00c9 2024. AU FRAC SUD &#8211; CIT\u00c9 DE L&#8217;ART CONTEMPORAIN?: \u00ab?L&#8217;HEURE DE GLOIRE?\u00bb AU MUCEM?: \u00ab?TROPH\u00c9ES ET RELIQUES?\u00bb AU MAC, MUS\u00c9E D&#8217;ART CONTEMPORAIN DE LA VILLE DE MARSEILLE?: \u00ab?TABLEAUX D&#8217;UNE EXPOSITION?\u00bb Artistes?: Mariam Abouzid-Souali, Adam Adach, Louka Anargyros, Noel W. Anderson, Bianca [&hellip;]\" \/>\n<meta property=\"og:url\" content=\"https:\/\/librairie7l.com\/en\/produit\/des-exploits-des-chefs-doeuvre\/\" \/>\n<meta property=\"og:site_name\" content=\"Librairie 7L\" \/>\n<meta property=\"article:modified_time\" content=\"2026-04-06T02:07:54+00:00\" \/>\n<meta property=\"og:image\" content=\"https:\/\/librairie7l.com\/wp-content\/uploads\/2024\/05\/9782373721973_1_75.jpg\" \/>\n\t<meta property=\"og:image:width\" content=\"323\" \/>\n\t<meta property=\"og:image:height\" content=\"452\" \/>\n\t<meta property=\"og:image:type\" content=\"image\/jpeg\" \/>\n<meta name=\"twitter:card\" content=\"summary_large_image\" \/>\n<meta name=\"twitter:label1\" content=\"Est. reading time\" \/>\n\t<meta name=\"twitter:data1\" content=\"4 minutes\" \/>\n<script type=\"application\/ld+json\" class=\"yoast-schema-graph\">{\"@context\":\"https:\/\/schema.org\",\"@graph\":[{\"@type\":\"WebPage\",\"@id\":\"https:\/\/librairie7l.com\/en\/produit\/des-exploits-des-chefs-doeuvre\/\",\"url\":\"https:\/\/librairie7l.com\/en\/produit\/des-exploits-des-chefs-doeuvre\/\",\"name\":\"Des exploits, des chefs-d'oeuvre - Librairie 7L\",\"isPartOf\":{\"@id\":\"https:\/\/librairie7l.com\/en\/#website\"},\"datePublished\":\"2024-05-17T07:18:17+00:00\",\"dateModified\":\"2026-04-06T02:07:54+00:00\",\"breadcrumb\":{\"@id\":\"https:\/\/librairie7l.com\/en\/produit\/des-exploits-des-chefs-doeuvre\/#breadcrumb\"},\"inLanguage\":\"en-US\",\"potentialAction\":[{\"@type\":\"ReadAction\",\"target\":[\"https:\/\/librairie7l.com\/en\/produit\/des-exploits-des-chefs-doeuvre\/\"]}]},{\"@type\":\"BreadcrumbList\",\"@id\":\"https:\/\/librairie7l.com\/en\/produit\/des-exploits-des-chefs-doeuvre\/#breadcrumb\",\"itemListElement\":[{\"@type\":\"ListItem\",\"position\":1,\"name\":\"Accueil\",\"item\":\"https:\/\/librairie7l.com\/en\/\"},{\"@type\":\"ListItem\",\"position\":2,\"name\":\"Shop\",\"item\":\"https:\/\/librairie7l.com\/en\/shop\/\"},{\"@type\":\"ListItem\",\"position\":3,\"name\":\"DES EXPLOITS, DES CHEFS-D&#8217;OEUVRE\"}]},{\"@type\":\"WebSite\",\"@id\":\"https:\/\/librairie7l.com\/en\/#website\",\"url\":\"https:\/\/librairie7l.com\/en\/\",\"name\":\"Librairie 7L\",\"description\":\"Librairie fond\u00e9e en 1999 par Karl Lagerfeld \u00e0 Paris\",\"publisher\":{\"@id\":\"https:\/\/librairie7l.com\/en\/#organization\"},\"potentialAction\":[{\"@type\":\"SearchAction\",\"target\":{\"@type\":\"EntryPoint\",\"urlTemplate\":\"https:\/\/librairie7l.com\/en\/?s={search_term_string}\"},\"query-input\":\"required name=search_term_string\"}],\"inLanguage\":\"en-US\"},{\"@type\":\"Organization\",\"@id\":\"https:\/\/librairie7l.com\/en\/#organization\",\"name\":\"Librairie 7L\",\"url\":\"https:\/\/librairie7l.com\/en\/\",\"logo\":{\"@type\":\"ImageObject\",\"inLanguage\":\"en-US\",\"@id\":\"https:\/\/librairie7l.com\/en\/#\/schema\/logo\/image\/\",\"url\":\"https:\/\/librairie7l.com\/wp-content\/uploads\/2022\/08\/logo-1.png\",\"contentUrl\":\"https:\/\/librairie7l.com\/wp-content\/uploads\/2022\/08\/logo-1.png\",\"width\":227,\"height\":301,\"caption\":\"Librairie 7L\"},\"image\":{\"@id\":\"https:\/\/librairie7l.com\/en\/#\/schema\/logo\/image\/\"}}]}<\/script>\n<!-- \/ Yoast SEO plugin. -->","yoast_head_json":{"title":"Des exploits, des chefs-d'oeuvre - Librairie 7L","robots":{"index":"index","follow":"follow","max-snippet":"max-snippet:-1","max-image-preview":"max-image-preview:large","max-video-preview":"max-video-preview:-1"},"canonical":"https:\/\/librairie7l.com\/en\/produit\/des-exploits-des-chefs-doeuvre\/","og_locale":"en_US","og_type":"article","og_title":"Des exploits, des chefs-d'oeuvre - Librairie 7L","og_description":"UNE EXPOSITION EN 3 LIEUX?: 3 VOLETS, PRESENT\u00c9E \u00c0 L&#8217;OCCASION DES JEUX OLYMPIQUES D&#8217;\u00c9T\u00c9 2024. AU FRAC SUD &#8211; CIT\u00c9 DE L&#8217;ART CONTEMPORAIN?: \u00ab?L&#8217;HEURE DE GLOIRE?\u00bb AU MUCEM?: \u00ab?TROPH\u00c9ES ET RELIQUES?\u00bb AU MAC, MUS\u00c9E D&#8217;ART CONTEMPORAIN DE LA VILLE DE MARSEILLE?: \u00ab?TABLEAUX D&#8217;UNE EXPOSITION?\u00bb Artistes?: Mariam Abouzid-Souali, Adam Adach, Louka Anargyros, Noel W. Anderson, Bianca [&hellip;]","og_url":"https:\/\/librairie7l.com\/en\/produit\/des-exploits-des-chefs-doeuvre\/","og_site_name":"Librairie 7L","article_modified_time":"2026-04-06T02:07:54+00:00","og_image":[{"width":323,"height":452,"url":"https:\/\/librairie7l.com\/wp-content\/uploads\/2024\/05\/9782373721973_1_75.jpg","type":"image\/jpeg"}],"twitter_card":"summary_large_image","twitter_misc":{"Est. reading time":"4 minutes"},"schema":{"@context":"https:\/\/schema.org","@graph":[{"@type":"WebPage","@id":"https:\/\/librairie7l.com\/en\/produit\/des-exploits-des-chefs-doeuvre\/","url":"https:\/\/librairie7l.com\/en\/produit\/des-exploits-des-chefs-doeuvre\/","name":"Des exploits, des chefs-d'oeuvre - Librairie 7L","isPartOf":{"@id":"https:\/\/librairie7l.com\/en\/#website"},"datePublished":"2024-05-17T07:18:17+00:00","dateModified":"2026-04-06T02:07:54+00:00","breadcrumb":{"@id":"https:\/\/librairie7l.com\/en\/produit\/des-exploits-des-chefs-doeuvre\/#breadcrumb"},"inLanguage":"en-US","potentialAction":[{"@type":"ReadAction","target":["https:\/\/librairie7l.com\/en\/produit\/des-exploits-des-chefs-doeuvre\/"]}]},{"@type":"BreadcrumbList","@id":"https:\/\/librairie7l.com\/en\/produit\/des-exploits-des-chefs-doeuvre\/#breadcrumb","itemListElement":[{"@type":"ListItem","position":1,"name":"Accueil","item":"https:\/\/librairie7l.com\/en\/"},{"@type":"ListItem","position":2,"name":"Shop","item":"https:\/\/librairie7l.com\/en\/shop\/"},{"@type":"ListItem","position":3,"name":"DES EXPLOITS, DES CHEFS-D&#8217;OEUVRE"}]},{"@type":"WebSite","@id":"https:\/\/librairie7l.com\/en\/#website","url":"https:\/\/librairie7l.com\/en\/","name":"Librairie 7L","description":"Librairie fond\u00e9e en 1999 par Karl Lagerfeld \u00e0 Paris","publisher":{"@id":"https:\/\/librairie7l.com\/en\/#organization"},"potentialAction":[{"@type":"SearchAction","target":{"@type":"EntryPoint","urlTemplate":"https:\/\/librairie7l.com\/en\/?s={search_term_string}"},"query-input":"required name=search_term_string"}],"inLanguage":"en-US"},{"@type":"Organization","@id":"https:\/\/librairie7l.com\/en\/#organization","name":"Librairie 7L","url":"https:\/\/librairie7l.com\/en\/","logo":{"@type":"ImageObject","inLanguage":"en-US","@id":"https:\/\/librairie7l.com\/en\/#\/schema\/logo\/image\/","url":"https:\/\/librairie7l.com\/wp-content\/uploads\/2022\/08\/logo-1.png","contentUrl":"https:\/\/librairie7l.com\/wp-content\/uploads\/2022\/08\/logo-1.png","width":227,"height":301,"caption":"Librairie 7L"},"image":{"@id":"https:\/\/librairie7l.com\/en\/#\/schema\/logo\/image\/"}}]}},"_links":{"self":[{"href":"https:\/\/librairie7l.com\/en\/wp-json\/wp\/v2\/product\/40885"}],"collection":[{"href":"https:\/\/librairie7l.com\/en\/wp-json\/wp\/v2\/product"}],"about":[{"href":"https:\/\/librairie7l.com\/en\/wp-json\/wp\/v2\/types\/product"}],"wp:featuredmedia":[{"embeddable":true,"href":"https:\/\/librairie7l.com\/en\/wp-json\/wp\/v2\/media\/41150"}],"wp:attachment":[{"href":"https:\/\/librairie7l.com\/en\/wp-json\/wp\/v2\/media?parent=40885"}],"wp:term":[{"taxonomy":"product_cat","embeddable":true,"href":"https:\/\/librairie7l.com\/en\/wp-json\/wp\/v2\/product_cat?post=40885"},{"taxonomy":"product_tag","embeddable":true,"href":"https:\/\/librairie7l.com\/en\/wp-json\/wp\/v2\/product_tag?post=40885"}],"curies":[{"name":"wp","href":"https:\/\/api.w.org\/{rel}","templated":true}]}}