{"id":40907,"date":"2024-05-13T09:18:31","date_gmt":"2024-05-13T07:18:31","guid":{"rendered":"https:\/\/librairie7l.com\/?post_type=product&#038;p=40907"},"modified":"2026-04-27T16:06:46","modified_gmt":"2026-04-27T14:06:46","slug":"textile-textures-multithreaded-narratives","status":"publish","type":"product","link":"https:\/\/librairie7l.com\/en\/produit\/textile-textures-multithreaded-narratives\/","title":{"rendered":"TEXTILE TEXTURES : MULTITHREADED NARRATIVES"},"content":{"rendered":"<p>Textile Textures: Multithreaded Narratives est un ouvrage collectif \u00e9dit\u00e9 par Marta Kowalewska, r\u00e9sultat du projet international \u00ab Interweaving Structures: Fabric as Material, Method and Message \u00bb organis\u00e9 conjointement par le Mus\u00e9e central des textiles de ?\u00f3dz, la Facult\u00e9 des beaux-arts, de la musique et du design de l&#8217;Universit\u00e9 de Bergen et l&#8217;\u00c9cole doctorale de l&#8217;Acad\u00e9mie des beaux-arts Jan Matejko de Cracovie.<br \/>\nL&#8217;originalit\u00e9 du livre r\u00e9side dans son approche multidimensionnelle du textile, consid\u00e9r\u00e9 sous l&#8217;angle de l&#8217;art, de l&#8217;histoire, de l&#8217;anthropologie, de la technologie, de la politique, du post-colonialisme, de la mus\u00e9ologie, de la conservation et de la mode, croisant des questions sur l&#8217;identit\u00e9, la tradition, l&#8217;artisanat, la collaboration et les liens de parent\u00e9 avec l&#8217;architecture, le design et l&#8217;industrie. Les th\u00e8mes individuels sont examin\u00e9s en relation avec la question du textile en tant que support tangible de la m\u00e9moire et langage unique qui, en vertu de sa nature m\u00eame, entrelace une vari\u00e9t\u00e9 de th\u00e8mes diff\u00e9rents.<\/p>\n","protected":false},"excerpt":{"rendered":"<p>Textile Textures: Multithreaded Narratives est un ouvrage collectif \u00e9dit\u00e9 par Marta Kowalewska, r\u00e9sultat du projet international \u00ab Interweaving Structures: Fabric as Material, Method and Message \u00bb organis\u00e9 conjointement par le Mus\u00e9e central des textiles de ?\u00f3dz, la Facult\u00e9 des beaux-arts, de la musique et du design de l&#8217;Universit\u00e9 de Bergen et l&#8217;\u00c9cole doctorale de l&#8217;Acad\u00e9mie [&hellip;]<\/p>\n","protected":false},"featured_media":40905,"template":"","meta":[],"product_cat":[2948,2957],"product_tag":[],"acf":[],"yoast_head":"<!-- This site is optimized with the Yoast SEO plugin v20.11 - https:\/\/yoast.com\/wordpress\/plugins\/seo\/ -->\n<title>Textile Textures : Multithreaded Narratives - Librairie 7L<\/title>\n<meta name=\"robots\" content=\"index, follow, max-snippet:-1, max-image-preview:large, max-video-preview:-1\" \/>\n<link rel=\"canonical\" href=\"https:\/\/librairie7l.com\/en\/produit\/textile-textures-multithreaded-narratives\/\" \/>\n<meta property=\"og:locale\" content=\"en_US\" \/>\n<meta property=\"og:type\" content=\"article\" \/>\n<meta property=\"og:title\" content=\"Textile Textures : Multithreaded Narratives - Librairie 7L\" \/>\n<meta property=\"og:description\" content=\"Textile Textures: Multithreaded Narratives est un ouvrage collectif \u00e9dit\u00e9 par Marta Kowalewska, r\u00e9sultat du projet international \u00ab Interweaving Structures: Fabric as Material, Method and Message \u00bb organis\u00e9 conjointement par le Mus\u00e9e central des textiles de ?\u00f3dz, la Facult\u00e9 des beaux-arts, de la musique et du design de l&#8217;Universit\u00e9 de Bergen et l&#8217;\u00c9cole doctorale de l&#8217;Acad\u00e9mie [&hellip;]\" \/>\n<meta property=\"og:url\" content=\"https:\/\/librairie7l.com\/en\/produit\/textile-textures-multithreaded-narratives\/\" \/>\n<meta property=\"og:site_name\" content=\"Librairie 7L\" \/>\n<meta property=\"article:modified_time\" content=\"2026-04-27T14:06:46+00:00\" \/>\n<meta property=\"og:image\" content=\"https:\/\/librairie7l.com\/wp-content\/uploads\/2024\/04\/9788867493258_1_75.jpg\" \/>\n\t<meta property=\"og:image:width\" content=\"540\" \/>\n\t<meta property=\"og:image:height\" content=\"737\" \/>\n\t<meta property=\"og:image:type\" content=\"image\/jpeg\" \/>\n<meta name=\"twitter:card\" content=\"summary_large_image\" \/>\n<meta name=\"twitter:label1\" content=\"Est. reading time\" \/>\n\t<meta name=\"twitter:data1\" content=\"1 minute\" \/>\n<script type=\"application\/ld+json\" class=\"yoast-schema-graph\">{\"@context\":\"https:\/\/schema.org\",\"@graph\":[{\"@type\":\"WebPage\",\"@id\":\"https:\/\/librairie7l.com\/en\/produit\/textile-textures-multithreaded-narratives\/\",\"url\":\"https:\/\/librairie7l.com\/en\/produit\/textile-textures-multithreaded-narratives\/\",\"name\":\"Textile Textures : Multithreaded Narratives - Librairie 7L\",\"isPartOf\":{\"@id\":\"https:\/\/librairie7l.com\/en\/#website\"},\"datePublished\":\"2024-05-13T07:18:31+00:00\",\"dateModified\":\"2026-04-27T14:06:46+00:00\",\"breadcrumb\":{\"@id\":\"https:\/\/librairie7l.com\/en\/produit\/textile-textures-multithreaded-narratives\/#breadcrumb\"},\"inLanguage\":\"en-US\",\"potentialAction\":[{\"@type\":\"ReadAction\",\"target\":[\"https:\/\/librairie7l.com\/en\/produit\/textile-textures-multithreaded-narratives\/\"]}]},{\"@type\":\"BreadcrumbList\",\"@id\":\"https:\/\/librairie7l.com\/en\/produit\/textile-textures-multithreaded-narratives\/#breadcrumb\",\"itemListElement\":[{\"@type\":\"ListItem\",\"position\":1,\"name\":\"Accueil\",\"item\":\"https:\/\/librairie7l.com\/en\/\"},{\"@type\":\"ListItem\",\"position\":2,\"name\":\"Shop\",\"item\":\"https:\/\/librairie7l.com\/en\/shop\/\"},{\"@type\":\"ListItem\",\"position\":3,\"name\":\"TEXTILE TEXTURES : MULTITHREADED NARRATIVES\"}]},{\"@type\":\"WebSite\",\"@id\":\"https:\/\/librairie7l.com\/en\/#website\",\"url\":\"https:\/\/librairie7l.com\/en\/\",\"name\":\"Librairie 7L\",\"description\":\"Librairie fond\u00e9e en 1999 par Karl Lagerfeld \u00e0 Paris\",\"publisher\":{\"@id\":\"https:\/\/librairie7l.com\/en\/#organization\"},\"potentialAction\":[{\"@type\":\"SearchAction\",\"target\":{\"@type\":\"EntryPoint\",\"urlTemplate\":\"https:\/\/librairie7l.com\/en\/?s={search_term_string}\"},\"query-input\":\"required name=search_term_string\"}],\"inLanguage\":\"en-US\"},{\"@type\":\"Organization\",\"@id\":\"https:\/\/librairie7l.com\/en\/#organization\",\"name\":\"Librairie 7L\",\"url\":\"https:\/\/librairie7l.com\/en\/\",\"logo\":{\"@type\":\"ImageObject\",\"inLanguage\":\"en-US\",\"@id\":\"https:\/\/librairie7l.com\/en\/#\/schema\/logo\/image\/\",\"url\":\"https:\/\/librairie7l.com\/wp-content\/uploads\/2022\/08\/logo-1.png\",\"contentUrl\":\"https:\/\/librairie7l.com\/wp-content\/uploads\/2022\/08\/logo-1.png\",\"width\":227,\"height\":301,\"caption\":\"Librairie 7L\"},\"image\":{\"@id\":\"https:\/\/librairie7l.com\/en\/#\/schema\/logo\/image\/\"}}]}<\/script>\n<!-- \/ Yoast SEO plugin. -->","yoast_head_json":{"title":"Textile Textures : Multithreaded Narratives - Librairie 7L","robots":{"index":"index","follow":"follow","max-snippet":"max-snippet:-1","max-image-preview":"max-image-preview:large","max-video-preview":"max-video-preview:-1"},"canonical":"https:\/\/librairie7l.com\/en\/produit\/textile-textures-multithreaded-narratives\/","og_locale":"en_US","og_type":"article","og_title":"Textile Textures : Multithreaded Narratives - Librairie 7L","og_description":"Textile Textures: Multithreaded Narratives est un ouvrage collectif \u00e9dit\u00e9 par Marta Kowalewska, r\u00e9sultat du projet international \u00ab Interweaving Structures: Fabric as Material, Method and Message \u00bb organis\u00e9 conjointement par le Mus\u00e9e central des textiles de ?\u00f3dz, la Facult\u00e9 des beaux-arts, de la musique et du design de l&#8217;Universit\u00e9 de Bergen et l&#8217;\u00c9cole doctorale de l&#8217;Acad\u00e9mie [&hellip;]","og_url":"https:\/\/librairie7l.com\/en\/produit\/textile-textures-multithreaded-narratives\/","og_site_name":"Librairie 7L","article_modified_time":"2026-04-27T14:06:46+00:00","og_image":[{"width":540,"height":737,"url":"https:\/\/librairie7l.com\/wp-content\/uploads\/2024\/04\/9788867493258_1_75.jpg","type":"image\/jpeg"}],"twitter_card":"summary_large_image","twitter_misc":{"Est. reading time":"1 minute"},"schema":{"@context":"https:\/\/schema.org","@graph":[{"@type":"WebPage","@id":"https:\/\/librairie7l.com\/en\/produit\/textile-textures-multithreaded-narratives\/","url":"https:\/\/librairie7l.com\/en\/produit\/textile-textures-multithreaded-narratives\/","name":"Textile Textures : Multithreaded Narratives - Librairie 7L","isPartOf":{"@id":"https:\/\/librairie7l.com\/en\/#website"},"datePublished":"2024-05-13T07:18:31+00:00","dateModified":"2026-04-27T14:06:46+00:00","breadcrumb":{"@id":"https:\/\/librairie7l.com\/en\/produit\/textile-textures-multithreaded-narratives\/#breadcrumb"},"inLanguage":"en-US","potentialAction":[{"@type":"ReadAction","target":["https:\/\/librairie7l.com\/en\/produit\/textile-textures-multithreaded-narratives\/"]}]},{"@type":"BreadcrumbList","@id":"https:\/\/librairie7l.com\/en\/produit\/textile-textures-multithreaded-narratives\/#breadcrumb","itemListElement":[{"@type":"ListItem","position":1,"name":"Accueil","item":"https:\/\/librairie7l.com\/en\/"},{"@type":"ListItem","position":2,"name":"Shop","item":"https:\/\/librairie7l.com\/en\/shop\/"},{"@type":"ListItem","position":3,"name":"TEXTILE TEXTURES : MULTITHREADED NARRATIVES"}]},{"@type":"WebSite","@id":"https:\/\/librairie7l.com\/en\/#website","url":"https:\/\/librairie7l.com\/en\/","name":"Librairie 7L","description":"Librairie fond\u00e9e en 1999 par Karl Lagerfeld \u00e0 Paris","publisher":{"@id":"https:\/\/librairie7l.com\/en\/#organization"},"potentialAction":[{"@type":"SearchAction","target":{"@type":"EntryPoint","urlTemplate":"https:\/\/librairie7l.com\/en\/?s={search_term_string}"},"query-input":"required name=search_term_string"}],"inLanguage":"en-US"},{"@type":"Organization","@id":"https:\/\/librairie7l.com\/en\/#organization","name":"Librairie 7L","url":"https:\/\/librairie7l.com\/en\/","logo":{"@type":"ImageObject","inLanguage":"en-US","@id":"https:\/\/librairie7l.com\/en\/#\/schema\/logo\/image\/","url":"https:\/\/librairie7l.com\/wp-content\/uploads\/2022\/08\/logo-1.png","contentUrl":"https:\/\/librairie7l.com\/wp-content\/uploads\/2022\/08\/logo-1.png","width":227,"height":301,"caption":"Librairie 7L"},"image":{"@id":"https:\/\/librairie7l.com\/en\/#\/schema\/logo\/image\/"}}]}},"_links":{"self":[{"href":"https:\/\/librairie7l.com\/en\/wp-json\/wp\/v2\/product\/40907"}],"collection":[{"href":"https:\/\/librairie7l.com\/en\/wp-json\/wp\/v2\/product"}],"about":[{"href":"https:\/\/librairie7l.com\/en\/wp-json\/wp\/v2\/types\/product"}],"wp:featuredmedia":[{"embeddable":true,"href":"https:\/\/librairie7l.com\/en\/wp-json\/wp\/v2\/media\/40905"}],"wp:attachment":[{"href":"https:\/\/librairie7l.com\/en\/wp-json\/wp\/v2\/media?parent=40907"}],"wp:term":[{"taxonomy":"product_cat","embeddable":true,"href":"https:\/\/librairie7l.com\/en\/wp-json\/wp\/v2\/product_cat?post=40907"},{"taxonomy":"product_tag","embeddable":true,"href":"https:\/\/librairie7l.com\/en\/wp-json\/wp\/v2\/product_tag?post=40907"}],"curies":[{"name":"wp","href":"https:\/\/api.w.org\/{rel}","templated":true}]}}