{"id":40920,"date":"2024-05-15T09:18:21","date_gmt":"2024-05-15T07:18:21","guid":{"rendered":"https:\/\/librairie7l.com\/?post_type=product&#038;p=40920"},"modified":"2026-04-30T03:20:57","modified_gmt":"2026-04-30T01:20:57","slug":"transports-ingenieuses-machines","status":"publish","type":"product","link":"https:\/\/librairie7l.com\/en\/produit\/transports-ingenieuses-machines\/","title":{"rendered":"TRANSPORTS ? ING\u00c9NIEUSES MACHINES"},"content":{"rendered":"<p>Aller toujours plus vite, voler, naviguer au fond des mers, rejoindre les \u00e9toiles&#8230;<br \/>\nUne histoire des moyens de transport dont certains se sont concr\u00e9tis\u00e9s alors que d&#8217;autres sont rest\u00e9s des r\u00eaves de papier.<br \/>\nL&#8217;histoire des moyens de transport r\u00e9v\u00e8le les r\u00eaves et les \u00e9checs de visionnaires qui ont imagin\u00e9 des machines fantastiques pour remplacer le cheval, aller toujours plus vite, voler, naviguer au fond des mers, voire rejoindre les \u00e9toiles. Certains projets se sont concr\u00e9tis\u00e9s, d&#8217;autres, plus farfelus, sont rest\u00e9s des r\u00eaves de papier, dont t\u00e9moigne une riche imagerie conserv\u00e9e dans les fonds du d\u00e9partement des Estampes et de la photographie de la BnF. Une plong\u00e9e captivante dans l&#8217;effervescence des premiers temps de l&#8217;industrialisation, qui r\u00e9sonne avec nos inqui\u00e9tudes contemporaines.<\/p>\n","protected":false},"excerpt":{"rendered":"<p>Aller toujours plus vite, voler, naviguer au fond des mers, rejoindre les \u00e9toiles&#8230; Une histoire des moyens de transport dont certains se sont concr\u00e9tis\u00e9s alors que d&#8217;autres sont rest\u00e9s des r\u00eaves de papier. L&#8217;histoire des moyens de transport r\u00e9v\u00e8le les r\u00eaves et les \u00e9checs de visionnaires qui ont imagin\u00e9 des machines fantastiques pour remplacer le [&hellip;]<\/p>\n","protected":false},"featured_media":40918,"template":"","meta":[],"product_cat":[2948,2953],"product_tag":[],"acf":[],"yoast_head":"<!-- This site is optimized with the Yoast SEO plugin v20.11 - https:\/\/yoast.com\/wordpress\/plugins\/seo\/ -->\n<title>Transports ? Ing\u00e9nieuses machines - Librairie 7L<\/title>\n<meta name=\"robots\" content=\"index, follow, max-snippet:-1, max-image-preview:large, max-video-preview:-1\" \/>\n<link rel=\"canonical\" href=\"https:\/\/librairie7l.com\/en\/produit\/transports-ingenieuses-machines\/\" \/>\n<meta property=\"og:locale\" content=\"en_US\" \/>\n<meta property=\"og:type\" content=\"article\" \/>\n<meta property=\"og:title\" content=\"Transports ? Ing\u00e9nieuses machines - Librairie 7L\" \/>\n<meta property=\"og:description\" content=\"Aller toujours plus vite, voler, naviguer au fond des mers, rejoindre les \u00e9toiles&#8230; Une histoire des moyens de transport dont certains se sont concr\u00e9tis\u00e9s alors que d&#8217;autres sont rest\u00e9s des r\u00eaves de papier. L&#8217;histoire des moyens de transport r\u00e9v\u00e8le les r\u00eaves et les \u00e9checs de visionnaires qui ont imagin\u00e9 des machines fantastiques pour remplacer le [&hellip;]\" \/>\n<meta property=\"og:url\" content=\"https:\/\/librairie7l.com\/en\/produit\/transports-ingenieuses-machines\/\" \/>\n<meta property=\"og:site_name\" content=\"Librairie 7L\" \/>\n<meta property=\"article:modified_time\" content=\"2026-04-30T01:20:57+00:00\" \/>\n<meta property=\"og:image\" content=\"https:\/\/librairie7l.com\/wp-content\/uploads\/2024\/02\/9782717729689_1_75.jpg\" \/>\n\t<meta property=\"og:image:width\" content=\"600\" \/>\n\t<meta property=\"og:image:height\" content=\"840\" \/>\n\t<meta property=\"og:image:type\" content=\"image\/jpeg\" \/>\n<meta name=\"twitter:card\" content=\"summary_large_image\" \/>\n<meta name=\"twitter:label1\" content=\"Est. reading time\" \/>\n\t<meta name=\"twitter:data1\" content=\"1 minute\" \/>\n<script type=\"application\/ld+json\" class=\"yoast-schema-graph\">{\"@context\":\"https:\/\/schema.org\",\"@graph\":[{\"@type\":\"WebPage\",\"@id\":\"https:\/\/librairie7l.com\/en\/produit\/transports-ingenieuses-machines\/\",\"url\":\"https:\/\/librairie7l.com\/en\/produit\/transports-ingenieuses-machines\/\",\"name\":\"Transports ? Ing\u00e9nieuses machines - Librairie 7L\",\"isPartOf\":{\"@id\":\"https:\/\/librairie7l.com\/en\/#website\"},\"datePublished\":\"2024-05-15T07:18:21+00:00\",\"dateModified\":\"2026-04-30T01:20:57+00:00\",\"breadcrumb\":{\"@id\":\"https:\/\/librairie7l.com\/en\/produit\/transports-ingenieuses-machines\/#breadcrumb\"},\"inLanguage\":\"en-US\",\"potentialAction\":[{\"@type\":\"ReadAction\",\"target\":[\"https:\/\/librairie7l.com\/en\/produit\/transports-ingenieuses-machines\/\"]}]},{\"@type\":\"BreadcrumbList\",\"@id\":\"https:\/\/librairie7l.com\/en\/produit\/transports-ingenieuses-machines\/#breadcrumb\",\"itemListElement\":[{\"@type\":\"ListItem\",\"position\":1,\"name\":\"Accueil\",\"item\":\"https:\/\/librairie7l.com\/en\/\"},{\"@type\":\"ListItem\",\"position\":2,\"name\":\"Shop\",\"item\":\"https:\/\/librairie7l.com\/en\/shop\/\"},{\"@type\":\"ListItem\",\"position\":3,\"name\":\"TRANSPORTS ? ING\u00c9NIEUSES MACHINES\"}]},{\"@type\":\"WebSite\",\"@id\":\"https:\/\/librairie7l.com\/en\/#website\",\"url\":\"https:\/\/librairie7l.com\/en\/\",\"name\":\"Librairie 7L\",\"description\":\"Librairie fond\u00e9e en 1999 par Karl Lagerfeld \u00e0 Paris\",\"publisher\":{\"@id\":\"https:\/\/librairie7l.com\/en\/#organization\"},\"potentialAction\":[{\"@type\":\"SearchAction\",\"target\":{\"@type\":\"EntryPoint\",\"urlTemplate\":\"https:\/\/librairie7l.com\/en\/?s={search_term_string}\"},\"query-input\":\"required name=search_term_string\"}],\"inLanguage\":\"en-US\"},{\"@type\":\"Organization\",\"@id\":\"https:\/\/librairie7l.com\/en\/#organization\",\"name\":\"Librairie 7L\",\"url\":\"https:\/\/librairie7l.com\/en\/\",\"logo\":{\"@type\":\"ImageObject\",\"inLanguage\":\"en-US\",\"@id\":\"https:\/\/librairie7l.com\/en\/#\/schema\/logo\/image\/\",\"url\":\"https:\/\/librairie7l.com\/wp-content\/uploads\/2022\/08\/logo-1.png\",\"contentUrl\":\"https:\/\/librairie7l.com\/wp-content\/uploads\/2022\/08\/logo-1.png\",\"width\":227,\"height\":301,\"caption\":\"Librairie 7L\"},\"image\":{\"@id\":\"https:\/\/librairie7l.com\/en\/#\/schema\/logo\/image\/\"}}]}<\/script>\n<!-- \/ Yoast SEO plugin. -->","yoast_head_json":{"title":"Transports ? Ing\u00e9nieuses machines - Librairie 7L","robots":{"index":"index","follow":"follow","max-snippet":"max-snippet:-1","max-image-preview":"max-image-preview:large","max-video-preview":"max-video-preview:-1"},"canonical":"https:\/\/librairie7l.com\/en\/produit\/transports-ingenieuses-machines\/","og_locale":"en_US","og_type":"article","og_title":"Transports ? Ing\u00e9nieuses machines - Librairie 7L","og_description":"Aller toujours plus vite, voler, naviguer au fond des mers, rejoindre les \u00e9toiles&#8230; Une histoire des moyens de transport dont certains se sont concr\u00e9tis\u00e9s alors que d&#8217;autres sont rest\u00e9s des r\u00eaves de papier. L&#8217;histoire des moyens de transport r\u00e9v\u00e8le les r\u00eaves et les \u00e9checs de visionnaires qui ont imagin\u00e9 des machines fantastiques pour remplacer le [&hellip;]","og_url":"https:\/\/librairie7l.com\/en\/produit\/transports-ingenieuses-machines\/","og_site_name":"Librairie 7L","article_modified_time":"2026-04-30T01:20:57+00:00","og_image":[{"width":600,"height":840,"url":"https:\/\/librairie7l.com\/wp-content\/uploads\/2024\/02\/9782717729689_1_75.jpg","type":"image\/jpeg"}],"twitter_card":"summary_large_image","twitter_misc":{"Est. reading time":"1 minute"},"schema":{"@context":"https:\/\/schema.org","@graph":[{"@type":"WebPage","@id":"https:\/\/librairie7l.com\/en\/produit\/transports-ingenieuses-machines\/","url":"https:\/\/librairie7l.com\/en\/produit\/transports-ingenieuses-machines\/","name":"Transports ? Ing\u00e9nieuses machines - Librairie 7L","isPartOf":{"@id":"https:\/\/librairie7l.com\/en\/#website"},"datePublished":"2024-05-15T07:18:21+00:00","dateModified":"2026-04-30T01:20:57+00:00","breadcrumb":{"@id":"https:\/\/librairie7l.com\/en\/produit\/transports-ingenieuses-machines\/#breadcrumb"},"inLanguage":"en-US","potentialAction":[{"@type":"ReadAction","target":["https:\/\/librairie7l.com\/en\/produit\/transports-ingenieuses-machines\/"]}]},{"@type":"BreadcrumbList","@id":"https:\/\/librairie7l.com\/en\/produit\/transports-ingenieuses-machines\/#breadcrumb","itemListElement":[{"@type":"ListItem","position":1,"name":"Accueil","item":"https:\/\/librairie7l.com\/en\/"},{"@type":"ListItem","position":2,"name":"Shop","item":"https:\/\/librairie7l.com\/en\/shop\/"},{"@type":"ListItem","position":3,"name":"TRANSPORTS ? ING\u00c9NIEUSES MACHINES"}]},{"@type":"WebSite","@id":"https:\/\/librairie7l.com\/en\/#website","url":"https:\/\/librairie7l.com\/en\/","name":"Librairie 7L","description":"Librairie fond\u00e9e en 1999 par Karl Lagerfeld \u00e0 Paris","publisher":{"@id":"https:\/\/librairie7l.com\/en\/#organization"},"potentialAction":[{"@type":"SearchAction","target":{"@type":"EntryPoint","urlTemplate":"https:\/\/librairie7l.com\/en\/?s={search_term_string}"},"query-input":"required name=search_term_string"}],"inLanguage":"en-US"},{"@type":"Organization","@id":"https:\/\/librairie7l.com\/en\/#organization","name":"Librairie 7L","url":"https:\/\/librairie7l.com\/en\/","logo":{"@type":"ImageObject","inLanguage":"en-US","@id":"https:\/\/librairie7l.com\/en\/#\/schema\/logo\/image\/","url":"https:\/\/librairie7l.com\/wp-content\/uploads\/2022\/08\/logo-1.png","contentUrl":"https:\/\/librairie7l.com\/wp-content\/uploads\/2022\/08\/logo-1.png","width":227,"height":301,"caption":"Librairie 7L"},"image":{"@id":"https:\/\/librairie7l.com\/en\/#\/schema\/logo\/image\/"}}]}},"_links":{"self":[{"href":"https:\/\/librairie7l.com\/en\/wp-json\/wp\/v2\/product\/40920"}],"collection":[{"href":"https:\/\/librairie7l.com\/en\/wp-json\/wp\/v2\/product"}],"about":[{"href":"https:\/\/librairie7l.com\/en\/wp-json\/wp\/v2\/types\/product"}],"wp:featuredmedia":[{"embeddable":true,"href":"https:\/\/librairie7l.com\/en\/wp-json\/wp\/v2\/media\/40918"}],"wp:attachment":[{"href":"https:\/\/librairie7l.com\/en\/wp-json\/wp\/v2\/media?parent=40920"}],"wp:term":[{"taxonomy":"product_cat","embeddable":true,"href":"https:\/\/librairie7l.com\/en\/wp-json\/wp\/v2\/product_cat?post=40920"},{"taxonomy":"product_tag","embeddable":true,"href":"https:\/\/librairie7l.com\/en\/wp-json\/wp\/v2\/product_tag?post=40920"}],"curies":[{"name":"wp","href":"https:\/\/api.w.org\/{rel}","templated":true}]}}